{"id":3374,"date":"2026-04-13T11:32:16","date_gmt":"2026-04-13T09:32:16","guid":{"rendered":"https:\/\/gjiniherbal.com\/?post_type=product&#038;p=3374"},"modified":"2026-04-13T11:32:17","modified_gmt":"2026-04-13T09:32:17","slug":"vitamine-b-complex-talya","status":"publish","type":"product","link":"https:\/\/gjiniherbal.com\/sq\/produkt\/suplemente-vitamina\/vitamine-b-complex-talya\/","title":{"rendered":"Vitamin\u00eb B-Complex Talya"},"content":{"rendered":"<p>N\u00eb ritmin e jet\u00ebs s\u00eb ngjeshur, trupi juaj mund t\u00eb ket\u00eb nevoj\u00eb p\u00ebr mb\u00ebshtetje. Ju mund t&#8217;i ofroni nj\u00eb mb\u00ebshtetje t\u00eb ekuilibruar rutin\u00ebs suaj t\u00eb p\u00ebrditshme me varietetet e pasura t\u00eb vitaminave B t\u00eb Kompleksit t\u00eb Vitaminave B Talya!<\/p>\n<p>T\u00eb gjitha <strong>vitaminat B<\/strong> q\u00eb ju nevojiten:<\/p>\n<p>&#8211; Vitamina B1 (Tiamin\u00eb Mononitrat): Kontribuon n\u00eb funksionin normal t\u00eb zemr\u00ebs.<br \/>\n&#8211; Vitamina B2 (Riboflavin\u00eb): Formimi normal i energjis\u00eb kontribuon n\u00eb metaboliz\u00ebm.<br \/>\n&#8211; Vitamina B3 (Niacinamid\u00eb): Kontribuon n\u00eb uljen e lodhjes dhe rraskapitjes.<br \/>\n&#8211; Vitamina B5 (Acid Pantotenik): Ndihmon n\u00eb uljen e lodhjes dhe rraskapitjes.<br \/>\n-Vitamina B6 (Piridoksal 5\u2019-Fosfat (P5P): Kontribuon n\u00eb formimin e qelizave t\u00eb kuqe t\u00eb gjakut n\u00eb gjendje normale.<br \/>\n&#8211; Vitamina B12 (Metilkobalamin\u00eb): Kontribuon n\u00eb uljen e lodhjes dhe rraskapitjes.<br \/>\n&#8211; Vitamina C (Acidi L-Askorbik): Kontribuon n\u00eb funksionimin normal t\u00eb sistemit imunitar.<br \/>\n&#8211; Acidi Folik (Acidi Pteroilglutamik): Kontribuon n\u00eb funksionimin normal t\u00eb sistemit imunitar.<br \/>\n&#8211; D-Biotin\u00eb: Makronutrient\u00ebt normal\u00eb kontribuojn\u00eb n\u00eb metaboliz\u00ebm.<br \/>\n&#8211; Ekstrakt i Far\u00ebs s\u00eb Rrushit: P\u00ebrmban antioksidant\u00eb me baz\u00eb bimore.<\/p>\n<p>Shtoni nj\u00eb hap t\u00eb ekuilibruar n\u00eb rutin\u00ebn tuaj me Kompleksin e Vitamin\u00ebs B!<\/p>\n<p><strong>P\u00ebrdorimi<\/strong>: P\u00ebr personat mbi 11 vje\u00e7, 1 kapsul\u00eb n\u00eb dit\u00eb pas vaktit.<\/p>","protected":false},"excerpt":{"rendered":"<p>&#8211; Vitamina B1 (Tiamin\u00eb Mononitrat): Kontribuon n\u00eb funksionin normal t\u00eb zemr\u00ebs.<br \/>\n&#8211; Vitamina B2 (Riboflavin\u00eb): Formimi normal i energjis\u00eb kontribuon n\u00eb metaboliz\u00ebm.<br \/>\n&#8211; Vitamina B3 (Niacinamid\u00eb): Kontribuon n\u00eb uljen e lodhjes dhe rraskapitjes.<br \/>\n&#8211; Vitamina B5 (Acid Pantotenik): Ndihmon n\u00eb uljen e lodhjes dhe rraskapitjes.<br \/>\n-Vitamina B6 (Piridoksal 5\u2019-Fosfat (P5P): Kontribuon n\u00eb formimin e qelizave t\u00eb kuqe t\u00eb gjakut n\u00eb gjendje normale.<br \/>\n&#8211; Vitamina B12 (Metilkobalamin\u00eb): Kontribuon n\u00eb uljen e lodhjes dhe rraskapitjes.<br \/>\n&#8211; Vitamina C (Acidi L-Askorbik): Kontribuon n\u00eb funksionimin normal t\u00eb sistemit imunitar.<br \/>\n&#8211; Acidi Folik (Acidi Pteroilglutamik): Kontribuon n\u00eb funksionimin normal t\u00eb sistemit imunitar.<br \/>\n&#8211; D-Biotin\u00eb: Makronutrient\u00ebt normal\u00eb kontribuojn\u00eb n\u00eb metaboliz\u00ebm.<br \/>\n&#8211; Ekstrakt i Far\u00ebs s\u00eb Rrushit: P\u00ebrmban antioksidant\u00eb me baz\u00eb bimore.<\/p>","protected":false},"featured_media":3375,"template":"","meta":{"_acf_changed":false,"_et_pb_use_builder":"","_et_pb_old_content":"","_et_gb_content_width":"","_monsterinsights_skip_tracking":false,"_monsterinsights_sitenote_active":false,"_monsterinsights_sitenote_note":"","_monsterinsights_sitenote_category":0,"_joinchat":[]},"product_brand":[],"product_cat":[457],"product_tag":[1126,1000],"class_list":{"0":"post-3374","1":"product","2":"type-product","3":"status-publish","4":"has-post-thumbnail","6":"product_cat-suplemente-vitamina","7":"product_tag-b-complex","8":"product_tag-vitamin-b-complex","10":"first","11":"instock","12":"shipping-taxable","13":"purchasable","14":"product-type-simple"},"acf":[],"yoast_head":"<!-- This site is optimized with the Yoast SEO plugin v27.4 - https:\/\/yoast.com\/product\/yoast-seo-wordpress\/ -->\n<title>Vitamin\u00eb B-Complex Talya - Gjini Herbal<\/title>\n<meta name=\"description\" content=\"N\u00eb ritmin e jet\u00ebs s\u00eb ngjeshur, trupi juaj mund t\u00eb ket\u00eb nevoj\u00eb p\u00ebr mb\u00ebshtetje. Ju mund t&#039;i ofroni nj\u00eb mb\u00ebshtetje t\u00eb ekuilibruar rutin\u00ebs suaj t\u00eb p\u00ebrditshme me varietetet e pasura t\u00eb vitaminave B t\u00eb Kompleksit t\u00eb Vitaminave B Talya!\" \/>\n<meta name=\"robots\" content=\"index, follow, max-snippet:-1, max-image-preview:large, max-video-preview:-1\" \/>\n<link rel=\"canonical\" href=\"https:\/\/gjiniherbal.com\/sq\/produkt\/suplemente-vitamina\/vitamine-b-complex-talya\/\" \/>\n<meta property=\"og:locale\" content=\"sq_AL\" \/>\n<meta property=\"og:type\" content=\"article\" \/>\n<meta property=\"og:title\" content=\"Vitamin\u00eb B-Complex Talya - Gjini Herbal\" \/>\n<meta property=\"og:description\" content=\"N\u00eb ritmin e jet\u00ebs s\u00eb ngjeshur, trupi juaj mund t\u00eb ket\u00eb nevoj\u00eb p\u00ebr mb\u00ebshtetje. Ju mund t&#039;i ofroni nj\u00eb mb\u00ebshtetje t\u00eb ekuilibruar rutin\u00ebs suaj t\u00eb p\u00ebrditshme me varietetet e pasura t\u00eb vitaminave B t\u00eb Kompleksit t\u00eb Vitaminave B Talya!\" \/>\n<meta property=\"og:url\" content=\"https:\/\/gjiniherbal.com\/sq\/produkt\/suplemente-vitamina\/vitamine-b-complex-talya\/\" \/>\n<meta property=\"og:site_name\" content=\"Gjini Herbal\" \/>\n<meta property=\"article:publisher\" content=\"https:\/\/facebook.com\/gjiniherbal\" \/>\n<meta property=\"article:modified_time\" content=\"2026-04-13T09:32:17+00:00\" \/>\n<meta property=\"og:image\" content=\"https:\/\/gjiniherbal.com\/wp-content\/uploads\/2026\/04\/vitamin-b-complex.webp\" \/>\n\t<meta property=\"og:image:width\" content=\"500\" \/>\n\t<meta property=\"og:image:height\" content=\"626\" \/>\n\t<meta property=\"og:image:type\" content=\"image\/webp\" \/>\n<meta name=\"twitter:card\" content=\"summary_large_image\" \/>\n<meta name=\"twitter:label1\" content=\"Est. reading time\" \/>\n\t<meta name=\"twitter:data1\" content=\"1 minut\u00eb\" \/>\n<script type=\"application\/ld+json\" class=\"yoast-schema-graph\">{\"@context\":\"https:\\\/\\\/schema.org\",\"@graph\":[{\"@type\":\"WebPage\",\"@id\":\"https:\\\/\\\/gjiniherbal.com\\\/produkt\\\/suplemente-vitamina\\\/vitamine-b-complex-talya\\\/\",\"url\":\"https:\\\/\\\/gjiniherbal.com\\\/produkt\\\/suplemente-vitamina\\\/vitamine-b-complex-talya\\\/\",\"name\":\"Vitamin\u00eb B-Complex Talya - Gjini Herbal\",\"isPartOf\":{\"@id\":\"https:\\\/\\\/gjiniherbal.com\\\/#website\"},\"primaryImageOfPage\":{\"@id\":\"https:\\\/\\\/gjiniherbal.com\\\/produkt\\\/suplemente-vitamina\\\/vitamine-b-complex-talya\\\/#primaryimage\"},\"image\":{\"@id\":\"https:\\\/\\\/gjiniherbal.com\\\/produkt\\\/suplemente-vitamina\\\/vitamine-b-complex-talya\\\/#primaryimage\"},\"thumbnailUrl\":\"https:\\\/\\\/gjiniherbal.com\\\/wp-content\\\/uploads\\\/2026\\\/04\\\/vitamin-b-complex.webp\",\"datePublished\":\"2026-04-13T09:32:16+00:00\",\"dateModified\":\"2026-04-13T09:32:17+00:00\",\"description\":\"N\u00eb ritmin e jet\u00ebs s\u00eb ngjeshur, trupi juaj mund t\u00eb ket\u00eb nevoj\u00eb p\u00ebr mb\u00ebshtetje. Ju mund t'i ofroni nj\u00eb mb\u00ebshtetje t\u00eb ekuilibruar rutin\u00ebs suaj t\u00eb p\u00ebrditshme me varietetet e pasura t\u00eb vitaminave B t\u00eb Kompleksit t\u00eb Vitaminave B Talya!\",\"breadcrumb\":{\"@id\":\"https:\\\/\\\/gjiniherbal.com\\\/produkt\\\/suplemente-vitamina\\\/vitamine-b-complex-talya\\\/#breadcrumb\"},\"inLanguage\":\"sq\",\"potentialAction\":[{\"@type\":\"ReadAction\",\"target\":[\"https:\\\/\\\/gjiniherbal.com\\\/produkt\\\/suplemente-vitamina\\\/vitamine-b-complex-talya\\\/\"]}]},{\"@type\":\"ImageObject\",\"inLanguage\":\"sq\",\"@id\":\"https:\\\/\\\/gjiniherbal.com\\\/produkt\\\/suplemente-vitamina\\\/vitamine-b-complex-talya\\\/#primaryimage\",\"url\":\"https:\\\/\\\/gjiniherbal.com\\\/wp-content\\\/uploads\\\/2026\\\/04\\\/vitamin-b-complex.webp\",\"contentUrl\":\"https:\\\/\\\/gjiniherbal.com\\\/wp-content\\\/uploads\\\/2026\\\/04\\\/vitamin-b-complex.webp\",\"width\":500,\"height\":626},{\"@type\":\"BreadcrumbList\",\"@id\":\"https:\\\/\\\/gjiniherbal.com\\\/produkt\\\/suplemente-vitamina\\\/vitamine-b-complex-talya\\\/#breadcrumb\",\"itemListElement\":[{\"@type\":\"ListItem\",\"position\":1,\"name\":\"Home\",\"item\":\"https:\\\/\\\/gjiniherbal.com\\\/en_us\\\/\"},{\"@type\":\"ListItem\",\"position\":2,\"name\":\"Shop\",\"item\":\"https:\\\/\\\/gjiniherbal.com\\\/en_us\\\/shop\\\/\"},{\"@type\":\"ListItem\",\"position\":3,\"name\":\"Vitamin\u00eb B-Complex Talya\"}]},{\"@type\":\"WebSite\",\"@id\":\"https:\\\/\\\/gjiniherbal.com\\\/#website\",\"url\":\"https:\\\/\\\/gjiniherbal.com\\\/\",\"name\":\"Gjini Herbal\",\"description\":\"Produkte Natyrale\",\"publisher\":{\"@id\":\"https:\\\/\\\/gjiniherbal.com\\\/#organization\"},\"potentialAction\":[{\"@type\":\"SearchAction\",\"target\":{\"@type\":\"EntryPoint\",\"urlTemplate\":\"https:\\\/\\\/gjiniherbal.com\\\/?s={search_term_string}\"},\"query-input\":{\"@type\":\"PropertyValueSpecification\",\"valueRequired\":true,\"valueName\":\"search_term_string\"}}],\"inLanguage\":\"sq\"},{\"@type\":\"Organization\",\"@id\":\"https:\\\/\\\/gjiniherbal.com\\\/#organization\",\"name\":\"Gjini Herbal\",\"url\":\"https:\\\/\\\/gjiniherbal.com\\\/\",\"logo\":{\"@type\":\"ImageObject\",\"inLanguage\":\"sq\",\"@id\":\"https:\\\/\\\/gjiniherbal.com\\\/#\\\/schema\\\/logo\\\/image\\\/\",\"url\":\"https:\\\/\\\/gjiniherbal.com\\\/wp-content\\\/uploads\\\/2022\\\/07\\\/gjini-herbal-logo.png\",\"contentUrl\":\"https:\\\/\\\/gjiniherbal.com\\\/wp-content\\\/uploads\\\/2022\\\/07\\\/gjini-herbal-logo.png\",\"width\":652,\"height\":262,\"caption\":\"Gjini Herbal\"},\"image\":{\"@id\":\"https:\\\/\\\/gjiniherbal.com\\\/#\\\/schema\\\/logo\\\/image\\\/\"},\"sameAs\":[\"https:\\\/\\\/facebook.com\\\/gjiniherbal\",\"https:\\\/\\\/instagram.com\\\/gjiniherbal\",\"https:\\\/\\\/www.youtube.com\\\/channel\\\/UC_tHHueG-qxycnvdro4jHtQ\"]}]}<\/script>\n<!-- \/ Yoast SEO plugin. -->","yoast_head_json":{"title":"Vitamin\u00eb B-Complex Talya - Gjini Herbal","description":"N\u00eb ritmin e jet\u00ebs s\u00eb ngjeshur, trupi juaj mund t\u00eb ket\u00eb nevoj\u00eb p\u00ebr mb\u00ebshtetje. Ju mund t'i ofroni nj\u00eb mb\u00ebshtetje t\u00eb ekuilibruar rutin\u00ebs suaj t\u00eb p\u00ebrditshme me varietetet e pasura t\u00eb vitaminave B t\u00eb Kompleksit t\u00eb Vitaminave B Talya!","robots":{"index":"index","follow":"follow","max-snippet":"max-snippet:-1","max-image-preview":"max-image-preview:large","max-video-preview":"max-video-preview:-1"},"canonical":"https:\/\/gjiniherbal.com\/sq\/produkt\/suplemente-vitamina\/vitamine-b-complex-talya\/","og_locale":"sq_AL","og_type":"article","og_title":"Vitamin\u00eb B-Complex Talya - Gjini Herbal","og_description":"N\u00eb ritmin e jet\u00ebs s\u00eb ngjeshur, trupi juaj mund t\u00eb ket\u00eb nevoj\u00eb p\u00ebr mb\u00ebshtetje. Ju mund t'i ofroni nj\u00eb mb\u00ebshtetje t\u00eb ekuilibruar rutin\u00ebs suaj t\u00eb p\u00ebrditshme me varietetet e pasura t\u00eb vitaminave B t\u00eb Kompleksit t\u00eb Vitaminave B Talya!","og_url":"https:\/\/gjiniherbal.com\/sq\/produkt\/suplemente-vitamina\/vitamine-b-complex-talya\/","og_site_name":"Gjini Herbal","article_publisher":"https:\/\/facebook.com\/gjiniherbal","article_modified_time":"2026-04-13T09:32:17+00:00","og_image":[{"width":500,"height":626,"url":"https:\/\/gjiniherbal.com\/wp-content\/uploads\/2026\/04\/vitamin-b-complex.webp","type":"image\/webp"}],"twitter_card":"summary_large_image","twitter_misc":{"Est. reading time":"1 minut\u00eb"},"schema":{"@context":"https:\/\/schema.org","@graph":[{"@type":"WebPage","@id":"https:\/\/gjiniherbal.com\/produkt\/suplemente-vitamina\/vitamine-b-complex-talya\/","url":"https:\/\/gjiniherbal.com\/produkt\/suplemente-vitamina\/vitamine-b-complex-talya\/","name":"Vitamin\u00eb B-Complex Talya - Gjini Herbal","isPartOf":{"@id":"https:\/\/gjiniherbal.com\/#website"},"primaryImageOfPage":{"@id":"https:\/\/gjiniherbal.com\/produkt\/suplemente-vitamina\/vitamine-b-complex-talya\/#primaryimage"},"image":{"@id":"https:\/\/gjiniherbal.com\/produkt\/suplemente-vitamina\/vitamine-b-complex-talya\/#primaryimage"},"thumbnailUrl":"https:\/\/gjiniherbal.com\/wp-content\/uploads\/2026\/04\/vitamin-b-complex.webp","datePublished":"2026-04-13T09:32:16+00:00","dateModified":"2026-04-13T09:32:17+00:00","description":"N\u00eb ritmin e jet\u00ebs s\u00eb ngjeshur, trupi juaj mund t\u00eb ket\u00eb nevoj\u00eb p\u00ebr mb\u00ebshtetje. Ju mund t'i ofroni nj\u00eb mb\u00ebshtetje t\u00eb ekuilibruar rutin\u00ebs suaj t\u00eb p\u00ebrditshme me varietetet e pasura t\u00eb vitaminave B t\u00eb Kompleksit t\u00eb Vitaminave B Talya!","breadcrumb":{"@id":"https:\/\/gjiniherbal.com\/produkt\/suplemente-vitamina\/vitamine-b-complex-talya\/#breadcrumb"},"inLanguage":"sq","potentialAction":[{"@type":"ReadAction","target":["https:\/\/gjiniherbal.com\/produkt\/suplemente-vitamina\/vitamine-b-complex-talya\/"]}]},{"@type":"ImageObject","inLanguage":"sq","@id":"https:\/\/gjiniherbal.com\/produkt\/suplemente-vitamina\/vitamine-b-complex-talya\/#primaryimage","url":"https:\/\/gjiniherbal.com\/wp-content\/uploads\/2026\/04\/vitamin-b-complex.webp","contentUrl":"https:\/\/gjiniherbal.com\/wp-content\/uploads\/2026\/04\/vitamin-b-complex.webp","width":500,"height":626},{"@type":"BreadcrumbList","@id":"https:\/\/gjiniherbal.com\/produkt\/suplemente-vitamina\/vitamine-b-complex-talya\/#breadcrumb","itemListElement":[{"@type":"ListItem","position":1,"name":"Home","item":"https:\/\/gjiniherbal.com\/en_us\/"},{"@type":"ListItem","position":2,"name":"Shop","item":"https:\/\/gjiniherbal.com\/en_us\/shop\/"},{"@type":"ListItem","position":3,"name":"Vitamin\u00eb B-Complex Talya"}]},{"@type":"WebSite","@id":"https:\/\/gjiniherbal.com\/#website","url":"https:\/\/gjiniherbal.com\/","name":"Gjini Herbal","description":"Produkte Natyrale","publisher":{"@id":"https:\/\/gjiniherbal.com\/#organization"},"potentialAction":[{"@type":"SearchAction","target":{"@type":"EntryPoint","urlTemplate":"https:\/\/gjiniherbal.com\/?s={search_term_string}"},"query-input":{"@type":"PropertyValueSpecification","valueRequired":true,"valueName":"search_term_string"}}],"inLanguage":"sq"},{"@type":"Organization","@id":"https:\/\/gjiniherbal.com\/#organization","name":"Gjini Herbal","url":"https:\/\/gjiniherbal.com\/","logo":{"@type":"ImageObject","inLanguage":"sq","@id":"https:\/\/gjiniherbal.com\/#\/schema\/logo\/image\/","url":"https:\/\/gjiniherbal.com\/wp-content\/uploads\/2022\/07\/gjini-herbal-logo.png","contentUrl":"https:\/\/gjiniherbal.com\/wp-content\/uploads\/2022\/07\/gjini-herbal-logo.png","width":652,"height":262,"caption":"Gjini Herbal"},"image":{"@id":"https:\/\/gjiniherbal.com\/#\/schema\/logo\/image\/"},"sameAs":["https:\/\/facebook.com\/gjiniherbal","https:\/\/instagram.com\/gjiniherbal","https:\/\/www.youtube.com\/channel\/UC_tHHueG-qxycnvdro4jHtQ"]}]}},"jetpack-related-posts":[],"jetpack_sharing_enabled":true,"_links":{"self":[{"href":"https:\/\/gjiniherbal.com\/sq\/wp-json\/wp\/v2\/product\/3374","targetHints":{"allow":["GET"]}}],"collection":[{"href":"https:\/\/gjiniherbal.com\/sq\/wp-json\/wp\/v2\/product"}],"about":[{"href":"https:\/\/gjiniherbal.com\/sq\/wp-json\/wp\/v2\/types\/product"}],"wp:featuredmedia":[{"embeddable":true,"href":"https:\/\/gjiniherbal.com\/sq\/wp-json\/wp\/v2\/media\/3375"}],"wp:attachment":[{"href":"https:\/\/gjiniherbal.com\/sq\/wp-json\/wp\/v2\/media?parent=3374"}],"wp:term":[{"taxonomy":"product_brand","embeddable":true,"href":"https:\/\/gjiniherbal.com\/sq\/wp-json\/wp\/v2\/product_brand?post=3374"},{"taxonomy":"product_cat","embeddable":true,"href":"https:\/\/gjiniherbal.com\/sq\/wp-json\/wp\/v2\/product_cat?post=3374"},{"taxonomy":"product_tag","embeddable":true,"href":"https:\/\/gjiniherbal.com\/sq\/wp-json\/wp\/v2\/product_tag?post=3374"}],"curies":[{"name":"wp","href":"https:\/\/api.w.org\/{rel}","templated":true}]}}