{"id":3363,"date":"2026-03-27T11:25:42","date_gmt":"2026-03-27T10:25:42","guid":{"rendered":"https:\/\/gjiniherbal.com\/?post_type=product&#038;p=3363"},"modified":"2026-03-27T11:25:44","modified_gmt":"2026-03-27T10:25:44","slug":"mushroom-complex-talya","status":"publish","type":"product","link":"https:\/\/gjiniherbal.com\/sq\/produkt\/suplemente-vitamina\/mushroom-complex-talya\/","title":{"rendered":"Mushroom Complex Talya"},"content":{"rendered":"<p>Ekstraktet e fuqishme t\u00eb k\u00ebrpudhave t\u00eb natyr\u00ebs tani n\u00eb nj\u00eb formul\u00eb t\u00eb vetme!<\/p>\n<p>Kompleksi i ri i k\u00ebrpudhave Talya \u00ebsht\u00eb formuluar me 4 ekstrakte k\u00ebrpudhash t\u00eb p\u00ebrzgjedhura me kujdes dhe mb\u00ebshtetje t\u00eb vitamin\u00ebs C dhe zinkut p\u00ebr t\u00eb kontribuar n\u00eb funksionimin imunitar.<\/p>\n<p><strong>P\u00ebrmban<\/strong>:<\/p>\n<ul>\n<li>Ekstrakt i k\u00ebrpudhave Coriolus<\/li>\n<li>Ekstrakt i k\u00ebrpudhave Luan&#8217;s Mane<\/li>\n<li>Ekstrakt i k\u00ebrpudhave Ganoderma (Reishi)<\/li>\n<li>Ekstrakt i k\u00ebrpudhave Cordyceps<\/li>\n<li>Vitamin\u00eb C<\/li>\n<li>Zink<\/li>\n<\/ul>\n<p>Ai kombinon nj\u00eb kompleks k\u00ebrpudhash 4-n\u00eb-1 t\u00eb formuluar me kujdes dhe mb\u00ebshtetje me mikronutrient\u00eb.<\/p>\n<p><strong>P\u00ebrdorimi<\/strong>: P\u00ebr persona mbi 11 vje\u00e7, 1 kapsul\u00eb n\u00eb dit\u00eb pas nj\u00eb vakti.<\/p>","protected":false},"excerpt":{"rendered":"<p>Kompleksi i ri i k\u00ebrpudhave Talya \u00ebsht\u00eb formuluar me 4 ekstrakte k\u00ebrpudhash t\u00eb p\u00ebrzgjedhura me kujdes dhe mb\u00ebshtetje t\u00eb vitamin\u00ebs C dhe zinkut p\u00ebr t\u00eb kontribuar n\u00eb funksionimin imunitar.<\/p>","protected":false},"featured_media":3364,"template":"","meta":{"_acf_changed":false,"_et_pb_use_builder":"","_et_pb_old_content":"","_et_gb_content_width":"","_monsterinsights_skip_tracking":false,"_monsterinsights_sitenote_active":false,"_monsterinsights_sitenote_note":"","_monsterinsights_sitenote_category":0,"_joinchat":[]},"product_brand":[],"product_cat":[457],"product_tag":[1125],"class_list":{"0":"post-3363","1":"product","2":"type-product","3":"status-publish","4":"has-post-thumbnail","6":"product_cat-suplemente-vitamina","7":"product_tag-mushroom-complex","9":"first","10":"instock","11":"shipping-taxable","12":"purchasable","13":"product-type-simple"},"acf":[],"jetpack-related-posts":[],"jetpack_sharing_enabled":true,"_links":{"self":[{"href":"https:\/\/gjiniherbal.com\/sq\/wp-json\/wp\/v2\/product\/3363","targetHints":{"allow":["GET"]}}],"collection":[{"href":"https:\/\/gjiniherbal.com\/sq\/wp-json\/wp\/v2\/product"}],"about":[{"href":"https:\/\/gjiniherbal.com\/sq\/wp-json\/wp\/v2\/types\/product"}],"wp:featuredmedia":[{"embeddable":true,"href":"https:\/\/gjiniherbal.com\/sq\/wp-json\/wp\/v2\/media\/3364"}],"wp:attachment":[{"href":"https:\/\/gjiniherbal.com\/sq\/wp-json\/wp\/v2\/media?parent=3363"}],"wp:term":[{"taxonomy":"product_brand","embeddable":true,"href":"https:\/\/gjiniherbal.com\/sq\/wp-json\/wp\/v2\/product_brand?post=3363"},{"taxonomy":"product_cat","embeddable":true,"href":"https:\/\/gjiniherbal.com\/sq\/wp-json\/wp\/v2\/product_cat?post=3363"},{"taxonomy":"product_tag","embeddable":true,"href":"https:\/\/gjiniherbal.com\/sq\/wp-json\/wp\/v2\/product_tag?post=3363"}],"curies":[{"name":"wp","href":"https:\/\/api.w.org\/{rel}","templated":true}]}}