{"id":3356,"date":"2026-03-26T16:23:10","date_gmt":"2026-03-26T15:23:10","guid":{"rendered":"https:\/\/gjiniherbal.com\/?post_type=product&#038;p=3356"},"modified":"2026-03-26T16:23:12","modified_gmt":"2026-03-26T15:23:12","slug":"koenzima-q10-talya","status":"publish","type":"product","link":"https:\/\/gjiniherbal.com\/sq\/produkt\/suplemente-vitamina\/koenzima-q10-talya\/","title":{"rendered":"Koenzima Q10 Talya"},"content":{"rendered":"<p>Shtes\u00eb ushqimore Talya Coenzyme Q10 \u2013 \u200b\u200b750 mg 60 kapsula<\/p>\n<p>Talya Coenzyme Q10 \u00ebsht\u00eb nj\u00eb shtes\u00eb ushqimore e formuluar posa\u00e7\u00ebrisht p\u00ebr t\u00eb p\u00ebrmbushur nevojat e trupit. P\u00ebrmbajtja e saj me cil\u00ebsi t\u00eb lart\u00eb e ubikinonit mb\u00ebshtet rutin\u00ebn tuaj t\u00eb p\u00ebrditshme.<\/p>\n<p><strong>P\u00ebrmbajtja e produktit dhe udh\u00ebzimet e p\u00ebrdorimit<\/strong>:<\/p>\n<p>Nj\u00eb kapsul\u00eb p\u00ebrmban 100 mg Koenzim\u00eb Q10 (Ubikinon).<br \/>\n<strong>Doza e rekomanduar ditore<\/strong>: 2 kapsula p\u00ebrmbajn\u00eb gjithsej 200 mg Koenzim\u00eb Q10. Rekomandohet t\u00eb merrni 1 kapsul\u00eb dy her\u00eb n\u00eb dit\u00eb me vakte. Doza e rekomanduar ditore nuk duhet t\u00eb tejkalohet.<\/p>","protected":false},"excerpt":{"rendered":"<p>Talya Coenzyme Q10 \u00ebsht\u00eb nj\u00eb shtes\u00eb ushqimore e formuluar posa\u00e7\u00ebrisht p\u00ebr t\u00eb p\u00ebrmbushur nevojat e trupit. P\u00ebrmbajtja e saj me cil\u00ebsi t\u00eb lart\u00eb e ubikinonit mb\u00ebshtet rutin\u00ebn tuaj t\u00eb p\u00ebrditshme.<\/p>","protected":false},"featured_media":3357,"template":"","meta":{"_acf_changed":false,"_et_pb_use_builder":"","_et_pb_old_content":"","_et_gb_content_width":"","_monsterinsights_skip_tracking":false,"_monsterinsights_sitenote_active":false,"_monsterinsights_sitenote_note":"","_monsterinsights_sitenote_category":0,"_joinchat":[]},"product_brand":[],"product_cat":[457],"product_tag":[1122,991],"class_list":{"0":"post-3356","1":"product","2":"type-product","3":"status-publish","4":"has-post-thumbnail","6":"product_cat-suplemente-vitamina","7":"product_tag-coq10","8":"product_tag-koenzima-q10","10":"first","11":"instock","12":"shipping-taxable","13":"purchasable","14":"product-type-simple"},"acf":[],"yoast_head":"<!-- This site is optimized with the Yoast SEO plugin v27.4 - https:\/\/yoast.com\/product\/yoast-seo-wordpress\/ -->\n<title>Koenzima Q10 Talya - Gjini Herbal<\/title>\n<meta name=\"description\" content=\"Talya Coenzyme Q10 \u00ebsht\u00eb nj\u00eb shtes\u00eb ushqimore e formuluar posa\u00e7\u00ebrisht p\u00ebr t\u00eb p\u00ebrmbushur nevojat e trupit. P\u00ebrmbajtja e saj me cil\u00ebsi t\u00eb lart\u00eb e ubikinonit mb\u00ebshtet rutin\u00ebn tuaj t\u00eb p\u00ebrditshme.\" \/>\n<meta name=\"robots\" content=\"index, follow, max-snippet:-1, max-image-preview:large, max-video-preview:-1\" \/>\n<link rel=\"canonical\" href=\"https:\/\/gjiniherbal.com\/sq\/produkt\/suplemente-vitamina\/koenzima-q10-talya\/\" \/>\n<meta property=\"og:locale\" content=\"sq_AL\" \/>\n<meta property=\"og:type\" content=\"article\" \/>\n<meta property=\"og:title\" content=\"Koenzima Q10 Talya - Gjini Herbal\" \/>\n<meta property=\"og:description\" content=\"Talya Coenzyme Q10 \u00ebsht\u00eb nj\u00eb shtes\u00eb ushqimore e formuluar posa\u00e7\u00ebrisht p\u00ebr t\u00eb p\u00ebrmbushur nevojat e trupit. P\u00ebrmbajtja e saj me cil\u00ebsi t\u00eb lart\u00eb e ubikinonit mb\u00ebshtet rutin\u00ebn tuaj t\u00eb p\u00ebrditshme.\" \/>\n<meta property=\"og:url\" content=\"https:\/\/gjiniherbal.com\/sq\/produkt\/suplemente-vitamina\/koenzima-q10-talya\/\" \/>\n<meta property=\"og:site_name\" content=\"Gjini Herbal\" \/>\n<meta property=\"article:publisher\" content=\"https:\/\/facebook.com\/gjiniherbal\" \/>\n<meta property=\"article:modified_time\" content=\"2026-03-26T15:23:12+00:00\" \/>\n<meta property=\"og:image\" content=\"https:\/\/gjiniherbal.com\/wp-content\/uploads\/2026\/03\/60-kapsul.webp\" \/>\n\t<meta property=\"og:image:width\" content=\"540\" \/>\n\t<meta property=\"og:image:height\" content=\"540\" \/>\n\t<meta property=\"og:image:type\" content=\"image\/webp\" \/>\n<meta name=\"twitter:card\" content=\"summary_large_image\" \/>\n<meta name=\"twitter:label1\" content=\"Est. reading time\" \/>\n\t<meta name=\"twitter:data1\" content=\"1 minut\u00eb\" \/>\n<script type=\"application\/ld+json\" class=\"yoast-schema-graph\">{\"@context\":\"https:\\\/\\\/schema.org\",\"@graph\":[{\"@type\":\"WebPage\",\"@id\":\"https:\\\/\\\/gjiniherbal.com\\\/produkt\\\/suplemente-vitamina\\\/koenzima-q10-talya\\\/\",\"url\":\"https:\\\/\\\/gjiniherbal.com\\\/produkt\\\/suplemente-vitamina\\\/koenzima-q10-talya\\\/\",\"name\":\"Koenzima Q10 Talya - Gjini Herbal\",\"isPartOf\":{\"@id\":\"https:\\\/\\\/gjiniherbal.com\\\/#website\"},\"primaryImageOfPage\":{\"@id\":\"https:\\\/\\\/gjiniherbal.com\\\/produkt\\\/suplemente-vitamina\\\/koenzima-q10-talya\\\/#primaryimage\"},\"image\":{\"@id\":\"https:\\\/\\\/gjiniherbal.com\\\/produkt\\\/suplemente-vitamina\\\/koenzima-q10-talya\\\/#primaryimage\"},\"thumbnailUrl\":\"https:\\\/\\\/gjiniherbal.com\\\/wp-content\\\/uploads\\\/2026\\\/03\\\/60-kapsul.webp\",\"datePublished\":\"2026-03-26T15:23:10+00:00\",\"dateModified\":\"2026-03-26T15:23:12+00:00\",\"description\":\"Talya Coenzyme Q10 \u00ebsht\u00eb nj\u00eb shtes\u00eb ushqimore e formuluar posa\u00e7\u00ebrisht p\u00ebr t\u00eb p\u00ebrmbushur nevojat e trupit. P\u00ebrmbajtja e saj me cil\u00ebsi t\u00eb lart\u00eb e ubikinonit mb\u00ebshtet rutin\u00ebn tuaj t\u00eb p\u00ebrditshme.\",\"breadcrumb\":{\"@id\":\"https:\\\/\\\/gjiniherbal.com\\\/produkt\\\/suplemente-vitamina\\\/koenzima-q10-talya\\\/#breadcrumb\"},\"inLanguage\":\"sq\",\"potentialAction\":[{\"@type\":\"ReadAction\",\"target\":[\"https:\\\/\\\/gjiniherbal.com\\\/produkt\\\/suplemente-vitamina\\\/koenzima-q10-talya\\\/\"]}]},{\"@type\":\"ImageObject\",\"inLanguage\":\"sq\",\"@id\":\"https:\\\/\\\/gjiniherbal.com\\\/produkt\\\/suplemente-vitamina\\\/koenzima-q10-talya\\\/#primaryimage\",\"url\":\"https:\\\/\\\/gjiniherbal.com\\\/wp-content\\\/uploads\\\/2026\\\/03\\\/60-kapsul.webp\",\"contentUrl\":\"https:\\\/\\\/gjiniherbal.com\\\/wp-content\\\/uploads\\\/2026\\\/03\\\/60-kapsul.webp\",\"width\":540,\"height\":540,\"caption\":\"koenzima q10\"},{\"@type\":\"BreadcrumbList\",\"@id\":\"https:\\\/\\\/gjiniherbal.com\\\/produkt\\\/suplemente-vitamina\\\/koenzima-q10-talya\\\/#breadcrumb\",\"itemListElement\":[{\"@type\":\"ListItem\",\"position\":1,\"name\":\"Home\",\"item\":\"https:\\\/\\\/gjiniherbal.com\\\/en_us\\\/\"},{\"@type\":\"ListItem\",\"position\":2,\"name\":\"Shop\",\"item\":\"https:\\\/\\\/gjiniherbal.com\\\/en_us\\\/shop\\\/\"},{\"@type\":\"ListItem\",\"position\":3,\"name\":\"Koenzima Q10 Talya\"}]},{\"@type\":\"WebSite\",\"@id\":\"https:\\\/\\\/gjiniherbal.com\\\/#website\",\"url\":\"https:\\\/\\\/gjiniherbal.com\\\/\",\"name\":\"Gjini Herbal\",\"description\":\"Produkte Natyrale\",\"publisher\":{\"@id\":\"https:\\\/\\\/gjiniherbal.com\\\/#organization\"},\"potentialAction\":[{\"@type\":\"SearchAction\",\"target\":{\"@type\":\"EntryPoint\",\"urlTemplate\":\"https:\\\/\\\/gjiniherbal.com\\\/?s={search_term_string}\"},\"query-input\":{\"@type\":\"PropertyValueSpecification\",\"valueRequired\":true,\"valueName\":\"search_term_string\"}}],\"inLanguage\":\"sq\"},{\"@type\":\"Organization\",\"@id\":\"https:\\\/\\\/gjiniherbal.com\\\/#organization\",\"name\":\"Gjini Herbal\",\"url\":\"https:\\\/\\\/gjiniherbal.com\\\/\",\"logo\":{\"@type\":\"ImageObject\",\"inLanguage\":\"sq\",\"@id\":\"https:\\\/\\\/gjiniherbal.com\\\/#\\\/schema\\\/logo\\\/image\\\/\",\"url\":\"https:\\\/\\\/gjiniherbal.com\\\/wp-content\\\/uploads\\\/2022\\\/07\\\/gjini-herbal-logo.png\",\"contentUrl\":\"https:\\\/\\\/gjiniherbal.com\\\/wp-content\\\/uploads\\\/2022\\\/07\\\/gjini-herbal-logo.png\",\"width\":652,\"height\":262,\"caption\":\"Gjini Herbal\"},\"image\":{\"@id\":\"https:\\\/\\\/gjiniherbal.com\\\/#\\\/schema\\\/logo\\\/image\\\/\"},\"sameAs\":[\"https:\\\/\\\/facebook.com\\\/gjiniherbal\",\"https:\\\/\\\/instagram.com\\\/gjiniherbal\",\"https:\\\/\\\/www.youtube.com\\\/channel\\\/UC_tHHueG-qxycnvdro4jHtQ\"]}]}<\/script>\n<!-- \/ Yoast SEO plugin. -->","yoast_head_json":{"title":"Koenzima Q10 Talya - Gjini Herbal","description":"Talya Coenzyme Q10 \u00ebsht\u00eb nj\u00eb shtes\u00eb ushqimore e formuluar posa\u00e7\u00ebrisht p\u00ebr t\u00eb p\u00ebrmbushur nevojat e trupit. P\u00ebrmbajtja e saj me cil\u00ebsi t\u00eb lart\u00eb e ubikinonit mb\u00ebshtet rutin\u00ebn tuaj t\u00eb p\u00ebrditshme.","robots":{"index":"index","follow":"follow","max-snippet":"max-snippet:-1","max-image-preview":"max-image-preview:large","max-video-preview":"max-video-preview:-1"},"canonical":"https:\/\/gjiniherbal.com\/sq\/produkt\/suplemente-vitamina\/koenzima-q10-talya\/","og_locale":"sq_AL","og_type":"article","og_title":"Koenzima Q10 Talya - Gjini Herbal","og_description":"Talya Coenzyme Q10 \u00ebsht\u00eb nj\u00eb shtes\u00eb ushqimore e formuluar posa\u00e7\u00ebrisht p\u00ebr t\u00eb p\u00ebrmbushur nevojat e trupit. P\u00ebrmbajtja e saj me cil\u00ebsi t\u00eb lart\u00eb e ubikinonit mb\u00ebshtet rutin\u00ebn tuaj t\u00eb p\u00ebrditshme.","og_url":"https:\/\/gjiniherbal.com\/sq\/produkt\/suplemente-vitamina\/koenzima-q10-talya\/","og_site_name":"Gjini Herbal","article_publisher":"https:\/\/facebook.com\/gjiniherbal","article_modified_time":"2026-03-26T15:23:12+00:00","og_image":[{"width":540,"height":540,"url":"https:\/\/gjiniherbal.com\/wp-content\/uploads\/2026\/03\/60-kapsul.webp","type":"image\/webp"}],"twitter_card":"summary_large_image","twitter_misc":{"Est. reading time":"1 minut\u00eb"},"schema":{"@context":"https:\/\/schema.org","@graph":[{"@type":"WebPage","@id":"https:\/\/gjiniherbal.com\/produkt\/suplemente-vitamina\/koenzima-q10-talya\/","url":"https:\/\/gjiniherbal.com\/produkt\/suplemente-vitamina\/koenzima-q10-talya\/","name":"Koenzima Q10 Talya - Gjini Herbal","isPartOf":{"@id":"https:\/\/gjiniherbal.com\/#website"},"primaryImageOfPage":{"@id":"https:\/\/gjiniherbal.com\/produkt\/suplemente-vitamina\/koenzima-q10-talya\/#primaryimage"},"image":{"@id":"https:\/\/gjiniherbal.com\/produkt\/suplemente-vitamina\/koenzima-q10-talya\/#primaryimage"},"thumbnailUrl":"https:\/\/gjiniherbal.com\/wp-content\/uploads\/2026\/03\/60-kapsul.webp","datePublished":"2026-03-26T15:23:10+00:00","dateModified":"2026-03-26T15:23:12+00:00","description":"Talya Coenzyme Q10 \u00ebsht\u00eb nj\u00eb shtes\u00eb ushqimore e formuluar posa\u00e7\u00ebrisht p\u00ebr t\u00eb p\u00ebrmbushur nevojat e trupit. P\u00ebrmbajtja e saj me cil\u00ebsi t\u00eb lart\u00eb e ubikinonit mb\u00ebshtet rutin\u00ebn tuaj t\u00eb p\u00ebrditshme.","breadcrumb":{"@id":"https:\/\/gjiniherbal.com\/produkt\/suplemente-vitamina\/koenzima-q10-talya\/#breadcrumb"},"inLanguage":"sq","potentialAction":[{"@type":"ReadAction","target":["https:\/\/gjiniherbal.com\/produkt\/suplemente-vitamina\/koenzima-q10-talya\/"]}]},{"@type":"ImageObject","inLanguage":"sq","@id":"https:\/\/gjiniherbal.com\/produkt\/suplemente-vitamina\/koenzima-q10-talya\/#primaryimage","url":"https:\/\/gjiniherbal.com\/wp-content\/uploads\/2026\/03\/60-kapsul.webp","contentUrl":"https:\/\/gjiniherbal.com\/wp-content\/uploads\/2026\/03\/60-kapsul.webp","width":540,"height":540,"caption":"koenzima q10"},{"@type":"BreadcrumbList","@id":"https:\/\/gjiniherbal.com\/produkt\/suplemente-vitamina\/koenzima-q10-talya\/#breadcrumb","itemListElement":[{"@type":"ListItem","position":1,"name":"Home","item":"https:\/\/gjiniherbal.com\/en_us\/"},{"@type":"ListItem","position":2,"name":"Shop","item":"https:\/\/gjiniherbal.com\/en_us\/shop\/"},{"@type":"ListItem","position":3,"name":"Koenzima Q10 Talya"}]},{"@type":"WebSite","@id":"https:\/\/gjiniherbal.com\/#website","url":"https:\/\/gjiniherbal.com\/","name":"Gjini Herbal","description":"Produkte Natyrale","publisher":{"@id":"https:\/\/gjiniherbal.com\/#organization"},"potentialAction":[{"@type":"SearchAction","target":{"@type":"EntryPoint","urlTemplate":"https:\/\/gjiniherbal.com\/?s={search_term_string}"},"query-input":{"@type":"PropertyValueSpecification","valueRequired":true,"valueName":"search_term_string"}}],"inLanguage":"sq"},{"@type":"Organization","@id":"https:\/\/gjiniherbal.com\/#organization","name":"Gjini Herbal","url":"https:\/\/gjiniherbal.com\/","logo":{"@type":"ImageObject","inLanguage":"sq","@id":"https:\/\/gjiniherbal.com\/#\/schema\/logo\/image\/","url":"https:\/\/gjiniherbal.com\/wp-content\/uploads\/2022\/07\/gjini-herbal-logo.png","contentUrl":"https:\/\/gjiniherbal.com\/wp-content\/uploads\/2022\/07\/gjini-herbal-logo.png","width":652,"height":262,"caption":"Gjini Herbal"},"image":{"@id":"https:\/\/gjiniherbal.com\/#\/schema\/logo\/image\/"},"sameAs":["https:\/\/facebook.com\/gjiniherbal","https:\/\/instagram.com\/gjiniherbal","https:\/\/www.youtube.com\/channel\/UC_tHHueG-qxycnvdro4jHtQ"]}]}},"jetpack-related-posts":[],"jetpack_sharing_enabled":true,"_links":{"self":[{"href":"https:\/\/gjiniherbal.com\/sq\/wp-json\/wp\/v2\/product\/3356","targetHints":{"allow":["GET"]}}],"collection":[{"href":"https:\/\/gjiniherbal.com\/sq\/wp-json\/wp\/v2\/product"}],"about":[{"href":"https:\/\/gjiniherbal.com\/sq\/wp-json\/wp\/v2\/types\/product"}],"wp:featuredmedia":[{"embeddable":true,"href":"https:\/\/gjiniherbal.com\/sq\/wp-json\/wp\/v2\/media\/3357"}],"wp:attachment":[{"href":"https:\/\/gjiniherbal.com\/sq\/wp-json\/wp\/v2\/media?parent=3356"}],"wp:term":[{"taxonomy":"product_brand","embeddable":true,"href":"https:\/\/gjiniherbal.com\/sq\/wp-json\/wp\/v2\/product_brand?post=3356"},{"taxonomy":"product_cat","embeddable":true,"href":"https:\/\/gjiniherbal.com\/sq\/wp-json\/wp\/v2\/product_cat?post=3356"},{"taxonomy":"product_tag","embeddable":true,"href":"https:\/\/gjiniherbal.com\/sq\/wp-json\/wp\/v2\/product_tag?post=3356"}],"curies":[{"name":"wp","href":"https:\/\/api.w.org\/{rel}","templated":true}]}}