{"id":3353,"date":"2026-03-26T16:18:07","date_gmt":"2026-03-26T15:18:07","guid":{"rendered":"https:\/\/gjiniherbal.com\/?post_type=product&#038;p=3353"},"modified":"2026-03-26T16:18:08","modified_gmt":"2026-03-26T15:18:08","slug":"magnez-all-day-talya","status":"publish","type":"product","link":"https:\/\/gjiniherbal.com\/sq\/produkt\/suplemente-vitamina\/magnez-all-day-talya\/","title":{"rendered":"Magnez All Day Talya"},"content":{"rendered":"<p><strong>Magnezi<\/strong> kontribuon n\u00eb funksionimin normal t\u00eb muskujve dhe sintez\u00ebn normale t\u00eb proteinave. Ai luan nj\u00eb rol n\u00eb ndarjen qelizore. Vitamina B6 kontribuon n\u00eb formimin normal t\u00eb qelizave t\u00eb kuqe t\u00eb gjakut dhe n\u00eb funksionimin normal t\u00eb sistemit imunitar. Magnezi dhe vitamina B6 kontribuojn\u00eb n\u00eb uljen e lodhjes dhe rraskapitjes dhe n\u00eb metabolizmin normal t\u00eb energjis\u00eb.<\/p>\n<p><strong>Informacion mbi p\u00ebrdorimin<\/strong>: P\u00ebr t\u00eb rriturit 11 vje\u00e7 e lart, rekomandohet t\u00eb marrin 1 tablet\u00eb me shum\u00eb uj\u00eb 2 or\u00eb pas vakteve, n\u00eb m\u00ebngjes dhe n\u00eb mbr\u00ebmje.<\/p>\n<p><strong>Paralajm\u00ebrime<\/strong>: Mos e tejkaloni doz\u00ebn e rekomanduar ditore. Shtesat ushqimore nuk jan\u00eb z\u00ebvend\u00ebsim p\u00ebr nj\u00eb diet\u00eb normale. Mbajeni larg f\u00ebmij\u00ebve. Konsultohuni me mjekun tuaj n\u00ebse jeni shtatz\u00ebn\u00eb, ushqeni me gji ose keni ndonj\u00eb gjendje mjek\u00ebsore. Mund t\u00eb p\u00ebrmbaj\u00eb gjurm\u00eb arrash, drith\u00ebrash q\u00eb p\u00ebrmbajn\u00eb gluten, soje dhe derivatesh soje.<\/p>","protected":false},"excerpt":{"rendered":"<p><strong>Magnezi<\/strong> kontribuon n\u00eb funksionimin normal t\u00eb muskujve dhe sintez\u00ebn normale t\u00eb proteinave. Ai luan nj\u00eb rol n\u00eb ndarjen qelizore. Vitamina B6 kontribuon n\u00eb formimin normal t\u00eb qelizave t\u00eb kuqe t\u00eb gjakut dhe n\u00eb funksionimin normal t\u00eb sistemit imunitar. Magnezi dhe vitamina B6 kontribuojn\u00eb n\u00eb uljen e lodhjes dhe rraskapitjes dhe n\u00eb metabolizmin normal t\u00eb energjis\u00eb.<\/p>","protected":false},"featured_media":3354,"template":"","meta":{"_acf_changed":false,"_et_pb_use_builder":"","_et_pb_old_content":"","_et_gb_content_width":"","_monsterinsights_skip_tracking":false,"_monsterinsights_sitenote_active":false,"_monsterinsights_sitenote_note":"","_monsterinsights_sitenote_category":0,"_joinchat":[]},"product_brand":[],"product_cat":[457],"product_tag":[459],"class_list":{"0":"post-3353","1":"product","2":"type-product","3":"status-publish","4":"has-post-thumbnail","6":"product_cat-suplemente-vitamina","7":"product_tag-magnez","9":"first","10":"instock","11":"shipping-taxable","12":"purchasable","13":"product-type-simple"},"acf":[],"yoast_head":"<!-- This site is optimized with the Yoast SEO plugin v27.4 - https:\/\/yoast.com\/product\/yoast-seo-wordpress\/ -->\n<title>Magnez All Day Talya - Gjini Herbal<\/title>\n<meta name=\"description\" content=\"Magnezi kontribuon n\u00eb funksionimin normal t\u00eb muskujve dhe sintez\u00ebn normale t\u00eb proteinave. Ai luan nj\u00eb rol n\u00eb ndarjen qelizore. Vitamina B6 kontribuon n\u00eb formimin normal t\u00eb qelizave t\u00eb kuqe t\u00eb gjakut dhe n\u00eb funksionimin normal t\u00eb sistemit imunitar. Magnezi dhe vitamina B6 kontribuojn\u00eb n\u00eb uljen e lodhjes dhe rraskapitjes dhe n\u00eb metabolizmin normal t\u00eb energjis\u00eb.\" \/>\n<meta name=\"robots\" content=\"index, follow, max-snippet:-1, max-image-preview:large, max-video-preview:-1\" \/>\n<link rel=\"canonical\" href=\"https:\/\/gjiniherbal.com\/sq\/produkt\/suplemente-vitamina\/magnez-all-day-talya\/\" \/>\n<meta property=\"og:locale\" content=\"sq_AL\" \/>\n<meta property=\"og:type\" content=\"article\" \/>\n<meta property=\"og:title\" content=\"Magnez All Day Talya - Gjini Herbal\" \/>\n<meta property=\"og:description\" content=\"Magnezi kontribuon n\u00eb funksionimin normal t\u00eb muskujve dhe sintez\u00ebn normale t\u00eb proteinave. Ai luan nj\u00eb rol n\u00eb ndarjen qelizore. Vitamina B6 kontribuon n\u00eb formimin normal t\u00eb qelizave t\u00eb kuqe t\u00eb gjakut dhe n\u00eb funksionimin normal t\u00eb sistemit imunitar. Magnezi dhe vitamina B6 kontribuojn\u00eb n\u00eb uljen e lodhjes dhe rraskapitjes dhe n\u00eb metabolizmin normal t\u00eb energjis\u00eb.\" \/>\n<meta property=\"og:url\" content=\"https:\/\/gjiniherbal.com\/sq\/produkt\/suplemente-vitamina\/magnez-all-day-talya\/\" \/>\n<meta property=\"og:site_name\" content=\"Gjini Herbal\" \/>\n<meta property=\"article:publisher\" content=\"https:\/\/facebook.com\/gjiniherbal\" \/>\n<meta property=\"article:modified_time\" content=\"2026-03-26T15:18:08+00:00\" \/>\n<meta property=\"og:image\" content=\"https:\/\/gjiniherbal.com\/wp-content\/uploads\/2026\/03\/magnezyum-all-day-on.webp\" \/>\n\t<meta property=\"og:image:width\" content=\"540\" \/>\n\t<meta property=\"og:image:height\" content=\"540\" \/>\n\t<meta property=\"og:image:type\" content=\"image\/webp\" \/>\n<meta name=\"twitter:card\" content=\"summary_large_image\" \/>\n<meta name=\"twitter:label1\" content=\"Est. reading time\" \/>\n\t<meta name=\"twitter:data1\" content=\"1 minut\u00eb\" \/>\n<script type=\"application\/ld+json\" class=\"yoast-schema-graph\">{\"@context\":\"https:\\\/\\\/schema.org\",\"@graph\":[{\"@type\":\"WebPage\",\"@id\":\"https:\\\/\\\/gjiniherbal.com\\\/produkt\\\/suplemente-vitamina\\\/magnez-all-day-talya\\\/\",\"url\":\"https:\\\/\\\/gjiniherbal.com\\\/produkt\\\/suplemente-vitamina\\\/magnez-all-day-talya\\\/\",\"name\":\"Magnez All Day Talya - Gjini Herbal\",\"isPartOf\":{\"@id\":\"https:\\\/\\\/gjiniherbal.com\\\/#website\"},\"primaryImageOfPage\":{\"@id\":\"https:\\\/\\\/gjiniherbal.com\\\/produkt\\\/suplemente-vitamina\\\/magnez-all-day-talya\\\/#primaryimage\"},\"image\":{\"@id\":\"https:\\\/\\\/gjiniherbal.com\\\/produkt\\\/suplemente-vitamina\\\/magnez-all-day-talya\\\/#primaryimage\"},\"thumbnailUrl\":\"https:\\\/\\\/gjiniherbal.com\\\/wp-content\\\/uploads\\\/2026\\\/03\\\/magnezyum-all-day-on.webp\",\"datePublished\":\"2026-03-26T15:18:07+00:00\",\"dateModified\":\"2026-03-26T15:18:08+00:00\",\"description\":\"Magnezi kontribuon n\u00eb funksionimin normal t\u00eb muskujve dhe sintez\u00ebn normale t\u00eb proteinave. Ai luan nj\u00eb rol n\u00eb ndarjen qelizore. Vitamina B6 kontribuon n\u00eb formimin normal t\u00eb qelizave t\u00eb kuqe t\u00eb gjakut dhe n\u00eb funksionimin normal t\u00eb sistemit imunitar. Magnezi dhe vitamina B6 kontribuojn\u00eb n\u00eb uljen e lodhjes dhe rraskapitjes dhe n\u00eb metabolizmin normal t\u00eb energjis\u00eb.\",\"breadcrumb\":{\"@id\":\"https:\\\/\\\/gjiniherbal.com\\\/produkt\\\/suplemente-vitamina\\\/magnez-all-day-talya\\\/#breadcrumb\"},\"inLanguage\":\"sq\",\"potentialAction\":[{\"@type\":\"ReadAction\",\"target\":[\"https:\\\/\\\/gjiniherbal.com\\\/produkt\\\/suplemente-vitamina\\\/magnez-all-day-talya\\\/\"]}]},{\"@type\":\"ImageObject\",\"inLanguage\":\"sq\",\"@id\":\"https:\\\/\\\/gjiniherbal.com\\\/produkt\\\/suplemente-vitamina\\\/magnez-all-day-talya\\\/#primaryimage\",\"url\":\"https:\\\/\\\/gjiniherbal.com\\\/wp-content\\\/uploads\\\/2026\\\/03\\\/magnezyum-all-day-on.webp\",\"contentUrl\":\"https:\\\/\\\/gjiniherbal.com\\\/wp-content\\\/uploads\\\/2026\\\/03\\\/magnezyum-all-day-on.webp\",\"width\":540,\"height\":540,\"caption\":\"magnez\"},{\"@type\":\"BreadcrumbList\",\"@id\":\"https:\\\/\\\/gjiniherbal.com\\\/produkt\\\/suplemente-vitamina\\\/magnez-all-day-talya\\\/#breadcrumb\",\"itemListElement\":[{\"@type\":\"ListItem\",\"position\":1,\"name\":\"Home\",\"item\":\"https:\\\/\\\/gjiniherbal.com\\\/en_us\\\/\"},{\"@type\":\"ListItem\",\"position\":2,\"name\":\"Shop\",\"item\":\"https:\\\/\\\/gjiniherbal.com\\\/en_us\\\/shop\\\/\"},{\"@type\":\"ListItem\",\"position\":3,\"name\":\"Magnez All Day Talya\"}]},{\"@type\":\"WebSite\",\"@id\":\"https:\\\/\\\/gjiniherbal.com\\\/#website\",\"url\":\"https:\\\/\\\/gjiniherbal.com\\\/\",\"name\":\"Gjini Herbal\",\"description\":\"Produkte Natyrale\",\"publisher\":{\"@id\":\"https:\\\/\\\/gjiniherbal.com\\\/#organization\"},\"potentialAction\":[{\"@type\":\"SearchAction\",\"target\":{\"@type\":\"EntryPoint\",\"urlTemplate\":\"https:\\\/\\\/gjiniherbal.com\\\/?s={search_term_string}\"},\"query-input\":{\"@type\":\"PropertyValueSpecification\",\"valueRequired\":true,\"valueName\":\"search_term_string\"}}],\"inLanguage\":\"sq\"},{\"@type\":\"Organization\",\"@id\":\"https:\\\/\\\/gjiniherbal.com\\\/#organization\",\"name\":\"Gjini Herbal\",\"url\":\"https:\\\/\\\/gjiniherbal.com\\\/\",\"logo\":{\"@type\":\"ImageObject\",\"inLanguage\":\"sq\",\"@id\":\"https:\\\/\\\/gjiniherbal.com\\\/#\\\/schema\\\/logo\\\/image\\\/\",\"url\":\"https:\\\/\\\/gjiniherbal.com\\\/wp-content\\\/uploads\\\/2022\\\/07\\\/gjini-herbal-logo.png\",\"contentUrl\":\"https:\\\/\\\/gjiniherbal.com\\\/wp-content\\\/uploads\\\/2022\\\/07\\\/gjini-herbal-logo.png\",\"width\":652,\"height\":262,\"caption\":\"Gjini Herbal\"},\"image\":{\"@id\":\"https:\\\/\\\/gjiniherbal.com\\\/#\\\/schema\\\/logo\\\/image\\\/\"},\"sameAs\":[\"https:\\\/\\\/facebook.com\\\/gjiniherbal\",\"https:\\\/\\\/instagram.com\\\/gjiniherbal\",\"https:\\\/\\\/www.youtube.com\\\/channel\\\/UC_tHHueG-qxycnvdro4jHtQ\"]}]}<\/script>\n<!-- \/ Yoast SEO plugin. -->","yoast_head_json":{"title":"Magnez All Day Talya - Gjini Herbal","description":"Magnezi kontribuon n\u00eb funksionimin normal t\u00eb muskujve dhe sintez\u00ebn normale t\u00eb proteinave. Ai luan nj\u00eb rol n\u00eb ndarjen qelizore. Vitamina B6 kontribuon n\u00eb formimin normal t\u00eb qelizave t\u00eb kuqe t\u00eb gjakut dhe n\u00eb funksionimin normal t\u00eb sistemit imunitar. Magnezi dhe vitamina B6 kontribuojn\u00eb n\u00eb uljen e lodhjes dhe rraskapitjes dhe n\u00eb metabolizmin normal t\u00eb energjis\u00eb.","robots":{"index":"index","follow":"follow","max-snippet":"max-snippet:-1","max-image-preview":"max-image-preview:large","max-video-preview":"max-video-preview:-1"},"canonical":"https:\/\/gjiniherbal.com\/sq\/produkt\/suplemente-vitamina\/magnez-all-day-talya\/","og_locale":"sq_AL","og_type":"article","og_title":"Magnez All Day Talya - Gjini Herbal","og_description":"Magnezi kontribuon n\u00eb funksionimin normal t\u00eb muskujve dhe sintez\u00ebn normale t\u00eb proteinave. Ai luan nj\u00eb rol n\u00eb ndarjen qelizore. Vitamina B6 kontribuon n\u00eb formimin normal t\u00eb qelizave t\u00eb kuqe t\u00eb gjakut dhe n\u00eb funksionimin normal t\u00eb sistemit imunitar. Magnezi dhe vitamina B6 kontribuojn\u00eb n\u00eb uljen e lodhjes dhe rraskapitjes dhe n\u00eb metabolizmin normal t\u00eb energjis\u00eb.","og_url":"https:\/\/gjiniherbal.com\/sq\/produkt\/suplemente-vitamina\/magnez-all-day-talya\/","og_site_name":"Gjini Herbal","article_publisher":"https:\/\/facebook.com\/gjiniherbal","article_modified_time":"2026-03-26T15:18:08+00:00","og_image":[{"width":540,"height":540,"url":"https:\/\/gjiniherbal.com\/wp-content\/uploads\/2026\/03\/magnezyum-all-day-on.webp","type":"image\/webp"}],"twitter_card":"summary_large_image","twitter_misc":{"Est. reading time":"1 minut\u00eb"},"schema":{"@context":"https:\/\/schema.org","@graph":[{"@type":"WebPage","@id":"https:\/\/gjiniherbal.com\/produkt\/suplemente-vitamina\/magnez-all-day-talya\/","url":"https:\/\/gjiniherbal.com\/produkt\/suplemente-vitamina\/magnez-all-day-talya\/","name":"Magnez All Day Talya - Gjini Herbal","isPartOf":{"@id":"https:\/\/gjiniherbal.com\/#website"},"primaryImageOfPage":{"@id":"https:\/\/gjiniherbal.com\/produkt\/suplemente-vitamina\/magnez-all-day-talya\/#primaryimage"},"image":{"@id":"https:\/\/gjiniherbal.com\/produkt\/suplemente-vitamina\/magnez-all-day-talya\/#primaryimage"},"thumbnailUrl":"https:\/\/gjiniherbal.com\/wp-content\/uploads\/2026\/03\/magnezyum-all-day-on.webp","datePublished":"2026-03-26T15:18:07+00:00","dateModified":"2026-03-26T15:18:08+00:00","description":"Magnezi kontribuon n\u00eb funksionimin normal t\u00eb muskujve dhe sintez\u00ebn normale t\u00eb proteinave. Ai luan nj\u00eb rol n\u00eb ndarjen qelizore. Vitamina B6 kontribuon n\u00eb formimin normal t\u00eb qelizave t\u00eb kuqe t\u00eb gjakut dhe n\u00eb funksionimin normal t\u00eb sistemit imunitar. Magnezi dhe vitamina B6 kontribuojn\u00eb n\u00eb uljen e lodhjes dhe rraskapitjes dhe n\u00eb metabolizmin normal t\u00eb energjis\u00eb.","breadcrumb":{"@id":"https:\/\/gjiniherbal.com\/produkt\/suplemente-vitamina\/magnez-all-day-talya\/#breadcrumb"},"inLanguage":"sq","potentialAction":[{"@type":"ReadAction","target":["https:\/\/gjiniherbal.com\/produkt\/suplemente-vitamina\/magnez-all-day-talya\/"]}]},{"@type":"ImageObject","inLanguage":"sq","@id":"https:\/\/gjiniherbal.com\/produkt\/suplemente-vitamina\/magnez-all-day-talya\/#primaryimage","url":"https:\/\/gjiniherbal.com\/wp-content\/uploads\/2026\/03\/magnezyum-all-day-on.webp","contentUrl":"https:\/\/gjiniherbal.com\/wp-content\/uploads\/2026\/03\/magnezyum-all-day-on.webp","width":540,"height":540,"caption":"magnez"},{"@type":"BreadcrumbList","@id":"https:\/\/gjiniherbal.com\/produkt\/suplemente-vitamina\/magnez-all-day-talya\/#breadcrumb","itemListElement":[{"@type":"ListItem","position":1,"name":"Home","item":"https:\/\/gjiniherbal.com\/en_us\/"},{"@type":"ListItem","position":2,"name":"Shop","item":"https:\/\/gjiniherbal.com\/en_us\/shop\/"},{"@type":"ListItem","position":3,"name":"Magnez All Day Talya"}]},{"@type":"WebSite","@id":"https:\/\/gjiniherbal.com\/#website","url":"https:\/\/gjiniherbal.com\/","name":"Gjini Herbal","description":"Produkte Natyrale","publisher":{"@id":"https:\/\/gjiniherbal.com\/#organization"},"potentialAction":[{"@type":"SearchAction","target":{"@type":"EntryPoint","urlTemplate":"https:\/\/gjiniherbal.com\/?s={search_term_string}"},"query-input":{"@type":"PropertyValueSpecification","valueRequired":true,"valueName":"search_term_string"}}],"inLanguage":"sq"},{"@type":"Organization","@id":"https:\/\/gjiniherbal.com\/#organization","name":"Gjini Herbal","url":"https:\/\/gjiniherbal.com\/","logo":{"@type":"ImageObject","inLanguage":"sq","@id":"https:\/\/gjiniherbal.com\/#\/schema\/logo\/image\/","url":"https:\/\/gjiniherbal.com\/wp-content\/uploads\/2022\/07\/gjini-herbal-logo.png","contentUrl":"https:\/\/gjiniherbal.com\/wp-content\/uploads\/2022\/07\/gjini-herbal-logo.png","width":652,"height":262,"caption":"Gjini Herbal"},"image":{"@id":"https:\/\/gjiniherbal.com\/#\/schema\/logo\/image\/"},"sameAs":["https:\/\/facebook.com\/gjiniherbal","https:\/\/instagram.com\/gjiniherbal","https:\/\/www.youtube.com\/channel\/UC_tHHueG-qxycnvdro4jHtQ"]}]}},"jetpack-related-posts":[],"jetpack_sharing_enabled":true,"_links":{"self":[{"href":"https:\/\/gjiniherbal.com\/sq\/wp-json\/wp\/v2\/product\/3353","targetHints":{"allow":["GET"]}}],"collection":[{"href":"https:\/\/gjiniherbal.com\/sq\/wp-json\/wp\/v2\/product"}],"about":[{"href":"https:\/\/gjiniherbal.com\/sq\/wp-json\/wp\/v2\/types\/product"}],"wp:featuredmedia":[{"embeddable":true,"href":"https:\/\/gjiniherbal.com\/sq\/wp-json\/wp\/v2\/media\/3354"}],"wp:attachment":[{"href":"https:\/\/gjiniherbal.com\/sq\/wp-json\/wp\/v2\/media?parent=3353"}],"wp:term":[{"taxonomy":"product_brand","embeddable":true,"href":"https:\/\/gjiniherbal.com\/sq\/wp-json\/wp\/v2\/product_brand?post=3353"},{"taxonomy":"product_cat","embeddable":true,"href":"https:\/\/gjiniherbal.com\/sq\/wp-json\/wp\/v2\/product_cat?post=3353"},{"taxonomy":"product_tag","embeddable":true,"href":"https:\/\/gjiniherbal.com\/sq\/wp-json\/wp\/v2\/product_tag?post=3353"}],"curies":[{"name":"wp","href":"https:\/\/api.w.org\/{rel}","templated":true}]}}