{"id":3280,"date":"2025-06-20T15:58:17","date_gmt":"2025-06-20T13:58:17","guid":{"rendered":"https:\/\/gjiniherbal.com\/?post_type=product&#038;p=3280"},"modified":"2025-06-20T16:04:10","modified_gmt":"2025-06-20T14:04:10","slug":"liver-detox","status":"publish","type":"product","link":"https:\/\/gjiniherbal.com\/sq\/produkt\/trajtime-natyrale\/liver-detox\/","title":{"rendered":"Liver Detox"},"content":{"rendered":"<p>Ke probleme me m\u00ebl\u00e7in\u00eb??<br \/>\n&#8220;Liver Detox&#8221; \u00ebsht\u00eb zgjidhja ideale!<\/p>\n<p>Ky formulim ndihmon n\u00eb funksionimin e sh\u00ebndetsh\u00ebm t\u00eb m\u00ebl\u00e7is\u00eb me p\u00ebrb\u00ebr\u00ebs 100% bimor\u00eb!<\/p>\n<ul>\n<li>detoksifikon m\u00ebl\u00e7in\u00eb<\/li>\n<li>pastron en\u00ebt e gjakut<\/li>\n<li>ul kolesterolin<\/li>\n<li>rregullon qarkullimin e gjakut<\/li>\n<\/ul>\n<p>&nbsp;<\/p>\n<p><strong>P\u00ebrb\u00ebr\u00ebsit<\/strong>: Uthull molle, turmerik, xhinxher, hudh\u00ebr, mjalt\u00eb, limon.<\/p>\n<p><strong>Sasia<\/strong>: 500 ml.<\/p>\n<div class=\"et-box et-shadow\">\n<div class=\"et-box-content\"><strong>M\u00ebnyra e p\u00ebrdorimit<\/strong>: 1\/2 filxhan kafe, es\u00ebll n\u00eb m\u00ebngjes.<\/div>\n<\/div>","protected":false},"excerpt":{"rendered":"<ul>\n<li>detoksifikon m\u00ebl\u00e7in\u00eb<\/li>\n<li>pastron en\u00ebt e gjakut<\/li>\n<li>ul kolesterolin<\/li>\n<li>rregullon qarkullimin e gjakut<\/li>\n<\/ul>","protected":false},"featured_media":3281,"template":"","meta":{"_acf_changed":false,"_et_pb_use_builder":"","_et_pb_old_content":"","_et_gb_content_width":"","_monsterinsights_skip_tracking":false,"_monsterinsights_sitenote_active":false,"_monsterinsights_sitenote_note":"","_monsterinsights_sitenote_category":0,"_joinchat":[]},"product_brand":[],"product_cat":[976],"product_tag":[1104,1105,906],"class_list":{"0":"post-3280","1":"product","2":"type-product","3":"status-publish","4":"has-post-thumbnail","6":"product_cat-trajtime-natyrale","7":"product_tag-detox","8":"product_tag-liver-detox","9":"product_tag-melci","11":"first","12":"instock","13":"shipping-taxable","14":"purchasable","15":"product-type-simple"},"acf":[],"yoast_head":"<!-- This site is optimized with the Yoast SEO plugin v27.4 - https:\/\/yoast.com\/product\/yoast-seo-wordpress\/ -->\n<title>Liver Detox - Gjini Herbal<\/title>\n<meta name=\"description\" content=\"Ky formulim ndihmon n\u00eb funksionimin e sh\u00ebndetsh\u00ebm t\u00eb m\u00ebl\u00e7is\u00eb me p\u00ebrb\u00ebr\u00ebs 100% bimor\u00eb!\" \/>\n<meta name=\"robots\" content=\"index, follow, max-snippet:-1, max-image-preview:large, max-video-preview:-1\" \/>\n<link rel=\"canonical\" href=\"https:\/\/gjiniherbal.com\/sq\/produkt\/trajtime-natyrale\/liver-detox\/\" \/>\n<meta property=\"og:locale\" content=\"sq_AL\" \/>\n<meta property=\"og:type\" content=\"article\" \/>\n<meta property=\"og:title\" content=\"Liver Detox - Gjini Herbal\" \/>\n<meta property=\"og:description\" content=\"Ky formulim ndihmon n\u00eb funksionimin e sh\u00ebndetsh\u00ebm t\u00eb m\u00ebl\u00e7is\u00eb me p\u00ebrb\u00ebr\u00ebs 100% bimor\u00eb!\" \/>\n<meta property=\"og:url\" content=\"https:\/\/gjiniherbal.com\/sq\/produkt\/trajtime-natyrale\/liver-detox\/\" \/>\n<meta property=\"og:site_name\" content=\"Gjini Herbal\" \/>\n<meta property=\"article:publisher\" content=\"https:\/\/facebook.com\/gjiniherbal\" \/>\n<meta property=\"article:modified_time\" content=\"2025-06-20T14:04:10+00:00\" \/>\n<meta property=\"og:image\" content=\"https:\/\/gjiniherbal.com\/wp-content\/uploads\/2025\/06\/liver-detox-web_page-0001.jpg\" \/>\n\t<meta property=\"og:image:width\" content=\"1875\" \/>\n\t<meta property=\"og:image:height\" content=\"1875\" \/>\n\t<meta property=\"og:image:type\" content=\"image\/jpeg\" \/>\n<meta name=\"twitter:card\" content=\"summary_large_image\" \/>\n<meta name=\"twitter:label1\" content=\"Est. reading time\" \/>\n\t<meta name=\"twitter:data1\" content=\"1 minut\u00eb\" \/>\n<script type=\"application\/ld+json\" class=\"yoast-schema-graph\">{\"@context\":\"https:\\\/\\\/schema.org\",\"@graph\":[{\"@type\":\"WebPage\",\"@id\":\"https:\\\/\\\/gjiniherbal.com\\\/produkt\\\/trajtime-natyrale\\\/liver-detox\\\/\",\"url\":\"https:\\\/\\\/gjiniherbal.com\\\/produkt\\\/trajtime-natyrale\\\/liver-detox\\\/\",\"name\":\"Liver Detox - Gjini Herbal\",\"isPartOf\":{\"@id\":\"https:\\\/\\\/gjiniherbal.com\\\/#website\"},\"primaryImageOfPage\":{\"@id\":\"https:\\\/\\\/gjiniherbal.com\\\/produkt\\\/trajtime-natyrale\\\/liver-detox\\\/#primaryimage\"},\"image\":{\"@id\":\"https:\\\/\\\/gjiniherbal.com\\\/produkt\\\/trajtime-natyrale\\\/liver-detox\\\/#primaryimage\"},\"thumbnailUrl\":\"https:\\\/\\\/gjiniherbal.com\\\/wp-content\\\/uploads\\\/2025\\\/06\\\/liver-detox-web_page-0001.jpg\",\"datePublished\":\"2025-06-20T13:58:17+00:00\",\"dateModified\":\"2025-06-20T14:04:10+00:00\",\"description\":\"Ky formulim ndihmon n\u00eb funksionimin e sh\u00ebndetsh\u00ebm t\u00eb m\u00ebl\u00e7is\u00eb me p\u00ebrb\u00ebr\u00ebs 100% bimor\u00eb!\",\"breadcrumb\":{\"@id\":\"https:\\\/\\\/gjiniherbal.com\\\/produkt\\\/trajtime-natyrale\\\/liver-detox\\\/#breadcrumb\"},\"inLanguage\":\"sq\",\"potentialAction\":[{\"@type\":\"ReadAction\",\"target\":[\"https:\\\/\\\/gjiniherbal.com\\\/produkt\\\/trajtime-natyrale\\\/liver-detox\\\/\"]}]},{\"@type\":\"ImageObject\",\"inLanguage\":\"sq\",\"@id\":\"https:\\\/\\\/gjiniherbal.com\\\/produkt\\\/trajtime-natyrale\\\/liver-detox\\\/#primaryimage\",\"url\":\"https:\\\/\\\/gjiniherbal.com\\\/wp-content\\\/uploads\\\/2025\\\/06\\\/liver-detox-web_page-0001.jpg\",\"contentUrl\":\"https:\\\/\\\/gjiniherbal.com\\\/wp-content\\\/uploads\\\/2025\\\/06\\\/liver-detox-web_page-0001.jpg\",\"width\":1875,\"height\":1875},{\"@type\":\"BreadcrumbList\",\"@id\":\"https:\\\/\\\/gjiniherbal.com\\\/produkt\\\/trajtime-natyrale\\\/liver-detox\\\/#breadcrumb\",\"itemListElement\":[{\"@type\":\"ListItem\",\"position\":1,\"name\":\"Home\",\"item\":\"https:\\\/\\\/gjiniherbal.com\\\/en_us\\\/\"},{\"@type\":\"ListItem\",\"position\":2,\"name\":\"Shop\",\"item\":\"https:\\\/\\\/gjiniherbal.com\\\/en_us\\\/shop\\\/\"},{\"@type\":\"ListItem\",\"position\":3,\"name\":\"Liver Detox\"}]},{\"@type\":\"WebSite\",\"@id\":\"https:\\\/\\\/gjiniherbal.com\\\/#website\",\"url\":\"https:\\\/\\\/gjiniherbal.com\\\/\",\"name\":\"Gjini Herbal\",\"description\":\"Produkte Natyrale\",\"publisher\":{\"@id\":\"https:\\\/\\\/gjiniherbal.com\\\/#organization\"},\"potentialAction\":[{\"@type\":\"SearchAction\",\"target\":{\"@type\":\"EntryPoint\",\"urlTemplate\":\"https:\\\/\\\/gjiniherbal.com\\\/?s={search_term_string}\"},\"query-input\":{\"@type\":\"PropertyValueSpecification\",\"valueRequired\":true,\"valueName\":\"search_term_string\"}}],\"inLanguage\":\"sq\"},{\"@type\":\"Organization\",\"@id\":\"https:\\\/\\\/gjiniherbal.com\\\/#organization\",\"name\":\"Gjini Herbal\",\"url\":\"https:\\\/\\\/gjiniherbal.com\\\/\",\"logo\":{\"@type\":\"ImageObject\",\"inLanguage\":\"sq\",\"@id\":\"https:\\\/\\\/gjiniherbal.com\\\/#\\\/schema\\\/logo\\\/image\\\/\",\"url\":\"https:\\\/\\\/gjiniherbal.com\\\/wp-content\\\/uploads\\\/2022\\\/07\\\/gjini-herbal-logo.png\",\"contentUrl\":\"https:\\\/\\\/gjiniherbal.com\\\/wp-content\\\/uploads\\\/2022\\\/07\\\/gjini-herbal-logo.png\",\"width\":652,\"height\":262,\"caption\":\"Gjini Herbal\"},\"image\":{\"@id\":\"https:\\\/\\\/gjiniherbal.com\\\/#\\\/schema\\\/logo\\\/image\\\/\"},\"sameAs\":[\"https:\\\/\\\/facebook.com\\\/gjiniherbal\",\"https:\\\/\\\/instagram.com\\\/gjiniherbal\",\"https:\\\/\\\/www.youtube.com\\\/channel\\\/UC_tHHueG-qxycnvdro4jHtQ\"]}]}<\/script>\n<!-- \/ Yoast SEO plugin. -->","yoast_head_json":{"title":"Liver Detox - Gjini Herbal","description":"Ky formulim ndihmon n\u00eb funksionimin e sh\u00ebndetsh\u00ebm t\u00eb m\u00ebl\u00e7is\u00eb me p\u00ebrb\u00ebr\u00ebs 100% bimor\u00eb!","robots":{"index":"index","follow":"follow","max-snippet":"max-snippet:-1","max-image-preview":"max-image-preview:large","max-video-preview":"max-video-preview:-1"},"canonical":"https:\/\/gjiniherbal.com\/sq\/produkt\/trajtime-natyrale\/liver-detox\/","og_locale":"sq_AL","og_type":"article","og_title":"Liver Detox - Gjini Herbal","og_description":"Ky formulim ndihmon n\u00eb funksionimin e sh\u00ebndetsh\u00ebm t\u00eb m\u00ebl\u00e7is\u00eb me p\u00ebrb\u00ebr\u00ebs 100% bimor\u00eb!","og_url":"https:\/\/gjiniherbal.com\/sq\/produkt\/trajtime-natyrale\/liver-detox\/","og_site_name":"Gjini Herbal","article_publisher":"https:\/\/facebook.com\/gjiniherbal","article_modified_time":"2025-06-20T14:04:10+00:00","og_image":[{"width":1875,"height":1875,"url":"https:\/\/gjiniherbal.com\/wp-content\/uploads\/2025\/06\/liver-detox-web_page-0001.jpg","type":"image\/jpeg"}],"twitter_card":"summary_large_image","twitter_misc":{"Est. reading time":"1 minut\u00eb"},"schema":{"@context":"https:\/\/schema.org","@graph":[{"@type":"WebPage","@id":"https:\/\/gjiniherbal.com\/produkt\/trajtime-natyrale\/liver-detox\/","url":"https:\/\/gjiniherbal.com\/produkt\/trajtime-natyrale\/liver-detox\/","name":"Liver Detox - Gjini Herbal","isPartOf":{"@id":"https:\/\/gjiniherbal.com\/#website"},"primaryImageOfPage":{"@id":"https:\/\/gjiniherbal.com\/produkt\/trajtime-natyrale\/liver-detox\/#primaryimage"},"image":{"@id":"https:\/\/gjiniherbal.com\/produkt\/trajtime-natyrale\/liver-detox\/#primaryimage"},"thumbnailUrl":"https:\/\/gjiniherbal.com\/wp-content\/uploads\/2025\/06\/liver-detox-web_page-0001.jpg","datePublished":"2025-06-20T13:58:17+00:00","dateModified":"2025-06-20T14:04:10+00:00","description":"Ky formulim ndihmon n\u00eb funksionimin e sh\u00ebndetsh\u00ebm t\u00eb m\u00ebl\u00e7is\u00eb me p\u00ebrb\u00ebr\u00ebs 100% bimor\u00eb!","breadcrumb":{"@id":"https:\/\/gjiniherbal.com\/produkt\/trajtime-natyrale\/liver-detox\/#breadcrumb"},"inLanguage":"sq","potentialAction":[{"@type":"ReadAction","target":["https:\/\/gjiniherbal.com\/produkt\/trajtime-natyrale\/liver-detox\/"]}]},{"@type":"ImageObject","inLanguage":"sq","@id":"https:\/\/gjiniherbal.com\/produkt\/trajtime-natyrale\/liver-detox\/#primaryimage","url":"https:\/\/gjiniherbal.com\/wp-content\/uploads\/2025\/06\/liver-detox-web_page-0001.jpg","contentUrl":"https:\/\/gjiniherbal.com\/wp-content\/uploads\/2025\/06\/liver-detox-web_page-0001.jpg","width":1875,"height":1875},{"@type":"BreadcrumbList","@id":"https:\/\/gjiniherbal.com\/produkt\/trajtime-natyrale\/liver-detox\/#breadcrumb","itemListElement":[{"@type":"ListItem","position":1,"name":"Home","item":"https:\/\/gjiniherbal.com\/en_us\/"},{"@type":"ListItem","position":2,"name":"Shop","item":"https:\/\/gjiniherbal.com\/en_us\/shop\/"},{"@type":"ListItem","position":3,"name":"Liver Detox"}]},{"@type":"WebSite","@id":"https:\/\/gjiniherbal.com\/#website","url":"https:\/\/gjiniherbal.com\/","name":"Gjini Herbal","description":"Produkte Natyrale","publisher":{"@id":"https:\/\/gjiniherbal.com\/#organization"},"potentialAction":[{"@type":"SearchAction","target":{"@type":"EntryPoint","urlTemplate":"https:\/\/gjiniherbal.com\/?s={search_term_string}"},"query-input":{"@type":"PropertyValueSpecification","valueRequired":true,"valueName":"search_term_string"}}],"inLanguage":"sq"},{"@type":"Organization","@id":"https:\/\/gjiniherbal.com\/#organization","name":"Gjini Herbal","url":"https:\/\/gjiniherbal.com\/","logo":{"@type":"ImageObject","inLanguage":"sq","@id":"https:\/\/gjiniherbal.com\/#\/schema\/logo\/image\/","url":"https:\/\/gjiniherbal.com\/wp-content\/uploads\/2022\/07\/gjini-herbal-logo.png","contentUrl":"https:\/\/gjiniherbal.com\/wp-content\/uploads\/2022\/07\/gjini-herbal-logo.png","width":652,"height":262,"caption":"Gjini Herbal"},"image":{"@id":"https:\/\/gjiniherbal.com\/#\/schema\/logo\/image\/"},"sameAs":["https:\/\/facebook.com\/gjiniherbal","https:\/\/instagram.com\/gjiniherbal","https:\/\/www.youtube.com\/channel\/UC_tHHueG-qxycnvdro4jHtQ"]}]}},"jetpack-related-posts":[],"jetpack_sharing_enabled":true,"_links":{"self":[{"href":"https:\/\/gjiniherbal.com\/sq\/wp-json\/wp\/v2\/product\/3280","targetHints":{"allow":["GET"]}}],"collection":[{"href":"https:\/\/gjiniherbal.com\/sq\/wp-json\/wp\/v2\/product"}],"about":[{"href":"https:\/\/gjiniherbal.com\/sq\/wp-json\/wp\/v2\/types\/product"}],"wp:featuredmedia":[{"embeddable":true,"href":"https:\/\/gjiniherbal.com\/sq\/wp-json\/wp\/v2\/media\/3281"}],"wp:attachment":[{"href":"https:\/\/gjiniherbal.com\/sq\/wp-json\/wp\/v2\/media?parent=3280"}],"wp:term":[{"taxonomy":"product_brand","embeddable":true,"href":"https:\/\/gjiniherbal.com\/sq\/wp-json\/wp\/v2\/product_brand?post=3280"},{"taxonomy":"product_cat","embeddable":true,"href":"https:\/\/gjiniherbal.com\/sq\/wp-json\/wp\/v2\/product_cat?post=3280"},{"taxonomy":"product_tag","embeddable":true,"href":"https:\/\/gjiniherbal.com\/sq\/wp-json\/wp\/v2\/product_tag?post=3280"}],"curies":[{"name":"wp","href":"https:\/\/api.w.org\/{rel}","templated":true}]}}