{"id":3272,"date":"2025-06-18T12:13:57","date_gmt":"2025-06-18T10:13:57","guid":{"rendered":"https:\/\/gjiniherbal.com\/?post_type=product&#038;p=3272"},"modified":"2025-06-18T12:13:58","modified_gmt":"2025-06-18T10:13:58","slug":"celenes-blueberry-stick-lip-balm-lip-cheek-4-8gr","status":"publish","type":"product","link":"https:\/\/gjiniherbal.com\/sq\/produkt\/kujdes-i-lekures\/celenes-blueberry-stick-lip-balm-lip-cheek-4-8gr\/","title":{"rendered":"CELENES  Blueberry Stick Lip Balm Lip &#038; Cheek 4.8gr"},"content":{"rendered":"<p>CELENES Blueberry Stick Lip Balm Lip &amp; Cheek 4.8gr &#8211; Hidratoni buz\u00ebt tuaja n\u00eb thell\u00ebsi me acid hialuronik, vajra natyral\u00eb dhe ekstrakt boronice. Formuluar posa\u00e7\u00ebrisht p\u00ebr buz\u00eb t\u00eb sh\u00ebndetshme dhe t\u00eb kuruara mir\u00eb. I p\u00ebrshtatsh\u00ebm p\u00ebr p\u00ebrdorim t\u00eb p\u00ebrditsh\u00ebm. U jep buz\u00ebve nj\u00eb ngjyr\u00eb t\u00eb leht\u00eb burgundy.<\/p>","protected":false},"excerpt":{"rendered":"<p>Hidratoni buz\u00ebt tuaja n\u00eb thell\u00ebsi me acid hialuronik, vajra natyral\u00eb dhe ekstrakt boronice. Formuluar posa\u00e7\u00ebrisht p\u00ebr buz\u00eb t\u00eb sh\u00ebndetshme dhe t\u00eb kuruara mir\u00eb. I p\u00ebrshtatsh\u00ebm p\u00ebr p\u00ebrdorim t\u00eb p\u00ebrditsh\u00ebm. U jep buz\u00ebve nj\u00eb ngjyr\u00eb t\u00eb leht\u00eb burgundy.<\/p>","protected":false},"featured_media":3273,"template":"","meta":{"_acf_changed":false,"_et_pb_use_builder":"","_et_pb_old_content":"","_et_gb_content_width":"","_monsterinsights_skip_tracking":false,"_monsterinsights_sitenote_active":false,"_monsterinsights_sitenote_note":"","_monsterinsights_sitenote_category":0,"_joinchat":[]},"product_brand":[],"product_cat":[480],"product_tag":[1046],"class_list":{"0":"post-3272","1":"product","2":"type-product","3":"status-publish","4":"has-post-thumbnail","6":"product_cat-kujdes-i-lekures","7":"product_tag-lip-balm","9":"first","10":"instock","11":"shipping-taxable","12":"purchasable","13":"product-type-simple"},"acf":[],"jetpack-related-posts":[],"jetpack_sharing_enabled":true,"_links":{"self":[{"href":"https:\/\/gjiniherbal.com\/sq\/wp-json\/wp\/v2\/product\/3272","targetHints":{"allow":["GET"]}}],"collection":[{"href":"https:\/\/gjiniherbal.com\/sq\/wp-json\/wp\/v2\/product"}],"about":[{"href":"https:\/\/gjiniherbal.com\/sq\/wp-json\/wp\/v2\/types\/product"}],"wp:featuredmedia":[{"embeddable":true,"href":"https:\/\/gjiniherbal.com\/sq\/wp-json\/wp\/v2\/media\/3273"}],"wp:attachment":[{"href":"https:\/\/gjiniherbal.com\/sq\/wp-json\/wp\/v2\/media?parent=3272"}],"wp:term":[{"taxonomy":"product_brand","embeddable":true,"href":"https:\/\/gjiniherbal.com\/sq\/wp-json\/wp\/v2\/product_brand?post=3272"},{"taxonomy":"product_cat","embeddable":true,"href":"https:\/\/gjiniherbal.com\/sq\/wp-json\/wp\/v2\/product_cat?post=3272"},{"taxonomy":"product_tag","embeddable":true,"href":"https:\/\/gjiniherbal.com\/sq\/wp-json\/wp\/v2\/product_tag?post=3272"}],"curies":[{"name":"wp","href":"https:\/\/api.w.org\/{rel}","templated":true}]}}