{"id":3261,"date":"2025-06-18T11:37:00","date_gmt":"2025-06-18T09:37:00","guid":{"rendered":"https:\/\/gjiniherbal.com\/?post_type=product&#038;p=3261"},"modified":"2025-06-18T11:37:01","modified_gmt":"2025-06-18T09:37:01","slug":"celenes-herbal-tanning-oil-spf-15-200ml","status":"publish","type":"product","link":"https:\/\/gjiniherbal.com\/sq\/produkt\/kujdes-i-lekures\/celenes-herbal-tanning-oil-spf-15-200ml\/","title":{"rendered":"CELENES  Herbal Tanning Oil Spf 15+ 200ml"},"content":{"rendered":"<p>I projektuar p\u00ebr t\u00eb ndihmuar l\u00ebkur\u00ebn t\u00eb arrij\u00eb nj\u00eb nxirje uniforme shpejt dhe intensivisht, pa skuqje, ky produkt gjithashtu punon p\u00ebr t\u00eb zgjatur koh\u00ebzgjatjen e nxirjes duke i dh\u00ebn\u00eb shk\u00eblqim l\u00ebkur\u00ebs. Formula hidratuese, e pasuruar me kakao, karoten dhe vitamin\u00eb E, ofron kujdes intensiv, duke nxitur nxirjen e sh\u00ebndetshme. Me nj\u00eb ndjesi jo-ngjit\u00ebse dhe nj\u00eb ve\u00e7ori rezistente ndaj ujit, siguron nj\u00eb aplikim t\u00eb rehatsh\u00ebm. Besnik ndaj p\u00ebrkushtimit t\u00eb tij ndaj sh\u00ebndetit t\u00eb l\u00ebkur\u00ebs, produkti p\u00ebrjashton paraben\u00ebt, parfumin dhe alkoolin. P\u00ebrve\u00e7 k\u00ebsaj, ai ofron mbrojtje nga dielli SPF 15, duke shtuar nj\u00eb shtres\u00eb shtes\u00eb mbrojtjeje kund\u00ebr rrezeve t\u00eb d\u00ebmshme UV.<\/p>\n<p>&#8211; Ndihmon l\u00ebkur\u00ebn t\u00eb arrij\u00eb nj\u00eb nxirje homogjene shpejt, intensivisht dhe pa skuqje.<br \/>\n&#8211; Ndihmon n\u00eb zgjatjen e koh\u00ebzgjatjes s\u00eb nxirjes dhe i jep shk\u00eblqim l\u00ebkur\u00ebs.<\/p>\n<p>&#8211; Ofron mbrojtje nga dielli SPF 15.<br \/>\n&#8211; Formula hidratuese q\u00eb p\u00ebrmban kakao, karoten dhe vitamin\u00eb E ofron kujdes intensiv dhe mb\u00ebshtet nxirjen e sh\u00ebndetshme.<\/p>\n<p>Nuk l\u00eb nj\u00eb ndjesi ngjit\u00ebse, rezistente ndaj ujit. Nuk p\u00ebrmban parabene, parfum dhe alkool.<\/p>","protected":false},"excerpt":{"rendered":"<p>I projektuar p\u00ebr t\u00eb ndihmuar l\u00ebkur\u00ebn t\u00eb arrij\u00eb nj\u00eb nxirje uniforme shpejt dhe intensivisht, pa skuqje, ky produkt gjithashtu punon p\u00ebr t\u00eb zgjatur koh\u00ebzgjatjen e nxirjes duke i dh\u00ebn\u00eb shk\u00eblqim l\u00ebkur\u00ebs. Formula hidratuese, e pasuruar me kakao, karoten dhe vitamin\u00eb E, ofron kujdes intensiv, duke nxitur nxirjen e sh\u00ebndetshme. Me nj\u00eb ndjesi jo-ngjit\u00ebse dhe nj\u00eb ve\u00e7ori rezistente ndaj ujit, siguron nj\u00eb aplikim t\u00eb rehatsh\u00ebm. Besnik ndaj p\u00ebrkushtimit t\u00eb tij ndaj sh\u00ebndetit t\u00eb l\u00ebkur\u00ebs, produkti p\u00ebrjashton paraben\u00ebt, parfumin dhe alkoolin. P\u00ebrve\u00e7 k\u00ebsaj, ai ofron mbrojtje nga dielli SPF 15, duke shtuar nj\u00eb shtres\u00eb shtes\u00eb mbrojtjeje kund\u00ebr rrezeve t\u00eb d\u00ebmshme UV.<\/p>","protected":false},"featured_media":3262,"template":"","meta":{"_acf_changed":false,"_et_pb_use_builder":"","_et_pb_old_content":"","_et_gb_content_width":"","_monsterinsights_skip_tracking":false,"_monsterinsights_sitenote_active":false,"_monsterinsights_sitenote_note":"","_monsterinsights_sitenote_category":0,"_joinchat":[]},"product_brand":[],"product_cat":[480],"product_tag":[1101],"class_list":{"0":"post-3261","1":"product","2":"type-product","3":"status-publish","4":"has-post-thumbnail","6":"product_cat-kujdes-i-lekures","7":"product_tag-vaj-nxires","9":"first","10":"instock","11":"shipping-taxable","12":"purchasable","13":"product-type-simple"},"acf":[],"jetpack-related-posts":[],"jetpack_sharing_enabled":true,"_links":{"self":[{"href":"https:\/\/gjiniherbal.com\/sq\/wp-json\/wp\/v2\/product\/3261","targetHints":{"allow":["GET"]}}],"collection":[{"href":"https:\/\/gjiniherbal.com\/sq\/wp-json\/wp\/v2\/product"}],"about":[{"href":"https:\/\/gjiniherbal.com\/sq\/wp-json\/wp\/v2\/types\/product"}],"wp:featuredmedia":[{"embeddable":true,"href":"https:\/\/gjiniherbal.com\/sq\/wp-json\/wp\/v2\/media\/3262"}],"wp:attachment":[{"href":"https:\/\/gjiniherbal.com\/sq\/wp-json\/wp\/v2\/media?parent=3261"}],"wp:term":[{"taxonomy":"product_brand","embeddable":true,"href":"https:\/\/gjiniherbal.com\/sq\/wp-json\/wp\/v2\/product_brand?post=3261"},{"taxonomy":"product_cat","embeddable":true,"href":"https:\/\/gjiniherbal.com\/sq\/wp-json\/wp\/v2\/product_cat?post=3261"},{"taxonomy":"product_tag","embeddable":true,"href":"https:\/\/gjiniherbal.com\/sq\/wp-json\/wp\/v2\/product_tag?post=3261"}],"curies":[{"name":"wp","href":"https:\/\/api.w.org\/{rel}","templated":true}]}}