{"id":3255,"date":"2025-06-18T11:25:06","date_gmt":"2025-06-18T09:25:06","guid":{"rendered":"https:\/\/gjiniherbal.com\/?post_type=product&#038;p=3255"},"modified":"2025-06-18T11:25:06","modified_gmt":"2025-06-18T09:25:06","slug":"bionnex-deomineral-for-normal-skin-75ml","status":"publish","type":"product","link":"https:\/\/gjiniherbal.com\/sq\/produkt\/kujdes-i-lekures\/bionnex-deomineral-for-normal-skin-75ml\/","title":{"rendered":"BIONNEX  DEOMINERAL for NORMAL SKIN  75ml"},"content":{"rendered":"<p>BIONNEX DEOMINERAL for NORMAL SKIN 75ml &#8211; Fal\u00eb mineraleve natyrale, ndihmon n\u00eb parandalimin e er\u00ebs s\u00eb keqe pa bllokuar poret.<\/p>\n<p>Formula Tetra Complex CX19, vaji i far\u00ebs s\u00eb rapsit (brassica campestris),<br \/>\nvaji i far\u00ebs s\u00eb lulediellit (helianthus annuus) dhe<br \/>\nP\u00ebrmban ekstrakt laminaria ochroleuca. Mb\u00ebshtet barrier\u00ebn natyrale mbrojt\u00ebse t\u00eb l\u00ebkur\u00ebs dhe ndihmon n\u00eb riparimin e saj.<br \/>\nVaji natyral i bajames dhe vaji i avokados ushqejn\u00eb l\u00ebkur\u00ebn dhe rrisin forc\u00ebn e saj.<br \/>\nEkstrakti i bim\u00ebs endemike nordike Vaccinium Myritillus ushqen l\u00ebkur\u00ebn dhe mb\u00ebshtet forcimin e barrier\u00ebs s\u00eb l\u00ebkur\u00ebs.<\/p>\n<p>P\u00ebrdorimi: \u00cbsht\u00eb i p\u00ebrshtatsh\u00ebm p\u00ebr p\u00ebrdorim t\u00eb p\u00ebrditsh\u00ebm.<\/p>","protected":false},"excerpt":{"rendered":"<p>Fal\u00eb mineraleve natyrale, ndihmon n\u00eb parandalimin e er\u00ebs s\u00eb keqe pa bllokuar poret.<\/p>","protected":false},"featured_media":3256,"template":"","meta":{"_acf_changed":false,"_et_pb_use_builder":"","_et_pb_old_content":"","_et_gb_content_width":"","_monsterinsights_skip_tracking":false,"_monsterinsights_sitenote_active":false,"_monsterinsights_sitenote_note":"","_monsterinsights_sitenote_category":0,"_joinchat":[]},"product_brand":[],"product_cat":[480],"product_tag":[490],"class_list":{"0":"post-3255","1":"product","2":"type-product","3":"status-publish","4":"has-post-thumbnail","6":"product_cat-kujdes-i-lekures","7":"product_tag-deodorante","9":"first","10":"instock","11":"shipping-taxable","12":"purchasable","13":"product-type-simple"},"acf":[],"jetpack-related-posts":[],"jetpack_sharing_enabled":true,"_links":{"self":[{"href":"https:\/\/gjiniherbal.com\/sq\/wp-json\/wp\/v2\/product\/3255","targetHints":{"allow":["GET"]}}],"collection":[{"href":"https:\/\/gjiniherbal.com\/sq\/wp-json\/wp\/v2\/product"}],"about":[{"href":"https:\/\/gjiniherbal.com\/sq\/wp-json\/wp\/v2\/types\/product"}],"wp:featuredmedia":[{"embeddable":true,"href":"https:\/\/gjiniherbal.com\/sq\/wp-json\/wp\/v2\/media\/3256"}],"wp:attachment":[{"href":"https:\/\/gjiniherbal.com\/sq\/wp-json\/wp\/v2\/media?parent=3255"}],"wp:term":[{"taxonomy":"product_brand","embeddable":true,"href":"https:\/\/gjiniherbal.com\/sq\/wp-json\/wp\/v2\/product_brand?post=3255"},{"taxonomy":"product_cat","embeddable":true,"href":"https:\/\/gjiniherbal.com\/sq\/wp-json\/wp\/v2\/product_cat?post=3255"},{"taxonomy":"product_tag","embeddable":true,"href":"https:\/\/gjiniherbal.com\/sq\/wp-json\/wp\/v2\/product_tag?post=3255"}],"curies":[{"name":"wp","href":"https:\/\/api.w.org\/{rel}","templated":true}]}}