{"id":3253,"date":"2025-06-18T11:21:06","date_gmt":"2025-06-18T09:21:06","guid":{"rendered":"https:\/\/gjiniherbal.com\/?post_type=product&#038;p=3253"},"modified":"2025-06-18T11:21:06","modified_gmt":"2025-06-18T09:21:06","slug":"bionnex-deomineral-for-whitening-2-in-1-75ml","status":"publish","type":"product","link":"https:\/\/gjiniherbal.com\/sq\/produkt\/kujdes-i-lekures\/bionnex-deomineral-for-whitening-2-in-1-75ml\/","title":{"rendered":"BIONNEX  DEOMINERAL for WHITENING 2 in 1  75ml"},"content":{"rendered":"<p>Fal\u00eb mineraleve natyrale, ndihmon n\u00eb parandalimin e er\u00ebs s\u00eb keqe pa bllokuar poret dhe n\u00eb zbardhjen e zon\u00ebs s\u00eb sqetullave me aminoacide natyrale, Arbutin.<\/p>\n<p>Formula Tetra Complex CX19, vaj farash brassica campestris (kolz\u00eb), vaj farash helianthus annuus (luledielli) dhe p\u00ebrmban ekstrakt laminaria ochroleuca. Mb\u00ebshtet barrier\u00ebn natyrale mbrojt\u00ebse t\u00eb l\u00ebkur\u00ebs dhe ndihmon n\u00eb riparimin e saj.<br \/>\nVaji natyral i bajames dhe vaji i avokados ushqejn\u00eb l\u00ebkur\u00ebn dhe rrisin forc\u00ebn e saj.<br \/>\nEkstrakti i bim\u00ebs endemike nordike Vaccinium Myritillus ushqen l\u00ebkur\u00ebn dhe mb\u00ebshtet forcimin e barrier\u00ebs s\u00eb l\u00ebkur\u00ebs.<\/p>\n<p>P\u00ebrdorimi: \u00cbsht\u00eb i p\u00ebrshtatsh\u00ebm p\u00ebr p\u00ebrdorim t\u00eb p\u00ebrditsh\u00ebm.<\/p>","protected":false},"excerpt":{"rendered":"<p>Fal\u00eb mineraleve natyrale, ndihmon n\u00eb parandalimin e er\u00ebs s\u00eb keqe pa bllokuar poret dhe n\u00eb zbardhjen e zon\u00ebs s\u00eb sqetullave me aminoacide natyrale, Arbutin.<\/p>","protected":false},"featured_media":3254,"template":"","meta":{"_acf_changed":false,"_et_pb_use_builder":"","_et_pb_old_content":"","_et_gb_content_width":"","_monsterinsights_skip_tracking":false,"_monsterinsights_sitenote_active":false,"_monsterinsights_sitenote_note":"","_monsterinsights_sitenote_category":0,"_joinchat":[]},"product_brand":[],"product_cat":[480],"product_tag":[490],"class_list":{"0":"post-3253","1":"product","2":"type-product","3":"status-publish","4":"has-post-thumbnail","6":"product_cat-kujdes-i-lekures","7":"product_tag-deodorante","9":"first","10":"instock","11":"shipping-taxable","12":"purchasable","13":"product-type-simple"},"acf":[],"yoast_head":"<!-- This site is optimized with the Yoast SEO plugin v27.4 - https:\/\/yoast.com\/product\/yoast-seo-wordpress\/ -->\n<title>BIONNEX DEOMINERAL for WHITENING 2 in 1 75ml - Gjini Herbal<\/title>\n<meta name=\"description\" content=\"Fal\u00eb mineraleve natyrale, deomineral ndihmon n\u00eb parandalimin e er\u00ebs s\u00eb keqe pa bllokuar poret dhe n\u00eb zbardhjen e zon\u00ebs s\u00eb sqetullave me aminoacide natyrale, Arbutin.\" \/>\n<meta name=\"robots\" content=\"index, follow, max-snippet:-1, max-image-preview:large, max-video-preview:-1\" \/>\n<link rel=\"canonical\" href=\"https:\/\/gjiniherbal.com\/sq\/produkt\/kujdes-i-lekures\/bionnex-deomineral-for-whitening-2-in-1-75ml\/\" \/>\n<meta property=\"og:locale\" content=\"sq_AL\" \/>\n<meta property=\"og:type\" content=\"article\" \/>\n<meta property=\"og:title\" content=\"BIONNEX DEOMINERAL for WHITENING 2 in 1 75ml - Gjini Herbal\" \/>\n<meta property=\"og:description\" content=\"Fal\u00eb mineraleve natyrale, deomineral ndihmon n\u00eb parandalimin e er\u00ebs s\u00eb keqe pa bllokuar poret dhe n\u00eb zbardhjen e zon\u00ebs s\u00eb sqetullave me aminoacide natyrale, Arbutin.\" \/>\n<meta property=\"og:url\" content=\"https:\/\/gjiniherbal.com\/sq\/produkt\/kujdes-i-lekures\/bionnex-deomineral-for-whitening-2-in-1-75ml\/\" \/>\n<meta property=\"og:site_name\" content=\"Gjini Herbal\" \/>\n<meta property=\"article:publisher\" content=\"https:\/\/facebook.com\/gjiniherbal\" \/>\n<meta property=\"og:image\" content=\"https:\/\/gjiniherbal.com\/wp-content\/uploads\/2025\/06\/7_264a6b49-3670-4219-86f8-62232ed08ced_400x.webp\" \/>\n\t<meta property=\"og:image:width\" content=\"400\" \/>\n\t<meta property=\"og:image:height\" content=\"429\" \/>\n\t<meta property=\"og:image:type\" content=\"image\/webp\" \/>\n<meta name=\"twitter:card\" content=\"summary_large_image\" \/>\n<meta name=\"twitter:label1\" content=\"Est. reading time\" \/>\n\t<meta name=\"twitter:data1\" content=\"1 minut\u00eb\" \/>\n<script type=\"application\/ld+json\" class=\"yoast-schema-graph\">{\"@context\":\"https:\\\/\\\/schema.org\",\"@graph\":[{\"@type\":\"WebPage\",\"@id\":\"https:\\\/\\\/gjiniherbal.com\\\/produkt\\\/kujdes-i-lekures\\\/bionnex-deomineral-for-whitening-2-in-1-75ml\\\/\",\"url\":\"https:\\\/\\\/gjiniherbal.com\\\/produkt\\\/kujdes-i-lekures\\\/bionnex-deomineral-for-whitening-2-in-1-75ml\\\/\",\"name\":\"BIONNEX DEOMINERAL for WHITENING 2 in 1 75ml - Gjini Herbal\",\"isPartOf\":{\"@id\":\"https:\\\/\\\/gjiniherbal.com\\\/#website\"},\"primaryImageOfPage\":{\"@id\":\"https:\\\/\\\/gjiniherbal.com\\\/produkt\\\/kujdes-i-lekures\\\/bionnex-deomineral-for-whitening-2-in-1-75ml\\\/#primaryimage\"},\"image\":{\"@id\":\"https:\\\/\\\/gjiniherbal.com\\\/produkt\\\/kujdes-i-lekures\\\/bionnex-deomineral-for-whitening-2-in-1-75ml\\\/#primaryimage\"},\"thumbnailUrl\":\"https:\\\/\\\/gjiniherbal.com\\\/wp-content\\\/uploads\\\/2025\\\/06\\\/7_264a6b49-3670-4219-86f8-62232ed08ced_400x.webp\",\"datePublished\":\"2025-06-18T09:21:06+00:00\",\"description\":\"Fal\u00eb mineraleve natyrale, deomineral ndihmon n\u00eb parandalimin e er\u00ebs s\u00eb keqe pa bllokuar poret dhe n\u00eb zbardhjen e zon\u00ebs s\u00eb sqetullave me aminoacide natyrale, Arbutin.\",\"breadcrumb\":{\"@id\":\"https:\\\/\\\/gjiniherbal.com\\\/produkt\\\/kujdes-i-lekures\\\/bionnex-deomineral-for-whitening-2-in-1-75ml\\\/#breadcrumb\"},\"inLanguage\":\"sq\",\"potentialAction\":[{\"@type\":\"ReadAction\",\"target\":[\"https:\\\/\\\/gjiniherbal.com\\\/produkt\\\/kujdes-i-lekures\\\/bionnex-deomineral-for-whitening-2-in-1-75ml\\\/\"]}]},{\"@type\":\"ImageObject\",\"inLanguage\":\"sq\",\"@id\":\"https:\\\/\\\/gjiniherbal.com\\\/produkt\\\/kujdes-i-lekures\\\/bionnex-deomineral-for-whitening-2-in-1-75ml\\\/#primaryimage\",\"url\":\"https:\\\/\\\/gjiniherbal.com\\\/wp-content\\\/uploads\\\/2025\\\/06\\\/7_264a6b49-3670-4219-86f8-62232ed08ced_400x.webp\",\"contentUrl\":\"https:\\\/\\\/gjiniherbal.com\\\/wp-content\\\/uploads\\\/2025\\\/06\\\/7_264a6b49-3670-4219-86f8-62232ed08ced_400x.webp\",\"width\":400,\"height\":429},{\"@type\":\"BreadcrumbList\",\"@id\":\"https:\\\/\\\/gjiniherbal.com\\\/produkt\\\/kujdes-i-lekures\\\/bionnex-deomineral-for-whitening-2-in-1-75ml\\\/#breadcrumb\",\"itemListElement\":[{\"@type\":\"ListItem\",\"position\":1,\"name\":\"Home\",\"item\":\"https:\\\/\\\/gjiniherbal.com\\\/en_us\\\/\"},{\"@type\":\"ListItem\",\"position\":2,\"name\":\"Shop\",\"item\":\"https:\\\/\\\/gjiniherbal.com\\\/en_us\\\/shop\\\/\"},{\"@type\":\"ListItem\",\"position\":3,\"name\":\"BIONNEX DEOMINERAL for WHITENING 2 in 1 75ml\"}]},{\"@type\":\"WebSite\",\"@id\":\"https:\\\/\\\/gjiniherbal.com\\\/#website\",\"url\":\"https:\\\/\\\/gjiniherbal.com\\\/\",\"name\":\"Gjini Herbal\",\"description\":\"Produkte Natyrale\",\"publisher\":{\"@id\":\"https:\\\/\\\/gjiniherbal.com\\\/#organization\"},\"potentialAction\":[{\"@type\":\"SearchAction\",\"target\":{\"@type\":\"EntryPoint\",\"urlTemplate\":\"https:\\\/\\\/gjiniherbal.com\\\/?s={search_term_string}\"},\"query-input\":{\"@type\":\"PropertyValueSpecification\",\"valueRequired\":true,\"valueName\":\"search_term_string\"}}],\"inLanguage\":\"sq\"},{\"@type\":\"Organization\",\"@id\":\"https:\\\/\\\/gjiniherbal.com\\\/#organization\",\"name\":\"Gjini Herbal\",\"url\":\"https:\\\/\\\/gjiniherbal.com\\\/\",\"logo\":{\"@type\":\"ImageObject\",\"inLanguage\":\"sq\",\"@id\":\"https:\\\/\\\/gjiniherbal.com\\\/#\\\/schema\\\/logo\\\/image\\\/\",\"url\":\"https:\\\/\\\/gjiniherbal.com\\\/wp-content\\\/uploads\\\/2022\\\/07\\\/gjini-herbal-logo.png\",\"contentUrl\":\"https:\\\/\\\/gjiniherbal.com\\\/wp-content\\\/uploads\\\/2022\\\/07\\\/gjini-herbal-logo.png\",\"width\":652,\"height\":262,\"caption\":\"Gjini Herbal\"},\"image\":{\"@id\":\"https:\\\/\\\/gjiniherbal.com\\\/#\\\/schema\\\/logo\\\/image\\\/\"},\"sameAs\":[\"https:\\\/\\\/facebook.com\\\/gjiniherbal\",\"https:\\\/\\\/instagram.com\\\/gjiniherbal\",\"https:\\\/\\\/www.youtube.com\\\/channel\\\/UC_tHHueG-qxycnvdro4jHtQ\"]}]}<\/script>\n<!-- \/ Yoast SEO plugin. -->","yoast_head_json":{"title":"BIONNEX DEOMINERAL for WHITENING 2 in 1 75ml - Gjini Herbal","description":"Fal\u00eb mineraleve natyrale, deomineral ndihmon n\u00eb parandalimin e er\u00ebs s\u00eb keqe pa bllokuar poret dhe n\u00eb zbardhjen e zon\u00ebs s\u00eb sqetullave me aminoacide natyrale, Arbutin.","robots":{"index":"index","follow":"follow","max-snippet":"max-snippet:-1","max-image-preview":"max-image-preview:large","max-video-preview":"max-video-preview:-1"},"canonical":"https:\/\/gjiniherbal.com\/sq\/produkt\/kujdes-i-lekures\/bionnex-deomineral-for-whitening-2-in-1-75ml\/","og_locale":"sq_AL","og_type":"article","og_title":"BIONNEX DEOMINERAL for WHITENING 2 in 1 75ml - Gjini Herbal","og_description":"Fal\u00eb mineraleve natyrale, deomineral ndihmon n\u00eb parandalimin e er\u00ebs s\u00eb keqe pa bllokuar poret dhe n\u00eb zbardhjen e zon\u00ebs s\u00eb sqetullave me aminoacide natyrale, Arbutin.","og_url":"https:\/\/gjiniherbal.com\/sq\/produkt\/kujdes-i-lekures\/bionnex-deomineral-for-whitening-2-in-1-75ml\/","og_site_name":"Gjini Herbal","article_publisher":"https:\/\/facebook.com\/gjiniherbal","og_image":[{"width":400,"height":429,"url":"https:\/\/gjiniherbal.com\/wp-content\/uploads\/2025\/06\/7_264a6b49-3670-4219-86f8-62232ed08ced_400x.webp","type":"image\/webp"}],"twitter_card":"summary_large_image","twitter_misc":{"Est. reading time":"1 minut\u00eb"},"schema":{"@context":"https:\/\/schema.org","@graph":[{"@type":"WebPage","@id":"https:\/\/gjiniherbal.com\/produkt\/kujdes-i-lekures\/bionnex-deomineral-for-whitening-2-in-1-75ml\/","url":"https:\/\/gjiniherbal.com\/produkt\/kujdes-i-lekures\/bionnex-deomineral-for-whitening-2-in-1-75ml\/","name":"BIONNEX DEOMINERAL for WHITENING 2 in 1 75ml - Gjini Herbal","isPartOf":{"@id":"https:\/\/gjiniherbal.com\/#website"},"primaryImageOfPage":{"@id":"https:\/\/gjiniherbal.com\/produkt\/kujdes-i-lekures\/bionnex-deomineral-for-whitening-2-in-1-75ml\/#primaryimage"},"image":{"@id":"https:\/\/gjiniherbal.com\/produkt\/kujdes-i-lekures\/bionnex-deomineral-for-whitening-2-in-1-75ml\/#primaryimage"},"thumbnailUrl":"https:\/\/gjiniherbal.com\/wp-content\/uploads\/2025\/06\/7_264a6b49-3670-4219-86f8-62232ed08ced_400x.webp","datePublished":"2025-06-18T09:21:06+00:00","description":"Fal\u00eb mineraleve natyrale, deomineral ndihmon n\u00eb parandalimin e er\u00ebs s\u00eb keqe pa bllokuar poret dhe n\u00eb zbardhjen e zon\u00ebs s\u00eb sqetullave me aminoacide natyrale, Arbutin.","breadcrumb":{"@id":"https:\/\/gjiniherbal.com\/produkt\/kujdes-i-lekures\/bionnex-deomineral-for-whitening-2-in-1-75ml\/#breadcrumb"},"inLanguage":"sq","potentialAction":[{"@type":"ReadAction","target":["https:\/\/gjiniherbal.com\/produkt\/kujdes-i-lekures\/bionnex-deomineral-for-whitening-2-in-1-75ml\/"]}]},{"@type":"ImageObject","inLanguage":"sq","@id":"https:\/\/gjiniherbal.com\/produkt\/kujdes-i-lekures\/bionnex-deomineral-for-whitening-2-in-1-75ml\/#primaryimage","url":"https:\/\/gjiniherbal.com\/wp-content\/uploads\/2025\/06\/7_264a6b49-3670-4219-86f8-62232ed08ced_400x.webp","contentUrl":"https:\/\/gjiniherbal.com\/wp-content\/uploads\/2025\/06\/7_264a6b49-3670-4219-86f8-62232ed08ced_400x.webp","width":400,"height":429},{"@type":"BreadcrumbList","@id":"https:\/\/gjiniherbal.com\/produkt\/kujdes-i-lekures\/bionnex-deomineral-for-whitening-2-in-1-75ml\/#breadcrumb","itemListElement":[{"@type":"ListItem","position":1,"name":"Home","item":"https:\/\/gjiniherbal.com\/en_us\/"},{"@type":"ListItem","position":2,"name":"Shop","item":"https:\/\/gjiniherbal.com\/en_us\/shop\/"},{"@type":"ListItem","position":3,"name":"BIONNEX DEOMINERAL for WHITENING 2 in 1 75ml"}]},{"@type":"WebSite","@id":"https:\/\/gjiniherbal.com\/#website","url":"https:\/\/gjiniherbal.com\/","name":"Gjini Herbal","description":"Produkte Natyrale","publisher":{"@id":"https:\/\/gjiniherbal.com\/#organization"},"potentialAction":[{"@type":"SearchAction","target":{"@type":"EntryPoint","urlTemplate":"https:\/\/gjiniherbal.com\/?s={search_term_string}"},"query-input":{"@type":"PropertyValueSpecification","valueRequired":true,"valueName":"search_term_string"}}],"inLanguage":"sq"},{"@type":"Organization","@id":"https:\/\/gjiniherbal.com\/#organization","name":"Gjini Herbal","url":"https:\/\/gjiniherbal.com\/","logo":{"@type":"ImageObject","inLanguage":"sq","@id":"https:\/\/gjiniherbal.com\/#\/schema\/logo\/image\/","url":"https:\/\/gjiniherbal.com\/wp-content\/uploads\/2022\/07\/gjini-herbal-logo.png","contentUrl":"https:\/\/gjiniherbal.com\/wp-content\/uploads\/2022\/07\/gjini-herbal-logo.png","width":652,"height":262,"caption":"Gjini Herbal"},"image":{"@id":"https:\/\/gjiniherbal.com\/#\/schema\/logo\/image\/"},"sameAs":["https:\/\/facebook.com\/gjiniherbal","https:\/\/instagram.com\/gjiniherbal","https:\/\/www.youtube.com\/channel\/UC_tHHueG-qxycnvdro4jHtQ"]}]}},"jetpack-related-posts":[],"jetpack_sharing_enabled":true,"_links":{"self":[{"href":"https:\/\/gjiniherbal.com\/sq\/wp-json\/wp\/v2\/product\/3253","targetHints":{"allow":["GET"]}}],"collection":[{"href":"https:\/\/gjiniherbal.com\/sq\/wp-json\/wp\/v2\/product"}],"about":[{"href":"https:\/\/gjiniherbal.com\/sq\/wp-json\/wp\/v2\/types\/product"}],"wp:featuredmedia":[{"embeddable":true,"href":"https:\/\/gjiniherbal.com\/sq\/wp-json\/wp\/v2\/media\/3254"}],"wp:attachment":[{"href":"https:\/\/gjiniherbal.com\/sq\/wp-json\/wp\/v2\/media?parent=3253"}],"wp:term":[{"taxonomy":"product_brand","embeddable":true,"href":"https:\/\/gjiniherbal.com\/sq\/wp-json\/wp\/v2\/product_brand?post=3253"},{"taxonomy":"product_cat","embeddable":true,"href":"https:\/\/gjiniherbal.com\/sq\/wp-json\/wp\/v2\/product_cat?post=3253"},{"taxonomy":"product_tag","embeddable":true,"href":"https:\/\/gjiniherbal.com\/sq\/wp-json\/wp\/v2\/product_tag?post=3253"}],"curies":[{"name":"wp","href":"https:\/\/api.w.org\/{rel}","templated":true}]}}