{"id":3212,"date":"2025-02-11T14:15:56","date_gmt":"2025-02-11T13:15:56","guid":{"rendered":"https:\/\/gjiniherbal.com\/?post_type=product&#038;p=3212"},"modified":"2025-05-01T13:04:54","modified_gmt":"2025-05-01T11:04:54","slug":"vaj-lares-nordic","status":"publish","type":"product","link":"https:\/\/gjiniherbal.com\/sq\/produkt\/kujdes-i-lekures\/vaj-lares-nordic\/","title":{"rendered":"CELENES Vaj lar\u00ebs Nordic 250 ml"},"content":{"rendered":"<p>P\u00ebrjetoni pastrimin freskues t\u00eb vajit pastrues t\u00eb fytyr\u00ebs Celenes Nordic Oil, i formuluar posa\u00e7\u00ebrisht p\u00ebr t\u00eb gjitha llojet e l\u00ebkur\u00ebs.<\/p>\n<p>I pasur me vajra natyral\u00eb duke p\u00ebrfshir\u00eb tr\u00ebndafilin, bergamotin dhe portokallin e \u00ebmb\u00ebl, ky vaj pastrues heq n\u00eb m\u00ebnyr\u00eb efektive grimin dhe papast\u00ebrtit\u00eb pa kompromentuar penges\u00ebn e l\u00ebkur\u00ebs tuaj.<\/p>\n<p>Kjo formul\u00eb ushqyese shp\u00ebrndan pa mundim edhe grimin e pap\u00ebrshkuesh\u00ebm nga uji, duke e l\u00ebn\u00eb l\u00ebkur\u00ebn tuaj t\u00eb past\u00ebr dhe t\u00eb fresk\u00ebt pa mbetje vaji. Ideale p\u00ebr k\u00ebdo q\u00eb k\u00ebrkon nj\u00eb zgjidhje pastrimi t\u00eb but\u00eb por efektive.<\/p>\n<p>P\u00ebrdorimi:<\/p>\n<ul>\n<li>N\u00eb var\u00ebsi t\u00eb intensitetit t\u00eb grimit, aplikoni nj\u00eb ose dy pompa vaji pastrues n\u00eb duart e thata.<\/li>\n<li>Masazhojeni but\u00ebsisht me l\u00ebvizje rrethore n\u00eb nj\u00eb fytyr\u00eb dhe qaf\u00eb t\u00eb lagur.<\/li>\n<li>Pas pastrimit, shp\u00eblajeni t\u00ebr\u00ebsisht me uj\u00eb.<\/li>\n<li>Vazhdoni me Serumin Nordic Oil Elixir p\u00ebr hidratim optimal.<\/li>\n<\/ul>\n<p>Zbuloni nj\u00eb \u00e7ehre rrezatuese me Celenes, zgjidhja juaj e preferuar p\u00ebr nj\u00eb pastrim t\u00eb thell\u00eb por t\u00eb but\u00eb&#8230;<\/p>","protected":false},"excerpt":{"rendered":"<p>P\u00ebrjetoni pastrimin freskues t\u00eb vajit pastrues t\u00eb fytyr\u00ebs Celenes Nordic Oil, i formuluar posa\u00e7\u00ebrisht p\u00ebr t\u00eb gjitha llojet e l\u00ebkur\u00ebs. I pasur me vajra natyral\u00eb duke p\u00ebrfshir\u00eb tr\u00ebndafilin, bergamotin dhe portokallin e \u00ebmb\u00ebl, ky vaj pastrues heq n\u00eb m\u00ebnyr\u00eb efektive grimin dhe papast\u00ebrtit\u00eb pa kompromentuar penges\u00ebn e l\u00ebkur\u00ebs tuaj. Kjo formul\u00eb ushqyese shp\u00ebrndan pa mundim [&hellip;]<\/p>\n","protected":false},"featured_media":3242,"template":"","meta":{"_acf_changed":false,"_et_pb_use_builder":"","_et_pb_old_content":"","_et_gb_content_width":"","_monsterinsights_skip_tracking":false,"_monsterinsights_sitenote_active":false,"_monsterinsights_sitenote_note":"","_monsterinsights_sitenote_category":0,"_joinchat":[]},"product_brand":[],"product_cat":[831,480],"product_tag":[845,1091,1090],"class_list":{"0":"post-3212","1":"product","2":"type-product","3":"status-publish","4":"has-post-thumbnail","6":"product_cat-kujdesi-fytyres","7":"product_cat-kujdes-i-lekures","8":"product_tag-fytyra","9":"product_tag-lares","10":"product_tag-vaj-lares","12":"first","13":"instock","14":"shipping-taxable","15":"purchasable","16":"product-type-simple"},"acf":[],"yoast_head":"<!-- This site is optimized with the Yoast SEO plugin v27.4 - https:\/\/yoast.com\/product\/yoast-seo-wordpress\/ -->\n<title>CELENES Vaj lar\u00ebs Nordic 250 ml - Gjini Herbal<\/title>\n<meta name=\"description\" content=\"P\u00ebrjetoni pastrimin freskues t\u00eb vajit pastrues t\u00eb fytyr\u00ebs Celenes Nordic Oil, i formuluar posa\u00e7\u00ebrisht p\u00ebr t\u00eb gjitha llojet e l\u00ebkur\u00ebs.I pasur me vajra natyral\u00eb duke p\u00ebrfshir\u00eb tr\u00ebndafilin, bergamotin dhe portokallin e \u00ebmb\u00ebl, ky vaj pastrues heq n\u00eb m\u00ebnyr\u00eb efektive grimin dhe papast\u00ebrtit\u00eb pa kompromentuar penges\u00ebn e l\u00ebkur\u00ebs tuaj.Kjo formul\u00eb ushqyese shp\u00ebrndan pa mundim edhe grimin e pap\u00ebrshkuesh\u00ebm nga uji, duke e l\u00ebn\u00eb l\u00ebkur\u00ebn tuaj t\u00eb past\u00ebr dhe t\u00eb fresk\u00ebt pa mbetje vaji. Ideale p\u00ebr k\u00ebdo q\u00eb k\u00ebrkon nj\u00eb zgjidhje pastrimi t\u00eb but\u00eb por efektive.\" \/>\n<meta name=\"robots\" content=\"index, follow, max-snippet:-1, max-image-preview:large, max-video-preview:-1\" \/>\n<link rel=\"canonical\" href=\"https:\/\/gjiniherbal.com\/sq\/produkt\/kujdes-i-lekures\/vaj-lares-nordic\/\" \/>\n<meta property=\"og:locale\" content=\"sq_AL\" \/>\n<meta property=\"og:type\" content=\"article\" \/>\n<meta property=\"og:title\" content=\"CELENES Vaj lar\u00ebs Nordic 250 ml - Gjini Herbal\" \/>\n<meta property=\"og:description\" content=\"P\u00ebrjetoni pastrimin freskues t\u00eb vajit pastrues t\u00eb fytyr\u00ebs Celenes Nordic Oil, i formuluar posa\u00e7\u00ebrisht p\u00ebr t\u00eb gjitha llojet e l\u00ebkur\u00ebs.I pasur me vajra natyral\u00eb duke p\u00ebrfshir\u00eb tr\u00ebndafilin, bergamotin dhe portokallin e \u00ebmb\u00ebl, ky vaj pastrues heq n\u00eb m\u00ebnyr\u00eb efektive grimin dhe papast\u00ebrtit\u00eb pa kompromentuar penges\u00ebn e l\u00ebkur\u00ebs tuaj.Kjo formul\u00eb ushqyese shp\u00ebrndan pa mundim edhe grimin e pap\u00ebrshkuesh\u00ebm nga uji, duke e l\u00ebn\u00eb l\u00ebkur\u00ebn tuaj t\u00eb past\u00ebr dhe t\u00eb fresk\u00ebt pa mbetje vaji. Ideale p\u00ebr k\u00ebdo q\u00eb k\u00ebrkon nj\u00eb zgjidhje pastrimi t\u00eb but\u00eb por efektive.\" \/>\n<meta property=\"og:url\" content=\"https:\/\/gjiniherbal.com\/sq\/produkt\/kujdes-i-lekures\/vaj-lares-nordic\/\" \/>\n<meta property=\"og:site_name\" content=\"Gjini Herbal\" \/>\n<meta property=\"article:publisher\" content=\"https:\/\/facebook.com\/gjiniherbal\" \/>\n<meta property=\"article:modified_time\" content=\"2025-05-01T11:04:54+00:00\" \/>\n<meta property=\"og:image\" content=\"https:\/\/gjiniherbal.com\/wp-content\/uploads\/2025\/02\/WhatsApp-Image-2025-05-01-at-12.53.28-1.webp\" \/>\n\t<meta property=\"og:image:width\" content=\"800\" \/>\n\t<meta property=\"og:image:height\" content=\"800\" \/>\n\t<meta property=\"og:image:type\" content=\"image\/webp\" \/>\n<meta name=\"twitter:card\" content=\"summary_large_image\" \/>\n<meta name=\"twitter:label1\" content=\"Est. reading time\" \/>\n\t<meta name=\"twitter:data1\" content=\"1 minut\u00eb\" \/>\n<script type=\"application\/ld+json\" class=\"yoast-schema-graph\">{\"@context\":\"https:\\\/\\\/schema.org\",\"@graph\":[{\"@type\":\"WebPage\",\"@id\":\"https:\\\/\\\/gjiniherbal.com\\\/produkt\\\/kujdes-i-lekures\\\/vaj-lares-nordic\\\/\",\"url\":\"https:\\\/\\\/gjiniherbal.com\\\/produkt\\\/kujdes-i-lekures\\\/vaj-lares-nordic\\\/\",\"name\":\"CELENES Vaj lar\u00ebs Nordic 250 ml - Gjini Herbal\",\"isPartOf\":{\"@id\":\"https:\\\/\\\/gjiniherbal.com\\\/#website\"},\"primaryImageOfPage\":{\"@id\":\"https:\\\/\\\/gjiniherbal.com\\\/produkt\\\/kujdes-i-lekures\\\/vaj-lares-nordic\\\/#primaryimage\"},\"image\":{\"@id\":\"https:\\\/\\\/gjiniherbal.com\\\/produkt\\\/kujdes-i-lekures\\\/vaj-lares-nordic\\\/#primaryimage\"},\"thumbnailUrl\":\"https:\\\/\\\/gjiniherbal.com\\\/wp-content\\\/uploads\\\/2025\\\/02\\\/WhatsApp-Image-2025-05-01-at-12.53.28-1.webp\",\"datePublished\":\"2025-02-11T13:15:56+00:00\",\"dateModified\":\"2025-05-01T11:04:54+00:00\",\"description\":\"P\u00ebrjetoni pastrimin freskues t\u00eb vajit pastrues t\u00eb fytyr\u00ebs Celenes Nordic Oil, i formuluar posa\u00e7\u00ebrisht p\u00ebr t\u00eb gjitha llojet e l\u00ebkur\u00ebs.I pasur me vajra natyral\u00eb duke p\u00ebrfshir\u00eb tr\u00ebndafilin, bergamotin dhe portokallin e \u00ebmb\u00ebl, ky vaj pastrues heq n\u00eb m\u00ebnyr\u00eb efektive grimin dhe papast\u00ebrtit\u00eb pa kompromentuar penges\u00ebn e l\u00ebkur\u00ebs tuaj.Kjo formul\u00eb ushqyese shp\u00ebrndan pa mundim edhe grimin e pap\u00ebrshkuesh\u00ebm nga uji, duke e l\u00ebn\u00eb l\u00ebkur\u00ebn tuaj t\u00eb past\u00ebr dhe t\u00eb fresk\u00ebt pa mbetje vaji. Ideale p\u00ebr k\u00ebdo q\u00eb k\u00ebrkon nj\u00eb zgjidhje pastrimi t\u00eb but\u00eb por efektive.\",\"breadcrumb\":{\"@id\":\"https:\\\/\\\/gjiniherbal.com\\\/produkt\\\/kujdes-i-lekures\\\/vaj-lares-nordic\\\/#breadcrumb\"},\"inLanguage\":\"sq\",\"potentialAction\":[{\"@type\":\"ReadAction\",\"target\":[\"https:\\\/\\\/gjiniherbal.com\\\/produkt\\\/kujdes-i-lekures\\\/vaj-lares-nordic\\\/\"]}]},{\"@type\":\"ImageObject\",\"inLanguage\":\"sq\",\"@id\":\"https:\\\/\\\/gjiniherbal.com\\\/produkt\\\/kujdes-i-lekures\\\/vaj-lares-nordic\\\/#primaryimage\",\"url\":\"https:\\\/\\\/gjiniherbal.com\\\/wp-content\\\/uploads\\\/2025\\\/02\\\/WhatsApp-Image-2025-05-01-at-12.53.28-1.webp\",\"contentUrl\":\"https:\\\/\\\/gjiniherbal.com\\\/wp-content\\\/uploads\\\/2025\\\/02\\\/WhatsApp-Image-2025-05-01-at-12.53.28-1.webp\",\"width\":800,\"height\":800},{\"@type\":\"BreadcrumbList\",\"@id\":\"https:\\\/\\\/gjiniherbal.com\\\/produkt\\\/kujdes-i-lekures\\\/vaj-lares-nordic\\\/#breadcrumb\",\"itemListElement\":[{\"@type\":\"ListItem\",\"position\":1,\"name\":\"Home\",\"item\":\"https:\\\/\\\/gjiniherbal.com\\\/en_us\\\/\"},{\"@type\":\"ListItem\",\"position\":2,\"name\":\"Shop\",\"item\":\"https:\\\/\\\/gjiniherbal.com\\\/en_us\\\/shop\\\/\"},{\"@type\":\"ListItem\",\"position\":3,\"name\":\"CELENES Vaj lar\u00ebs Nordic 250 ml\"}]},{\"@type\":\"WebSite\",\"@id\":\"https:\\\/\\\/gjiniherbal.com\\\/#website\",\"url\":\"https:\\\/\\\/gjiniherbal.com\\\/\",\"name\":\"Gjini Herbal\",\"description\":\"Produkte Natyrale\",\"publisher\":{\"@id\":\"https:\\\/\\\/gjiniherbal.com\\\/#organization\"},\"potentialAction\":[{\"@type\":\"SearchAction\",\"target\":{\"@type\":\"EntryPoint\",\"urlTemplate\":\"https:\\\/\\\/gjiniherbal.com\\\/?s={search_term_string}\"},\"query-input\":{\"@type\":\"PropertyValueSpecification\",\"valueRequired\":true,\"valueName\":\"search_term_string\"}}],\"inLanguage\":\"sq\"},{\"@type\":\"Organization\",\"@id\":\"https:\\\/\\\/gjiniherbal.com\\\/#organization\",\"name\":\"Gjini Herbal\",\"url\":\"https:\\\/\\\/gjiniherbal.com\\\/\",\"logo\":{\"@type\":\"ImageObject\",\"inLanguage\":\"sq\",\"@id\":\"https:\\\/\\\/gjiniherbal.com\\\/#\\\/schema\\\/logo\\\/image\\\/\",\"url\":\"https:\\\/\\\/gjiniherbal.com\\\/wp-content\\\/uploads\\\/2022\\\/07\\\/gjini-herbal-logo.png\",\"contentUrl\":\"https:\\\/\\\/gjiniherbal.com\\\/wp-content\\\/uploads\\\/2022\\\/07\\\/gjini-herbal-logo.png\",\"width\":652,\"height\":262,\"caption\":\"Gjini Herbal\"},\"image\":{\"@id\":\"https:\\\/\\\/gjiniherbal.com\\\/#\\\/schema\\\/logo\\\/image\\\/\"},\"sameAs\":[\"https:\\\/\\\/facebook.com\\\/gjiniherbal\",\"https:\\\/\\\/instagram.com\\\/gjiniherbal\",\"https:\\\/\\\/www.youtube.com\\\/channel\\\/UC_tHHueG-qxycnvdro4jHtQ\"]}]}<\/script>\n<!-- \/ Yoast SEO plugin. -->","yoast_head_json":{"title":"CELENES Vaj lar\u00ebs Nordic 250 ml - Gjini Herbal","description":"P\u00ebrjetoni pastrimin freskues t\u00eb vajit pastrues t\u00eb fytyr\u00ebs Celenes Nordic Oil, i formuluar posa\u00e7\u00ebrisht p\u00ebr t\u00eb gjitha llojet e l\u00ebkur\u00ebs.I pasur me vajra natyral\u00eb duke p\u00ebrfshir\u00eb tr\u00ebndafilin, bergamotin dhe portokallin e \u00ebmb\u00ebl, ky vaj pastrues heq n\u00eb m\u00ebnyr\u00eb efektive grimin dhe papast\u00ebrtit\u00eb pa kompromentuar penges\u00ebn e l\u00ebkur\u00ebs tuaj.Kjo formul\u00eb ushqyese shp\u00ebrndan pa mundim edhe grimin e pap\u00ebrshkuesh\u00ebm nga uji, duke e l\u00ebn\u00eb l\u00ebkur\u00ebn tuaj t\u00eb past\u00ebr dhe t\u00eb fresk\u00ebt pa mbetje vaji. Ideale p\u00ebr k\u00ebdo q\u00eb k\u00ebrkon nj\u00eb zgjidhje pastrimi t\u00eb but\u00eb por efektive.","robots":{"index":"index","follow":"follow","max-snippet":"max-snippet:-1","max-image-preview":"max-image-preview:large","max-video-preview":"max-video-preview:-1"},"canonical":"https:\/\/gjiniherbal.com\/sq\/produkt\/kujdes-i-lekures\/vaj-lares-nordic\/","og_locale":"sq_AL","og_type":"article","og_title":"CELENES Vaj lar\u00ebs Nordic 250 ml - Gjini Herbal","og_description":"P\u00ebrjetoni pastrimin freskues t\u00eb vajit pastrues t\u00eb fytyr\u00ebs Celenes Nordic Oil, i formuluar posa\u00e7\u00ebrisht p\u00ebr t\u00eb gjitha llojet e l\u00ebkur\u00ebs.I pasur me vajra natyral\u00eb duke p\u00ebrfshir\u00eb tr\u00ebndafilin, bergamotin dhe portokallin e \u00ebmb\u00ebl, ky vaj pastrues heq n\u00eb m\u00ebnyr\u00eb efektive grimin dhe papast\u00ebrtit\u00eb pa kompromentuar penges\u00ebn e l\u00ebkur\u00ebs tuaj.Kjo formul\u00eb ushqyese shp\u00ebrndan pa mundim edhe grimin e pap\u00ebrshkuesh\u00ebm nga uji, duke e l\u00ebn\u00eb l\u00ebkur\u00ebn tuaj t\u00eb past\u00ebr dhe t\u00eb fresk\u00ebt pa mbetje vaji. Ideale p\u00ebr k\u00ebdo q\u00eb k\u00ebrkon nj\u00eb zgjidhje pastrimi t\u00eb but\u00eb por efektive.","og_url":"https:\/\/gjiniherbal.com\/sq\/produkt\/kujdes-i-lekures\/vaj-lares-nordic\/","og_site_name":"Gjini Herbal","article_publisher":"https:\/\/facebook.com\/gjiniherbal","article_modified_time":"2025-05-01T11:04:54+00:00","og_image":[{"width":800,"height":800,"url":"https:\/\/gjiniherbal.com\/wp-content\/uploads\/2025\/02\/WhatsApp-Image-2025-05-01-at-12.53.28-1.webp","type":"image\/webp"}],"twitter_card":"summary_large_image","twitter_misc":{"Est. reading time":"1 minut\u00eb"},"schema":{"@context":"https:\/\/schema.org","@graph":[{"@type":"WebPage","@id":"https:\/\/gjiniherbal.com\/produkt\/kujdes-i-lekures\/vaj-lares-nordic\/","url":"https:\/\/gjiniherbal.com\/produkt\/kujdes-i-lekures\/vaj-lares-nordic\/","name":"CELENES Vaj lar\u00ebs Nordic 250 ml - Gjini Herbal","isPartOf":{"@id":"https:\/\/gjiniherbal.com\/#website"},"primaryImageOfPage":{"@id":"https:\/\/gjiniherbal.com\/produkt\/kujdes-i-lekures\/vaj-lares-nordic\/#primaryimage"},"image":{"@id":"https:\/\/gjiniherbal.com\/produkt\/kujdes-i-lekures\/vaj-lares-nordic\/#primaryimage"},"thumbnailUrl":"https:\/\/gjiniherbal.com\/wp-content\/uploads\/2025\/02\/WhatsApp-Image-2025-05-01-at-12.53.28-1.webp","datePublished":"2025-02-11T13:15:56+00:00","dateModified":"2025-05-01T11:04:54+00:00","description":"P\u00ebrjetoni pastrimin freskues t\u00eb vajit pastrues t\u00eb fytyr\u00ebs Celenes Nordic Oil, i formuluar posa\u00e7\u00ebrisht p\u00ebr t\u00eb gjitha llojet e l\u00ebkur\u00ebs.I pasur me vajra natyral\u00eb duke p\u00ebrfshir\u00eb tr\u00ebndafilin, bergamotin dhe portokallin e \u00ebmb\u00ebl, ky vaj pastrues heq n\u00eb m\u00ebnyr\u00eb efektive grimin dhe papast\u00ebrtit\u00eb pa kompromentuar penges\u00ebn e l\u00ebkur\u00ebs tuaj.Kjo formul\u00eb ushqyese shp\u00ebrndan pa mundim edhe grimin e pap\u00ebrshkuesh\u00ebm nga uji, duke e l\u00ebn\u00eb l\u00ebkur\u00ebn tuaj t\u00eb past\u00ebr dhe t\u00eb fresk\u00ebt pa mbetje vaji. Ideale p\u00ebr k\u00ebdo q\u00eb k\u00ebrkon nj\u00eb zgjidhje pastrimi t\u00eb but\u00eb por efektive.","breadcrumb":{"@id":"https:\/\/gjiniherbal.com\/produkt\/kujdes-i-lekures\/vaj-lares-nordic\/#breadcrumb"},"inLanguage":"sq","potentialAction":[{"@type":"ReadAction","target":["https:\/\/gjiniherbal.com\/produkt\/kujdes-i-lekures\/vaj-lares-nordic\/"]}]},{"@type":"ImageObject","inLanguage":"sq","@id":"https:\/\/gjiniherbal.com\/produkt\/kujdes-i-lekures\/vaj-lares-nordic\/#primaryimage","url":"https:\/\/gjiniherbal.com\/wp-content\/uploads\/2025\/02\/WhatsApp-Image-2025-05-01-at-12.53.28-1.webp","contentUrl":"https:\/\/gjiniherbal.com\/wp-content\/uploads\/2025\/02\/WhatsApp-Image-2025-05-01-at-12.53.28-1.webp","width":800,"height":800},{"@type":"BreadcrumbList","@id":"https:\/\/gjiniherbal.com\/produkt\/kujdes-i-lekures\/vaj-lares-nordic\/#breadcrumb","itemListElement":[{"@type":"ListItem","position":1,"name":"Home","item":"https:\/\/gjiniherbal.com\/en_us\/"},{"@type":"ListItem","position":2,"name":"Shop","item":"https:\/\/gjiniherbal.com\/en_us\/shop\/"},{"@type":"ListItem","position":3,"name":"CELENES Vaj lar\u00ebs Nordic 250 ml"}]},{"@type":"WebSite","@id":"https:\/\/gjiniherbal.com\/#website","url":"https:\/\/gjiniherbal.com\/","name":"Gjini Herbal","description":"Produkte Natyrale","publisher":{"@id":"https:\/\/gjiniherbal.com\/#organization"},"potentialAction":[{"@type":"SearchAction","target":{"@type":"EntryPoint","urlTemplate":"https:\/\/gjiniherbal.com\/?s={search_term_string}"},"query-input":{"@type":"PropertyValueSpecification","valueRequired":true,"valueName":"search_term_string"}}],"inLanguage":"sq"},{"@type":"Organization","@id":"https:\/\/gjiniherbal.com\/#organization","name":"Gjini Herbal","url":"https:\/\/gjiniherbal.com\/","logo":{"@type":"ImageObject","inLanguage":"sq","@id":"https:\/\/gjiniherbal.com\/#\/schema\/logo\/image\/","url":"https:\/\/gjiniherbal.com\/wp-content\/uploads\/2022\/07\/gjini-herbal-logo.png","contentUrl":"https:\/\/gjiniherbal.com\/wp-content\/uploads\/2022\/07\/gjini-herbal-logo.png","width":652,"height":262,"caption":"Gjini Herbal"},"image":{"@id":"https:\/\/gjiniherbal.com\/#\/schema\/logo\/image\/"},"sameAs":["https:\/\/facebook.com\/gjiniherbal","https:\/\/instagram.com\/gjiniherbal","https:\/\/www.youtube.com\/channel\/UC_tHHueG-qxycnvdro4jHtQ"]}]}},"jetpack-related-posts":[],"jetpack_sharing_enabled":true,"_links":{"self":[{"href":"https:\/\/gjiniherbal.com\/sq\/wp-json\/wp\/v2\/product\/3212","targetHints":{"allow":["GET"]}}],"collection":[{"href":"https:\/\/gjiniherbal.com\/sq\/wp-json\/wp\/v2\/product"}],"about":[{"href":"https:\/\/gjiniherbal.com\/sq\/wp-json\/wp\/v2\/types\/product"}],"wp:featuredmedia":[{"embeddable":true,"href":"https:\/\/gjiniherbal.com\/sq\/wp-json\/wp\/v2\/media\/3242"}],"wp:attachment":[{"href":"https:\/\/gjiniherbal.com\/sq\/wp-json\/wp\/v2\/media?parent=3212"}],"wp:term":[{"taxonomy":"product_brand","embeddable":true,"href":"https:\/\/gjiniherbal.com\/sq\/wp-json\/wp\/v2\/product_brand?post=3212"},{"taxonomy":"product_cat","embeddable":true,"href":"https:\/\/gjiniherbal.com\/sq\/wp-json\/wp\/v2\/product_cat?post=3212"},{"taxonomy":"product_tag","embeddable":true,"href":"https:\/\/gjiniherbal.com\/sq\/wp-json\/wp\/v2\/product_tag?post=3212"}],"curies":[{"name":"wp","href":"https:\/\/api.w.org\/{rel}","templated":true}]}}