{"id":3162,"date":"2024-12-23T13:30:06","date_gmt":"2024-12-23T12:30:06","guid":{"rendered":"https:\/\/gjiniherbal.com\/?post_type=product&#038;p=3162"},"modified":"2024-12-23T13:30:06","modified_gmt":"2024-12-23T12:30:06","slug":"bionnex-preventiva-max-spf100-50-ml","status":"publish","type":"product","link":"https:\/\/gjiniherbal.com\/sq\/produkt\/kujdes-i-lekures\/bionnex-preventiva-max-spf100-50-ml\/","title":{"rendered":"Bionnex Preventiva Max Spf100 50 ml"},"content":{"rendered":"<p>Bionnex Preventiva Max Spf100 50 ml &#8211; Nj\u00eb formul\u00eb novatore q\u00eb p\u00ebrmban filtra organik\u00eb dhe minerale si dioksidi i titanit p\u00ebr t&#8217;u mbrojtur nga dielli. I pap\u00ebrshkuesh\u00ebm nga uji p\u00ebr mbrojtje afatgjat\u00eb. Krem dielli me spekt\u00ebr t\u00eb gjer\u00eb kund\u00ebr rrezeve Uva dhe Uvb. Mbron nga plakja e l\u00ebkur\u00ebs, djegiet nga dielli dhe d\u00ebmtimi i l\u00ebkur\u00ebs.<\/p>\n<p>&nbsp;<\/p>\n<p>P\u00ebrdorimi: Aplikoni nj\u00eb sasi t\u00eb madhe kremi kund\u00ebr diellit. Mbuloni qaf\u00ebn dhe pjes\u00ebn e sip\u00ebrme t\u00eb gjoksit gjithashtu. F\u00ebrkoni kremin e tep\u00ebrt t\u00eb diellit n\u00eb pjes\u00ebn e prapme t\u00eb duarve, p\u00ebrdorni t\u00eb pakt\u00ebn 15 minuta para ekspozimit n\u00eb diell. P\u00ebrs\u00ebritet \u00e7do dy or\u00eb.<\/p>","protected":false},"excerpt":{"rendered":"<p>Krem dielli me spekt\u00ebr t\u00eb gjer\u00eb kund\u00ebr rrezeve Uva dhe Uvb. Mbron nga plakja e l\u00ebkur\u00ebs, djegiet nga dielli dhe d\u00ebmtimi i l\u00ebkur\u00ebs.<\/p>","protected":false},"featured_media":3163,"template":"","meta":{"_acf_changed":false,"_et_pb_use_builder":"","_et_pb_old_content":"","_et_gb_content_width":"","_monsterinsights_skip_tracking":false,"_monsterinsights_sitenote_active":false,"_monsterinsights_sitenote_note":"","_monsterinsights_sitenote_category":0,"_joinchat":[]},"product_brand":[],"product_cat":[831,480],"product_tag":[915,879,1037,1084],"class_list":{"0":"post-3162","1":"product","2":"type-product","3":"status-publish","4":"has-post-thumbnail","6":"product_cat-kujdesi-fytyres","7":"product_cat-kujdes-i-lekures","8":"product_tag-kujdesi-i-fytyres","9":"product_tag-kujdesi-i-lekures","10":"product_tag-spf","11":"product_tag-spf-100","13":"first","14":"instock","15":"shipping-taxable","16":"purchasable","17":"product-type-simple"},"acf":[],"yoast_head":"<!-- This site is optimized with the Yoast SEO plugin v27.4 - https:\/\/yoast.com\/product\/yoast-seo-wordpress\/ -->\n<title>Bionnex Preventiva Max Spf100 50 ml - Gjini Herbal<\/title>\n<meta name=\"description\" content=\"Bionnex Preventiva Max Spf100 50 ml - Nj\u00eb formul\u00eb novatore q\u00eb p\u00ebrmban filtra organik\u00eb dhe minerale si dioksidi i titanit p\u00ebr t&#039;u mbrojtur nga dielli. I pap\u00ebrshkuesh\u00ebm nga uji p\u00ebr mbrojtje afatgjat\u00eb. Krem dielli me spekt\u00ebr t\u00eb gjer\u00eb kund\u00ebr rrezeve Uva dhe Uvb. Mbron nga plakja e l\u00ebkur\u00ebs, djegiet nga dielli dhe d\u00ebmtimi i l\u00ebkur\u00ebs.\" \/>\n<meta name=\"robots\" content=\"index, follow, max-snippet:-1, max-image-preview:large, max-video-preview:-1\" \/>\n<link rel=\"canonical\" href=\"https:\/\/gjiniherbal.com\/sq\/produkt\/kujdes-i-lekures\/bionnex-preventiva-max-spf100-50-ml\/\" \/>\n<meta property=\"og:locale\" content=\"sq_AL\" \/>\n<meta property=\"og:type\" content=\"article\" \/>\n<meta property=\"og:title\" content=\"Bionnex Preventiva Max Spf100 50 ml - Gjini Herbal\" \/>\n<meta property=\"og:description\" content=\"Bionnex Preventiva Max Spf100 50 ml - Nj\u00eb formul\u00eb novatore q\u00eb p\u00ebrmban filtra organik\u00eb dhe minerale si dioksidi i titanit p\u00ebr t&#039;u mbrojtur nga dielli. I pap\u00ebrshkuesh\u00ebm nga uji p\u00ebr mbrojtje afatgjat\u00eb. Krem dielli me spekt\u00ebr t\u00eb gjer\u00eb kund\u00ebr rrezeve Uva dhe Uvb. Mbron nga plakja e l\u00ebkur\u00ebs, djegiet nga dielli dhe d\u00ebmtimi i l\u00ebkur\u00ebs.\" \/>\n<meta property=\"og:url\" content=\"https:\/\/gjiniherbal.com\/sq\/produkt\/kujdes-i-lekures\/bionnex-preventiva-max-spf100-50-ml\/\" \/>\n<meta property=\"og:site_name\" content=\"Gjini Herbal\" \/>\n<meta property=\"article:publisher\" content=\"https:\/\/facebook.com\/gjiniherbal\" \/>\n<meta property=\"og:image\" content=\"https:\/\/gjiniherbal.com\/wp-content\/uploads\/2024\/12\/Bionnex-Preventiva-Max-Spf100-50-ml.jpg\" \/>\n\t<meta property=\"og:image:width\" content=\"522\" \/>\n\t<meta property=\"og:image:height\" content=\"1065\" \/>\n\t<meta property=\"og:image:type\" content=\"image\/jpeg\" \/>\n<meta name=\"twitter:card\" content=\"summary_large_image\" \/>\n<meta name=\"twitter:label1\" content=\"Est. reading time\" \/>\n\t<meta name=\"twitter:data1\" content=\"1 minut\u00eb\" \/>\n<script type=\"application\/ld+json\" class=\"yoast-schema-graph\">{\"@context\":\"https:\\\/\\\/schema.org\",\"@graph\":[{\"@type\":\"WebPage\",\"@id\":\"https:\\\/\\\/gjiniherbal.com\\\/produkt\\\/kujdes-i-lekures\\\/bionnex-preventiva-max-spf100-50-ml\\\/\",\"url\":\"https:\\\/\\\/gjiniherbal.com\\\/produkt\\\/kujdes-i-lekures\\\/bionnex-preventiva-max-spf100-50-ml\\\/\",\"name\":\"Bionnex Preventiva Max Spf100 50 ml - Gjini Herbal\",\"isPartOf\":{\"@id\":\"https:\\\/\\\/gjiniherbal.com\\\/#website\"},\"primaryImageOfPage\":{\"@id\":\"https:\\\/\\\/gjiniherbal.com\\\/produkt\\\/kujdes-i-lekures\\\/bionnex-preventiva-max-spf100-50-ml\\\/#primaryimage\"},\"image\":{\"@id\":\"https:\\\/\\\/gjiniherbal.com\\\/produkt\\\/kujdes-i-lekures\\\/bionnex-preventiva-max-spf100-50-ml\\\/#primaryimage\"},\"thumbnailUrl\":\"https:\\\/\\\/gjiniherbal.com\\\/wp-content\\\/uploads\\\/2024\\\/12\\\/Bionnex-Preventiva-Max-Spf100-50-ml.jpg\",\"datePublished\":\"2024-12-23T12:30:06+00:00\",\"description\":\"Bionnex Preventiva Max Spf100 50 ml - Nj\u00eb formul\u00eb novatore q\u00eb p\u00ebrmban filtra organik\u00eb dhe minerale si dioksidi i titanit p\u00ebr t'u mbrojtur nga dielli. I pap\u00ebrshkuesh\u00ebm nga uji p\u00ebr mbrojtje afatgjat\u00eb. Krem dielli me spekt\u00ebr t\u00eb gjer\u00eb kund\u00ebr rrezeve Uva dhe Uvb. Mbron nga plakja e l\u00ebkur\u00ebs, djegiet nga dielli dhe d\u00ebmtimi i l\u00ebkur\u00ebs.\",\"breadcrumb\":{\"@id\":\"https:\\\/\\\/gjiniherbal.com\\\/produkt\\\/kujdes-i-lekures\\\/bionnex-preventiva-max-spf100-50-ml\\\/#breadcrumb\"},\"inLanguage\":\"sq\",\"potentialAction\":[{\"@type\":\"ReadAction\",\"target\":[\"https:\\\/\\\/gjiniherbal.com\\\/produkt\\\/kujdes-i-lekures\\\/bionnex-preventiva-max-spf100-50-ml\\\/\"]}]},{\"@type\":\"ImageObject\",\"inLanguage\":\"sq\",\"@id\":\"https:\\\/\\\/gjiniherbal.com\\\/produkt\\\/kujdes-i-lekures\\\/bionnex-preventiva-max-spf100-50-ml\\\/#primaryimage\",\"url\":\"https:\\\/\\\/gjiniherbal.com\\\/wp-content\\\/uploads\\\/2024\\\/12\\\/Bionnex-Preventiva-Max-Spf100-50-ml.jpg\",\"contentUrl\":\"https:\\\/\\\/gjiniherbal.com\\\/wp-content\\\/uploads\\\/2024\\\/12\\\/Bionnex-Preventiva-Max-Spf100-50-ml.jpg\",\"width\":522,\"height\":1065},{\"@type\":\"BreadcrumbList\",\"@id\":\"https:\\\/\\\/gjiniherbal.com\\\/produkt\\\/kujdes-i-lekures\\\/bionnex-preventiva-max-spf100-50-ml\\\/#breadcrumb\",\"itemListElement\":[{\"@type\":\"ListItem\",\"position\":1,\"name\":\"Home\",\"item\":\"https:\\\/\\\/gjiniherbal.com\\\/en_us\\\/\"},{\"@type\":\"ListItem\",\"position\":2,\"name\":\"Shop\",\"item\":\"https:\\\/\\\/gjiniherbal.com\\\/en_us\\\/shop\\\/\"},{\"@type\":\"ListItem\",\"position\":3,\"name\":\"Bionnex Preventiva Max Spf100 50 ml\"}]},{\"@type\":\"WebSite\",\"@id\":\"https:\\\/\\\/gjiniherbal.com\\\/#website\",\"url\":\"https:\\\/\\\/gjiniherbal.com\\\/\",\"name\":\"Gjini Herbal\",\"description\":\"Produkte Natyrale\",\"publisher\":{\"@id\":\"https:\\\/\\\/gjiniherbal.com\\\/#organization\"},\"potentialAction\":[{\"@type\":\"SearchAction\",\"target\":{\"@type\":\"EntryPoint\",\"urlTemplate\":\"https:\\\/\\\/gjiniherbal.com\\\/?s={search_term_string}\"},\"query-input\":{\"@type\":\"PropertyValueSpecification\",\"valueRequired\":true,\"valueName\":\"search_term_string\"}}],\"inLanguage\":\"sq\"},{\"@type\":\"Organization\",\"@id\":\"https:\\\/\\\/gjiniherbal.com\\\/#organization\",\"name\":\"Gjini Herbal\",\"url\":\"https:\\\/\\\/gjiniherbal.com\\\/\",\"logo\":{\"@type\":\"ImageObject\",\"inLanguage\":\"sq\",\"@id\":\"https:\\\/\\\/gjiniherbal.com\\\/#\\\/schema\\\/logo\\\/image\\\/\",\"url\":\"https:\\\/\\\/gjiniherbal.com\\\/wp-content\\\/uploads\\\/2022\\\/07\\\/gjini-herbal-logo.png\",\"contentUrl\":\"https:\\\/\\\/gjiniherbal.com\\\/wp-content\\\/uploads\\\/2022\\\/07\\\/gjini-herbal-logo.png\",\"width\":652,\"height\":262,\"caption\":\"Gjini Herbal\"},\"image\":{\"@id\":\"https:\\\/\\\/gjiniherbal.com\\\/#\\\/schema\\\/logo\\\/image\\\/\"},\"sameAs\":[\"https:\\\/\\\/facebook.com\\\/gjiniherbal\",\"https:\\\/\\\/instagram.com\\\/gjiniherbal\",\"https:\\\/\\\/www.youtube.com\\\/channel\\\/UC_tHHueG-qxycnvdro4jHtQ\"]}]}<\/script>\n<!-- \/ Yoast SEO plugin. -->","yoast_head_json":{"title":"Bionnex Preventiva Max Spf100 50 ml - Gjini Herbal","description":"Bionnex Preventiva Max Spf100 50 ml - Nj\u00eb formul\u00eb novatore q\u00eb p\u00ebrmban filtra organik\u00eb dhe minerale si dioksidi i titanit p\u00ebr t'u mbrojtur nga dielli. I pap\u00ebrshkuesh\u00ebm nga uji p\u00ebr mbrojtje afatgjat\u00eb. Krem dielli me spekt\u00ebr t\u00eb gjer\u00eb kund\u00ebr rrezeve Uva dhe Uvb. Mbron nga plakja e l\u00ebkur\u00ebs, djegiet nga dielli dhe d\u00ebmtimi i l\u00ebkur\u00ebs.","robots":{"index":"index","follow":"follow","max-snippet":"max-snippet:-1","max-image-preview":"max-image-preview:large","max-video-preview":"max-video-preview:-1"},"canonical":"https:\/\/gjiniherbal.com\/sq\/produkt\/kujdes-i-lekures\/bionnex-preventiva-max-spf100-50-ml\/","og_locale":"sq_AL","og_type":"article","og_title":"Bionnex Preventiva Max Spf100 50 ml - Gjini Herbal","og_description":"Bionnex Preventiva Max Spf100 50 ml - Nj\u00eb formul\u00eb novatore q\u00eb p\u00ebrmban filtra organik\u00eb dhe minerale si dioksidi i titanit p\u00ebr t'u mbrojtur nga dielli. I pap\u00ebrshkuesh\u00ebm nga uji p\u00ebr mbrojtje afatgjat\u00eb. Krem dielli me spekt\u00ebr t\u00eb gjer\u00eb kund\u00ebr rrezeve Uva dhe Uvb. Mbron nga plakja e l\u00ebkur\u00ebs, djegiet nga dielli dhe d\u00ebmtimi i l\u00ebkur\u00ebs.","og_url":"https:\/\/gjiniherbal.com\/sq\/produkt\/kujdes-i-lekures\/bionnex-preventiva-max-spf100-50-ml\/","og_site_name":"Gjini Herbal","article_publisher":"https:\/\/facebook.com\/gjiniherbal","og_image":[{"width":522,"height":1065,"url":"https:\/\/gjiniherbal.com\/wp-content\/uploads\/2024\/12\/Bionnex-Preventiva-Max-Spf100-50-ml.jpg","type":"image\/jpeg"}],"twitter_card":"summary_large_image","twitter_misc":{"Est. reading time":"1 minut\u00eb"},"schema":{"@context":"https:\/\/schema.org","@graph":[{"@type":"WebPage","@id":"https:\/\/gjiniherbal.com\/produkt\/kujdes-i-lekures\/bionnex-preventiva-max-spf100-50-ml\/","url":"https:\/\/gjiniherbal.com\/produkt\/kujdes-i-lekures\/bionnex-preventiva-max-spf100-50-ml\/","name":"Bionnex Preventiva Max Spf100 50 ml - Gjini Herbal","isPartOf":{"@id":"https:\/\/gjiniherbal.com\/#website"},"primaryImageOfPage":{"@id":"https:\/\/gjiniherbal.com\/produkt\/kujdes-i-lekures\/bionnex-preventiva-max-spf100-50-ml\/#primaryimage"},"image":{"@id":"https:\/\/gjiniherbal.com\/produkt\/kujdes-i-lekures\/bionnex-preventiva-max-spf100-50-ml\/#primaryimage"},"thumbnailUrl":"https:\/\/gjiniherbal.com\/wp-content\/uploads\/2024\/12\/Bionnex-Preventiva-Max-Spf100-50-ml.jpg","datePublished":"2024-12-23T12:30:06+00:00","description":"Bionnex Preventiva Max Spf100 50 ml - Nj\u00eb formul\u00eb novatore q\u00eb p\u00ebrmban filtra organik\u00eb dhe minerale si dioksidi i titanit p\u00ebr t'u mbrojtur nga dielli. I pap\u00ebrshkuesh\u00ebm nga uji p\u00ebr mbrojtje afatgjat\u00eb. Krem dielli me spekt\u00ebr t\u00eb gjer\u00eb kund\u00ebr rrezeve Uva dhe Uvb. Mbron nga plakja e l\u00ebkur\u00ebs, djegiet nga dielli dhe d\u00ebmtimi i l\u00ebkur\u00ebs.","breadcrumb":{"@id":"https:\/\/gjiniherbal.com\/produkt\/kujdes-i-lekures\/bionnex-preventiva-max-spf100-50-ml\/#breadcrumb"},"inLanguage":"sq","potentialAction":[{"@type":"ReadAction","target":["https:\/\/gjiniherbal.com\/produkt\/kujdes-i-lekures\/bionnex-preventiva-max-spf100-50-ml\/"]}]},{"@type":"ImageObject","inLanguage":"sq","@id":"https:\/\/gjiniherbal.com\/produkt\/kujdes-i-lekures\/bionnex-preventiva-max-spf100-50-ml\/#primaryimage","url":"https:\/\/gjiniherbal.com\/wp-content\/uploads\/2024\/12\/Bionnex-Preventiva-Max-Spf100-50-ml.jpg","contentUrl":"https:\/\/gjiniherbal.com\/wp-content\/uploads\/2024\/12\/Bionnex-Preventiva-Max-Spf100-50-ml.jpg","width":522,"height":1065},{"@type":"BreadcrumbList","@id":"https:\/\/gjiniherbal.com\/produkt\/kujdes-i-lekures\/bionnex-preventiva-max-spf100-50-ml\/#breadcrumb","itemListElement":[{"@type":"ListItem","position":1,"name":"Home","item":"https:\/\/gjiniherbal.com\/en_us\/"},{"@type":"ListItem","position":2,"name":"Shop","item":"https:\/\/gjiniherbal.com\/en_us\/shop\/"},{"@type":"ListItem","position":3,"name":"Bionnex Preventiva Max Spf100 50 ml"}]},{"@type":"WebSite","@id":"https:\/\/gjiniherbal.com\/#website","url":"https:\/\/gjiniherbal.com\/","name":"Gjini Herbal","description":"Produkte Natyrale","publisher":{"@id":"https:\/\/gjiniherbal.com\/#organization"},"potentialAction":[{"@type":"SearchAction","target":{"@type":"EntryPoint","urlTemplate":"https:\/\/gjiniherbal.com\/?s={search_term_string}"},"query-input":{"@type":"PropertyValueSpecification","valueRequired":true,"valueName":"search_term_string"}}],"inLanguage":"sq"},{"@type":"Organization","@id":"https:\/\/gjiniherbal.com\/#organization","name":"Gjini Herbal","url":"https:\/\/gjiniherbal.com\/","logo":{"@type":"ImageObject","inLanguage":"sq","@id":"https:\/\/gjiniherbal.com\/#\/schema\/logo\/image\/","url":"https:\/\/gjiniherbal.com\/wp-content\/uploads\/2022\/07\/gjini-herbal-logo.png","contentUrl":"https:\/\/gjiniherbal.com\/wp-content\/uploads\/2022\/07\/gjini-herbal-logo.png","width":652,"height":262,"caption":"Gjini Herbal"},"image":{"@id":"https:\/\/gjiniherbal.com\/#\/schema\/logo\/image\/"},"sameAs":["https:\/\/facebook.com\/gjiniherbal","https:\/\/instagram.com\/gjiniherbal","https:\/\/www.youtube.com\/channel\/UC_tHHueG-qxycnvdro4jHtQ"]}]}},"jetpack-related-posts":[],"jetpack_sharing_enabled":true,"_links":{"self":[{"href":"https:\/\/gjiniherbal.com\/sq\/wp-json\/wp\/v2\/product\/3162","targetHints":{"allow":["GET"]}}],"collection":[{"href":"https:\/\/gjiniherbal.com\/sq\/wp-json\/wp\/v2\/product"}],"about":[{"href":"https:\/\/gjiniherbal.com\/sq\/wp-json\/wp\/v2\/types\/product"}],"wp:featuredmedia":[{"embeddable":true,"href":"https:\/\/gjiniherbal.com\/sq\/wp-json\/wp\/v2\/media\/3163"}],"wp:attachment":[{"href":"https:\/\/gjiniherbal.com\/sq\/wp-json\/wp\/v2\/media?parent=3162"}],"wp:term":[{"taxonomy":"product_brand","embeddable":true,"href":"https:\/\/gjiniherbal.com\/sq\/wp-json\/wp\/v2\/product_brand?post=3162"},{"taxonomy":"product_cat","embeddable":true,"href":"https:\/\/gjiniherbal.com\/sq\/wp-json\/wp\/v2\/product_cat?post=3162"},{"taxonomy":"product_tag","embeddable":true,"href":"https:\/\/gjiniherbal.com\/sq\/wp-json\/wp\/v2\/product_tag?post=3162"}],"curies":[{"name":"wp","href":"https:\/\/api.w.org\/{rel}","templated":true}]}}