{"id":3160,"date":"2024-12-23T13:23:10","date_gmt":"2024-12-23T12:23:10","guid":{"rendered":"https:\/\/gjiniherbal.com\/?post_type=product&#038;p=3160"},"modified":"2024-12-23T13:23:10","modified_gmt":"2024-12-23T12:23:10","slug":"bionnex-preventiva-max-spf100-per-femije-50-ml","status":"publish","type":"product","link":"https:\/\/gjiniherbal.com\/sq\/produkt\/kujdesi-fytyres\/bionnex-preventiva-max-spf100-per-femije-50-ml\/","title":{"rendered":"Bionnex Preventiva Max Spf100 p\u00ebr f\u00ebmij\u00eb 50 ml"},"content":{"rendered":"<p>Prezantimi i kremit diellor Bionnex Preventiva Max Spf100 p\u00ebr f\u00ebmij\u00eb 50 ml, zgjidhja m\u00eb e mir\u00eb e mbrojtjes nga dielli p\u00ebr t\u00eb vegjlit tuaj.<\/p>\n<p><strong>P\u00ebrfitimet<\/strong>:<\/p>\n<p>\u2013 Ofron mbrojtje maksimale SPF100 p\u00ebr t\u00eb mbrojtur l\u00ebkur\u00ebn delikate t\u00eb f\u00ebmij\u00ebve nga rrezet e d\u00ebmshme UV.<br \/>\n\u2013 Formula rezistente ndaj ujit siguron mbrojtje afatgjat\u00eb nga dielli gjat\u00eb aktiviteteve n\u00eb natyr\u00eb.<\/p>\n<p><strong>P\u00ebrdorimi<\/strong>:<\/p>\n<p>\u2013 Aplikojeni kremin me boll\u00ebk dhe n\u00eb m\u00ebnyr\u00eb t\u00eb barabart\u00eb n\u00eb t\u00eb gjith\u00eb l\u00ebkur\u00ebn e ekspozuar p\u00ebrpara ekspozimit n\u00eb diell.<br \/>\n\u2013 Riaplikoni \u00e7do 2 or\u00eb ose pas notit ose djersitjes p\u00ebr t\u00eb ruajtur mbrojtjen optimale.<\/p>","protected":false},"excerpt":{"rendered":"<p>\u2013 Ofron mbrojtje maksimale SPF100 p\u00ebr t\u00eb mbrojtur l\u00ebkur\u00ebn delikate t\u00eb f\u00ebmij\u00ebve nga rrezet e d\u00ebmshme UV.<br \/>\n\u2013 Formula rezistente ndaj ujit siguron mbrojtje afatgjat\u00eb nga dielli gjat\u00eb aktiviteteve n\u00eb natyr\u00eb.<\/p>","protected":false},"featured_media":3161,"template":"","meta":{"_acf_changed":false,"_et_pb_use_builder":"","_et_pb_old_content":"","_et_gb_content_width":"","_monsterinsights_skip_tracking":false,"_monsterinsights_sitenote_active":false,"_monsterinsights_sitenote_note":"","_monsterinsights_sitenote_category":0,"_joinchat":[]},"product_brand":[],"product_cat":[831,480],"product_tag":[915,879,1037],"class_list":{"0":"post-3160","1":"product","2":"type-product","3":"status-publish","4":"has-post-thumbnail","6":"product_cat-kujdesi-fytyres","7":"product_cat-kujdes-i-lekures","8":"product_tag-kujdesi-i-fytyres","9":"product_tag-kujdesi-i-lekures","10":"product_tag-spf","12":"first","13":"instock","14":"shipping-taxable","15":"purchasable","16":"product-type-simple"},"acf":[],"jetpack-related-posts":[],"jetpack_sharing_enabled":true,"_links":{"self":[{"href":"https:\/\/gjiniherbal.com\/sq\/wp-json\/wp\/v2\/product\/3160","targetHints":{"allow":["GET"]}}],"collection":[{"href":"https:\/\/gjiniherbal.com\/sq\/wp-json\/wp\/v2\/product"}],"about":[{"href":"https:\/\/gjiniherbal.com\/sq\/wp-json\/wp\/v2\/types\/product"}],"wp:featuredmedia":[{"embeddable":true,"href":"https:\/\/gjiniherbal.com\/sq\/wp-json\/wp\/v2\/media\/3161"}],"wp:attachment":[{"href":"https:\/\/gjiniherbal.com\/sq\/wp-json\/wp\/v2\/media?parent=3160"}],"wp:term":[{"taxonomy":"product_brand","embeddable":true,"href":"https:\/\/gjiniherbal.com\/sq\/wp-json\/wp\/v2\/product_brand?post=3160"},{"taxonomy":"product_cat","embeddable":true,"href":"https:\/\/gjiniherbal.com\/sq\/wp-json\/wp\/v2\/product_cat?post=3160"},{"taxonomy":"product_tag","embeddable":true,"href":"https:\/\/gjiniherbal.com\/sq\/wp-json\/wp\/v2\/product_tag?post=3160"}],"curies":[{"name":"wp","href":"https:\/\/api.w.org\/{rel}","templated":true}]}}