{"id":3145,"date":"2024-12-23T12:55:29","date_gmt":"2024-12-23T11:55:29","guid":{"rendered":"https:\/\/gjiniherbal.com\/?post_type=product&#038;p=3145"},"modified":"2024-12-23T12:55:29","modified_gmt":"2024-12-23T11:55:29","slug":"celenes-krem-kunder-diellit-bimor-spf-30-50-ml","status":"publish","type":"product","link":"https:\/\/gjiniherbal.com\/sq\/produkt\/kujdes-i-lekures\/celenes-krem-kunder-diellit-bimor-spf-30-50-ml\/","title":{"rendered":"CELENES Krem \u200b\u200bkund\u00ebr diellit bimor Spf 30, 50 ml"},"content":{"rendered":"<p>Ky krem \u200b\u200bkund\u00ebr diellit ofron mbrojtje gjith\u00ebp\u00ebrfshir\u00ebse kund\u00ebr rrezeve UVA dhe UVB, fal\u00eb kombinimit t\u00eb filtrave minerale dhe organik\u00eb t\u00eb diellit.<\/p>\n<p>Efektiviteti i tij shtrihet n\u00eb parandalimin e njollave dhe djegieve nga dielli, duke siguruar nj\u00eb mburoj\u00eb kund\u00ebr rrezatimit t\u00eb d\u00ebmsh\u00ebm UV. I pasuruar me ekstrakte nordike dhe vitamin\u00eb E, formulimi jo vet\u00ebm q\u00eb mbron, por gjithashtu ndihmon n\u00eb riparimin e l\u00ebkur\u00ebs, duke ofruar nj\u00eb efekt qet\u00ebsues.<\/p>\n<p>P\u00ebr m\u00eb tep\u00ebr, ndihmon n\u00eb reduktimin e d\u00ebmtimit UV dhe p\u00ebrforcon barrier\u00ebn mbrojt\u00ebse t\u00eb l\u00ebkur\u00ebs.<\/p>\n<p>Tekstura e leht\u00eb e kremit kund\u00ebr diellit i jep l\u00ebkur\u00ebs nj\u00eb fund mat, duke mos l\u00ebn\u00eb shenja t\u00eb bardha.<\/p>\n<p>Karakteristika e tij rezistente ndaj ujit siguron mbrojtje afatgjat\u00eb.<\/p>\n<p>N\u00eb p\u00ebrputhje me p\u00ebrkushtimin e tij p\u00ebr sh\u00ebndetin e l\u00ebkur\u00ebs, produkti \u00ebsht\u00eb pa parabene, parfum dhe alkool. Duke p\u00ebrfshir\u00eb teknologjin\u00eb e drit\u00ebs blu, ajo mbron m\u00eb tej kund\u00ebr d\u00ebmtimit indirekt t\u00eb l\u00ebkur\u00ebs p\u00ebr shkak t\u00eb ekspozimit ndaj drit\u00ebs blu.<\/p>\n<p>&nbsp;<\/p>\n<p><strong>P\u00ebrdorimi<\/strong>: Para se t\u00eb b\u00ebni banjo dielli, aplikojeni produktin n\u00eb t\u00eb gjith\u00eb fytyr\u00ebn dhe qaf\u00ebn. Riaplikoni pas notit, djersitjes ose tharjes.<\/p>","protected":false},"excerpt":{"rendered":"<ul>\n<li>Siguron mbrojtje ndaj rrezeve UVA+UVB me filtra minerale dhe organike t\u00eb diellit.<\/li>\n<li>Ndihmon n\u00eb parandalimin e njollave dhe djegieve nga dielli.<\/li>\n<li>Fal\u00eb ekstrakteve nordike dhe vitamin\u00ebs E n\u00eb p\u00ebrmbajtjen e saj, ajo mbron, riparon dhe ndihmon p\u00ebr t\u00eb siguruar nj\u00eb efekt qet\u00ebsues.<\/li>\n<li>Ndihmon n\u00eb reduktimin e d\u00ebmtimit t\u00eb l\u00ebkur\u00ebs nga rrezet ultraviolet dhe forcon barrier\u00ebn mbrojt\u00ebse t\u00eb l\u00ebkur\u00ebs.<\/li>\n<li>Tekstura e saj e leht\u00eb i jep l\u00ebkur\u00ebs nj\u00eb fund mat.<\/li>\n<li>Me teknologjin\u00eb e drit\u00ebs blu, ndihmon n\u00eb mbrojtjen kund\u00ebr d\u00ebmtimit indirekt t\u00eb l\u00ebkur\u00ebs p\u00ebr shkak t\u00eb drit\u00ebs blu.<\/li>\n<\/ul>","protected":false},"featured_media":3146,"template":"","meta":{"_acf_changed":false,"_et_pb_use_builder":"","_et_pb_old_content":"","_et_gb_content_width":"","_monsterinsights_skip_tracking":false,"_monsterinsights_sitenote_active":false,"_monsterinsights_sitenote_note":"","_monsterinsights_sitenote_category":0,"_joinchat":[]},"product_brand":[],"product_cat":[480],"product_tag":[1037],"class_list":{"0":"post-3145","1":"product","2":"type-product","3":"status-publish","4":"has-post-thumbnail","6":"product_cat-kujdes-i-lekures","7":"product_tag-spf","9":"first","10":"instock","11":"shipping-taxable","12":"purchasable","13":"product-type-simple"},"acf":[],"yoast_head":"<!-- This site is optimized with the Yoast SEO plugin v27.4 - https:\/\/yoast.com\/product\/yoast-seo-wordpress\/ -->\n<title>CELENES Krem \u200b\u200bkund\u00ebr diellit bimor Spf 30, 50 ml - Gjini Herbal<\/title>\n<meta name=\"description\" content=\"Ky krem \u200b\u200bkund\u00ebr diellit ofron mbrojtje gjith\u00ebp\u00ebrfshir\u00ebse kund\u00ebr rrezeve UVA dhe UVB, fal\u00eb kombinimit t\u00eb filtrave minerale dhe organik\u00eb t\u00eb diellit.\" \/>\n<meta name=\"robots\" content=\"index, follow, max-snippet:-1, max-image-preview:large, max-video-preview:-1\" \/>\n<link rel=\"canonical\" href=\"https:\/\/gjiniherbal.com\/sq\/produkt\/kujdes-i-lekures\/celenes-krem-kunder-diellit-bimor-spf-30-50-ml\/\" \/>\n<meta property=\"og:locale\" content=\"sq_AL\" \/>\n<meta property=\"og:type\" content=\"article\" \/>\n<meta property=\"og:title\" content=\"CELENES Krem \u200b\u200bkund\u00ebr diellit bimor Spf 30, 50 ml - Gjini Herbal\" \/>\n<meta property=\"og:description\" content=\"Ky krem \u200b\u200bkund\u00ebr diellit ofron mbrojtje gjith\u00ebp\u00ebrfshir\u00ebse kund\u00ebr rrezeve UVA dhe UVB, fal\u00eb kombinimit t\u00eb filtrave minerale dhe organik\u00eb t\u00eb diellit.\" \/>\n<meta property=\"og:url\" content=\"https:\/\/gjiniherbal.com\/sq\/produkt\/kujdes-i-lekures\/celenes-krem-kunder-diellit-bimor-spf-30-50-ml\/\" \/>\n<meta property=\"og:site_name\" content=\"Gjini Herbal\" \/>\n<meta property=\"article:publisher\" content=\"https:\/\/facebook.com\/gjiniherbal\" \/>\n<meta property=\"og:image\" content=\"https:\/\/gjiniherbal.com\/wp-content\/uploads\/2024\/12\/CELENES-Krem-\u200b\u200bkunder-diellit-bimor-Spf-30-50-ml-1.webp\" \/>\n\t<meta property=\"og:image:width\" content=\"1000\" \/>\n\t<meta property=\"og:image:height\" content=\"1000\" \/>\n\t<meta property=\"og:image:type\" content=\"image\/webp\" \/>\n<meta name=\"twitter:card\" content=\"summary_large_image\" \/>\n<meta name=\"twitter:label1\" content=\"Est. reading time\" \/>\n\t<meta name=\"twitter:data1\" content=\"1 minut\u00eb\" \/>\n<script type=\"application\/ld+json\" class=\"yoast-schema-graph\">{\"@context\":\"https:\\\/\\\/schema.org\",\"@graph\":[{\"@type\":\"WebPage\",\"@id\":\"https:\\\/\\\/gjiniherbal.com\\\/produkt\\\/kujdes-i-lekures\\\/celenes-krem-kunder-diellit-bimor-spf-30-50-ml\\\/\",\"url\":\"https:\\\/\\\/gjiniherbal.com\\\/produkt\\\/kujdes-i-lekures\\\/celenes-krem-kunder-diellit-bimor-spf-30-50-ml\\\/\",\"name\":\"CELENES Krem \u200b\u200bkund\u00ebr diellit bimor Spf 30, 50 ml - Gjini Herbal\",\"isPartOf\":{\"@id\":\"https:\\\/\\\/gjiniherbal.com\\\/#website\"},\"primaryImageOfPage\":{\"@id\":\"https:\\\/\\\/gjiniherbal.com\\\/produkt\\\/kujdes-i-lekures\\\/celenes-krem-kunder-diellit-bimor-spf-30-50-ml\\\/#primaryimage\"},\"image\":{\"@id\":\"https:\\\/\\\/gjiniherbal.com\\\/produkt\\\/kujdes-i-lekures\\\/celenes-krem-kunder-diellit-bimor-spf-30-50-ml\\\/#primaryimage\"},\"thumbnailUrl\":\"https:\\\/\\\/gjiniherbal.com\\\/wp-content\\\/uploads\\\/2024\\\/12\\\/CELENES-Krem-\u200b\u200bkunder-diellit-bimor-Spf-30-50-ml-1.webp\",\"datePublished\":\"2024-12-23T11:55:29+00:00\",\"description\":\"Ky krem \u200b\u200bkund\u00ebr diellit ofron mbrojtje gjith\u00ebp\u00ebrfshir\u00ebse kund\u00ebr rrezeve UVA dhe UVB, fal\u00eb kombinimit t\u00eb filtrave minerale dhe organik\u00eb t\u00eb diellit.\",\"breadcrumb\":{\"@id\":\"https:\\\/\\\/gjiniherbal.com\\\/produkt\\\/kujdes-i-lekures\\\/celenes-krem-kunder-diellit-bimor-spf-30-50-ml\\\/#breadcrumb\"},\"inLanguage\":\"sq\",\"potentialAction\":[{\"@type\":\"ReadAction\",\"target\":[\"https:\\\/\\\/gjiniherbal.com\\\/produkt\\\/kujdes-i-lekures\\\/celenes-krem-kunder-diellit-bimor-spf-30-50-ml\\\/\"]}]},{\"@type\":\"ImageObject\",\"inLanguage\":\"sq\",\"@id\":\"https:\\\/\\\/gjiniherbal.com\\\/produkt\\\/kujdes-i-lekures\\\/celenes-krem-kunder-diellit-bimor-spf-30-50-ml\\\/#primaryimage\",\"url\":\"https:\\\/\\\/gjiniherbal.com\\\/wp-content\\\/uploads\\\/2024\\\/12\\\/CELENES-Krem-\u200b\u200bkunder-diellit-bimor-Spf-30-50-ml-1.webp\",\"contentUrl\":\"https:\\\/\\\/gjiniherbal.com\\\/wp-content\\\/uploads\\\/2024\\\/12\\\/CELENES-Krem-\u200b\u200bkunder-diellit-bimor-Spf-30-50-ml-1.webp\",\"width\":1000,\"height\":1000},{\"@type\":\"BreadcrumbList\",\"@id\":\"https:\\\/\\\/gjiniherbal.com\\\/produkt\\\/kujdes-i-lekures\\\/celenes-krem-kunder-diellit-bimor-spf-30-50-ml\\\/#breadcrumb\",\"itemListElement\":[{\"@type\":\"ListItem\",\"position\":1,\"name\":\"Home\",\"item\":\"https:\\\/\\\/gjiniherbal.com\\\/en_us\\\/\"},{\"@type\":\"ListItem\",\"position\":2,\"name\":\"Shop\",\"item\":\"https:\\\/\\\/gjiniherbal.com\\\/en_us\\\/shop\\\/\"},{\"@type\":\"ListItem\",\"position\":3,\"name\":\"CELENES Krem \u200b\u200bkund\u00ebr diellit bimor Spf 30, 50 ml\"}]},{\"@type\":\"WebSite\",\"@id\":\"https:\\\/\\\/gjiniherbal.com\\\/#website\",\"url\":\"https:\\\/\\\/gjiniherbal.com\\\/\",\"name\":\"Gjini Herbal\",\"description\":\"Produkte Natyrale\",\"publisher\":{\"@id\":\"https:\\\/\\\/gjiniherbal.com\\\/#organization\"},\"potentialAction\":[{\"@type\":\"SearchAction\",\"target\":{\"@type\":\"EntryPoint\",\"urlTemplate\":\"https:\\\/\\\/gjiniherbal.com\\\/?s={search_term_string}\"},\"query-input\":{\"@type\":\"PropertyValueSpecification\",\"valueRequired\":true,\"valueName\":\"search_term_string\"}}],\"inLanguage\":\"sq\"},{\"@type\":\"Organization\",\"@id\":\"https:\\\/\\\/gjiniherbal.com\\\/#organization\",\"name\":\"Gjini Herbal\",\"url\":\"https:\\\/\\\/gjiniherbal.com\\\/\",\"logo\":{\"@type\":\"ImageObject\",\"inLanguage\":\"sq\",\"@id\":\"https:\\\/\\\/gjiniherbal.com\\\/#\\\/schema\\\/logo\\\/image\\\/\",\"url\":\"https:\\\/\\\/gjiniherbal.com\\\/wp-content\\\/uploads\\\/2022\\\/07\\\/gjini-herbal-logo.png\",\"contentUrl\":\"https:\\\/\\\/gjiniherbal.com\\\/wp-content\\\/uploads\\\/2022\\\/07\\\/gjini-herbal-logo.png\",\"width\":652,\"height\":262,\"caption\":\"Gjini Herbal\"},\"image\":{\"@id\":\"https:\\\/\\\/gjiniherbal.com\\\/#\\\/schema\\\/logo\\\/image\\\/\"},\"sameAs\":[\"https:\\\/\\\/facebook.com\\\/gjiniherbal\",\"https:\\\/\\\/instagram.com\\\/gjiniherbal\",\"https:\\\/\\\/www.youtube.com\\\/channel\\\/UC_tHHueG-qxycnvdro4jHtQ\"]}]}<\/script>\n<!-- \/ Yoast SEO plugin. -->","yoast_head_json":{"title":"CELENES Krem \u200b\u200bkund\u00ebr diellit bimor Spf 30, 50 ml - Gjini Herbal","description":"Ky krem \u200b\u200bkund\u00ebr diellit ofron mbrojtje gjith\u00ebp\u00ebrfshir\u00ebse kund\u00ebr rrezeve UVA dhe UVB, fal\u00eb kombinimit t\u00eb filtrave minerale dhe organik\u00eb t\u00eb diellit.","robots":{"index":"index","follow":"follow","max-snippet":"max-snippet:-1","max-image-preview":"max-image-preview:large","max-video-preview":"max-video-preview:-1"},"canonical":"https:\/\/gjiniherbal.com\/sq\/produkt\/kujdes-i-lekures\/celenes-krem-kunder-diellit-bimor-spf-30-50-ml\/","og_locale":"sq_AL","og_type":"article","og_title":"CELENES Krem \u200b\u200bkund\u00ebr diellit bimor Spf 30, 50 ml - Gjini Herbal","og_description":"Ky krem \u200b\u200bkund\u00ebr diellit ofron mbrojtje gjith\u00ebp\u00ebrfshir\u00ebse kund\u00ebr rrezeve UVA dhe UVB, fal\u00eb kombinimit t\u00eb filtrave minerale dhe organik\u00eb t\u00eb diellit.","og_url":"https:\/\/gjiniherbal.com\/sq\/produkt\/kujdes-i-lekures\/celenes-krem-kunder-diellit-bimor-spf-30-50-ml\/","og_site_name":"Gjini Herbal","article_publisher":"https:\/\/facebook.com\/gjiniherbal","og_image":[{"width":1000,"height":1000,"url":"https:\/\/gjiniherbal.com\/wp-content\/uploads\/2024\/12\/CELENES-Krem-\u200b\u200bkunder-diellit-bimor-Spf-30-50-ml-1.webp","type":"image\/webp"}],"twitter_card":"summary_large_image","twitter_misc":{"Est. reading time":"1 minut\u00eb"},"schema":{"@context":"https:\/\/schema.org","@graph":[{"@type":"WebPage","@id":"https:\/\/gjiniherbal.com\/produkt\/kujdes-i-lekures\/celenes-krem-kunder-diellit-bimor-spf-30-50-ml\/","url":"https:\/\/gjiniherbal.com\/produkt\/kujdes-i-lekures\/celenes-krem-kunder-diellit-bimor-spf-30-50-ml\/","name":"CELENES Krem \u200b\u200bkund\u00ebr diellit bimor Spf 30, 50 ml - Gjini Herbal","isPartOf":{"@id":"https:\/\/gjiniherbal.com\/#website"},"primaryImageOfPage":{"@id":"https:\/\/gjiniherbal.com\/produkt\/kujdes-i-lekures\/celenes-krem-kunder-diellit-bimor-spf-30-50-ml\/#primaryimage"},"image":{"@id":"https:\/\/gjiniherbal.com\/produkt\/kujdes-i-lekures\/celenes-krem-kunder-diellit-bimor-spf-30-50-ml\/#primaryimage"},"thumbnailUrl":"https:\/\/gjiniherbal.com\/wp-content\/uploads\/2024\/12\/CELENES-Krem-\u200b\u200bkunder-diellit-bimor-Spf-30-50-ml-1.webp","datePublished":"2024-12-23T11:55:29+00:00","description":"Ky krem \u200b\u200bkund\u00ebr diellit ofron mbrojtje gjith\u00ebp\u00ebrfshir\u00ebse kund\u00ebr rrezeve UVA dhe UVB, fal\u00eb kombinimit t\u00eb filtrave minerale dhe organik\u00eb t\u00eb diellit.","breadcrumb":{"@id":"https:\/\/gjiniherbal.com\/produkt\/kujdes-i-lekures\/celenes-krem-kunder-diellit-bimor-spf-30-50-ml\/#breadcrumb"},"inLanguage":"sq","potentialAction":[{"@type":"ReadAction","target":["https:\/\/gjiniherbal.com\/produkt\/kujdes-i-lekures\/celenes-krem-kunder-diellit-bimor-spf-30-50-ml\/"]}]},{"@type":"ImageObject","inLanguage":"sq","@id":"https:\/\/gjiniherbal.com\/produkt\/kujdes-i-lekures\/celenes-krem-kunder-diellit-bimor-spf-30-50-ml\/#primaryimage","url":"https:\/\/gjiniherbal.com\/wp-content\/uploads\/2024\/12\/CELENES-Krem-\u200b\u200bkunder-diellit-bimor-Spf-30-50-ml-1.webp","contentUrl":"https:\/\/gjiniherbal.com\/wp-content\/uploads\/2024\/12\/CELENES-Krem-\u200b\u200bkunder-diellit-bimor-Spf-30-50-ml-1.webp","width":1000,"height":1000},{"@type":"BreadcrumbList","@id":"https:\/\/gjiniherbal.com\/produkt\/kujdes-i-lekures\/celenes-krem-kunder-diellit-bimor-spf-30-50-ml\/#breadcrumb","itemListElement":[{"@type":"ListItem","position":1,"name":"Home","item":"https:\/\/gjiniherbal.com\/en_us\/"},{"@type":"ListItem","position":2,"name":"Shop","item":"https:\/\/gjiniherbal.com\/en_us\/shop\/"},{"@type":"ListItem","position":3,"name":"CELENES Krem \u200b\u200bkund\u00ebr diellit bimor Spf 30, 50 ml"}]},{"@type":"WebSite","@id":"https:\/\/gjiniherbal.com\/#website","url":"https:\/\/gjiniherbal.com\/","name":"Gjini Herbal","description":"Produkte Natyrale","publisher":{"@id":"https:\/\/gjiniherbal.com\/#organization"},"potentialAction":[{"@type":"SearchAction","target":{"@type":"EntryPoint","urlTemplate":"https:\/\/gjiniherbal.com\/?s={search_term_string}"},"query-input":{"@type":"PropertyValueSpecification","valueRequired":true,"valueName":"search_term_string"}}],"inLanguage":"sq"},{"@type":"Organization","@id":"https:\/\/gjiniherbal.com\/#organization","name":"Gjini Herbal","url":"https:\/\/gjiniherbal.com\/","logo":{"@type":"ImageObject","inLanguage":"sq","@id":"https:\/\/gjiniherbal.com\/#\/schema\/logo\/image\/","url":"https:\/\/gjiniherbal.com\/wp-content\/uploads\/2022\/07\/gjini-herbal-logo.png","contentUrl":"https:\/\/gjiniherbal.com\/wp-content\/uploads\/2022\/07\/gjini-herbal-logo.png","width":652,"height":262,"caption":"Gjini Herbal"},"image":{"@id":"https:\/\/gjiniherbal.com\/#\/schema\/logo\/image\/"},"sameAs":["https:\/\/facebook.com\/gjiniherbal","https:\/\/instagram.com\/gjiniherbal","https:\/\/www.youtube.com\/channel\/UC_tHHueG-qxycnvdro4jHtQ"]}]}},"jetpack-related-posts":[],"jetpack_sharing_enabled":true,"_links":{"self":[{"href":"https:\/\/gjiniherbal.com\/sq\/wp-json\/wp\/v2\/product\/3145","targetHints":{"allow":["GET"]}}],"collection":[{"href":"https:\/\/gjiniherbal.com\/sq\/wp-json\/wp\/v2\/product"}],"about":[{"href":"https:\/\/gjiniherbal.com\/sq\/wp-json\/wp\/v2\/types\/product"}],"wp:featuredmedia":[{"embeddable":true,"href":"https:\/\/gjiniherbal.com\/sq\/wp-json\/wp\/v2\/media\/3146"}],"wp:attachment":[{"href":"https:\/\/gjiniherbal.com\/sq\/wp-json\/wp\/v2\/media?parent=3145"}],"wp:term":[{"taxonomy":"product_brand","embeddable":true,"href":"https:\/\/gjiniherbal.com\/sq\/wp-json\/wp\/v2\/product_brand?post=3145"},{"taxonomy":"product_cat","embeddable":true,"href":"https:\/\/gjiniherbal.com\/sq\/wp-json\/wp\/v2\/product_cat?post=3145"},{"taxonomy":"product_tag","embeddable":true,"href":"https:\/\/gjiniherbal.com\/sq\/wp-json\/wp\/v2\/product_tag?post=3145"}],"curies":[{"name":"wp","href":"https:\/\/api.w.org\/{rel}","templated":true}]}}