{"id":3118,"date":"2024-12-16T12:23:43","date_gmt":"2024-12-16T11:23:43","guid":{"rendered":"https:\/\/gjiniherbal.com\/?post_type=product&#038;p=3118"},"modified":"2025-01-18T16:16:30","modified_gmt":"2025-01-18T15:16:30","slug":"celenes-retinol-1-serum-30ml","status":"publish","type":"product","link":"https:\/\/gjiniherbal.com\/sq\/produkt\/kujdes-i-lekures\/celenes-retinol-1-serum-30ml\/","title":{"rendered":"CELENES RETINOL 1% SERUM 30ml"},"content":{"rendered":"<p>Me formul\u00ebn e tij t\u00eb avancuar anhydrous, ky produkt p\u00ebrmban 1% Retinol t\u00eb past\u00ebr, i cili ndihmon n\u00eb reduktimin e shfaqjes s\u00eb linjave t\u00eb holla dhe ofron p\u00ebrfitime kund\u00ebr plakjes.<\/p>\n<p>Zvog\u00eblon linjat e im\u00ebta dhe rrudhat, Retinoli nxit prodhimin e kolagjenit, i cili ndihmon n\u00eb zvog\u00eblimin e shfaqjes s\u00eb linjave t\u00eb holla dhe rrudhave, duke e b\u00ebr\u00eb l\u00ebkur\u00ebn tuaj t\u00eb duket m\u00eb e re.<\/p>\n<p>P\u00ebrdorimi i rregullt i Retinol p\u00ebrmir\u00ebson struktur\u00ebn e p\u00ebrgjithshme t\u00eb l\u00ebkur\u00ebs, duke e ndihmuar at\u00eb t\u00eb b\u00ebhet m\u00eb e l\u00ebmuar dhe m\u00eb e nj\u00ebtrajtshme. Ndihmon n\u00eb zbulimin e l\u00ebkur\u00ebs m\u00eb t\u00eb fresk\u00ebt dhe m\u00eb t\u00eb re, duke \u00e7uar n\u00eb nj\u00eb \u00e7ehre m\u00eb t\u00eb shndritshme dhe m\u00eb rrezatuese. Si nj\u00eb form\u00eb e vitamin\u00ebs A, Retinoli ka veti antioksiduese q\u00eb ndihmojn\u00eb n\u00eb mbrojtjen e l\u00ebkur\u00ebs nga d\u00ebmtimet e shkaktuara nga radikalet e lira dhe stresor\u00ebt mjedisor\u00eb.<\/p>\n<p>Aplikoni disa pika pas pastrimit t\u00eb l\u00ebkur\u00ebs, si gjat\u00eb nat\u00ebs ashtu edhe gjat\u00eb dit\u00ebs. Retinoli mund ta b\u00ebj\u00eb l\u00ebkur\u00ebn tuaj m\u00eb t\u00eb ndjeshme ndaj diellit, k\u00ebshtu q\u00eb p\u00ebrdoret m\u00eb s\u00eb miri si pjes\u00eb e rutin\u00ebs suaj t\u00eb nat\u00ebs.<\/p>","protected":false},"excerpt":{"rendered":"<p>P\u00ebrdorimi i rregullt i Retinol p\u00ebrmir\u00ebson struktur\u00ebn e p\u00ebrgjithshme t\u00eb l\u00ebkur\u00ebs, duke e ndihmuar at\u00eb t\u00eb b\u00ebhet m\u00eb e l\u00ebmuar dhe m\u00eb e nj\u00ebtrajtshme.<\/p>\n<p>Retinoli ka veti antioksiduese q\u00eb ndihmojn\u00eb n\u00eb mbrojtjen e l\u00ebkur\u00ebs nga d\u00ebmtimet e shkaktuara nga radikalet e lira dhe stresor\u00ebt mjedisor\u00eb.<\/p>","protected":false},"featured_media":3119,"template":"","meta":{"_acf_changed":false,"_et_pb_use_builder":"","_et_pb_old_content":"","_et_gb_content_width":"","_monsterinsights_skip_tracking":false,"_monsterinsights_sitenote_active":false,"_monsterinsights_sitenote_note":"","_monsterinsights_sitenote_category":0,"_joinchat":[]},"product_brand":[],"product_cat":[831,480],"product_tag":[495,1045],"class_list":{"0":"post-3118","1":"product","2":"type-product","3":"status-publish","4":"has-post-thumbnail","6":"product_cat-kujdesi-fytyres","7":"product_cat-kujdes-i-lekures","8":"product_tag-lekura","9":"product_tag-retinol","11":"first","12":"instock","13":"shipping-taxable","14":"purchasable","15":"product-type-simple"},"acf":[],"yoast_head":"<!-- This site is optimized with the Yoast SEO plugin v27.4 - https:\/\/yoast.com\/product\/yoast-seo-wordpress\/ -->\n<title>CELENES RETINOL 1% SERUM 30ml<\/title>\n<meta name=\"description\" content=\"Zvog\u00eblon linjat e im\u00ebta dhe rrudhat, Retinoli nxit prodhimin e kolagjenit, i cili ndihmon n\u00eb zvog\u00eblimin e shfaqjes s\u00eb linjave t\u00eb holla dhe rrudhave, duke e b\u00ebr\u00eb l\u00ebkur\u00ebn tuaj t\u00eb duket m\u00eb e re.\" \/>\n<meta name=\"robots\" content=\"index, follow, max-snippet:-1, max-image-preview:large, max-video-preview:-1\" \/>\n<link rel=\"canonical\" href=\"https:\/\/gjiniherbal.com\/sq\/produkt\/kujdes-i-lekures\/celenes-retinol-1-serum-30ml\/\" \/>\n<meta property=\"og:locale\" content=\"sq_AL\" \/>\n<meta property=\"og:type\" content=\"article\" \/>\n<meta property=\"og:title\" content=\"CELENES RETINOL 1% SERUM 30ml\" \/>\n<meta property=\"og:description\" content=\"Zvog\u00eblon linjat e im\u00ebta dhe rrudhat, Retinoli nxit prodhimin e kolagjenit, i cili ndihmon n\u00eb zvog\u00eblimin e shfaqjes s\u00eb linjave t\u00eb holla dhe rrudhave, duke e b\u00ebr\u00eb l\u00ebkur\u00ebn tuaj t\u00eb duket m\u00eb e re.\" \/>\n<meta property=\"og:url\" content=\"https:\/\/gjiniherbal.com\/sq\/produkt\/kujdes-i-lekures\/celenes-retinol-1-serum-30ml\/\" \/>\n<meta property=\"og:site_name\" content=\"Gjini Herbal\" \/>\n<meta property=\"article:publisher\" content=\"https:\/\/facebook.com\/gjiniherbal\" \/>\n<meta property=\"article:modified_time\" content=\"2025-01-18T15:16:30+00:00\" \/>\n<meta property=\"og:image\" content=\"https:\/\/gjiniherbal.com\/wp-content\/uploads\/2024\/11\/Retinol_1.webp\" \/>\n\t<meta property=\"og:image:width\" content=\"1000\" \/>\n\t<meta property=\"og:image:height\" content=\"1000\" \/>\n\t<meta property=\"og:image:type\" content=\"image\/webp\" \/>\n<meta name=\"twitter:card\" content=\"summary_large_image\" \/>\n<meta name=\"twitter:label1\" content=\"Est. reading time\" \/>\n\t<meta name=\"twitter:data1\" content=\"1 minut\u00eb\" \/>\n<script type=\"application\/ld+json\" class=\"yoast-schema-graph\">{\"@context\":\"https:\\\/\\\/schema.org\",\"@graph\":[{\"@type\":\"WebPage\",\"@id\":\"https:\\\/\\\/gjiniherbal.com\\\/produkt\\\/kujdes-i-lekures\\\/celenes-retinol-1-serum-30ml\\\/\",\"url\":\"https:\\\/\\\/gjiniherbal.com\\\/produkt\\\/kujdes-i-lekures\\\/celenes-retinol-1-serum-30ml\\\/\",\"name\":\"CELENES RETINOL 1% SERUM 30ml\",\"isPartOf\":{\"@id\":\"https:\\\/\\\/gjiniherbal.com\\\/#website\"},\"primaryImageOfPage\":{\"@id\":\"https:\\\/\\\/gjiniherbal.com\\\/produkt\\\/kujdes-i-lekures\\\/celenes-retinol-1-serum-30ml\\\/#primaryimage\"},\"image\":{\"@id\":\"https:\\\/\\\/gjiniherbal.com\\\/produkt\\\/kujdes-i-lekures\\\/celenes-retinol-1-serum-30ml\\\/#primaryimage\"},\"thumbnailUrl\":\"https:\\\/\\\/gjiniherbal.com\\\/wp-content\\\/uploads\\\/2024\\\/11\\\/Retinol_1.webp\",\"datePublished\":\"2024-12-16T11:23:43+00:00\",\"dateModified\":\"2025-01-18T15:16:30+00:00\",\"description\":\"Zvog\u00eblon linjat e im\u00ebta dhe rrudhat, Retinoli nxit prodhimin e kolagjenit, i cili ndihmon n\u00eb zvog\u00eblimin e shfaqjes s\u00eb linjave t\u00eb holla dhe rrudhave, duke e b\u00ebr\u00eb l\u00ebkur\u00ebn tuaj t\u00eb duket m\u00eb e re.\",\"breadcrumb\":{\"@id\":\"https:\\\/\\\/gjiniherbal.com\\\/produkt\\\/kujdes-i-lekures\\\/celenes-retinol-1-serum-30ml\\\/#breadcrumb\"},\"inLanguage\":\"sq\",\"potentialAction\":[{\"@type\":\"ReadAction\",\"target\":[\"https:\\\/\\\/gjiniherbal.com\\\/produkt\\\/kujdes-i-lekures\\\/celenes-retinol-1-serum-30ml\\\/\"]}]},{\"@type\":\"ImageObject\",\"inLanguage\":\"sq\",\"@id\":\"https:\\\/\\\/gjiniherbal.com\\\/produkt\\\/kujdes-i-lekures\\\/celenes-retinol-1-serum-30ml\\\/#primaryimage\",\"url\":\"https:\\\/\\\/gjiniherbal.com\\\/wp-content\\\/uploads\\\/2024\\\/11\\\/Retinol_1.webp\",\"contentUrl\":\"https:\\\/\\\/gjiniherbal.com\\\/wp-content\\\/uploads\\\/2024\\\/11\\\/Retinol_1.webp\",\"width\":1000,\"height\":1000},{\"@type\":\"BreadcrumbList\",\"@id\":\"https:\\\/\\\/gjiniherbal.com\\\/produkt\\\/kujdes-i-lekures\\\/celenes-retinol-1-serum-30ml\\\/#breadcrumb\",\"itemListElement\":[{\"@type\":\"ListItem\",\"position\":1,\"name\":\"Home\",\"item\":\"https:\\\/\\\/gjiniherbal.com\\\/en_us\\\/\"},{\"@type\":\"ListItem\",\"position\":2,\"name\":\"Shop\",\"item\":\"https:\\\/\\\/gjiniherbal.com\\\/en_us\\\/shop\\\/\"},{\"@type\":\"ListItem\",\"position\":3,\"name\":\"CELENES RETINOL 1% SERUM 30ml\"}]},{\"@type\":\"WebSite\",\"@id\":\"https:\\\/\\\/gjiniherbal.com\\\/#website\",\"url\":\"https:\\\/\\\/gjiniherbal.com\\\/\",\"name\":\"Gjini Herbal\",\"description\":\"Produkte Natyrale\",\"publisher\":{\"@id\":\"https:\\\/\\\/gjiniherbal.com\\\/#organization\"},\"potentialAction\":[{\"@type\":\"SearchAction\",\"target\":{\"@type\":\"EntryPoint\",\"urlTemplate\":\"https:\\\/\\\/gjiniherbal.com\\\/?s={search_term_string}\"},\"query-input\":{\"@type\":\"PropertyValueSpecification\",\"valueRequired\":true,\"valueName\":\"search_term_string\"}}],\"inLanguage\":\"sq\"},{\"@type\":\"Organization\",\"@id\":\"https:\\\/\\\/gjiniherbal.com\\\/#organization\",\"name\":\"Gjini Herbal\",\"url\":\"https:\\\/\\\/gjiniherbal.com\\\/\",\"logo\":{\"@type\":\"ImageObject\",\"inLanguage\":\"sq\",\"@id\":\"https:\\\/\\\/gjiniherbal.com\\\/#\\\/schema\\\/logo\\\/image\\\/\",\"url\":\"https:\\\/\\\/gjiniherbal.com\\\/wp-content\\\/uploads\\\/2022\\\/07\\\/gjini-herbal-logo.png\",\"contentUrl\":\"https:\\\/\\\/gjiniherbal.com\\\/wp-content\\\/uploads\\\/2022\\\/07\\\/gjini-herbal-logo.png\",\"width\":652,\"height\":262,\"caption\":\"Gjini Herbal\"},\"image\":{\"@id\":\"https:\\\/\\\/gjiniherbal.com\\\/#\\\/schema\\\/logo\\\/image\\\/\"},\"sameAs\":[\"https:\\\/\\\/facebook.com\\\/gjiniherbal\",\"https:\\\/\\\/instagram.com\\\/gjiniherbal\",\"https:\\\/\\\/www.youtube.com\\\/channel\\\/UC_tHHueG-qxycnvdro4jHtQ\"]}]}<\/script>\n<!-- \/ Yoast SEO plugin. -->","yoast_head_json":{"title":"CELENES RETINOL 1% SERUM 30ml","description":"Zvog\u00eblon linjat e im\u00ebta dhe rrudhat, Retinoli nxit prodhimin e kolagjenit, i cili ndihmon n\u00eb zvog\u00eblimin e shfaqjes s\u00eb linjave t\u00eb holla dhe rrudhave, duke e b\u00ebr\u00eb l\u00ebkur\u00ebn tuaj t\u00eb duket m\u00eb e re.","robots":{"index":"index","follow":"follow","max-snippet":"max-snippet:-1","max-image-preview":"max-image-preview:large","max-video-preview":"max-video-preview:-1"},"canonical":"https:\/\/gjiniherbal.com\/sq\/produkt\/kujdes-i-lekures\/celenes-retinol-1-serum-30ml\/","og_locale":"sq_AL","og_type":"article","og_title":"CELENES RETINOL 1% SERUM 30ml","og_description":"Zvog\u00eblon linjat e im\u00ebta dhe rrudhat, Retinoli nxit prodhimin e kolagjenit, i cili ndihmon n\u00eb zvog\u00eblimin e shfaqjes s\u00eb linjave t\u00eb holla dhe rrudhave, duke e b\u00ebr\u00eb l\u00ebkur\u00ebn tuaj t\u00eb duket m\u00eb e re.","og_url":"https:\/\/gjiniherbal.com\/sq\/produkt\/kujdes-i-lekures\/celenes-retinol-1-serum-30ml\/","og_site_name":"Gjini Herbal","article_publisher":"https:\/\/facebook.com\/gjiniherbal","article_modified_time":"2025-01-18T15:16:30+00:00","og_image":[{"width":1000,"height":1000,"url":"https:\/\/gjiniherbal.com\/wp-content\/uploads\/2024\/11\/Retinol_1.webp","type":"image\/webp"}],"twitter_card":"summary_large_image","twitter_misc":{"Est. reading time":"1 minut\u00eb"},"schema":{"@context":"https:\/\/schema.org","@graph":[{"@type":"WebPage","@id":"https:\/\/gjiniherbal.com\/produkt\/kujdes-i-lekures\/celenes-retinol-1-serum-30ml\/","url":"https:\/\/gjiniherbal.com\/produkt\/kujdes-i-lekures\/celenes-retinol-1-serum-30ml\/","name":"CELENES RETINOL 1% SERUM 30ml","isPartOf":{"@id":"https:\/\/gjiniherbal.com\/#website"},"primaryImageOfPage":{"@id":"https:\/\/gjiniherbal.com\/produkt\/kujdes-i-lekures\/celenes-retinol-1-serum-30ml\/#primaryimage"},"image":{"@id":"https:\/\/gjiniherbal.com\/produkt\/kujdes-i-lekures\/celenes-retinol-1-serum-30ml\/#primaryimage"},"thumbnailUrl":"https:\/\/gjiniherbal.com\/wp-content\/uploads\/2024\/11\/Retinol_1.webp","datePublished":"2024-12-16T11:23:43+00:00","dateModified":"2025-01-18T15:16:30+00:00","description":"Zvog\u00eblon linjat e im\u00ebta dhe rrudhat, Retinoli nxit prodhimin e kolagjenit, i cili ndihmon n\u00eb zvog\u00eblimin e shfaqjes s\u00eb linjave t\u00eb holla dhe rrudhave, duke e b\u00ebr\u00eb l\u00ebkur\u00ebn tuaj t\u00eb duket m\u00eb e re.","breadcrumb":{"@id":"https:\/\/gjiniherbal.com\/produkt\/kujdes-i-lekures\/celenes-retinol-1-serum-30ml\/#breadcrumb"},"inLanguage":"sq","potentialAction":[{"@type":"ReadAction","target":["https:\/\/gjiniherbal.com\/produkt\/kujdes-i-lekures\/celenes-retinol-1-serum-30ml\/"]}]},{"@type":"ImageObject","inLanguage":"sq","@id":"https:\/\/gjiniherbal.com\/produkt\/kujdes-i-lekures\/celenes-retinol-1-serum-30ml\/#primaryimage","url":"https:\/\/gjiniherbal.com\/wp-content\/uploads\/2024\/11\/Retinol_1.webp","contentUrl":"https:\/\/gjiniherbal.com\/wp-content\/uploads\/2024\/11\/Retinol_1.webp","width":1000,"height":1000},{"@type":"BreadcrumbList","@id":"https:\/\/gjiniherbal.com\/produkt\/kujdes-i-lekures\/celenes-retinol-1-serum-30ml\/#breadcrumb","itemListElement":[{"@type":"ListItem","position":1,"name":"Home","item":"https:\/\/gjiniherbal.com\/en_us\/"},{"@type":"ListItem","position":2,"name":"Shop","item":"https:\/\/gjiniherbal.com\/en_us\/shop\/"},{"@type":"ListItem","position":3,"name":"CELENES RETINOL 1% SERUM 30ml"}]},{"@type":"WebSite","@id":"https:\/\/gjiniherbal.com\/#website","url":"https:\/\/gjiniherbal.com\/","name":"Gjini Herbal","description":"Produkte Natyrale","publisher":{"@id":"https:\/\/gjiniherbal.com\/#organization"},"potentialAction":[{"@type":"SearchAction","target":{"@type":"EntryPoint","urlTemplate":"https:\/\/gjiniherbal.com\/?s={search_term_string}"},"query-input":{"@type":"PropertyValueSpecification","valueRequired":true,"valueName":"search_term_string"}}],"inLanguage":"sq"},{"@type":"Organization","@id":"https:\/\/gjiniherbal.com\/#organization","name":"Gjini Herbal","url":"https:\/\/gjiniherbal.com\/","logo":{"@type":"ImageObject","inLanguage":"sq","@id":"https:\/\/gjiniherbal.com\/#\/schema\/logo\/image\/","url":"https:\/\/gjiniherbal.com\/wp-content\/uploads\/2022\/07\/gjini-herbal-logo.png","contentUrl":"https:\/\/gjiniherbal.com\/wp-content\/uploads\/2022\/07\/gjini-herbal-logo.png","width":652,"height":262,"caption":"Gjini Herbal"},"image":{"@id":"https:\/\/gjiniherbal.com\/#\/schema\/logo\/image\/"},"sameAs":["https:\/\/facebook.com\/gjiniherbal","https:\/\/instagram.com\/gjiniherbal","https:\/\/www.youtube.com\/channel\/UC_tHHueG-qxycnvdro4jHtQ"]}]}},"jetpack-related-posts":[],"jetpack_sharing_enabled":true,"_links":{"self":[{"href":"https:\/\/gjiniherbal.com\/sq\/wp-json\/wp\/v2\/product\/3118","targetHints":{"allow":["GET"]}}],"collection":[{"href":"https:\/\/gjiniherbal.com\/sq\/wp-json\/wp\/v2\/product"}],"about":[{"href":"https:\/\/gjiniherbal.com\/sq\/wp-json\/wp\/v2\/types\/product"}],"wp:featuredmedia":[{"embeddable":true,"href":"https:\/\/gjiniherbal.com\/sq\/wp-json\/wp\/v2\/media\/3119"}],"wp:attachment":[{"href":"https:\/\/gjiniherbal.com\/sq\/wp-json\/wp\/v2\/media?parent=3118"}],"wp:term":[{"taxonomy":"product_brand","embeddable":true,"href":"https:\/\/gjiniherbal.com\/sq\/wp-json\/wp\/v2\/product_brand?post=3118"},{"taxonomy":"product_cat","embeddable":true,"href":"https:\/\/gjiniherbal.com\/sq\/wp-json\/wp\/v2\/product_cat?post=3118"},{"taxonomy":"product_tag","embeddable":true,"href":"https:\/\/gjiniherbal.com\/sq\/wp-json\/wp\/v2\/product_tag?post=3118"}],"curies":[{"name":"wp","href":"https:\/\/api.w.org\/{rel}","templated":true}]}}