{"id":3114,"date":"2024-12-16T12:24:18","date_gmt":"2024-12-16T11:24:18","guid":{"rendered":"https:\/\/gjiniherbal.com\/?post_type=product&#038;p=3114"},"modified":"2025-01-18T16:24:57","modified_gmt":"2025-01-18T15:24:57","slug":"celenes-xhel-pastrues-me-shkume-cloudberry-250ml","status":"publish","type":"product","link":"https:\/\/gjiniherbal.com\/sq\/produkt\/kujdesi-fytyres\/celenes-xhel-pastrues-me-shkume-cloudberry-250ml\/","title":{"rendered":"CELENES Xhel pastrues me shkum\u00eb Cloudberry 250 ml"},"content":{"rendered":"<p>CELENES Xhel pastrues me shkum\u00eb Cloudberry 250 ml<\/p>\n<p>Ky produkt i but\u00eb p\u00ebr kujdesin e l\u00ebkur\u00ebs pastron dhe hidraton n\u00eb m\u00ebnyr\u00eb efektive, duke eliminuar yndyr\u00ebn dhe papast\u00ebrtit\u00eb nga l\u00ebkura.<\/p>\n<p>P\u00ebrfshirja e Cloudberry jo vet\u00ebm q\u00eb siguron pastrim t\u00eb plot\u00eb, por gjithashtu parandalon tharjen e l\u00ebkur\u00ebs, duke siguruar lag\u00ebshti shtes\u00eb. I mbushur me vitamin\u00eb E, i jep vitalitet dhe nj\u00eb shk\u00eblqim rrezatues l\u00ebkur\u00ebs gjat\u00eb procesit t\u00eb pastrimit.<\/p>\n<p>&nbsp;<\/p>","protected":false},"excerpt":{"rendered":"<p>Pastron dhe hidraton but\u00ebsisht vajin dhe papast\u00ebrtit\u00eb n\u00eb l\u00ebkur\u00eb.<br \/>\nP\u00ebrmbajtja e manaferr\u00ebs nuk e than l\u00ebkur\u00ebn dhe siguron lag\u00ebshti shtes\u00eb.<br \/>\nMe vitamin\u00eb E jep vitalitet dhe shk\u00eblqim.<\/p>","protected":false},"featured_media":3115,"template":"","meta":{"_acf_changed":false,"_et_pb_use_builder":"","_et_pb_old_content":"","_et_gb_content_width":"","_monsterinsights_skip_tracking":false,"_monsterinsights_sitenote_active":false,"_monsterinsights_sitenote_note":"","_monsterinsights_sitenote_category":0,"_joinchat":[]},"product_brand":[],"product_cat":[831,480],"product_tag":[1082,563],"class_list":{"0":"post-3114","1":"product","2":"type-product","3":"status-publish","4":"has-post-thumbnail","6":"product_cat-kujdesi-fytyres","7":"product_cat-kujdes-i-lekures","8":"product_tag-pastrimi-i-lekures","9":"product_tag-xhel","11":"first","12":"instock","13":"shipping-taxable","14":"purchasable","15":"product-type-simple"},"acf":[],"jetpack-related-posts":[],"jetpack_sharing_enabled":true,"_links":{"self":[{"href":"https:\/\/gjiniherbal.com\/sq\/wp-json\/wp\/v2\/product\/3114","targetHints":{"allow":["GET"]}}],"collection":[{"href":"https:\/\/gjiniherbal.com\/sq\/wp-json\/wp\/v2\/product"}],"about":[{"href":"https:\/\/gjiniherbal.com\/sq\/wp-json\/wp\/v2\/types\/product"}],"wp:featuredmedia":[{"embeddable":true,"href":"https:\/\/gjiniherbal.com\/sq\/wp-json\/wp\/v2\/media\/3115"}],"wp:attachment":[{"href":"https:\/\/gjiniherbal.com\/sq\/wp-json\/wp\/v2\/media?parent=3114"}],"wp:term":[{"taxonomy":"product_brand","embeddable":true,"href":"https:\/\/gjiniherbal.com\/sq\/wp-json\/wp\/v2\/product_brand?post=3114"},{"taxonomy":"product_cat","embeddable":true,"href":"https:\/\/gjiniherbal.com\/sq\/wp-json\/wp\/v2\/product_cat?post=3114"},{"taxonomy":"product_tag","embeddable":true,"href":"https:\/\/gjiniherbal.com\/sq\/wp-json\/wp\/v2\/product_tag?post=3114"}],"curies":[{"name":"wp","href":"https:\/\/api.w.org\/{rel}","templated":true}]}}