{"id":3088,"date":"2024-12-16T12:30:04","date_gmt":"2024-12-16T11:30:04","guid":{"rendered":"https:\/\/gjiniherbal.com\/?post_type=product&#038;p=3088"},"modified":"2025-01-20T16:14:50","modified_gmt":"2025-01-20T15:14:50","slug":"bionnex-krem-kunder-diellit-ne-forme-te-lengshme-spf50-50ml","status":"publish","type":"product","link":"https:\/\/gjiniherbal.com\/sq\/produkt\/kujdes-i-lekures\/bionnex-krem-kunder-diellit-ne-forme-te-lengshme-spf50-50ml\/","title":{"rendered":"BIONNEX Krem dielli n\u00eb form\u00eb t\u00eb l\u00ebngshme SPF50+ 50ml"},"content":{"rendered":"<p>Krem dielli n\u00eb form\u00eb t\u00eb l\u00ebngshme<\/p>\n<p>Me efektin e tij t\u00eb lart\u00eb antioksidues, ndihmon p\u00ebr t\u00eb siguruar mbrojtje t\u00eb plot\u00eb kund\u00ebr rrezeve UVA\/UVB, p\u00ebr t\u00eb reduktuar ngjitjen fal\u00eb Hordeum vulgare dhe p\u00ebr t\u00eb kontrolluar shk\u00eblqimin me ve\u00e7orin\u00eb e tij thith\u00ebse t\u00eb sebumit.<\/p>\n<p>\u00cbsht\u00eb i p\u00ebrshtatsh\u00ebm p\u00ebr t\u00eb gjitha moshat dhe t\u00eb gjitha llojet e l\u00ebkur\u00ebs, duke p\u00ebrfshir\u00eb l\u00ebkur\u00ebn e ndjeshme.<\/p>","protected":false},"excerpt":{"rendered":"<p>Mbron l\u00ebkur\u00ebn nga dielli. \u00cbsht\u00eb i p\u00ebrshtatsh\u00ebm p\u00ebr t\u00eb gjitha moshat dhe t\u00eb gjitha llojet e l\u00ebkur\u00ebs, duke p\u00ebrfshir\u00eb l\u00ebkur\u00ebn e ndjeshme.<\/p>","protected":false},"featured_media":3089,"template":"","meta":{"_acf_changed":false,"_et_pb_use_builder":"","_et_pb_old_content":"","_et_gb_content_width":"","_monsterinsights_skip_tracking":false,"_monsterinsights_sitenote_active":false,"_monsterinsights_sitenote_note":"","_monsterinsights_sitenote_category":0,"_joinchat":[]},"product_brand":[],"product_cat":[480],"product_tag":[1075,1060],"class_list":{"0":"post-3088","1":"product","2":"type-product","3":"status-publish","4":"has-post-thumbnail","6":"product_cat-kujdes-i-lekures","7":"product_tag-krem-dielli","8":"product_tag-mbrojtje","10":"first","11":"instock","12":"shipping-taxable","13":"purchasable","14":"product-type-simple"},"acf":[],"jetpack-related-posts":[],"jetpack_sharing_enabled":true,"_links":{"self":[{"href":"https:\/\/gjiniherbal.com\/sq\/wp-json\/wp\/v2\/product\/3088","targetHints":{"allow":["GET"]}}],"collection":[{"href":"https:\/\/gjiniherbal.com\/sq\/wp-json\/wp\/v2\/product"}],"about":[{"href":"https:\/\/gjiniherbal.com\/sq\/wp-json\/wp\/v2\/types\/product"}],"wp:featuredmedia":[{"embeddable":true,"href":"https:\/\/gjiniherbal.com\/sq\/wp-json\/wp\/v2\/media\/3089"}],"wp:attachment":[{"href":"https:\/\/gjiniherbal.com\/sq\/wp-json\/wp\/v2\/media?parent=3088"}],"wp:term":[{"taxonomy":"product_brand","embeddable":true,"href":"https:\/\/gjiniherbal.com\/sq\/wp-json\/wp\/v2\/product_brand?post=3088"},{"taxonomy":"product_cat","embeddable":true,"href":"https:\/\/gjiniherbal.com\/sq\/wp-json\/wp\/v2\/product_cat?post=3088"},{"taxonomy":"product_tag","embeddable":true,"href":"https:\/\/gjiniherbal.com\/sq\/wp-json\/wp\/v2\/product_tag?post=3088"}],"curies":[{"name":"wp","href":"https:\/\/api.w.org\/{rel}","templated":true}]}}