{"id":3074,"date":"2024-12-16T12:40:31","date_gmt":"2024-12-16T11:40:31","guid":{"rendered":"https:\/\/gjiniherbal.com\/?post_type=product&#038;p=3074"},"modified":"2025-01-18T15:17:36","modified_gmt":"2025-01-18T14:17:36","slug":"bionnex-shampo-kunder-renies-se-flokeve-kunder-zbokthit-300ml","status":"publish","type":"product","link":"https:\/\/gjiniherbal.com\/sq\/produkt\/kujdesi-i-flokeve\/bionnex-shampo-kunder-renies-se-flokeve-kunder-zbokthit-300ml\/","title":{"rendered":"BIONNEX &#8211; Shampo kund\u00ebr r\u00ebnies s\u00eb flok\u00ebve &#8211; kund\u00ebr zbokthit 300 ml"},"content":{"rendered":"<p>Ndihmon n\u00eb parandalimin e r\u00ebnies s\u00eb flok\u00ebve fal\u00eb VITIS COMPLEX CX 25, i cili \u00ebsht\u00eb zhvilluar posa\u00e7\u00ebrisht kund\u00ebr r\u00ebnies s\u00eb flok\u00ebve dhe p\u00ebrmban ekstrakte bimore, vitamina dhe minerale.<br \/>\nMe p\u00ebrb\u00ebr\u00ebsit e vlefsh\u00ebm t\u00eb ekstrakteve bimore, ndihmon n\u00eb rigjall\u00ebrimin e gj\u00ebndrave t\u00eb flok\u00ebve duke i ushqyer ato, duke i b\u00ebr\u00eb flok\u00ebt t\u00eb duken m\u00eb t\u00eb gjall\u00eb dhe t\u00eb sh\u00ebndetsh\u00ebm.<\/p>\n<p>Nuk p\u00ebrmban paraben, SLS, SLES.<\/p>\n<p>Vitis Complex CX25 ekstrakt bimor, vitamina A, B1, B2, B5, E, acid folik, flavonoid, acide yndyrore t\u00eb pangopura.<\/p>\n<p>P\u00ebrmban minerale (zink, magnez, kalium, kalcium dhe hekur) dhe beta-sitosterol.<\/p>\n<ul>\n<li>\u00a0Agjent\u00ebt hidratues dhe strukturues t\u00eb flok\u00ebve ndihmojn\u00eb n\u00eb ristrukturimin e kutikulave t\u00eb flok\u00ebve duke rritur shk\u00eblqimin e t\u00eb gjitha llojeve t\u00eb flok\u00ebve.<\/li>\n<li>\u00a0Flok\u00ebt rifitojn\u00eb shk\u00eblqimin dhe but\u00ebsin\u00eb.<\/li>\n<li>\u00a0Fal\u00eb sheqerit natyral n\u00eb ekstrakt, ka nj\u00eb kapacitet t\u00eb fort\u00eb mbajt\u00ebs t\u00eb ujit. K\u00ebshtu, forcon struktur\u00ebn e murit t\u00eb qelizave t\u00eb flok\u00ebve q\u00eb siguron hidratim.<\/li>\n<li>\u00a0Pelvetia canaliculata ndihmon n\u00eb rikthimin e lag\u00ebshtis\u00eb natyrale.<\/li>\n<li>\u00a0Ekstrakti i karot\u00ebs s\u00eb Daucus ndihmon n\u00eb sh\u00ebrimin e l\u00ebkur\u00ebs s\u00eb kok\u00ebs.<\/li>\n<li>\u00a0Ekstrakti i gjetheve t\u00eb Camellia sinensis ndihmon n\u00eb pastrimin e thell\u00eb t\u00eb l\u00ebkur\u00ebs s\u00eb kok\u00ebs dhe pengon prodhimin e tep\u00ebrt t\u00eb sebumit.P\u00ebrdorimi: Aplikojeni duke masazhuar n\u00eb l\u00ebkur\u00eb t\u00eb lagur, duke p\u00ebrjashtuar zon\u00ebn e syve. Shp\u00eblajeni t\u00ebr\u00ebsisht me uj\u00eb t\u00eb vak\u00ebt.<br \/>\nRekomandohet t\u00eb p\u00ebrdoret s\u00eb bashku me kremin Tonik, Riparues dhe Balancues t\u00eb Sebumit p\u00ebr rezultate m\u00eb efektive.<\/li>\n<\/ul>\n<p>&nbsp;<\/p>","protected":false},"excerpt":{"rendered":"<p>Me p\u00ebrb\u00ebr\u00ebsit e vlefsh\u00ebm t\u00eb ekstrakteve bimore, ndihmon n\u00eb rigjall\u00ebrimin e gj\u00ebndrave t\u00eb flok\u00ebve duke i ushqyer ato, duke i b\u00ebr\u00eb flok\u00ebt t\u00eb duken m\u00eb t\u00eb gjall\u00eb dhe t\u00eb sh\u00ebndetsh\u00ebm. Nuk p\u00ebrmban parabene.<\/p>","protected":false},"featured_media":3075,"template":"","meta":{"_acf_changed":false,"_et_pb_use_builder":"","_et_pb_old_content":"","_et_gb_content_width":"","_monsterinsights_skip_tracking":false,"_monsterinsights_sitenote_active":false,"_monsterinsights_sitenote_note":"","_monsterinsights_sitenote_category":0,"_joinchat":[]},"product_brand":[],"product_cat":[922],"product_tag":[517,1029,852],"class_list":{"0":"post-3074","1":"product","2":"type-product","3":"status-publish","4":"has-post-thumbnail","6":"product_cat-kujdesi-i-flokeve","7":"product_tag-floke","8":"product_tag-renie-e-flokeve","9":"product_tag-zbokth","11":"first","12":"instock","13":"shipping-taxable","14":"purchasable","15":"product-type-simple"},"acf":[],"jetpack-related-posts":[],"jetpack_sharing_enabled":true,"_links":{"self":[{"href":"https:\/\/gjiniherbal.com\/sq\/wp-json\/wp\/v2\/product\/3074","targetHints":{"allow":["GET"]}}],"collection":[{"href":"https:\/\/gjiniherbal.com\/sq\/wp-json\/wp\/v2\/product"}],"about":[{"href":"https:\/\/gjiniherbal.com\/sq\/wp-json\/wp\/v2\/types\/product"}],"wp:featuredmedia":[{"embeddable":true,"href":"https:\/\/gjiniherbal.com\/sq\/wp-json\/wp\/v2\/media\/3075"}],"wp:attachment":[{"href":"https:\/\/gjiniherbal.com\/sq\/wp-json\/wp\/v2\/media?parent=3074"}],"wp:term":[{"taxonomy":"product_brand","embeddable":true,"href":"https:\/\/gjiniherbal.com\/sq\/wp-json\/wp\/v2\/product_brand?post=3074"},{"taxonomy":"product_cat","embeddable":true,"href":"https:\/\/gjiniherbal.com\/sq\/wp-json\/wp\/v2\/product_cat?post=3074"},{"taxonomy":"product_tag","embeddable":true,"href":"https:\/\/gjiniherbal.com\/sq\/wp-json\/wp\/v2\/product_tag?post=3074"}],"curies":[{"name":"wp","href":"https:\/\/api.w.org\/{rel}","templated":true}]}}