{"id":3071,"date":"2024-10-28T11:08:23","date_gmt":"2024-10-28T10:08:23","guid":{"rendered":"https:\/\/gjiniherbal.com\/?post_type=product&#038;p=3071"},"modified":"2024-10-28T11:18:10","modified_gmt":"2024-10-28T10:18:10","slug":"qumesht-per-floket-me-frut-pasioni-200-ml","status":"publish","type":"product","link":"https:\/\/gjiniherbal.com\/sq\/produkt\/kujdesi-i-flokeve\/qumesht-per-floket-me-frut-pasioni-200-ml\/","title":{"rendered":"Passiflora (Qum\u00ebsht p\u00ebr flok\u00ebt me frut pasioni), 200 ml"},"content":{"rendered":"<p>Ekstrakti i lules s\u00eb pasionit, kolagjeni, biotina, kafeina dhe vajrat natyral\u00eb n\u00eb formul\u00ebn e tij speciale bimore dep\u00ebrtojn\u00eb thell\u00eb me teknologjin\u00eb e liposomeve, duke ndihmuar n\u00eb parandalimin e r\u00ebnies s\u00eb flok\u00ebve dhe promovimin e rritjes s\u00eb sh\u00ebndetshme.<\/p>\n<p>I jep flok\u00ebve tuaj nj\u00eb pamje perfekte duke i b\u00ebr\u00eb ato m\u00eb t\u00eb plota. Me 5 formul\u00ebn e saj efektive, flok\u00ebt tuaj do t\u00eb:<\/p>\n<ul>\n<li>fitojn\u00eb but\u00ebsi,<\/li>\n<li>jen\u00eb t\u00eb leht\u00eb p\u00ebr t&#8217;u krehur,<\/li>\n<li>fitojn\u00eb dend\u00ebsi,<\/li>\n<li>ken\u00eb nj\u00eb arom\u00eb t\u00eb k\u00ebndshme.<\/li>\n<\/ul>\n<p>&nbsp;<\/p>\n<p><strong>Fruti i pasionit<\/strong>: Ndihmon flok\u00ebt t\u00eb rriten n\u00eb m\u00ebnyr\u00eb t\u00eb sh\u00ebndetshme, ushqen dhe hidraton flok\u00ebt dhe skalpin e that\u00eb.<\/p>\n<p><strong>Kolagjeni<\/strong>: Riparon flok\u00ebt dhe parandalon thyerjen.<\/p>\n<p><strong>Biotina<\/strong>: Ndihmon n\u00eb parandalimin e r\u00ebnies s\u00eb flok\u00ebve.<\/p>\n<p><strong>Kafeina<\/strong>: Ndihmon n\u00eb parandalimin e r\u00ebnies s\u00eb flok\u00ebve dhe promovon rritjen e sh\u00ebndetshme t\u00eb flok\u00ebve.<\/p>\n<p><strong>Kreatina<\/strong>: I jep volum flok\u00ebve.<\/p>\n<p><strong>Vaji i kastorit<\/strong>: Ai ushqen flok\u00ebt dhe i ndihmon ata t\u00eb rriten n\u00eb m\u00ebnyr\u00eb t\u00eb sh\u00ebndetshme.<\/p>\n<p><strong>Vaji i Arganit<\/strong>: Hidraton, riparon dhe i jep shk\u00eblqim flok\u00ebve.<\/p>\n<p><strong>Vaji i avokados<\/strong>: Mbron ekuilibrin e lag\u00ebshtis\u00eb s\u00eb l\u00ebkur\u00ebs s\u00eb kok\u00ebs dhe parandalon thyerjen dhe humbjen e flok\u00ebve.<\/p>\n<p><strong>Vaji i kokosit<\/strong>: Hidraton, zbut dhe ndihmon flok\u00ebt t\u00eb fitojn\u00eb nj\u00eb pamje t\u00eb l\u00ebmuar.<\/p>\n<p><strong>Si t\u00eb p\u00ebrdoret?<\/strong><\/p>\n<p>2 m\u00ebnyra p\u00ebr t\u00eb krijuar efekte t\u00eb mrekullueshme n\u00eb flok\u00ebt tuaj:<\/p>\n<p><strong>1.<\/strong> Sp\u00ebrkateni n\u00eb flok\u00eb dhe skalp t\u00eb lagur, masazhoni dhe shp\u00eblajeni.<br \/>\n<strong>2.<\/strong> \u00cbsht\u00eb i p\u00ebrshtatsh\u00ebm edhe p\u00ebr p\u00ebrdorim duke e sp\u00ebrkatur n\u00eb flok\u00eb t\u00eb that\u00eb ose t\u00eb lagur nga nj\u00eb distanc\u00eb prej 30 cm.<\/p>\n<p><strong>P\u00ebrdorimi i Rekomanduar:<\/strong> Pas larjes me shampo, masazhoni produktin n\u00eb flok\u00ebt dhe l\u00ebkur\u00ebn e kok\u00ebs dhe shp\u00eblajeni. Pasi t\u00eb keni thar\u00eb flok\u00ebt pas dushit, sp\u00ebrkatni 3-4 her\u00eb nga nj\u00eb distanc\u00eb prej 30 cm. K\u00ebshtu, ju jeni gati p\u00ebr dit\u00ebn me flok\u00eb t\u00eb rregulluar, t\u00eb but\u00eb dhe me arom\u00eb t\u00eb k\u00ebndshme.<\/p>","protected":false},"excerpt":{"rendered":"<p><strong>Fruti i pasionit<\/strong>: Ndihmon flok\u00ebt t\u00eb rriten n\u00eb m\u00ebnyr\u00eb t\u00eb sh\u00ebndetshme, ushqen dhe hidraton flok\u00ebt dhe skalpin e that\u00eb.<\/p>\n<p><strong>Kolagjeni<\/strong>: Riparon flok\u00ebt dhe parandalon thyerjen.<\/p>\n<p><strong>Biotina<\/strong>: Ndihmon n\u00eb parandalimin e r\u00ebnies s\u00eb flok\u00ebve.<\/p>\n<p><strong>Kafeina<\/strong>: Ndihmon n\u00eb parandalimin e r\u00ebnies s\u00eb flok\u00ebve dhe promovon rritjen e sh\u00ebndetshme t\u00eb flok\u00ebve.<\/p>\n<p><strong>Kreatina<\/strong>: I jep volum flok\u00ebve.<\/p>\n<p><strong>Vaji i kastorit<\/strong>: Ai ushqen flok\u00ebt dhe i ndihmon ata t\u00eb rriten n\u00eb m\u00ebnyr\u00eb t\u00eb sh\u00ebndetshme.<\/p>\n<p><strong>Vaji i Arganit<\/strong>: Hidraton, riparon dhe i jep shk\u00eblqim flok\u00ebve.<\/p>\n<p><strong>Vaji i avokados<\/strong>: Mbron ekuilibrin e lag\u00ebshtis\u00eb s\u00eb l\u00ebkur\u00ebs s\u00eb kok\u00ebs dhe parandalon thyerjen dhe humbjen e flok\u00ebve.<\/p>\n<p><strong>Vaji i kokosit<\/strong>: Hidraton, zbut dhe ndihmon flok\u00ebt t\u00eb fitojn\u00eb nj\u00eb pamje t\u00eb l\u00ebmuar.<\/p>\n<p>&nbsp;<\/p>\n<p><strong>200 ml<\/strong><\/p>","protected":false},"featured_media":3072,"template":"","meta":{"_acf_changed":false,"_et_pb_use_builder":"","_et_pb_old_content":"","_et_gb_content_width":"","_monsterinsights_skip_tracking":false,"_monsterinsights_sitenote_active":false,"_monsterinsights_sitenote_note":"","_monsterinsights_sitenote_category":0,"_joinchat":[]},"product_brand":[],"product_cat":[922],"product_tag":[923],"class_list":{"0":"post-3071","1":"product","2":"type-product","3":"status-publish","4":"has-post-thumbnail","6":"product_cat-kujdesi-i-flokeve","7":"product_tag-kujdesi-i-flokeve","9":"first","10":"instock","11":"shipping-taxable","12":"purchasable","13":"product-type-simple"},"acf":[],"jetpack-related-posts":[],"jetpack_sharing_enabled":true,"_links":{"self":[{"href":"https:\/\/gjiniherbal.com\/sq\/wp-json\/wp\/v2\/product\/3071","targetHints":{"allow":["GET"]}}],"collection":[{"href":"https:\/\/gjiniherbal.com\/sq\/wp-json\/wp\/v2\/product"}],"about":[{"href":"https:\/\/gjiniherbal.com\/sq\/wp-json\/wp\/v2\/types\/product"}],"wp:featuredmedia":[{"embeddable":true,"href":"https:\/\/gjiniherbal.com\/sq\/wp-json\/wp\/v2\/media\/3072"}],"wp:attachment":[{"href":"https:\/\/gjiniherbal.com\/sq\/wp-json\/wp\/v2\/media?parent=3071"}],"wp:term":[{"taxonomy":"product_brand","embeddable":true,"href":"https:\/\/gjiniherbal.com\/sq\/wp-json\/wp\/v2\/product_brand?post=3071"},{"taxonomy":"product_cat","embeddable":true,"href":"https:\/\/gjiniherbal.com\/sq\/wp-json\/wp\/v2\/product_cat?post=3071"},{"taxonomy":"product_tag","embeddable":true,"href":"https:\/\/gjiniherbal.com\/sq\/wp-json\/wp\/v2\/product_tag?post=3071"}],"curies":[{"name":"wp","href":"https:\/\/api.w.org\/{rel}","templated":true}]}}