{"id":3024,"date":"2024-10-14T19:51:02","date_gmt":"2024-10-14T17:51:02","guid":{"rendered":"https:\/\/gjiniherbal.com\/?post_type=product&#038;p=3024"},"modified":"2025-01-15T14:02:41","modified_gmt":"2025-01-15T13:02:41","slug":"celenes-serum-vitamin-c-12-5-tershere-niacinamide-30-ml","status":"publish","type":"product","link":"https:\/\/gjiniherbal.com\/sq\/produkt\/kujdesi-fytyres\/celenes-serum-vitamin-c-12-5-tershere-niacinamide-30-ml\/","title":{"rendered":"CELENES Serum Vitamin C 12.5% \u200b\u200b+ T\u00ebrsh\u00ebr\u00eb + Niacinamide 30 ml"},"content":{"rendered":"<p>Serumi i vitamin\u00ebs C \u00ebsht\u00eb krijuar p\u00ebr t\u00eb minimizuar shfaqjen e vijave t\u00eb holla n\u00eb l\u00ebkur\u00eb duke kontribuar n\u00eb ruajtjen e niveleve optimale t\u00eb lag\u00ebshtis\u00eb.<br \/>\nP\u00ebrve\u00e7 k\u00ebsaj, ai luan nj\u00eb rol n\u00eb rregullimin e pabarazis\u00eb s\u00eb ngjyrave n\u00eb tonin e l\u00ebkur\u00ebs t\u00eb shkaktuar nga dielli dhe reduktimin e formimit t\u00eb \u00e7\u00ebshtjeve t\u00eb tilla si pu\u00e7rrat.<br \/>\nFormulimi ofron nj\u00eb ndjesi freskuese n\u00eb l\u00ebkur\u00eb, duke promovuar nj\u00eb pamje t\u00eb ndritshme dhe t\u00eb rigjall\u00ebruar.<\/p>\n<p>&#8211; Ndihmon p\u00ebr t\u00eb minimizuar shfaqjen e vijave t\u00eb holla n\u00eb l\u00ebkur\u00eb.<br \/>\n&#8211; Gjithashtu kontribuon n\u00eb ruajtjen e p\u00ebrmbajtjes s\u00eb lag\u00ebshtis\u00eb s\u00eb l\u00ebkur\u00ebs.<br \/>\n&#8211; Ndihmon n\u00eb rregullimin e pabarazis\u00eb s\u00eb ngjyr\u00ebs n\u00eb tonin e l\u00ebkur\u00ebs t\u00eb shkaktuar nga dielli dhe redukton formacionet si pu\u00e7rrat.<br \/>\n&#8211; I jep l\u00ebkur\u00ebs freski dhe krijon nj\u00eb pamje t\u00eb ndritshme.<br \/>\n&#8211; Informacioni m\u00eb i r\u00ebnd\u00ebsish\u00ebm n\u00eb lidhje me p\u00ebrdorimin e serumit t\u00eb vitamin\u00ebs C \u00ebsht\u00eb mbajtja e serumit n\u00eb nj\u00eb vend t\u00eb err\u00ebt dhe pa lag\u00ebshti.<br \/>\n&#8211; Serumi i vitamin\u00ebs C duhet t\u00eb konsiderohet si pjes\u00eb e kujdesit t\u00eb p\u00ebrditsh\u00ebm dhe t\u00eb aplikohet n\u00eb m\u00ebnyr\u00eb rutinore.<\/p>\n<p>Duhet t\u00eb aplikohet si masazh n\u00eb l\u00ebkur\u00eb t\u00eb past\u00ebr dy her\u00eb n\u00eb dit\u00eb, n\u00eb m\u00ebngjes dhe n\u00eb mbr\u00ebmje.<\/p>\n<p>P\u00ebrdorimi: I p\u00ebrshtatsh\u00ebm p\u00ebr p\u00ebrdorim t\u00eb p\u00ebrditsh\u00ebm pas pastrimit t\u00eb l\u00ebkur\u00ebs, aplikoni disa pika gjat\u00eb dit\u00ebs dhe nat\u00ebs. Para p\u00ebrdorimit, vendosni nj\u00eb ose dy pika serum n\u00eb gishta dhe m\u00eb pas aplikojeni n\u00eb l\u00ebkur\u00eb.<\/p>","protected":false},"excerpt":{"rendered":"<p>&#8211; Ndihmon p\u00ebr t\u00eb minimizuar shfaqjen e vijave t\u00eb holla n\u00eb l\u00ebkur\u00eb.<br \/>\n&#8211; Gjithashtu kontribuon n\u00eb ruajtjen e p\u00ebrmbajtjes s\u00eb lag\u00ebshtis\u00eb s\u00eb l\u00ebkur\u00ebs.<br \/>\n&#8211; Ndihmon n\u00eb rregullimin e pabarazis\u00eb s\u00eb ngjyr\u00ebs n\u00eb tonin e l\u00ebkur\u00ebs t\u00eb shkaktuar nga dielli dhe redukton formacionet si pu\u00e7rrat.<br \/>\n&#8211; I jep l\u00ebkur\u00ebs freski dhe krijon nj\u00eb pamje t\u00eb ndritshme.<br \/>\n&#8211; Informacioni m\u00eb i r\u00ebnd\u00ebsish\u00ebm n\u00eb lidhje me p\u00ebrdorimin e serumit t\u00eb vitamin\u00ebs C \u00ebsht\u00eb mbajtja e serumit n\u00eb nj\u00eb vend t\u00eb err\u00ebt dhe pa lag\u00ebshti.<br \/>\n&#8211; Serumi i vitamin\u00ebs C duhet t\u00eb konsiderohet si pjes\u00eb e kujdesit t\u00eb p\u00ebrditsh\u00ebm dhe t\u00eb aplikohet n\u00eb m\u00ebnyr\u00eb rutinore.<\/p>","protected":false},"featured_media":3062,"template":"","meta":{"_acf_changed":false,"_et_pb_use_builder":"","_et_pb_old_content":"","_et_gb_content_width":"","_monsterinsights_skip_tracking":false,"_monsterinsights_sitenote_active":false,"_monsterinsights_sitenote_note":"","_monsterinsights_sitenote_category":0,"_joinchat":[]},"product_brand":[],"product_cat":[831],"product_tag":[1066,530,617],"class_list":{"0":"post-3024","1":"product","2":"type-product","3":"status-publish","4":"has-post-thumbnail","6":"product_cat-kujdesi-fytyres","7":"product_tag-niacinamide","8":"product_tag-serum","9":"product_tag-vitamina-c","11":"first","12":"instock","13":"shipping-taxable","14":"purchasable","15":"product-type-simple"},"acf":[],"yoast_head":"<!-- This site is optimized with the Yoast SEO plugin v27.4 - https:\/\/yoast.com\/product\/yoast-seo-wordpress\/ -->\n<title>Serum Vitamin C 12.5% \u200b\u200b+ T\u00ebrsh\u00ebr\u00eb + Niacinamide 30 ml<\/title>\n<meta name=\"description\" content=\"Serumi i vitamin\u00ebs C \u00ebsht\u00eb krijuar p\u00ebr t\u00eb minimizuar shfaqjen e vijave t\u00eb holla n\u00eb l\u00ebkur\u00eb duke kontribuar n\u00eb ruajtjen e niveleve optimale t\u00eb lag\u00ebshtis\u00eb.P\u00ebrve\u00e7 k\u00ebsaj, ai luan nj\u00eb rol n\u00eb rregullimin e pabarazis\u00eb s\u00eb ngjyrave n\u00eb tonin e l\u00ebkur\u00ebs t\u00eb shkaktuar nga dielli dhe reduktimin e formimit t\u00eb \u00e7\u00ebshtjeve t\u00eb tilla si pu\u00e7rrat.Formulimi ofron nj\u00eb ndjesi freskuese n\u00eb l\u00ebkur\u00eb, duke promovuar nj\u00eb pamje t\u00eb ndritshme dhe t\u00eb rigjall\u00ebruar.\" \/>\n<meta name=\"robots\" content=\"index, follow, max-snippet:-1, max-image-preview:large, max-video-preview:-1\" \/>\n<link rel=\"canonical\" href=\"https:\/\/gjiniherbal.com\/sq\/produkt\/kujdesi-fytyres\/celenes-serum-vitamin-c-12-5-tershere-niacinamide-30-ml\/\" \/>\n<meta property=\"og:locale\" content=\"sq_AL\" \/>\n<meta property=\"og:type\" content=\"article\" \/>\n<meta property=\"og:title\" content=\"Serum Vitamin C 12.5% \u200b\u200b+ T\u00ebrsh\u00ebr\u00eb + Niacinamide 30 ml\" \/>\n<meta property=\"og:description\" content=\"Serumi i vitamin\u00ebs C \u00ebsht\u00eb krijuar p\u00ebr t\u00eb minimizuar shfaqjen e vijave t\u00eb holla n\u00eb l\u00ebkur\u00eb duke kontribuar n\u00eb ruajtjen e niveleve optimale t\u00eb lag\u00ebshtis\u00eb.P\u00ebrve\u00e7 k\u00ebsaj, ai luan nj\u00eb rol n\u00eb rregullimin e pabarazis\u00eb s\u00eb ngjyrave n\u00eb tonin e l\u00ebkur\u00ebs t\u00eb shkaktuar nga dielli dhe reduktimin e formimit t\u00eb \u00e7\u00ebshtjeve t\u00eb tilla si pu\u00e7rrat.Formulimi ofron nj\u00eb ndjesi freskuese n\u00eb l\u00ebkur\u00eb, duke promovuar nj\u00eb pamje t\u00eb ndritshme dhe t\u00eb rigjall\u00ebruar.\" \/>\n<meta property=\"og:url\" content=\"https:\/\/gjiniherbal.com\/sq\/produkt\/kujdesi-fytyres\/celenes-serum-vitamin-c-12-5-tershere-niacinamide-30-ml\/\" \/>\n<meta property=\"og:site_name\" content=\"Gjini Herbal\" \/>\n<meta property=\"article:publisher\" content=\"https:\/\/facebook.com\/gjiniherbal\" \/>\n<meta property=\"article:modified_time\" content=\"2025-01-15T13:02:41+00:00\" \/>\n<meta property=\"og:image\" content=\"https:\/\/gjiniherbal.com\/wp-content\/uploads\/2024\/10\/RenaVitamineC-EU-2.webp\" \/>\n\t<meta property=\"og:image:width\" content=\"1000\" \/>\n\t<meta property=\"og:image:height\" content=\"1000\" \/>\n\t<meta property=\"og:image:type\" content=\"image\/webp\" \/>\n<meta name=\"twitter:card\" content=\"summary_large_image\" \/>\n<meta name=\"twitter:label1\" content=\"Est. reading time\" \/>\n\t<meta name=\"twitter:data1\" content=\"2 minuta\" \/>\n<script type=\"application\/ld+json\" class=\"yoast-schema-graph\">{\"@context\":\"https:\\\/\\\/schema.org\",\"@graph\":[{\"@type\":\"WebPage\",\"@id\":\"https:\\\/\\\/gjiniherbal.com\\\/produkt\\\/kujdesi-fytyres\\\/celenes-serum-vitamin-c-12-5-tershere-niacinamide-30-ml\\\/\",\"url\":\"https:\\\/\\\/gjiniherbal.com\\\/produkt\\\/kujdesi-fytyres\\\/celenes-serum-vitamin-c-12-5-tershere-niacinamide-30-ml\\\/\",\"name\":\"Serum Vitamin C 12.5% \u200b\u200b+ T\u00ebrsh\u00ebr\u00eb + Niacinamide 30 ml\",\"isPartOf\":{\"@id\":\"https:\\\/\\\/gjiniherbal.com\\\/#website\"},\"primaryImageOfPage\":{\"@id\":\"https:\\\/\\\/gjiniherbal.com\\\/produkt\\\/kujdesi-fytyres\\\/celenes-serum-vitamin-c-12-5-tershere-niacinamide-30-ml\\\/#primaryimage\"},\"image\":{\"@id\":\"https:\\\/\\\/gjiniherbal.com\\\/produkt\\\/kujdesi-fytyres\\\/celenes-serum-vitamin-c-12-5-tershere-niacinamide-30-ml\\\/#primaryimage\"},\"thumbnailUrl\":\"https:\\\/\\\/gjiniherbal.com\\\/wp-content\\\/uploads\\\/2024\\\/10\\\/RenaVitamineC-EU-2.webp\",\"datePublished\":\"2024-10-14T17:51:02+00:00\",\"dateModified\":\"2025-01-15T13:02:41+00:00\",\"description\":\"Serumi i vitamin\u00ebs C \u00ebsht\u00eb krijuar p\u00ebr t\u00eb minimizuar shfaqjen e vijave t\u00eb holla n\u00eb l\u00ebkur\u00eb duke kontribuar n\u00eb ruajtjen e niveleve optimale t\u00eb lag\u00ebshtis\u00eb.P\u00ebrve\u00e7 k\u00ebsaj, ai luan nj\u00eb rol n\u00eb rregullimin e pabarazis\u00eb s\u00eb ngjyrave n\u00eb tonin e l\u00ebkur\u00ebs t\u00eb shkaktuar nga dielli dhe reduktimin e formimit t\u00eb \u00e7\u00ebshtjeve t\u00eb tilla si pu\u00e7rrat.Formulimi ofron nj\u00eb ndjesi freskuese n\u00eb l\u00ebkur\u00eb, duke promovuar nj\u00eb pamje t\u00eb ndritshme dhe t\u00eb rigjall\u00ebruar.\",\"breadcrumb\":{\"@id\":\"https:\\\/\\\/gjiniherbal.com\\\/produkt\\\/kujdesi-fytyres\\\/celenes-serum-vitamin-c-12-5-tershere-niacinamide-30-ml\\\/#breadcrumb\"},\"inLanguage\":\"sq\",\"potentialAction\":[{\"@type\":\"ReadAction\",\"target\":[\"https:\\\/\\\/gjiniherbal.com\\\/produkt\\\/kujdesi-fytyres\\\/celenes-serum-vitamin-c-12-5-tershere-niacinamide-30-ml\\\/\"]}]},{\"@type\":\"ImageObject\",\"inLanguage\":\"sq\",\"@id\":\"https:\\\/\\\/gjiniherbal.com\\\/produkt\\\/kujdesi-fytyres\\\/celenes-serum-vitamin-c-12-5-tershere-niacinamide-30-ml\\\/#primaryimage\",\"url\":\"https:\\\/\\\/gjiniherbal.com\\\/wp-content\\\/uploads\\\/2024\\\/10\\\/RenaVitamineC-EU-2.webp\",\"contentUrl\":\"https:\\\/\\\/gjiniherbal.com\\\/wp-content\\\/uploads\\\/2024\\\/10\\\/RenaVitamineC-EU-2.webp\",\"width\":1000,\"height\":1000},{\"@type\":\"BreadcrumbList\",\"@id\":\"https:\\\/\\\/gjiniherbal.com\\\/produkt\\\/kujdesi-fytyres\\\/celenes-serum-vitamin-c-12-5-tershere-niacinamide-30-ml\\\/#breadcrumb\",\"itemListElement\":[{\"@type\":\"ListItem\",\"position\":1,\"name\":\"Home\",\"item\":\"https:\\\/\\\/gjiniherbal.com\\\/en_us\\\/\"},{\"@type\":\"ListItem\",\"position\":2,\"name\":\"Shop\",\"item\":\"https:\\\/\\\/gjiniherbal.com\\\/en_us\\\/shop\\\/\"},{\"@type\":\"ListItem\",\"position\":3,\"name\":\"CELENES Serum Vitamin C 12.5% \u200b\u200b+ T\u00ebrsh\u00ebr\u00eb + Niacinamide 30 ml\"}]},{\"@type\":\"WebSite\",\"@id\":\"https:\\\/\\\/gjiniherbal.com\\\/#website\",\"url\":\"https:\\\/\\\/gjiniherbal.com\\\/\",\"name\":\"Gjini Herbal\",\"description\":\"Produkte Natyrale\",\"publisher\":{\"@id\":\"https:\\\/\\\/gjiniherbal.com\\\/#organization\"},\"potentialAction\":[{\"@type\":\"SearchAction\",\"target\":{\"@type\":\"EntryPoint\",\"urlTemplate\":\"https:\\\/\\\/gjiniherbal.com\\\/?s={search_term_string}\"},\"query-input\":{\"@type\":\"PropertyValueSpecification\",\"valueRequired\":true,\"valueName\":\"search_term_string\"}}],\"inLanguage\":\"sq\"},{\"@type\":\"Organization\",\"@id\":\"https:\\\/\\\/gjiniherbal.com\\\/#organization\",\"name\":\"Gjini Herbal\",\"url\":\"https:\\\/\\\/gjiniherbal.com\\\/\",\"logo\":{\"@type\":\"ImageObject\",\"inLanguage\":\"sq\",\"@id\":\"https:\\\/\\\/gjiniherbal.com\\\/#\\\/schema\\\/logo\\\/image\\\/\",\"url\":\"https:\\\/\\\/gjiniherbal.com\\\/wp-content\\\/uploads\\\/2022\\\/07\\\/gjini-herbal-logo.png\",\"contentUrl\":\"https:\\\/\\\/gjiniherbal.com\\\/wp-content\\\/uploads\\\/2022\\\/07\\\/gjini-herbal-logo.png\",\"width\":652,\"height\":262,\"caption\":\"Gjini Herbal\"},\"image\":{\"@id\":\"https:\\\/\\\/gjiniherbal.com\\\/#\\\/schema\\\/logo\\\/image\\\/\"},\"sameAs\":[\"https:\\\/\\\/facebook.com\\\/gjiniherbal\",\"https:\\\/\\\/instagram.com\\\/gjiniherbal\",\"https:\\\/\\\/www.youtube.com\\\/channel\\\/UC_tHHueG-qxycnvdro4jHtQ\"]}]}<\/script>\n<!-- \/ Yoast SEO plugin. -->","yoast_head_json":{"title":"Serum Vitamin C 12.5% \u200b\u200b+ T\u00ebrsh\u00ebr\u00eb + Niacinamide 30 ml","description":"Serumi i vitamin\u00ebs C \u00ebsht\u00eb krijuar p\u00ebr t\u00eb minimizuar shfaqjen e vijave t\u00eb holla n\u00eb l\u00ebkur\u00eb duke kontribuar n\u00eb ruajtjen e niveleve optimale t\u00eb lag\u00ebshtis\u00eb.P\u00ebrve\u00e7 k\u00ebsaj, ai luan nj\u00eb rol n\u00eb rregullimin e pabarazis\u00eb s\u00eb ngjyrave n\u00eb tonin e l\u00ebkur\u00ebs t\u00eb shkaktuar nga dielli dhe reduktimin e formimit t\u00eb \u00e7\u00ebshtjeve t\u00eb tilla si pu\u00e7rrat.Formulimi ofron nj\u00eb ndjesi freskuese n\u00eb l\u00ebkur\u00eb, duke promovuar nj\u00eb pamje t\u00eb ndritshme dhe t\u00eb rigjall\u00ebruar.","robots":{"index":"index","follow":"follow","max-snippet":"max-snippet:-1","max-image-preview":"max-image-preview:large","max-video-preview":"max-video-preview:-1"},"canonical":"https:\/\/gjiniherbal.com\/sq\/produkt\/kujdesi-fytyres\/celenes-serum-vitamin-c-12-5-tershere-niacinamide-30-ml\/","og_locale":"sq_AL","og_type":"article","og_title":"Serum Vitamin C 12.5% \u200b\u200b+ T\u00ebrsh\u00ebr\u00eb + Niacinamide 30 ml","og_description":"Serumi i vitamin\u00ebs C \u00ebsht\u00eb krijuar p\u00ebr t\u00eb minimizuar shfaqjen e vijave t\u00eb holla n\u00eb l\u00ebkur\u00eb duke kontribuar n\u00eb ruajtjen e niveleve optimale t\u00eb lag\u00ebshtis\u00eb.P\u00ebrve\u00e7 k\u00ebsaj, ai luan nj\u00eb rol n\u00eb rregullimin e pabarazis\u00eb s\u00eb ngjyrave n\u00eb tonin e l\u00ebkur\u00ebs t\u00eb shkaktuar nga dielli dhe reduktimin e formimit t\u00eb \u00e7\u00ebshtjeve t\u00eb tilla si pu\u00e7rrat.Formulimi ofron nj\u00eb ndjesi freskuese n\u00eb l\u00ebkur\u00eb, duke promovuar nj\u00eb pamje t\u00eb ndritshme dhe t\u00eb rigjall\u00ebruar.","og_url":"https:\/\/gjiniherbal.com\/sq\/produkt\/kujdesi-fytyres\/celenes-serum-vitamin-c-12-5-tershere-niacinamide-30-ml\/","og_site_name":"Gjini Herbal","article_publisher":"https:\/\/facebook.com\/gjiniherbal","article_modified_time":"2025-01-15T13:02:41+00:00","og_image":[{"width":1000,"height":1000,"url":"https:\/\/gjiniherbal.com\/wp-content\/uploads\/2024\/10\/RenaVitamineC-EU-2.webp","type":"image\/webp"}],"twitter_card":"summary_large_image","twitter_misc":{"Est. reading time":"2 minuta"},"schema":{"@context":"https:\/\/schema.org","@graph":[{"@type":"WebPage","@id":"https:\/\/gjiniherbal.com\/produkt\/kujdesi-fytyres\/celenes-serum-vitamin-c-12-5-tershere-niacinamide-30-ml\/","url":"https:\/\/gjiniherbal.com\/produkt\/kujdesi-fytyres\/celenes-serum-vitamin-c-12-5-tershere-niacinamide-30-ml\/","name":"Serum Vitamin C 12.5% \u200b\u200b+ T\u00ebrsh\u00ebr\u00eb + Niacinamide 30 ml","isPartOf":{"@id":"https:\/\/gjiniherbal.com\/#website"},"primaryImageOfPage":{"@id":"https:\/\/gjiniherbal.com\/produkt\/kujdesi-fytyres\/celenes-serum-vitamin-c-12-5-tershere-niacinamide-30-ml\/#primaryimage"},"image":{"@id":"https:\/\/gjiniherbal.com\/produkt\/kujdesi-fytyres\/celenes-serum-vitamin-c-12-5-tershere-niacinamide-30-ml\/#primaryimage"},"thumbnailUrl":"https:\/\/gjiniherbal.com\/wp-content\/uploads\/2024\/10\/RenaVitamineC-EU-2.webp","datePublished":"2024-10-14T17:51:02+00:00","dateModified":"2025-01-15T13:02:41+00:00","description":"Serumi i vitamin\u00ebs C \u00ebsht\u00eb krijuar p\u00ebr t\u00eb minimizuar shfaqjen e vijave t\u00eb holla n\u00eb l\u00ebkur\u00eb duke kontribuar n\u00eb ruajtjen e niveleve optimale t\u00eb lag\u00ebshtis\u00eb.P\u00ebrve\u00e7 k\u00ebsaj, ai luan nj\u00eb rol n\u00eb rregullimin e pabarazis\u00eb s\u00eb ngjyrave n\u00eb tonin e l\u00ebkur\u00ebs t\u00eb shkaktuar nga dielli dhe reduktimin e formimit t\u00eb \u00e7\u00ebshtjeve t\u00eb tilla si pu\u00e7rrat.Formulimi ofron nj\u00eb ndjesi freskuese n\u00eb l\u00ebkur\u00eb, duke promovuar nj\u00eb pamje t\u00eb ndritshme dhe t\u00eb rigjall\u00ebruar.","breadcrumb":{"@id":"https:\/\/gjiniherbal.com\/produkt\/kujdesi-fytyres\/celenes-serum-vitamin-c-12-5-tershere-niacinamide-30-ml\/#breadcrumb"},"inLanguage":"sq","potentialAction":[{"@type":"ReadAction","target":["https:\/\/gjiniherbal.com\/produkt\/kujdesi-fytyres\/celenes-serum-vitamin-c-12-5-tershere-niacinamide-30-ml\/"]}]},{"@type":"ImageObject","inLanguage":"sq","@id":"https:\/\/gjiniherbal.com\/produkt\/kujdesi-fytyres\/celenes-serum-vitamin-c-12-5-tershere-niacinamide-30-ml\/#primaryimage","url":"https:\/\/gjiniherbal.com\/wp-content\/uploads\/2024\/10\/RenaVitamineC-EU-2.webp","contentUrl":"https:\/\/gjiniherbal.com\/wp-content\/uploads\/2024\/10\/RenaVitamineC-EU-2.webp","width":1000,"height":1000},{"@type":"BreadcrumbList","@id":"https:\/\/gjiniherbal.com\/produkt\/kujdesi-fytyres\/celenes-serum-vitamin-c-12-5-tershere-niacinamide-30-ml\/#breadcrumb","itemListElement":[{"@type":"ListItem","position":1,"name":"Home","item":"https:\/\/gjiniherbal.com\/en_us\/"},{"@type":"ListItem","position":2,"name":"Shop","item":"https:\/\/gjiniherbal.com\/en_us\/shop\/"},{"@type":"ListItem","position":3,"name":"CELENES Serum Vitamin C 12.5% \u200b\u200b+ T\u00ebrsh\u00ebr\u00eb + Niacinamide 30 ml"}]},{"@type":"WebSite","@id":"https:\/\/gjiniherbal.com\/#website","url":"https:\/\/gjiniherbal.com\/","name":"Gjini Herbal","description":"Produkte Natyrale","publisher":{"@id":"https:\/\/gjiniherbal.com\/#organization"},"potentialAction":[{"@type":"SearchAction","target":{"@type":"EntryPoint","urlTemplate":"https:\/\/gjiniherbal.com\/?s={search_term_string}"},"query-input":{"@type":"PropertyValueSpecification","valueRequired":true,"valueName":"search_term_string"}}],"inLanguage":"sq"},{"@type":"Organization","@id":"https:\/\/gjiniherbal.com\/#organization","name":"Gjini Herbal","url":"https:\/\/gjiniherbal.com\/","logo":{"@type":"ImageObject","inLanguage":"sq","@id":"https:\/\/gjiniherbal.com\/#\/schema\/logo\/image\/","url":"https:\/\/gjiniherbal.com\/wp-content\/uploads\/2022\/07\/gjini-herbal-logo.png","contentUrl":"https:\/\/gjiniherbal.com\/wp-content\/uploads\/2022\/07\/gjini-herbal-logo.png","width":652,"height":262,"caption":"Gjini Herbal"},"image":{"@id":"https:\/\/gjiniherbal.com\/#\/schema\/logo\/image\/"},"sameAs":["https:\/\/facebook.com\/gjiniherbal","https:\/\/instagram.com\/gjiniherbal","https:\/\/www.youtube.com\/channel\/UC_tHHueG-qxycnvdro4jHtQ"]}]}},"jetpack-related-posts":[],"jetpack_sharing_enabled":true,"_links":{"self":[{"href":"https:\/\/gjiniherbal.com\/sq\/wp-json\/wp\/v2\/product\/3024","targetHints":{"allow":["GET"]}}],"collection":[{"href":"https:\/\/gjiniherbal.com\/sq\/wp-json\/wp\/v2\/product"}],"about":[{"href":"https:\/\/gjiniherbal.com\/sq\/wp-json\/wp\/v2\/types\/product"}],"wp:featuredmedia":[{"embeddable":true,"href":"https:\/\/gjiniherbal.com\/sq\/wp-json\/wp\/v2\/media\/3062"}],"wp:attachment":[{"href":"https:\/\/gjiniherbal.com\/sq\/wp-json\/wp\/v2\/media?parent=3024"}],"wp:term":[{"taxonomy":"product_brand","embeddable":true,"href":"https:\/\/gjiniherbal.com\/sq\/wp-json\/wp\/v2\/product_brand?post=3024"},{"taxonomy":"product_cat","embeddable":true,"href":"https:\/\/gjiniherbal.com\/sq\/wp-json\/wp\/v2\/product_cat?post=3024"},{"taxonomy":"product_tag","embeddable":true,"href":"https:\/\/gjiniherbal.com\/sq\/wp-json\/wp\/v2\/product_tag?post=3024"}],"curies":[{"name":"wp","href":"https:\/\/api.w.org\/{rel}","templated":true}]}}