{"id":3023,"date":"2024-10-14T19:48:31","date_gmt":"2024-10-14T17:48:31","guid":{"rendered":"https:\/\/gjiniherbal.com\/?post_type=product&#038;p=3023"},"modified":"2025-01-15T14:10:33","modified_gmt":"2025-01-15T13:10:33","slug":"celenes-locion-sprej-me-krem-kunder-diellit-30-spf-150-ml","status":"publish","type":"product","link":"https:\/\/gjiniherbal.com\/sq\/produkt\/kujdes-i-lekures\/celenes-locion-sprej-me-krem-kunder-diellit-30-spf-150-ml\/","title":{"rendered":"CELENES Locion sprej me krem \u200b\u200bkund\u00ebr diellit 30 Spf 150 ml"},"content":{"rendered":"<p>I formuluar me nj\u00eb p\u00ebrzierje t\u00eb filtrave minerale dhe organik\u00eb t\u00eb diellit, ky krem \u200b\u200bkund\u00ebr diellit siguron mbrojtje t\u00eb plot\u00eb kund\u00ebr rrezeve UVA dhe UVB, duke parandaluar n\u00eb m\u00ebnyr\u00eb efektive plakjen e l\u00ebkur\u00ebs, njollat \u200b\u200be diellit dhe djegiet nga dielli.<br \/>\nForma e sp\u00ebrkatjes &#8216;pa gaz&#8217; rrit komoditetin e p\u00ebrdoruesit, duke e b\u00ebr\u00eb t\u00eb leht\u00eb aplikimin dhe p\u00ebrhapjen n\u00eb l\u00ebkur\u00eb. Me nj\u00eb ve\u00e7ori rezistente ndaj ujit, ofron mbrojtje afatgjat\u00eb dhe \u00ebsht\u00eb i p\u00ebrshtatsh\u00ebm p\u00ebr individ\u00eb t\u00eb t\u00eb gjitha moshave dhe llojeve t\u00eb l\u00ebkur\u00ebs.<br \/>\nI p\u00ebrkushtuar p\u00ebr sh\u00ebndetin e l\u00ebkur\u00ebs, produkti \u00ebsht\u00eb pa parabene, parfum, alkool, gaz dhe vaj mineral, duke siguruar nj\u00eb p\u00ebrvoj\u00eb t\u00eb past\u00ebr dhe t\u00eb gjithanshme t\u00eb mbrojtjes nga dielli.<\/p>\n<p>&#8211; Me filtrat e tij mineral dhe organik\u00eb t\u00eb diellit siguron mbrojtje t\u00eb plot\u00eb kund\u00ebr rrezeve UVA+UVB, parandalon plakjen e l\u00ebkur\u00ebs, njollat \u200b\u200bdhe djegiet nga dielli.<br \/>\n&#8211; Siguron p\u00ebrdorim t\u00eb rehatsh\u00ebm me form\u00ebn e tij sprej &#8220;pa gaz&#8221; dhe p\u00ebrhapet leht\u00ebsisht n\u00eb l\u00ebkur\u00eb<br \/>\n&#8211; Ofron mbrojtje afatgjat\u00eb me ve\u00e7ori rezistente ndaj ujit.\u200b<br \/>\n&#8211; I p\u00ebrshtatsh\u00ebm p\u00ebr t\u00eb gjitha moshat dhe llojet e l\u00ebkur\u00ebs.<\/p>\n<p>Nuk p\u00ebrmban paraben, parfum, alkool, gaz dhe vaj mineral.<\/p>\n<p>P\u00ebrdorimi: Tundeni p\u00ebrpara p\u00ebrdorimit. Aplikojeni p\u00ebrpara se t\u00eb ekspozoheni n\u00eb diell. Ri-aplikojeni pas notit, djersitjes apo tharjes me peshqir.<\/p>","protected":false},"excerpt":{"rendered":"<p>&#8211; Me filtrat e tij mineral dhe organik\u00eb t\u00eb diellit siguron mbrojtje t\u00eb plot\u00eb kund\u00ebr rrezeve UVA+UVB, parandalon plakjen e l\u00ebkur\u00ebs, njollat \u200b\u200bdhe djegiet nga dielli.<br \/>\n&#8211; Siguron p\u00ebrdorim t\u00eb rehatsh\u00ebm me form\u00ebn e tij sprej &#8220;pa gaz&#8221; dhe p\u00ebrhapet leht\u00ebsisht n\u00eb l\u00ebkur\u00eb<br \/>\n&#8211; Ofron mbrojtje afatgjat\u00eb me ve\u00e7ori rezistente ndaj ujit.\u200b<br \/>\n&#8211; I p\u00ebrshtatsh\u00ebm p\u00ebr t\u00eb gjitha moshat dhe llojet e l\u00ebkur\u00ebs.<\/p>","protected":false},"featured_media":3061,"template":"","meta":{"_acf_changed":false,"_et_pb_use_builder":"","_et_pb_old_content":"","_et_gb_content_width":"","_monsterinsights_skip_tracking":false,"_monsterinsights_sitenote_active":false,"_monsterinsights_sitenote_note":"","_monsterinsights_sitenote_category":0,"_joinchat":[]},"product_brand":[],"product_cat":[480],"product_tag":[1065,1058],"class_list":{"0":"post-3023","1":"product","2":"type-product","3":"status-publish","4":"has-post-thumbnail","6":"product_cat-kujdes-i-lekures","7":"product_tag-spf-30","8":"product_tag-sprej","10":"first","11":"instock","12":"shipping-taxable","13":"purchasable","14":"product-type-simple"},"acf":[],"yoast_head":"<!-- This site is optimized with the Yoast SEO plugin v27.4 - https:\/\/yoast.com\/product\/yoast-seo-wordpress\/ -->\n<title>CELENES Locion sprej me krem \u200b\u200bkund\u00ebr diellit 30 Spf 150 ml<\/title>\n<meta name=\"description\" content=\"I formuluar me nj\u00eb p\u00ebrzierje t\u00eb filtrave minerale dhe organik\u00eb t\u00eb diellit, ky krem \u200b\u200bkund\u00ebr diellit siguron mbrojtje t\u00eb plot\u00eb kund\u00ebr rrezeve UVA dhe UVB, duke parandaluar n\u00eb m\u00ebnyr\u00eb efektive plakjen e l\u00ebkur\u00ebs, njollat \u200b\u200be diellit dhe djegiet nga dielli.Forma e sp\u00ebrkatjes &#039;pa gaz&#039; rrit komoditetin e p\u00ebrdoruesit, duke e b\u00ebr\u00eb t\u00eb leht\u00eb aplikimin dhe p\u00ebrhapjen n\u00eb l\u00ebkur\u00eb. Me nj\u00eb ve\u00e7ori rezistente ndaj ujit, ofron mbrojtje afatgjat\u00eb dhe \u00ebsht\u00eb i p\u00ebrshtatsh\u00ebm p\u00ebr individ\u00eb t\u00eb t\u00eb gjitha moshave dhe llojeve t\u00eb l\u00ebkur\u00ebs.I p\u00ebrkushtuar p\u00ebr sh\u00ebndetin e l\u00ebkur\u00ebs, produkti \u00ebsht\u00eb pa parabene, parfum, alkool, gaz dhe vaj mineral, duke siguruar nj\u00eb p\u00ebrvoj\u00eb t\u00eb past\u00ebr dhe t\u00eb gjithanshme t\u00eb mbrojtjes nga dielli.\" \/>\n<meta name=\"robots\" content=\"index, follow, max-snippet:-1, max-image-preview:large, max-video-preview:-1\" \/>\n<link rel=\"canonical\" href=\"https:\/\/gjiniherbal.com\/sq\/produkt\/kujdes-i-lekures\/celenes-locion-sprej-me-krem-kunder-diellit-30-spf-150-ml\/\" \/>\n<meta property=\"og:locale\" content=\"sq_AL\" \/>\n<meta property=\"og:type\" content=\"article\" \/>\n<meta property=\"og:title\" content=\"CELENES Locion sprej me krem \u200b\u200bkund\u00ebr diellit 30 Spf 150 ml\" \/>\n<meta property=\"og:description\" content=\"I formuluar me nj\u00eb p\u00ebrzierje t\u00eb filtrave minerale dhe organik\u00eb t\u00eb diellit, ky krem \u200b\u200bkund\u00ebr diellit siguron mbrojtje t\u00eb plot\u00eb kund\u00ebr rrezeve UVA dhe UVB, duke parandaluar n\u00eb m\u00ebnyr\u00eb efektive plakjen e l\u00ebkur\u00ebs, njollat \u200b\u200be diellit dhe djegiet nga dielli.Forma e sp\u00ebrkatjes &#039;pa gaz&#039; rrit komoditetin e p\u00ebrdoruesit, duke e b\u00ebr\u00eb t\u00eb leht\u00eb aplikimin dhe p\u00ebrhapjen n\u00eb l\u00ebkur\u00eb. Me nj\u00eb ve\u00e7ori rezistente ndaj ujit, ofron mbrojtje afatgjat\u00eb dhe \u00ebsht\u00eb i p\u00ebrshtatsh\u00ebm p\u00ebr individ\u00eb t\u00eb t\u00eb gjitha moshave dhe llojeve t\u00eb l\u00ebkur\u00ebs.I p\u00ebrkushtuar p\u00ebr sh\u00ebndetin e l\u00ebkur\u00ebs, produkti \u00ebsht\u00eb pa parabene, parfum, alkool, gaz dhe vaj mineral, duke siguruar nj\u00eb p\u00ebrvoj\u00eb t\u00eb past\u00ebr dhe t\u00eb gjithanshme t\u00eb mbrojtjes nga dielli.\" \/>\n<meta property=\"og:url\" content=\"https:\/\/gjiniherbal.com\/sq\/produkt\/kujdes-i-lekures\/celenes-locion-sprej-me-krem-kunder-diellit-30-spf-150-ml\/\" \/>\n<meta property=\"og:site_name\" content=\"Gjini Herbal\" \/>\n<meta property=\"article:publisher\" content=\"https:\/\/facebook.com\/gjiniherbal\" \/>\n<meta property=\"article:modified_time\" content=\"2025-01-15T13:10:33+00:00\" \/>\n<meta property=\"og:image\" content=\"https:\/\/gjiniherbal.com\/wp-content\/uploads\/2024\/10\/SunspraySPF50-EU.webp\" \/>\n\t<meta property=\"og:image:width\" content=\"1000\" \/>\n\t<meta property=\"og:image:height\" content=\"1000\" \/>\n\t<meta property=\"og:image:type\" content=\"image\/webp\" \/>\n<meta name=\"twitter:card\" content=\"summary_large_image\" \/>\n<meta name=\"twitter:label1\" content=\"Est. reading time\" \/>\n\t<meta name=\"twitter:data1\" content=\"2 minuta\" \/>\n<script type=\"application\/ld+json\" class=\"yoast-schema-graph\">{\"@context\":\"https:\\\/\\\/schema.org\",\"@graph\":[{\"@type\":\"WebPage\",\"@id\":\"https:\\\/\\\/gjiniherbal.com\\\/produkt\\\/kujdes-i-lekures\\\/celenes-locion-sprej-me-krem-kunder-diellit-30-spf-150-ml\\\/\",\"url\":\"https:\\\/\\\/gjiniherbal.com\\\/produkt\\\/kujdes-i-lekures\\\/celenes-locion-sprej-me-krem-kunder-diellit-30-spf-150-ml\\\/\",\"name\":\"CELENES Locion sprej me krem \u200b\u200bkund\u00ebr diellit 30 Spf 150 ml\",\"isPartOf\":{\"@id\":\"https:\\\/\\\/gjiniherbal.com\\\/#website\"},\"primaryImageOfPage\":{\"@id\":\"https:\\\/\\\/gjiniherbal.com\\\/produkt\\\/kujdes-i-lekures\\\/celenes-locion-sprej-me-krem-kunder-diellit-30-spf-150-ml\\\/#primaryimage\"},\"image\":{\"@id\":\"https:\\\/\\\/gjiniherbal.com\\\/produkt\\\/kujdes-i-lekures\\\/celenes-locion-sprej-me-krem-kunder-diellit-30-spf-150-ml\\\/#primaryimage\"},\"thumbnailUrl\":\"https:\\\/\\\/gjiniherbal.com\\\/wp-content\\\/uploads\\\/2024\\\/10\\\/SunspraySPF50-EU.webp\",\"datePublished\":\"2024-10-14T17:48:31+00:00\",\"dateModified\":\"2025-01-15T13:10:33+00:00\",\"description\":\"I formuluar me nj\u00eb p\u00ebrzierje t\u00eb filtrave minerale dhe organik\u00eb t\u00eb diellit, ky krem \u200b\u200bkund\u00ebr diellit siguron mbrojtje t\u00eb plot\u00eb kund\u00ebr rrezeve UVA dhe UVB, duke parandaluar n\u00eb m\u00ebnyr\u00eb efektive plakjen e l\u00ebkur\u00ebs, njollat \u200b\u200be diellit dhe djegiet nga dielli.Forma e sp\u00ebrkatjes 'pa gaz' rrit komoditetin e p\u00ebrdoruesit, duke e b\u00ebr\u00eb t\u00eb leht\u00eb aplikimin dhe p\u00ebrhapjen n\u00eb l\u00ebkur\u00eb. Me nj\u00eb ve\u00e7ori rezistente ndaj ujit, ofron mbrojtje afatgjat\u00eb dhe \u00ebsht\u00eb i p\u00ebrshtatsh\u00ebm p\u00ebr individ\u00eb t\u00eb t\u00eb gjitha moshave dhe llojeve t\u00eb l\u00ebkur\u00ebs.I p\u00ebrkushtuar p\u00ebr sh\u00ebndetin e l\u00ebkur\u00ebs, produkti \u00ebsht\u00eb pa parabene, parfum, alkool, gaz dhe vaj mineral, duke siguruar nj\u00eb p\u00ebrvoj\u00eb t\u00eb past\u00ebr dhe t\u00eb gjithanshme t\u00eb mbrojtjes nga dielli.\",\"breadcrumb\":{\"@id\":\"https:\\\/\\\/gjiniherbal.com\\\/produkt\\\/kujdes-i-lekures\\\/celenes-locion-sprej-me-krem-kunder-diellit-30-spf-150-ml\\\/#breadcrumb\"},\"inLanguage\":\"sq\",\"potentialAction\":[{\"@type\":\"ReadAction\",\"target\":[\"https:\\\/\\\/gjiniherbal.com\\\/produkt\\\/kujdes-i-lekures\\\/celenes-locion-sprej-me-krem-kunder-diellit-30-spf-150-ml\\\/\"]}]},{\"@type\":\"ImageObject\",\"inLanguage\":\"sq\",\"@id\":\"https:\\\/\\\/gjiniherbal.com\\\/produkt\\\/kujdes-i-lekures\\\/celenes-locion-sprej-me-krem-kunder-diellit-30-spf-150-ml\\\/#primaryimage\",\"url\":\"https:\\\/\\\/gjiniherbal.com\\\/wp-content\\\/uploads\\\/2024\\\/10\\\/SunspraySPF50-EU.webp\",\"contentUrl\":\"https:\\\/\\\/gjiniherbal.com\\\/wp-content\\\/uploads\\\/2024\\\/10\\\/SunspraySPF50-EU.webp\",\"width\":1000,\"height\":1000},{\"@type\":\"BreadcrumbList\",\"@id\":\"https:\\\/\\\/gjiniherbal.com\\\/produkt\\\/kujdes-i-lekures\\\/celenes-locion-sprej-me-krem-kunder-diellit-30-spf-150-ml\\\/#breadcrumb\",\"itemListElement\":[{\"@type\":\"ListItem\",\"position\":1,\"name\":\"Home\",\"item\":\"https:\\\/\\\/gjiniherbal.com\\\/en_us\\\/\"},{\"@type\":\"ListItem\",\"position\":2,\"name\":\"Shop\",\"item\":\"https:\\\/\\\/gjiniherbal.com\\\/en_us\\\/shop\\\/\"},{\"@type\":\"ListItem\",\"position\":3,\"name\":\"CELENES Locion sprej me krem \u200b\u200bkund\u00ebr diellit 30 Spf 150 ml\"}]},{\"@type\":\"WebSite\",\"@id\":\"https:\\\/\\\/gjiniherbal.com\\\/#website\",\"url\":\"https:\\\/\\\/gjiniherbal.com\\\/\",\"name\":\"Gjini Herbal\",\"description\":\"Produkte Natyrale\",\"publisher\":{\"@id\":\"https:\\\/\\\/gjiniherbal.com\\\/#organization\"},\"potentialAction\":[{\"@type\":\"SearchAction\",\"target\":{\"@type\":\"EntryPoint\",\"urlTemplate\":\"https:\\\/\\\/gjiniherbal.com\\\/?s={search_term_string}\"},\"query-input\":{\"@type\":\"PropertyValueSpecification\",\"valueRequired\":true,\"valueName\":\"search_term_string\"}}],\"inLanguage\":\"sq\"},{\"@type\":\"Organization\",\"@id\":\"https:\\\/\\\/gjiniherbal.com\\\/#organization\",\"name\":\"Gjini Herbal\",\"url\":\"https:\\\/\\\/gjiniherbal.com\\\/\",\"logo\":{\"@type\":\"ImageObject\",\"inLanguage\":\"sq\",\"@id\":\"https:\\\/\\\/gjiniherbal.com\\\/#\\\/schema\\\/logo\\\/image\\\/\",\"url\":\"https:\\\/\\\/gjiniherbal.com\\\/wp-content\\\/uploads\\\/2022\\\/07\\\/gjini-herbal-logo.png\",\"contentUrl\":\"https:\\\/\\\/gjiniherbal.com\\\/wp-content\\\/uploads\\\/2022\\\/07\\\/gjini-herbal-logo.png\",\"width\":652,\"height\":262,\"caption\":\"Gjini Herbal\"},\"image\":{\"@id\":\"https:\\\/\\\/gjiniherbal.com\\\/#\\\/schema\\\/logo\\\/image\\\/\"},\"sameAs\":[\"https:\\\/\\\/facebook.com\\\/gjiniherbal\",\"https:\\\/\\\/instagram.com\\\/gjiniherbal\",\"https:\\\/\\\/www.youtube.com\\\/channel\\\/UC_tHHueG-qxycnvdro4jHtQ\"]}]}<\/script>\n<!-- \/ Yoast SEO plugin. -->","yoast_head_json":{"title":"CELENES Locion sprej me krem \u200b\u200bkund\u00ebr diellit 30 Spf 150 ml","description":"I formuluar me nj\u00eb p\u00ebrzierje t\u00eb filtrave minerale dhe organik\u00eb t\u00eb diellit, ky krem \u200b\u200bkund\u00ebr diellit siguron mbrojtje t\u00eb plot\u00eb kund\u00ebr rrezeve UVA dhe UVB, duke parandaluar n\u00eb m\u00ebnyr\u00eb efektive plakjen e l\u00ebkur\u00ebs, njollat \u200b\u200be diellit dhe djegiet nga dielli.Forma e sp\u00ebrkatjes 'pa gaz' rrit komoditetin e p\u00ebrdoruesit, duke e b\u00ebr\u00eb t\u00eb leht\u00eb aplikimin dhe p\u00ebrhapjen n\u00eb l\u00ebkur\u00eb. Me nj\u00eb ve\u00e7ori rezistente ndaj ujit, ofron mbrojtje afatgjat\u00eb dhe \u00ebsht\u00eb i p\u00ebrshtatsh\u00ebm p\u00ebr individ\u00eb t\u00eb t\u00eb gjitha moshave dhe llojeve t\u00eb l\u00ebkur\u00ebs.I p\u00ebrkushtuar p\u00ebr sh\u00ebndetin e l\u00ebkur\u00ebs, produkti \u00ebsht\u00eb pa parabene, parfum, alkool, gaz dhe vaj mineral, duke siguruar nj\u00eb p\u00ebrvoj\u00eb t\u00eb past\u00ebr dhe t\u00eb gjithanshme t\u00eb mbrojtjes nga dielli.","robots":{"index":"index","follow":"follow","max-snippet":"max-snippet:-1","max-image-preview":"max-image-preview:large","max-video-preview":"max-video-preview:-1"},"canonical":"https:\/\/gjiniherbal.com\/sq\/produkt\/kujdes-i-lekures\/celenes-locion-sprej-me-krem-kunder-diellit-30-spf-150-ml\/","og_locale":"sq_AL","og_type":"article","og_title":"CELENES Locion sprej me krem \u200b\u200bkund\u00ebr diellit 30 Spf 150 ml","og_description":"I formuluar me nj\u00eb p\u00ebrzierje t\u00eb filtrave minerale dhe organik\u00eb t\u00eb diellit, ky krem \u200b\u200bkund\u00ebr diellit siguron mbrojtje t\u00eb plot\u00eb kund\u00ebr rrezeve UVA dhe UVB, duke parandaluar n\u00eb m\u00ebnyr\u00eb efektive plakjen e l\u00ebkur\u00ebs, njollat \u200b\u200be diellit dhe djegiet nga dielli.Forma e sp\u00ebrkatjes 'pa gaz' rrit komoditetin e p\u00ebrdoruesit, duke e b\u00ebr\u00eb t\u00eb leht\u00eb aplikimin dhe p\u00ebrhapjen n\u00eb l\u00ebkur\u00eb. Me nj\u00eb ve\u00e7ori rezistente ndaj ujit, ofron mbrojtje afatgjat\u00eb dhe \u00ebsht\u00eb i p\u00ebrshtatsh\u00ebm p\u00ebr individ\u00eb t\u00eb t\u00eb gjitha moshave dhe llojeve t\u00eb l\u00ebkur\u00ebs.I p\u00ebrkushtuar p\u00ebr sh\u00ebndetin e l\u00ebkur\u00ebs, produkti \u00ebsht\u00eb pa parabene, parfum, alkool, gaz dhe vaj mineral, duke siguruar nj\u00eb p\u00ebrvoj\u00eb t\u00eb past\u00ebr dhe t\u00eb gjithanshme t\u00eb mbrojtjes nga dielli.","og_url":"https:\/\/gjiniherbal.com\/sq\/produkt\/kujdes-i-lekures\/celenes-locion-sprej-me-krem-kunder-diellit-30-spf-150-ml\/","og_site_name":"Gjini Herbal","article_publisher":"https:\/\/facebook.com\/gjiniherbal","article_modified_time":"2025-01-15T13:10:33+00:00","og_image":[{"width":1000,"height":1000,"url":"https:\/\/gjiniherbal.com\/wp-content\/uploads\/2024\/10\/SunspraySPF50-EU.webp","type":"image\/webp"}],"twitter_card":"summary_large_image","twitter_misc":{"Est. reading time":"2 minuta"},"schema":{"@context":"https:\/\/schema.org","@graph":[{"@type":"WebPage","@id":"https:\/\/gjiniherbal.com\/produkt\/kujdes-i-lekures\/celenes-locion-sprej-me-krem-kunder-diellit-30-spf-150-ml\/","url":"https:\/\/gjiniherbal.com\/produkt\/kujdes-i-lekures\/celenes-locion-sprej-me-krem-kunder-diellit-30-spf-150-ml\/","name":"CELENES Locion sprej me krem \u200b\u200bkund\u00ebr diellit 30 Spf 150 ml","isPartOf":{"@id":"https:\/\/gjiniherbal.com\/#website"},"primaryImageOfPage":{"@id":"https:\/\/gjiniherbal.com\/produkt\/kujdes-i-lekures\/celenes-locion-sprej-me-krem-kunder-diellit-30-spf-150-ml\/#primaryimage"},"image":{"@id":"https:\/\/gjiniherbal.com\/produkt\/kujdes-i-lekures\/celenes-locion-sprej-me-krem-kunder-diellit-30-spf-150-ml\/#primaryimage"},"thumbnailUrl":"https:\/\/gjiniherbal.com\/wp-content\/uploads\/2024\/10\/SunspraySPF50-EU.webp","datePublished":"2024-10-14T17:48:31+00:00","dateModified":"2025-01-15T13:10:33+00:00","description":"I formuluar me nj\u00eb p\u00ebrzierje t\u00eb filtrave minerale dhe organik\u00eb t\u00eb diellit, ky krem \u200b\u200bkund\u00ebr diellit siguron mbrojtje t\u00eb plot\u00eb kund\u00ebr rrezeve UVA dhe UVB, duke parandaluar n\u00eb m\u00ebnyr\u00eb efektive plakjen e l\u00ebkur\u00ebs, njollat \u200b\u200be diellit dhe djegiet nga dielli.Forma e sp\u00ebrkatjes 'pa gaz' rrit komoditetin e p\u00ebrdoruesit, duke e b\u00ebr\u00eb t\u00eb leht\u00eb aplikimin dhe p\u00ebrhapjen n\u00eb l\u00ebkur\u00eb. Me nj\u00eb ve\u00e7ori rezistente ndaj ujit, ofron mbrojtje afatgjat\u00eb dhe \u00ebsht\u00eb i p\u00ebrshtatsh\u00ebm p\u00ebr individ\u00eb t\u00eb t\u00eb gjitha moshave dhe llojeve t\u00eb l\u00ebkur\u00ebs.I p\u00ebrkushtuar p\u00ebr sh\u00ebndetin e l\u00ebkur\u00ebs, produkti \u00ebsht\u00eb pa parabene, parfum, alkool, gaz dhe vaj mineral, duke siguruar nj\u00eb p\u00ebrvoj\u00eb t\u00eb past\u00ebr dhe t\u00eb gjithanshme t\u00eb mbrojtjes nga dielli.","breadcrumb":{"@id":"https:\/\/gjiniherbal.com\/produkt\/kujdes-i-lekures\/celenes-locion-sprej-me-krem-kunder-diellit-30-spf-150-ml\/#breadcrumb"},"inLanguage":"sq","potentialAction":[{"@type":"ReadAction","target":["https:\/\/gjiniherbal.com\/produkt\/kujdes-i-lekures\/celenes-locion-sprej-me-krem-kunder-diellit-30-spf-150-ml\/"]}]},{"@type":"ImageObject","inLanguage":"sq","@id":"https:\/\/gjiniherbal.com\/produkt\/kujdes-i-lekures\/celenes-locion-sprej-me-krem-kunder-diellit-30-spf-150-ml\/#primaryimage","url":"https:\/\/gjiniherbal.com\/wp-content\/uploads\/2024\/10\/SunspraySPF50-EU.webp","contentUrl":"https:\/\/gjiniherbal.com\/wp-content\/uploads\/2024\/10\/SunspraySPF50-EU.webp","width":1000,"height":1000},{"@type":"BreadcrumbList","@id":"https:\/\/gjiniherbal.com\/produkt\/kujdes-i-lekures\/celenes-locion-sprej-me-krem-kunder-diellit-30-spf-150-ml\/#breadcrumb","itemListElement":[{"@type":"ListItem","position":1,"name":"Home","item":"https:\/\/gjiniherbal.com\/en_us\/"},{"@type":"ListItem","position":2,"name":"Shop","item":"https:\/\/gjiniherbal.com\/en_us\/shop\/"},{"@type":"ListItem","position":3,"name":"CELENES Locion sprej me krem \u200b\u200bkund\u00ebr diellit 30 Spf 150 ml"}]},{"@type":"WebSite","@id":"https:\/\/gjiniherbal.com\/#website","url":"https:\/\/gjiniherbal.com\/","name":"Gjini Herbal","description":"Produkte Natyrale","publisher":{"@id":"https:\/\/gjiniherbal.com\/#organization"},"potentialAction":[{"@type":"SearchAction","target":{"@type":"EntryPoint","urlTemplate":"https:\/\/gjiniherbal.com\/?s={search_term_string}"},"query-input":{"@type":"PropertyValueSpecification","valueRequired":true,"valueName":"search_term_string"}}],"inLanguage":"sq"},{"@type":"Organization","@id":"https:\/\/gjiniherbal.com\/#organization","name":"Gjini Herbal","url":"https:\/\/gjiniherbal.com\/","logo":{"@type":"ImageObject","inLanguage":"sq","@id":"https:\/\/gjiniherbal.com\/#\/schema\/logo\/image\/","url":"https:\/\/gjiniherbal.com\/wp-content\/uploads\/2022\/07\/gjini-herbal-logo.png","contentUrl":"https:\/\/gjiniherbal.com\/wp-content\/uploads\/2022\/07\/gjini-herbal-logo.png","width":652,"height":262,"caption":"Gjini Herbal"},"image":{"@id":"https:\/\/gjiniherbal.com\/#\/schema\/logo\/image\/"},"sameAs":["https:\/\/facebook.com\/gjiniherbal","https:\/\/instagram.com\/gjiniherbal","https:\/\/www.youtube.com\/channel\/UC_tHHueG-qxycnvdro4jHtQ"]}]}},"jetpack-related-posts":[],"jetpack_sharing_enabled":true,"_links":{"self":[{"href":"https:\/\/gjiniherbal.com\/sq\/wp-json\/wp\/v2\/product\/3023","targetHints":{"allow":["GET"]}}],"collection":[{"href":"https:\/\/gjiniherbal.com\/sq\/wp-json\/wp\/v2\/product"}],"about":[{"href":"https:\/\/gjiniherbal.com\/sq\/wp-json\/wp\/v2\/types\/product"}],"wp:featuredmedia":[{"embeddable":true,"href":"https:\/\/gjiniherbal.com\/sq\/wp-json\/wp\/v2\/media\/3061"}],"wp:attachment":[{"href":"https:\/\/gjiniherbal.com\/sq\/wp-json\/wp\/v2\/media?parent=3023"}],"wp:term":[{"taxonomy":"product_brand","embeddable":true,"href":"https:\/\/gjiniherbal.com\/sq\/wp-json\/wp\/v2\/product_brand?post=3023"},{"taxonomy":"product_cat","embeddable":true,"href":"https:\/\/gjiniherbal.com\/sq\/wp-json\/wp\/v2\/product_cat?post=3023"},{"taxonomy":"product_tag","embeddable":true,"href":"https:\/\/gjiniherbal.com\/sq\/wp-json\/wp\/v2\/product_tag?post=3023"}],"curies":[{"name":"wp","href":"https:\/\/api.w.org\/{rel}","templated":true}]}}