{"id":3015,"date":"2024-10-14T19:02:38","date_gmt":"2024-10-14T17:02:38","guid":{"rendered":"https:\/\/gjiniherbal.com\/?post_type=product&#038;p=3015"},"modified":"2025-01-16T14:46:10","modified_gmt":"2025-01-16T13:46:10","slug":"celenes-krem-balancues-per-fytyren-sea-buckthorn-50-ml","status":"publish","type":"product","link":"https:\/\/gjiniherbal.com\/sq\/produkt\/kujdesi-fytyres\/celenes-krem-balancues-per-fytyren-sea-buckthorn-50-ml\/","title":{"rendered":"CELENES Krem balancues p\u00ebr fytyr\u00ebn Sea Buckthorn 50 ml"},"content":{"rendered":"<p>I p\u00ebrshtatur p\u00ebr l\u00ebkur\u00eb t\u00eb yndyrshme dhe t\u00eb kombinuar, ky produkt p\u00ebr kujdesin e l\u00ebkur\u00ebs krenohet me nj\u00eb formul\u00eb t\u00eb ve\u00e7ant\u00eb t\u00eb krijuar p\u00ebr t\u00eb ruajtur ekuilibrin natyral t\u00eb yndyr\u00ebs s\u00eb l\u00ebkur\u00ebs.<br \/>\nAi shkon p\u00ebrtej mir\u00ebmbajtjes, duke mb\u00ebshtetur n\u00eb m\u00ebnyr\u00eb aktive prodhimin e kolagjenit p\u00ebr t\u00eb rritur elasticitetin dhe p\u00ebr t\u00eb promovuar riparimin e l\u00ebkur\u00ebs.<br \/>\nP\u00ebrfshirja e Sea Buckthorn jep nj\u00eb efekt t\u00eb dobish\u00ebm antioksidues.<br \/>\nI pasuruar me vitamina C dhe B, ushqen l\u00ebkur\u00ebn, duke kontribuar n\u00eb sh\u00ebndetin dhe vitalitetin e saj t\u00eb p\u00ebrgjithsh\u00ebm.<br \/>\nE v\u00ebrtet\u00eb ndaj angazhimit t\u00eb saj p\u00ebr mir\u00ebqenien e l\u00ebkur\u00ebs, formulimi p\u00ebrjashton paraben\u00ebt, alkoolin dhe vajin mineral, duke siguruar nj\u00eb p\u00ebrvoj\u00eb t\u00eb past\u00ebr dhe rinovuese t\u00eb kujdesit t\u00eb l\u00ebkur\u00ebs.<\/p>\n<p>&#8211; Me formul\u00ebn e tij t\u00eb ve\u00e7ant\u00eb t\u00eb zhvilluar p\u00ebr l\u00ebkur\u00eb t\u00eb yndyrshme dhe t\u00eb kombinuar, ndihmon n\u00eb ruajtjen e ekuilibrit natyral t\u00eb yndyr\u00ebs s\u00eb l\u00ebkur\u00ebs.<br \/>\n&#8211; Mb\u00ebshtet prodhimin e kolagjenit, duke rritur elasticitetin dhe riparimin e l\u00ebkur\u00ebs.<br \/>\n&#8211; Jep efekt antioksidant.<br \/>\n&#8211; Ushqen l\u00ebkur\u00ebn me vitamina C dhe B.<\/p>\n<p>Nuk p\u00ebrmban paraben, alkool dhe vaj mineral.<\/p>\n<p>P\u00ebrdorimi: Aplikojeni n\u00eb m\u00ebngjes dhe dark\u00eb n\u00eb l\u00ebkur\u00eb t\u00eb past\u00ebr, duke masazhuar leht\u00ebsisht.<\/p>","protected":false},"excerpt":{"rendered":"<p>&#8211; Me formul\u00ebn e tij t\u00eb ve\u00e7ant\u00eb t\u00eb zhvilluar p\u00ebr l\u00ebkur\u00eb t\u00eb yndyrshme dhe t\u00eb kombinuar, ndihmon n\u00eb ruajtjen e ekuilibrit natyral t\u00eb yndyr\u00ebs s\u00eb l\u00ebkur\u00ebs.<br \/>\n&#8211; Mb\u00ebshtet prodhimin e kolagjenit, duke rritur elasticitetin dhe riparimin e l\u00ebkur\u00ebs.<br \/>\n&#8211; Jep efekt antioksidant.<br \/>\n&#8211; Ushqen l\u00ebkur\u00ebn me vitamina C dhe B.<\/p>","protected":false},"featured_media":3054,"template":"","meta":{"_acf_changed":false,"_et_pb_use_builder":"","_et_pb_old_content":"","_et_gb_content_width":"","_monsterinsights_skip_tracking":false,"_monsterinsights_sitenote_active":false,"_monsterinsights_sitenote_note":"","_monsterinsights_sitenote_category":0,"_joinchat":[]},"product_brand":[],"product_cat":[831],"product_tag":[845,508,614],"class_list":{"0":"post-3015","1":"product","2":"type-product","3":"status-publish","4":"has-post-thumbnail","6":"product_cat-kujdesi-fytyres","7":"product_tag-fytyra","8":"product_tag-krem","9":"product_tag-vitamina","11":"first","12":"instock","13":"shipping-taxable","14":"purchasable","15":"product-type-simple"},"acf":[],"jetpack-related-posts":[],"jetpack_sharing_enabled":true,"_links":{"self":[{"href":"https:\/\/gjiniherbal.com\/sq\/wp-json\/wp\/v2\/product\/3015","targetHints":{"allow":["GET"]}}],"collection":[{"href":"https:\/\/gjiniherbal.com\/sq\/wp-json\/wp\/v2\/product"}],"about":[{"href":"https:\/\/gjiniherbal.com\/sq\/wp-json\/wp\/v2\/types\/product"}],"wp:featuredmedia":[{"embeddable":true,"href":"https:\/\/gjiniherbal.com\/sq\/wp-json\/wp\/v2\/media\/3054"}],"wp:attachment":[{"href":"https:\/\/gjiniherbal.com\/sq\/wp-json\/wp\/v2\/media?parent=3015"}],"wp:term":[{"taxonomy":"product_brand","embeddable":true,"href":"https:\/\/gjiniherbal.com\/sq\/wp-json\/wp\/v2\/product_brand?post=3015"},{"taxonomy":"product_cat","embeddable":true,"href":"https:\/\/gjiniherbal.com\/sq\/wp-json\/wp\/v2\/product_cat?post=3015"},{"taxonomy":"product_tag","embeddable":true,"href":"https:\/\/gjiniherbal.com\/sq\/wp-json\/wp\/v2\/product_tag?post=3015"}],"curies":[{"name":"wp","href":"https:\/\/api.w.org\/{rel}","templated":true}]}}