{"id":3013,"date":"2024-10-14T18:58:06","date_gmt":"2024-10-14T16:58:06","guid":{"rendered":"https:\/\/gjiniherbal.com\/?post_type=product&#038;p=3013"},"modified":"2025-01-16T15:12:40","modified_gmt":"2025-01-16T14:12:40","slug":"celenes-xhel-pastrues-termik-me-shkume-vajore-kombinim-250-ml","status":"publish","type":"product","link":"https:\/\/gjiniherbal.com\/sq\/produkt\/kujdesi-fytyres\/celenes-xhel-pastrues-termik-me-shkume-vajore-kombinim-250-ml\/","title":{"rendered":"CELENES Xhel pastrues termik me shkum\u00eb (vajore\/ kombinim) 250 ml"},"content":{"rendered":"<p>Kjo zgjidhje shum\u00ebfunksionale eliminon n\u00eb m\u00ebnyr\u00eb delikate grimin nd\u00ebrsa nj\u00ebkoh\u00ebsisht e ushqen l\u00ebkur\u00ebn me lag\u00ebshti.<\/p>\n<p>Heqja efektive e vajit dhe papast\u00ebrtis\u00eb s\u00eb tep\u00ebrt arrihet pa cenuar integritetin e l\u00ebkur\u00ebs.<\/p>\n<p>I mbushur me ekstrakte qet\u00ebsuese t\u00eb kamomilit dhe kamelias, ofron nj\u00eb p\u00ebrvoj\u00eb qet\u00ebsuese, duke nxitur relaksimin. P\u00ebrfshirja e kastravecit, ekstrakteve t\u00eb limonit dhe mineraleve kontribuon n\u00eb reduktimin e rrudhave t\u00eb im\u00ebta.<\/p>\n<p>E pasuruar me nj\u00eb p\u00ebrb\u00ebrje t\u00eb dendur me minerale, ajo plot\u00ebson k\u00ebrkesat e l\u00ebkur\u00ebs p\u00ebr lag\u00ebshti, duke siguruar nj\u00eb \u00e7ehre t\u00eb hidratuar mir\u00eb.<\/p>\n<p>E v\u00ebrtet\u00eb ndaj angazhimit t\u00eb saj p\u00ebr sh\u00ebndetin e l\u00ebkur\u00ebs, formulimi p\u00ebrjashton paraben\u00ebt, parfumin, alkoolin dhe vajin mineral.<\/p>\n<p>Heq but\u00ebsisht make-up-in dhe hidraton l\u00ebkur\u00ebn.<br \/>\nLargon yndyr\u00ebn dhe papast\u00ebrtit\u00eb e tep\u00ebrta pa g\u00ebrryer l\u00ebkur\u00ebn.<br \/>\nRelakson l\u00ebkur\u00ebn me ekstraktet e kamomilit dhe kamelias.<br \/>\nKastraveci, ekstraktet e limonit dhe mineralet n\u00eb p\u00ebrmbajtjen e tij ndihmojn\u00eb n\u00eb heqjen e rrudhave t\u00eb imta.<br \/>\nStruktura e pasur minerale n\u00eb p\u00ebrmbajtjen e saj plot\u00ebson nevoj\u00ebn p\u00ebr lag\u00ebshti t\u00eb l\u00ebkur\u00ebs.<\/p>\n<p>P\u00ebrdorimi: Aplikojeni n\u00eb l\u00ebkur\u00eb t\u00eb lagur, masazhoni dhe m\u00eb pas shp\u00eblajeni but\u00ebsisht me uj\u00eb.<\/p>","protected":false},"excerpt":{"rendered":"<p>Heq but\u00ebsisht make-up-in dhe hidraton l\u00ebkur\u00ebn.<br \/>\nLargon yndyr\u00ebn dhe papast\u00ebrtit\u00eb e tep\u00ebrta pa g\u00ebrryer l\u00ebkur\u00ebn.<br \/>\nRelakson l\u00ebkur\u00ebn me ekstraktet e kamomilit dhe kamelias.<br \/>\nKastraveci, ekstraktet e limonit dhe mineralet n\u00eb p\u00ebrmbajtjen e tij ndihmojn\u00eb n\u00eb heqjen e rrudhave t\u00eb imta.<br \/>\nStruktura e pasur minerale n\u00eb p\u00ebrmbajtjen e saj plot\u00ebson nevoj\u00ebn p\u00ebr lag\u00ebshti t\u00eb l\u00ebkur\u00ebs.<\/p>","protected":false},"featured_media":3052,"template":"","meta":{"_acf_changed":false,"_et_pb_use_builder":"","_et_pb_old_content":"","_et_gb_content_width":"","_monsterinsights_skip_tracking":false,"_monsterinsights_sitenote_active":false,"_monsterinsights_sitenote_note":"","_monsterinsights_sitenote_category":0,"_joinchat":[]},"product_brand":[],"product_cat":[831,480],"product_tag":[845,1039],"class_list":{"0":"post-3013","1":"product","2":"type-product","3":"status-publish","4":"has-post-thumbnail","6":"product_cat-kujdesi-fytyres","7":"product_cat-kujdes-i-lekures","8":"product_tag-fytyra","9":"product_tag-xhel-pastrues","11":"first","12":"instock","13":"shipping-taxable","14":"purchasable","15":"product-type-simple"},"acf":[],"jetpack-related-posts":[],"jetpack_sharing_enabled":true,"_links":{"self":[{"href":"https:\/\/gjiniherbal.com\/sq\/wp-json\/wp\/v2\/product\/3013","targetHints":{"allow":["GET"]}}],"collection":[{"href":"https:\/\/gjiniherbal.com\/sq\/wp-json\/wp\/v2\/product"}],"about":[{"href":"https:\/\/gjiniherbal.com\/sq\/wp-json\/wp\/v2\/types\/product"}],"wp:featuredmedia":[{"embeddable":true,"href":"https:\/\/gjiniherbal.com\/sq\/wp-json\/wp\/v2\/media\/3052"}],"wp:attachment":[{"href":"https:\/\/gjiniherbal.com\/sq\/wp-json\/wp\/v2\/media?parent=3013"}],"wp:term":[{"taxonomy":"product_brand","embeddable":true,"href":"https:\/\/gjiniherbal.com\/sq\/wp-json\/wp\/v2\/product_brand?post=3013"},{"taxonomy":"product_cat","embeddable":true,"href":"https:\/\/gjiniherbal.com\/sq\/wp-json\/wp\/v2\/product_cat?post=3013"},{"taxonomy":"product_tag","embeddable":true,"href":"https:\/\/gjiniherbal.com\/sq\/wp-json\/wp\/v2\/product_tag?post=3013"}],"curies":[{"name":"wp","href":"https:\/\/api.w.org\/{rel}","templated":true}]}}