{"id":3006,"date":"2024-10-14T18:36:10","date_gmt":"2024-10-14T16:36:10","guid":{"rendered":"https:\/\/gjiniherbal.com\/?post_type=product&#038;p=3006"},"modified":"2025-01-10T11:13:02","modified_gmt":"2025-01-10T10:13:02","slug":"bionnex-kafeine-5-serum-angelica-30-ml","status":"publish","type":"product","link":"https:\/\/gjiniherbal.com\/sq\/produkt\/kujdes-i-lekures\/bionnex-kafeine-5-serum-angelica-30-ml\/","title":{"rendered":"Bionnex KAFEIN\u00cb 5% + SERUM ANGELICA 30 ml"},"content":{"rendered":"<p>Ky formulim i avancuar ndihmon n\u00eb reduktimin e \u00ebnjtjes dhe pigmentimit rreth syve.<br \/>\n\u00cbsht\u00eb i p\u00ebrshtatsh\u00ebm p\u00ebr t\u00eb gjitha llojet e l\u00ebkur\u00ebs.<\/p>\n<p>&#8211; Kafeina ndihmon n\u00eb reduktimin e duksh\u00ebm t\u00eb rrath\u00ebve t\u00eb zinj, mavijosjeve dhe fryrjes rreth dhe n\u00ebn sy.<\/p>\n<p>&#8211; Angjelika \u00ebsht\u00eb nj\u00eb bim\u00eb endemike nordike dhe ka veti zbardhuese dhe antioksiduese, duke ndihmuar k\u00ebshtu n\u00eb nj\u00ebtrajtimin e ngjyr\u00ebs s\u00eb l\u00ebkur\u00ebs.<\/p>\n<p>P\u00ebrdorimi: Aplikoni disa pika n\u00eb fytyr\u00eb dhe qaf\u00eb n\u00eb m\u00ebngjes dhe n\u00eb mbr\u00ebmje. Shmangni p\u00ebrdorimin rreth syve. P\u00ebrdorni krem \u200b\u200bkund\u00ebr diellit p\u00ebrpara se t\u00eb dilni n\u00eb diell.<\/p>","protected":false},"excerpt":{"rendered":"<p>&#8211; Kafeina ndihmon n\u00eb reduktimin e duksh\u00ebm t\u00eb rrath\u00ebve t\u00eb zinj, mavijosjeve dhe fryrjes rreth dhe n\u00ebn sy.<\/p>\n<p>&#8211; Angjelika \u00ebsht\u00eb nj\u00eb bim\u00eb endemike nordike dhe ka veti zbardhuese dhe antioksiduese, duke ndihmuar k\u00ebshtu n\u00eb nj\u00ebtrajtimin e ngjyr\u00ebs s\u00eb l\u00ebkur\u00ebs.<\/p>","protected":false},"featured_media":3047,"template":"","meta":{"_acf_changed":false,"_et_pb_use_builder":"","_et_pb_old_content":"","_et_gb_content_width":"","_monsterinsights_skip_tracking":false,"_monsterinsights_sitenote_active":false,"_monsterinsights_sitenote_note":"","_monsterinsights_sitenote_category":0,"_joinchat":[]},"product_brand":[],"product_cat":[480],"product_tag":[1053,495,530],"class_list":{"0":"post-3006","1":"product","2":"type-product","3":"status-publish","4":"has-post-thumbnail","6":"product_cat-kujdes-i-lekures","7":"product_tag-kafeine","8":"product_tag-lekura","9":"product_tag-serum","11":"first","12":"instock","13":"shipping-taxable","14":"purchasable","15":"product-type-simple"},"acf":[],"jetpack-related-posts":[],"jetpack_sharing_enabled":true,"_links":{"self":[{"href":"https:\/\/gjiniherbal.com\/sq\/wp-json\/wp\/v2\/product\/3006","targetHints":{"allow":["GET"]}}],"collection":[{"href":"https:\/\/gjiniherbal.com\/sq\/wp-json\/wp\/v2\/product"}],"about":[{"href":"https:\/\/gjiniherbal.com\/sq\/wp-json\/wp\/v2\/types\/product"}],"wp:featuredmedia":[{"embeddable":true,"href":"https:\/\/gjiniherbal.com\/sq\/wp-json\/wp\/v2\/media\/3047"}],"wp:attachment":[{"href":"https:\/\/gjiniherbal.com\/sq\/wp-json\/wp\/v2\/media?parent=3006"}],"wp:term":[{"taxonomy":"product_brand","embeddable":true,"href":"https:\/\/gjiniherbal.com\/sq\/wp-json\/wp\/v2\/product_brand?post=3006"},{"taxonomy":"product_cat","embeddable":true,"href":"https:\/\/gjiniherbal.com\/sq\/wp-json\/wp\/v2\/product_cat?post=3006"},{"taxonomy":"product_tag","embeddable":true,"href":"https:\/\/gjiniherbal.com\/sq\/wp-json\/wp\/v2\/product_tag?post=3006"}],"curies":[{"name":"wp","href":"https:\/\/api.w.org\/{rel}","templated":true}]}}