{"id":3005,"date":"2024-10-14T18:31:11","date_gmt":"2024-10-14T16:31:11","guid":{"rendered":"https:\/\/gjiniherbal.com\/?post_type=product&#038;p=3005"},"modified":"2025-01-16T14:56:30","modified_gmt":"2025-01-16T13:56:30","slug":"celenes-xhel-pastrues-me-shkume-sea-buckthorn-250-ml","status":"publish","type":"product","link":"https:\/\/gjiniherbal.com\/sq\/produkt\/kujdesi-fytyres\/celenes-xhel-pastrues-me-shkume-sea-buckthorn-250-ml\/","title":{"rendered":"CELENES Xhel pastrues me shkum\u00eb SEA BUCKTHORN 250 ml"},"content":{"rendered":"<p>Xhel pastrues me shkum\u00eb Sea Buckthorn jo vet\u00ebm q\u00eb heq n\u00eb m\u00ebnyr\u00eb efektive grimin, por gjithashtu siguron hidratim t\u00eb l\u00ebkur\u00ebs. Veprimi i tij i but\u00eb pastrues pastron n\u00eb m\u00ebnyr\u00eb efikase yndyr\u00ebn dhe papast\u00ebrtit\u00eb, duke promovuar nj\u00eb ton t\u00eb ekuilibruar t\u00eb l\u00ebkur\u00ebs n\u00ebp\u00ebrmjet p\u00ebrfshirjes s\u00eb vitamin\u00ebs C. Formulimi shkon p\u00ebrtej pastrimit t\u00eb sip\u00ebrfaqes, duke pastruar thell\u00ebsisht dhe shtr\u00ebnguar poret p\u00ebr nj\u00eb \u00e7ehre t\u00eb rafinuar. P\u00ebr m\u00eb tep\u00ebr, ai ndihmon n\u00eb parandalimin e rrudhave, duke ofruar kujdes gjith\u00ebp\u00ebrfshir\u00ebs t\u00eb p\u00ebrditsh\u00ebm t\u00eb l\u00ebkur\u00ebs. I p\u00ebrkushtuar p\u00ebr sh\u00ebndetin e l\u00ebkur\u00ebs, produkti \u00ebsht\u00eb pa parabene, parfum, alkool dhe vaj mineral, duke siguruar nj\u00eb p\u00ebrvoj\u00eb t\u00eb past\u00ebr dhe ushqyese.<\/p>\n<p>\u2013 Heq make-up-in dhe hidraton l\u00ebkur\u00ebn.<br \/>\n\u2013 Pastron but\u00ebsisht l\u00ebkur\u00ebn nga yndyrat dhe papast\u00ebrtit\u00eb, duke ndihmuar n\u00eb balancimin e tonit t\u00eb l\u00ebkur\u00ebs me Vitamin\u00eb C.<br \/>\n\u2013 Pastron poret n\u00eb thell\u00ebsi dhe i shtr\u00ebngon ato.<br \/>\n&#8211; Ndihmon n\u00eb parandalimin e rrudhave dhe siguron kujdes t\u00eb p\u00ebrditsh\u00ebm t\u00eb l\u00ebkur\u00ebs.<\/p>\n<p>Nuk p\u00ebrmban paraben, parfum, alkool dhe vaj mineral.<\/p>\n<p>P\u00ebrdorimi: Aplikojeni n\u00eb l\u00ebkur\u00eb t\u00eb lagur, masazhojeni dhe shp\u00eblajeni me uj\u00eb.<\/p>","protected":false},"excerpt":{"rendered":"<p>\u2013 Heq make-up-in dhe hidraton l\u00ebkur\u00ebn.<br \/>\n\u2013 Pastron but\u00ebsisht l\u00ebkur\u00ebn nga yndyrat dhe papast\u00ebrtit\u00eb, duke ndihmuar n\u00eb balancimin e tonit t\u00eb l\u00ebkur\u00ebs me Vitamin\u00eb C.<br \/>\n\u2013 Pastron poret n\u00eb thell\u00ebsi dhe i shtr\u00ebngon ato.<br \/>\n&#8211; Ndihmon n\u00eb parandalimin e rrudhave dhe siguron kujdes t\u00eb p\u00ebrditsh\u00ebm t\u00eb l\u00ebkur\u00ebs.<\/p>","protected":false},"featured_media":3046,"template":"","meta":{"_acf_changed":false,"_et_pb_use_builder":"","_et_pb_old_content":"","_et_gb_content_width":"","_monsterinsights_skip_tracking":false,"_monsterinsights_sitenote_active":false,"_monsterinsights_sitenote_note":"","_monsterinsights_sitenote_category":0,"_joinchat":[]},"product_brand":[],"product_cat":[831],"product_tag":[495,1039],"class_list":{"0":"post-3005","1":"product","2":"type-product","3":"status-publish","4":"has-post-thumbnail","6":"product_cat-kujdesi-fytyres","7":"product_tag-lekura","8":"product_tag-xhel-pastrues","10":"first","11":"instock","12":"shipping-taxable","13":"purchasable","14":"product-type-simple"},"acf":[],"yoast_head":"<!-- This site is optimized with the Yoast SEO plugin v27.4 - https:\/\/yoast.com\/product\/yoast-seo-wordpress\/ -->\n<title>CELENES Xhel pastrues me shkum\u00eb SEA BUCKTHORN 250 ml<\/title>\n<meta name=\"description\" content=\"Xhel pastrues me shkum\u00eb Sea Buckthorn jo vet\u00ebm q\u00eb heq n\u00eb m\u00ebnyr\u00eb efektive grimin, por gjithashtu siguron hidratim t\u00eb l\u00ebkur\u00ebs. Veprimi i tij i but\u00eb pastrues pastron n\u00eb m\u00ebnyr\u00eb efikase yndyr\u00ebn dhe papast\u00ebrtit\u00eb, duke promovuar nj\u00eb ton t\u00eb ekuilibruar t\u00eb l\u00ebkur\u00ebs n\u00ebp\u00ebrmjet p\u00ebrfshirjes s\u00eb vitamin\u00ebs C. Formulimi shkon p\u00ebrtej pastrimit t\u00eb sip\u00ebrfaqes, duke pastruar thell\u00ebsisht dhe shtr\u00ebnguar poret p\u00ebr nj\u00eb \u00e7ehre t\u00eb rafinuar. P\u00ebr m\u00eb tep\u00ebr, ai ndihmon n\u00eb parandalimin e rrudhave, duke ofruar kujdes gjith\u00ebp\u00ebrfshir\u00ebs t\u00eb p\u00ebrditsh\u00ebm t\u00eb l\u00ebkur\u00ebs. I p\u00ebrkushtuar p\u00ebr sh\u00ebndetin e l\u00ebkur\u00ebs, produkti \u00ebsht\u00eb pa parabene, parfum, alkool dhe vaj mineral, duke siguruar nj\u00eb p\u00ebrvoj\u00eb t\u00eb past\u00ebr dhe ushqyese.\" \/>\n<meta name=\"robots\" content=\"index, follow, max-snippet:-1, max-image-preview:large, max-video-preview:-1\" \/>\n<link rel=\"canonical\" href=\"https:\/\/gjiniherbal.com\/sq\/produkt\/kujdesi-fytyres\/celenes-xhel-pastrues-me-shkume-sea-buckthorn-250-ml\/\" \/>\n<meta property=\"og:locale\" content=\"sq_AL\" \/>\n<meta property=\"og:type\" content=\"article\" \/>\n<meta property=\"og:title\" content=\"CELENES Xhel pastrues me shkum\u00eb SEA BUCKTHORN 250 ml\" \/>\n<meta property=\"og:description\" content=\"Xhel pastrues me shkum\u00eb Sea Buckthorn jo vet\u00ebm q\u00eb heq n\u00eb m\u00ebnyr\u00eb efektive grimin, por gjithashtu siguron hidratim t\u00eb l\u00ebkur\u00ebs. Veprimi i tij i but\u00eb pastrues pastron n\u00eb m\u00ebnyr\u00eb efikase yndyr\u00ebn dhe papast\u00ebrtit\u00eb, duke promovuar nj\u00eb ton t\u00eb ekuilibruar t\u00eb l\u00ebkur\u00ebs n\u00ebp\u00ebrmjet p\u00ebrfshirjes s\u00eb vitamin\u00ebs C. Formulimi shkon p\u00ebrtej pastrimit t\u00eb sip\u00ebrfaqes, duke pastruar thell\u00ebsisht dhe shtr\u00ebnguar poret p\u00ebr nj\u00eb \u00e7ehre t\u00eb rafinuar. P\u00ebr m\u00eb tep\u00ebr, ai ndihmon n\u00eb parandalimin e rrudhave, duke ofruar kujdes gjith\u00ebp\u00ebrfshir\u00ebs t\u00eb p\u00ebrditsh\u00ebm t\u00eb l\u00ebkur\u00ebs. I p\u00ebrkushtuar p\u00ebr sh\u00ebndetin e l\u00ebkur\u00ebs, produkti \u00ebsht\u00eb pa parabene, parfum, alkool dhe vaj mineral, duke siguruar nj\u00eb p\u00ebrvoj\u00eb t\u00eb past\u00ebr dhe ushqyese.\" \/>\n<meta property=\"og:url\" content=\"https:\/\/gjiniherbal.com\/sq\/produkt\/kujdesi-fytyres\/celenes-xhel-pastrues-me-shkume-sea-buckthorn-250-ml\/\" \/>\n<meta property=\"og:site_name\" content=\"Gjini Herbal\" \/>\n<meta property=\"article:publisher\" content=\"https:\/\/facebook.com\/gjiniherbal\" \/>\n<meta property=\"article:modified_time\" content=\"2025-01-16T13:56:30+00:00\" \/>\n<meta property=\"og:image\" content=\"https:\/\/gjiniherbal.com\/wp-content\/uploads\/2024\/10\/SeabuckthornFoamingGel-EU-1.webp\" \/>\n\t<meta property=\"og:image:width\" content=\"1000\" \/>\n\t<meta property=\"og:image:height\" content=\"1000\" \/>\n\t<meta property=\"og:image:type\" content=\"image\/webp\" \/>\n<meta name=\"twitter:card\" content=\"summary_large_image\" \/>\n<meta name=\"twitter:label1\" content=\"Est. reading time\" \/>\n\t<meta name=\"twitter:data1\" content=\"1 minut\u00eb\" \/>\n<script type=\"application\/ld+json\" class=\"yoast-schema-graph\">{\"@context\":\"https:\\\/\\\/schema.org\",\"@graph\":[{\"@type\":\"WebPage\",\"@id\":\"https:\\\/\\\/gjiniherbal.com\\\/produkt\\\/kujdesi-fytyres\\\/celenes-xhel-pastrues-me-shkume-sea-buckthorn-250-ml\\\/\",\"url\":\"https:\\\/\\\/gjiniherbal.com\\\/produkt\\\/kujdesi-fytyres\\\/celenes-xhel-pastrues-me-shkume-sea-buckthorn-250-ml\\\/\",\"name\":\"CELENES Xhel pastrues me shkum\u00eb SEA BUCKTHORN 250 ml\",\"isPartOf\":{\"@id\":\"https:\\\/\\\/gjiniherbal.com\\\/#website\"},\"primaryImageOfPage\":{\"@id\":\"https:\\\/\\\/gjiniherbal.com\\\/produkt\\\/kujdesi-fytyres\\\/celenes-xhel-pastrues-me-shkume-sea-buckthorn-250-ml\\\/#primaryimage\"},\"image\":{\"@id\":\"https:\\\/\\\/gjiniherbal.com\\\/produkt\\\/kujdesi-fytyres\\\/celenes-xhel-pastrues-me-shkume-sea-buckthorn-250-ml\\\/#primaryimage\"},\"thumbnailUrl\":\"https:\\\/\\\/gjiniherbal.com\\\/wp-content\\\/uploads\\\/2024\\\/10\\\/SeabuckthornFoamingGel-EU-1.webp\",\"datePublished\":\"2024-10-14T16:31:11+00:00\",\"dateModified\":\"2025-01-16T13:56:30+00:00\",\"description\":\"Xhel pastrues me shkum\u00eb Sea Buckthorn jo vet\u00ebm q\u00eb heq n\u00eb m\u00ebnyr\u00eb efektive grimin, por gjithashtu siguron hidratim t\u00eb l\u00ebkur\u00ebs. Veprimi i tij i but\u00eb pastrues pastron n\u00eb m\u00ebnyr\u00eb efikase yndyr\u00ebn dhe papast\u00ebrtit\u00eb, duke promovuar nj\u00eb ton t\u00eb ekuilibruar t\u00eb l\u00ebkur\u00ebs n\u00ebp\u00ebrmjet p\u00ebrfshirjes s\u00eb vitamin\u00ebs C. Formulimi shkon p\u00ebrtej pastrimit t\u00eb sip\u00ebrfaqes, duke pastruar thell\u00ebsisht dhe shtr\u00ebnguar poret p\u00ebr nj\u00eb \u00e7ehre t\u00eb rafinuar. P\u00ebr m\u00eb tep\u00ebr, ai ndihmon n\u00eb parandalimin e rrudhave, duke ofruar kujdes gjith\u00ebp\u00ebrfshir\u00ebs t\u00eb p\u00ebrditsh\u00ebm t\u00eb l\u00ebkur\u00ebs. I p\u00ebrkushtuar p\u00ebr sh\u00ebndetin e l\u00ebkur\u00ebs, produkti \u00ebsht\u00eb pa parabene, parfum, alkool dhe vaj mineral, duke siguruar nj\u00eb p\u00ebrvoj\u00eb t\u00eb past\u00ebr dhe ushqyese.\",\"breadcrumb\":{\"@id\":\"https:\\\/\\\/gjiniherbal.com\\\/produkt\\\/kujdesi-fytyres\\\/celenes-xhel-pastrues-me-shkume-sea-buckthorn-250-ml\\\/#breadcrumb\"},\"inLanguage\":\"sq\",\"potentialAction\":[{\"@type\":\"ReadAction\",\"target\":[\"https:\\\/\\\/gjiniherbal.com\\\/produkt\\\/kujdesi-fytyres\\\/celenes-xhel-pastrues-me-shkume-sea-buckthorn-250-ml\\\/\"]}]},{\"@type\":\"ImageObject\",\"inLanguage\":\"sq\",\"@id\":\"https:\\\/\\\/gjiniherbal.com\\\/produkt\\\/kujdesi-fytyres\\\/celenes-xhel-pastrues-me-shkume-sea-buckthorn-250-ml\\\/#primaryimage\",\"url\":\"https:\\\/\\\/gjiniherbal.com\\\/wp-content\\\/uploads\\\/2024\\\/10\\\/SeabuckthornFoamingGel-EU-1.webp\",\"contentUrl\":\"https:\\\/\\\/gjiniherbal.com\\\/wp-content\\\/uploads\\\/2024\\\/10\\\/SeabuckthornFoamingGel-EU-1.webp\",\"width\":1000,\"height\":1000},{\"@type\":\"BreadcrumbList\",\"@id\":\"https:\\\/\\\/gjiniherbal.com\\\/produkt\\\/kujdesi-fytyres\\\/celenes-xhel-pastrues-me-shkume-sea-buckthorn-250-ml\\\/#breadcrumb\",\"itemListElement\":[{\"@type\":\"ListItem\",\"position\":1,\"name\":\"Home\",\"item\":\"https:\\\/\\\/gjiniherbal.com\\\/en_us\\\/\"},{\"@type\":\"ListItem\",\"position\":2,\"name\":\"Shop\",\"item\":\"https:\\\/\\\/gjiniherbal.com\\\/en_us\\\/shop\\\/\"},{\"@type\":\"ListItem\",\"position\":3,\"name\":\"CELENES Xhel pastrues me shkum\u00eb SEA BUCKTHORN 250 ml\"}]},{\"@type\":\"WebSite\",\"@id\":\"https:\\\/\\\/gjiniherbal.com\\\/#website\",\"url\":\"https:\\\/\\\/gjiniherbal.com\\\/\",\"name\":\"Gjini Herbal\",\"description\":\"Produkte Natyrale\",\"publisher\":{\"@id\":\"https:\\\/\\\/gjiniherbal.com\\\/#organization\"},\"potentialAction\":[{\"@type\":\"SearchAction\",\"target\":{\"@type\":\"EntryPoint\",\"urlTemplate\":\"https:\\\/\\\/gjiniherbal.com\\\/?s={search_term_string}\"},\"query-input\":{\"@type\":\"PropertyValueSpecification\",\"valueRequired\":true,\"valueName\":\"search_term_string\"}}],\"inLanguage\":\"sq\"},{\"@type\":\"Organization\",\"@id\":\"https:\\\/\\\/gjiniherbal.com\\\/#organization\",\"name\":\"Gjini Herbal\",\"url\":\"https:\\\/\\\/gjiniherbal.com\\\/\",\"logo\":{\"@type\":\"ImageObject\",\"inLanguage\":\"sq\",\"@id\":\"https:\\\/\\\/gjiniherbal.com\\\/#\\\/schema\\\/logo\\\/image\\\/\",\"url\":\"https:\\\/\\\/gjiniherbal.com\\\/wp-content\\\/uploads\\\/2022\\\/07\\\/gjini-herbal-logo.png\",\"contentUrl\":\"https:\\\/\\\/gjiniherbal.com\\\/wp-content\\\/uploads\\\/2022\\\/07\\\/gjini-herbal-logo.png\",\"width\":652,\"height\":262,\"caption\":\"Gjini Herbal\"},\"image\":{\"@id\":\"https:\\\/\\\/gjiniherbal.com\\\/#\\\/schema\\\/logo\\\/image\\\/\"},\"sameAs\":[\"https:\\\/\\\/facebook.com\\\/gjiniherbal\",\"https:\\\/\\\/instagram.com\\\/gjiniherbal\",\"https:\\\/\\\/www.youtube.com\\\/channel\\\/UC_tHHueG-qxycnvdro4jHtQ\"]}]}<\/script>\n<!-- \/ Yoast SEO plugin. -->","yoast_head_json":{"title":"CELENES Xhel pastrues me shkum\u00eb SEA BUCKTHORN 250 ml","description":"Xhel pastrues me shkum\u00eb Sea Buckthorn jo vet\u00ebm q\u00eb heq n\u00eb m\u00ebnyr\u00eb efektive grimin, por gjithashtu siguron hidratim t\u00eb l\u00ebkur\u00ebs. Veprimi i tij i but\u00eb pastrues pastron n\u00eb m\u00ebnyr\u00eb efikase yndyr\u00ebn dhe papast\u00ebrtit\u00eb, duke promovuar nj\u00eb ton t\u00eb ekuilibruar t\u00eb l\u00ebkur\u00ebs n\u00ebp\u00ebrmjet p\u00ebrfshirjes s\u00eb vitamin\u00ebs C. Formulimi shkon p\u00ebrtej pastrimit t\u00eb sip\u00ebrfaqes, duke pastruar thell\u00ebsisht dhe shtr\u00ebnguar poret p\u00ebr nj\u00eb \u00e7ehre t\u00eb rafinuar. P\u00ebr m\u00eb tep\u00ebr, ai ndihmon n\u00eb parandalimin e rrudhave, duke ofruar kujdes gjith\u00ebp\u00ebrfshir\u00ebs t\u00eb p\u00ebrditsh\u00ebm t\u00eb l\u00ebkur\u00ebs. I p\u00ebrkushtuar p\u00ebr sh\u00ebndetin e l\u00ebkur\u00ebs, produkti \u00ebsht\u00eb pa parabene, parfum, alkool dhe vaj mineral, duke siguruar nj\u00eb p\u00ebrvoj\u00eb t\u00eb past\u00ebr dhe ushqyese.","robots":{"index":"index","follow":"follow","max-snippet":"max-snippet:-1","max-image-preview":"max-image-preview:large","max-video-preview":"max-video-preview:-1"},"canonical":"https:\/\/gjiniherbal.com\/sq\/produkt\/kujdesi-fytyres\/celenes-xhel-pastrues-me-shkume-sea-buckthorn-250-ml\/","og_locale":"sq_AL","og_type":"article","og_title":"CELENES Xhel pastrues me shkum\u00eb SEA BUCKTHORN 250 ml","og_description":"Xhel pastrues me shkum\u00eb Sea Buckthorn jo vet\u00ebm q\u00eb heq n\u00eb m\u00ebnyr\u00eb efektive grimin, por gjithashtu siguron hidratim t\u00eb l\u00ebkur\u00ebs. Veprimi i tij i but\u00eb pastrues pastron n\u00eb m\u00ebnyr\u00eb efikase yndyr\u00ebn dhe papast\u00ebrtit\u00eb, duke promovuar nj\u00eb ton t\u00eb ekuilibruar t\u00eb l\u00ebkur\u00ebs n\u00ebp\u00ebrmjet p\u00ebrfshirjes s\u00eb vitamin\u00ebs C. Formulimi shkon p\u00ebrtej pastrimit t\u00eb sip\u00ebrfaqes, duke pastruar thell\u00ebsisht dhe shtr\u00ebnguar poret p\u00ebr nj\u00eb \u00e7ehre t\u00eb rafinuar. P\u00ebr m\u00eb tep\u00ebr, ai ndihmon n\u00eb parandalimin e rrudhave, duke ofruar kujdes gjith\u00ebp\u00ebrfshir\u00ebs t\u00eb p\u00ebrditsh\u00ebm t\u00eb l\u00ebkur\u00ebs. I p\u00ebrkushtuar p\u00ebr sh\u00ebndetin e l\u00ebkur\u00ebs, produkti \u00ebsht\u00eb pa parabene, parfum, alkool dhe vaj mineral, duke siguruar nj\u00eb p\u00ebrvoj\u00eb t\u00eb past\u00ebr dhe ushqyese.","og_url":"https:\/\/gjiniherbal.com\/sq\/produkt\/kujdesi-fytyres\/celenes-xhel-pastrues-me-shkume-sea-buckthorn-250-ml\/","og_site_name":"Gjini Herbal","article_publisher":"https:\/\/facebook.com\/gjiniherbal","article_modified_time":"2025-01-16T13:56:30+00:00","og_image":[{"width":1000,"height":1000,"url":"https:\/\/gjiniherbal.com\/wp-content\/uploads\/2024\/10\/SeabuckthornFoamingGel-EU-1.webp","type":"image\/webp"}],"twitter_card":"summary_large_image","twitter_misc":{"Est. reading time":"1 minut\u00eb"},"schema":{"@context":"https:\/\/schema.org","@graph":[{"@type":"WebPage","@id":"https:\/\/gjiniherbal.com\/produkt\/kujdesi-fytyres\/celenes-xhel-pastrues-me-shkume-sea-buckthorn-250-ml\/","url":"https:\/\/gjiniherbal.com\/produkt\/kujdesi-fytyres\/celenes-xhel-pastrues-me-shkume-sea-buckthorn-250-ml\/","name":"CELENES Xhel pastrues me shkum\u00eb SEA BUCKTHORN 250 ml","isPartOf":{"@id":"https:\/\/gjiniherbal.com\/#website"},"primaryImageOfPage":{"@id":"https:\/\/gjiniherbal.com\/produkt\/kujdesi-fytyres\/celenes-xhel-pastrues-me-shkume-sea-buckthorn-250-ml\/#primaryimage"},"image":{"@id":"https:\/\/gjiniherbal.com\/produkt\/kujdesi-fytyres\/celenes-xhel-pastrues-me-shkume-sea-buckthorn-250-ml\/#primaryimage"},"thumbnailUrl":"https:\/\/gjiniherbal.com\/wp-content\/uploads\/2024\/10\/SeabuckthornFoamingGel-EU-1.webp","datePublished":"2024-10-14T16:31:11+00:00","dateModified":"2025-01-16T13:56:30+00:00","description":"Xhel pastrues me shkum\u00eb Sea Buckthorn jo vet\u00ebm q\u00eb heq n\u00eb m\u00ebnyr\u00eb efektive grimin, por gjithashtu siguron hidratim t\u00eb l\u00ebkur\u00ebs. Veprimi i tij i but\u00eb pastrues pastron n\u00eb m\u00ebnyr\u00eb efikase yndyr\u00ebn dhe papast\u00ebrtit\u00eb, duke promovuar nj\u00eb ton t\u00eb ekuilibruar t\u00eb l\u00ebkur\u00ebs n\u00ebp\u00ebrmjet p\u00ebrfshirjes s\u00eb vitamin\u00ebs C. Formulimi shkon p\u00ebrtej pastrimit t\u00eb sip\u00ebrfaqes, duke pastruar thell\u00ebsisht dhe shtr\u00ebnguar poret p\u00ebr nj\u00eb \u00e7ehre t\u00eb rafinuar. P\u00ebr m\u00eb tep\u00ebr, ai ndihmon n\u00eb parandalimin e rrudhave, duke ofruar kujdes gjith\u00ebp\u00ebrfshir\u00ebs t\u00eb p\u00ebrditsh\u00ebm t\u00eb l\u00ebkur\u00ebs. I p\u00ebrkushtuar p\u00ebr sh\u00ebndetin e l\u00ebkur\u00ebs, produkti \u00ebsht\u00eb pa parabene, parfum, alkool dhe vaj mineral, duke siguruar nj\u00eb p\u00ebrvoj\u00eb t\u00eb past\u00ebr dhe ushqyese.","breadcrumb":{"@id":"https:\/\/gjiniherbal.com\/produkt\/kujdesi-fytyres\/celenes-xhel-pastrues-me-shkume-sea-buckthorn-250-ml\/#breadcrumb"},"inLanguage":"sq","potentialAction":[{"@type":"ReadAction","target":["https:\/\/gjiniherbal.com\/produkt\/kujdesi-fytyres\/celenes-xhel-pastrues-me-shkume-sea-buckthorn-250-ml\/"]}]},{"@type":"ImageObject","inLanguage":"sq","@id":"https:\/\/gjiniherbal.com\/produkt\/kujdesi-fytyres\/celenes-xhel-pastrues-me-shkume-sea-buckthorn-250-ml\/#primaryimage","url":"https:\/\/gjiniherbal.com\/wp-content\/uploads\/2024\/10\/SeabuckthornFoamingGel-EU-1.webp","contentUrl":"https:\/\/gjiniherbal.com\/wp-content\/uploads\/2024\/10\/SeabuckthornFoamingGel-EU-1.webp","width":1000,"height":1000},{"@type":"BreadcrumbList","@id":"https:\/\/gjiniherbal.com\/produkt\/kujdesi-fytyres\/celenes-xhel-pastrues-me-shkume-sea-buckthorn-250-ml\/#breadcrumb","itemListElement":[{"@type":"ListItem","position":1,"name":"Home","item":"https:\/\/gjiniherbal.com\/en_us\/"},{"@type":"ListItem","position":2,"name":"Shop","item":"https:\/\/gjiniherbal.com\/en_us\/shop\/"},{"@type":"ListItem","position":3,"name":"CELENES Xhel pastrues me shkum\u00eb SEA BUCKTHORN 250 ml"}]},{"@type":"WebSite","@id":"https:\/\/gjiniherbal.com\/#website","url":"https:\/\/gjiniherbal.com\/","name":"Gjini Herbal","description":"Produkte Natyrale","publisher":{"@id":"https:\/\/gjiniherbal.com\/#organization"},"potentialAction":[{"@type":"SearchAction","target":{"@type":"EntryPoint","urlTemplate":"https:\/\/gjiniherbal.com\/?s={search_term_string}"},"query-input":{"@type":"PropertyValueSpecification","valueRequired":true,"valueName":"search_term_string"}}],"inLanguage":"sq"},{"@type":"Organization","@id":"https:\/\/gjiniherbal.com\/#organization","name":"Gjini Herbal","url":"https:\/\/gjiniherbal.com\/","logo":{"@type":"ImageObject","inLanguage":"sq","@id":"https:\/\/gjiniherbal.com\/#\/schema\/logo\/image\/","url":"https:\/\/gjiniherbal.com\/wp-content\/uploads\/2022\/07\/gjini-herbal-logo.png","contentUrl":"https:\/\/gjiniherbal.com\/wp-content\/uploads\/2022\/07\/gjini-herbal-logo.png","width":652,"height":262,"caption":"Gjini Herbal"},"image":{"@id":"https:\/\/gjiniherbal.com\/#\/schema\/logo\/image\/"},"sameAs":["https:\/\/facebook.com\/gjiniherbal","https:\/\/instagram.com\/gjiniherbal","https:\/\/www.youtube.com\/channel\/UC_tHHueG-qxycnvdro4jHtQ"]}]}},"jetpack-related-posts":[],"jetpack_sharing_enabled":true,"_links":{"self":[{"href":"https:\/\/gjiniherbal.com\/sq\/wp-json\/wp\/v2\/product\/3005","targetHints":{"allow":["GET"]}}],"collection":[{"href":"https:\/\/gjiniherbal.com\/sq\/wp-json\/wp\/v2\/product"}],"about":[{"href":"https:\/\/gjiniherbal.com\/sq\/wp-json\/wp\/v2\/types\/product"}],"wp:featuredmedia":[{"embeddable":true,"href":"https:\/\/gjiniherbal.com\/sq\/wp-json\/wp\/v2\/media\/3046"}],"wp:attachment":[{"href":"https:\/\/gjiniherbal.com\/sq\/wp-json\/wp\/v2\/media?parent=3005"}],"wp:term":[{"taxonomy":"product_brand","embeddable":true,"href":"https:\/\/gjiniherbal.com\/sq\/wp-json\/wp\/v2\/product_brand?post=3005"},{"taxonomy":"product_cat","embeddable":true,"href":"https:\/\/gjiniherbal.com\/sq\/wp-json\/wp\/v2\/product_cat?post=3005"},{"taxonomy":"product_tag","embeddable":true,"href":"https:\/\/gjiniherbal.com\/sq\/wp-json\/wp\/v2\/product_tag?post=3005"}],"curies":[{"name":"wp","href":"https:\/\/api.w.org\/{rel}","templated":true}]}}