{"id":2983,"date":"2024-10-14T13:47:44","date_gmt":"2024-10-14T11:47:44","guid":{"rendered":"https:\/\/gjiniherbal.com\/?post_type=product&#038;p=2983"},"modified":"2024-10-14T13:47:44","modified_gmt":"2024-10-14T11:47:44","slug":"bionnex-krem-i-konturit-te-syve-15-ml","status":"publish","type":"product","link":"https:\/\/gjiniherbal.com\/sq\/produkt\/kujdesi-fytyres\/bionnex-krem-i-konturit-te-syve-15-ml\/","title":{"rendered":"BIONNEX Krem i konturit t\u00eb syve 15 ml"},"content":{"rendered":"<p>Me ekstraktin e \u00e7ajit jeshil dhe vitamin\u00ebn E, ndihmon p\u00ebr t\u00eb siguruar efekt hidratues dhe antioksidant rreth syve.<br \/>\nNdihmon n\u00eb reduktimin e densitetit t\u00eb rrudhave duke ofruar nj\u00eb efekt qet\u00ebsues.<br \/>\nFal\u00eb ekstraktit t\u00eb Inonotus obliquus (K\u00ebrpudha Chaga), unike p\u00ebr Pigmentin\u00eb, ajo ndihmon n\u00eb uljen e densitetit t\u00eb rrudhave dhe ndri\u00e7imin e l\u00ebkur\u00ebs.<\/p>\n<p>Vitamina E dhe ekstraktet e \u00e7ajit jeshil ndihmojn\u00eb n\u00eb hidratimin dhe mbrojtjen e l\u00ebkur\u00ebs nga radikalet e lira. Ka nj\u00eb efekt qet\u00ebsues rreth syve dhe largon \u00ebnjtjet.<br \/>\nEkstrakti Inonotus obliquus parandalon rrudhat dhe rrath\u00ebt e err\u00ebt.<\/p>\n<p>P\u00ebrdorimi: Aplikoni kremin p\u00ebr kujdesin e konturit rreth syve dy her\u00eb n\u00eb dit\u00eb duke e masazhuar nga brenda jasht\u00eb derisa l\u00ebkura t\u00eb p\u00ebrthithet plot\u00ebsisht.<\/p>","protected":false},"excerpt":{"rendered":"<p>Vitamina E dhe ekstraktet e \u00e7ajit jeshil ndihmojn\u00eb n\u00eb hidratimin dhe mbrojtjen e l\u00ebkur\u00ebs nga radikalet e lira. Ka nj\u00eb efekt qet\u00ebsues rreth syve dhe largon \u00ebnjtjet.<br \/>\nEkstrakti Inonotus obliquus parandalon rrudhat dhe rrath\u00ebt e err\u00ebt.<\/p>","protected":false},"featured_media":3031,"template":"","meta":{"_acf_changed":false,"_et_pb_use_builder":"","_et_pb_old_content":"","_et_gb_content_width":"","_monsterinsights_skip_tracking":false,"_monsterinsights_sitenote_active":false,"_monsterinsights_sitenote_note":"","_monsterinsights_sitenote_category":0,"_joinchat":[]},"product_brand":[],"product_cat":[831],"product_tag":[1044],"class_list":{"0":"post-2983","1":"product","2":"type-product","3":"status-publish","4":"has-post-thumbnail","6":"product_cat-kujdesi-fytyres","7":"product_tag-krem-per-syte","9":"first","10":"instock","11":"shipping-taxable","12":"purchasable","13":"product-type-simple"},"acf":[],"jetpack-related-posts":[],"jetpack_sharing_enabled":true,"_links":{"self":[{"href":"https:\/\/gjiniherbal.com\/sq\/wp-json\/wp\/v2\/product\/2983","targetHints":{"allow":["GET"]}}],"collection":[{"href":"https:\/\/gjiniherbal.com\/sq\/wp-json\/wp\/v2\/product"}],"about":[{"href":"https:\/\/gjiniherbal.com\/sq\/wp-json\/wp\/v2\/types\/product"}],"wp:featuredmedia":[{"embeddable":true,"href":"https:\/\/gjiniherbal.com\/sq\/wp-json\/wp\/v2\/media\/3031"}],"wp:attachment":[{"href":"https:\/\/gjiniherbal.com\/sq\/wp-json\/wp\/v2\/media?parent=2983"}],"wp:term":[{"taxonomy":"product_brand","embeddable":true,"href":"https:\/\/gjiniherbal.com\/sq\/wp-json\/wp\/v2\/product_brand?post=2983"},{"taxonomy":"product_cat","embeddable":true,"href":"https:\/\/gjiniherbal.com\/sq\/wp-json\/wp\/v2\/product_cat?post=2983"},{"taxonomy":"product_tag","embeddable":true,"href":"https:\/\/gjiniherbal.com\/sq\/wp-json\/wp\/v2\/product_tag?post=2983"}],"curies":[{"name":"wp","href":"https:\/\/api.w.org\/{rel}","templated":true}]}}