{"id":2979,"date":"2024-10-14T13:36:47","date_gmt":"2024-10-14T11:36:47","guid":{"rendered":"https:\/\/gjiniherbal.com\/?post_type=product&#038;p=2979"},"modified":"2025-01-13T15:36:41","modified_gmt":"2025-01-13T14:36:41","slug":"bionnex-xhel-pastrimi-dhe-shkumezues-per-lekurat-e-yndyrshme-dhe-te-prirura-ndaj-akneve-200-ml","status":"publish","type":"product","link":"https:\/\/gjiniherbal.com\/sq\/produkt\/kujdesi-fytyres\/bionnex-xhel-pastrimi-dhe-shkumezues-per-lekurat-e-yndyrshme-dhe-te-prirura-ndaj-akneve-200-ml\/","title":{"rendered":"Bionnex XHEL PASTRIMI DHE SHKUM\u00cbZUES p\u00ebr l\u00ebkurat e yndyrshme dhe t\u00eb prirura ndaj akneve 200 ml"},"content":{"rendered":"<p>Xheli p\u00ebr pastrim t\u00eb thell\u00eb ndihmon n\u00eb ruajtjen e ekuilibrit t\u00eb sebumit, heqjen e papast\u00ebrtive dhe parandalimin e shk\u00eblqimit t\u00eb l\u00ebkur\u00ebs.<br \/>\nFal\u00eb ekstraktit nordik organik Empetrum nigrum, ndihmon n\u00eb reduktimin e shfaqjes s\u00eb akneve n\u00eb l\u00ebkur\u00eb dhe zbutjen e l\u00ebkur\u00ebs tuaj.<\/p>\n<p>Kompleksi Trio Acid, lezione aknesh.<\/p>\n<p>&#8211; Ofron efekt tharjeje.<br \/>\n&#8211; Ofron aktivitet t\u00eb fort\u00eb antibakterial.<br \/>\n&#8211; Pastron poret n\u00eb l\u00ebkur\u00eb dhe ndihmon n\u00eb balancimin e sebumit.<br \/>\n&#8211; Parandalon shk\u00eblqimin e l\u00ebkur\u00ebs.<\/p>\n<p>P\u00ebrdorimi: Aplikojeni duke masazhuar n\u00eb l\u00ebkur\u00eb t\u00eb lagur, duke p\u00ebrjashtuar zon\u00ebn e syve. Shp\u00eblajeni t\u00ebr\u00ebsisht me uj\u00eb t\u00eb vak\u00ebt.<br \/>\nRekomandohet t\u00eb p\u00ebrdoret s\u00eb bashku me kremin Tonik, Riparues dhe Balancues t\u00eb Sebumit p\u00ebr rezultate m\u00eb efektive.<\/p>","protected":false},"excerpt":{"rendered":"<p>&#8211; Ofron efekt tharjeje.<br \/>\n&#8211; Ofron aktivitet t\u00eb fort\u00eb antibakterial.<br \/>\n&#8211; Pastron poret n\u00eb l\u00ebkur\u00eb dhe ndihmon n\u00eb balancimin e sebumit.<br \/>\n&#8211; Parandalon shk\u00eblqimin e l\u00ebkur\u00ebs.<\/p>","protected":false},"featured_media":3027,"template":"","meta":{"_acf_changed":false,"_et_pb_use_builder":"","_et_pb_old_content":"","_et_gb_content_width":"","_monsterinsights_skip_tracking":false,"_monsterinsights_sitenote_active":false,"_monsterinsights_sitenote_note":"","_monsterinsights_sitenote_category":0,"_joinchat":[]},"product_brand":[],"product_cat":[831,480],"product_tag":[934,539,1039],"class_list":{"0":"post-2979","1":"product","2":"type-product","3":"status-publish","4":"has-post-thumbnail","6":"product_cat-kujdesi-fytyres","7":"product_cat-kujdes-i-lekures","8":"product_tag-akne","9":"product_tag-lekure-e-yndyrshme","10":"product_tag-xhel-pastrues","12":"first","13":"instock","14":"shipping-taxable","15":"purchasable","16":"product-type-simple"},"acf":[],"jetpack-related-posts":[],"jetpack_sharing_enabled":true,"_links":{"self":[{"href":"https:\/\/gjiniherbal.com\/sq\/wp-json\/wp\/v2\/product\/2979","targetHints":{"allow":["GET"]}}],"collection":[{"href":"https:\/\/gjiniherbal.com\/sq\/wp-json\/wp\/v2\/product"}],"about":[{"href":"https:\/\/gjiniherbal.com\/sq\/wp-json\/wp\/v2\/types\/product"}],"wp:featuredmedia":[{"embeddable":true,"href":"https:\/\/gjiniherbal.com\/sq\/wp-json\/wp\/v2\/media\/3027"}],"wp:attachment":[{"href":"https:\/\/gjiniherbal.com\/sq\/wp-json\/wp\/v2\/media?parent=2979"}],"wp:term":[{"taxonomy":"product_brand","embeddable":true,"href":"https:\/\/gjiniherbal.com\/sq\/wp-json\/wp\/v2\/product_brand?post=2979"},{"taxonomy":"product_cat","embeddable":true,"href":"https:\/\/gjiniherbal.com\/sq\/wp-json\/wp\/v2\/product_cat?post=2979"},{"taxonomy":"product_tag","embeddable":true,"href":"https:\/\/gjiniherbal.com\/sq\/wp-json\/wp\/v2\/product_tag?post=2979"}],"curies":[{"name":"wp","href":"https:\/\/api.w.org\/{rel}","templated":true}]}}