{"id":2978,"date":"2024-09-30T19:23:56","date_gmt":"2024-09-30T17:23:56","guid":{"rendered":"https:\/\/gjiniherbal.com\/?post_type=product&#038;p=2978"},"modified":"2025-01-21T15:30:19","modified_gmt":"2025-01-21T14:30:19","slug":"bionnex-spraj-mbrojtes-kunder-diellit-spf50-200-ml","status":"publish","type":"product","link":"https:\/\/gjiniherbal.com\/sq\/produkt\/kujdes-i-lekures\/bionnex-spraj-mbrojtes-kunder-diellit-spf50-200-ml\/","title":{"rendered":"BIONNEX Spraj mbrojt\u00ebs kund\u00ebr diellit SPF50+ 200 ml"},"content":{"rendered":"<p>Ndihmon p\u00ebr t\u00eb siguruar mbrojtje t\u00eb plot\u00eb kund\u00ebr rrezeve UVA\/UVB, hidraton intensivisht l\u00ebkur\u00ebn dhe ofron nj\u00eb efekt t\u00eb fort\u00eb antioksidues n\u00eb l\u00ebkur\u00eb.<br \/>\nI p\u00ebrshtatsh\u00ebm p\u00ebr t\u00eb gjitha llojet e l\u00ebkur\u00ebs, duke p\u00ebrfshir\u00eb l\u00ebkur\u00ebn e ndjeshme.<br \/>\nMe struktur\u00ebn e tij jo ngjit\u00ebse, parandalon ngjitjen e r\u00ebr\u00ebs n\u00eb l\u00ebkur\u00eb.<\/p>\n<p>Vitamina E siguron nj\u00eb efekt t\u00eb fort\u00eb hidratues dhe antioksidant.<br \/>\nPluhuri i far\u00ebs Hordeum, fal\u00eb ve\u00e7oris\u00eb s\u00eb thithjes s\u00eb sebumit, parandalon ngjitjen dhe parandalon shk\u00eblqimin e pad\u00ebshiruar n\u00eb l\u00ebkur\u00eb.<\/p>\n<p>P\u00ebrdorimi: \u00cbsht\u00eb i p\u00ebrshtatsh\u00ebm p\u00ebr p\u00ebrdorim t\u00eb p\u00ebrditsh\u00ebm.<\/p>","protected":false},"excerpt":{"rendered":"<p>Ndihmon p\u00ebr t\u00eb siguruar mbrojtje t\u00eb plot\u00eb kund\u00ebr rrezeve UVA\/UVB, hidraton intensivisht l\u00ebkur\u00ebn dhe ofron nj\u00eb efekt t\u00eb fort\u00eb antioksidues n\u00eb l\u00ebkur\u00eb.<br \/>\nI p\u00ebrshtatsh\u00ebm p\u00ebr t\u00eb gjitha llojet e l\u00ebkur\u00ebs, duke p\u00ebrfshir\u00eb l\u00ebkur\u00ebn e ndjeshme.<br \/>\nMe struktur\u00ebn e tij jo ngjit\u00ebse, parandalon ngjitjen e r\u00ebr\u00ebs n\u00eb l\u00ebkur\u00eb.<\/p>","protected":false},"featured_media":2997,"template":"","meta":{"_acf_changed":false,"_et_pb_use_builder":"","_et_pb_old_content":"","_et_gb_content_width":"","_monsterinsights_skip_tracking":false,"_monsterinsights_sitenote_active":false,"_monsterinsights_sitenote_note":"","_monsterinsights_sitenote_category":0,"_joinchat":[]},"product_brand":[],"product_cat":[480],"product_tag":[1037,1038],"class_list":{"0":"post-2978","1":"product","2":"type-product","3":"status-publish","4":"has-post-thumbnail","6":"product_cat-kujdes-i-lekures","7":"product_tag-spf","8":"product_tag-spraj-kunder-diellit","10":"first","11":"instock","12":"shipping-taxable","13":"purchasable","14":"product-type-simple"},"acf":[],"jetpack-related-posts":[],"jetpack_sharing_enabled":true,"_links":{"self":[{"href":"https:\/\/gjiniherbal.com\/sq\/wp-json\/wp\/v2\/product\/2978","targetHints":{"allow":["GET"]}}],"collection":[{"href":"https:\/\/gjiniherbal.com\/sq\/wp-json\/wp\/v2\/product"}],"about":[{"href":"https:\/\/gjiniherbal.com\/sq\/wp-json\/wp\/v2\/types\/product"}],"wp:featuredmedia":[{"embeddable":true,"href":"https:\/\/gjiniherbal.com\/sq\/wp-json\/wp\/v2\/media\/2997"}],"wp:attachment":[{"href":"https:\/\/gjiniherbal.com\/sq\/wp-json\/wp\/v2\/media?parent=2978"}],"wp:term":[{"taxonomy":"product_brand","embeddable":true,"href":"https:\/\/gjiniherbal.com\/sq\/wp-json\/wp\/v2\/product_brand?post=2978"},{"taxonomy":"product_cat","embeddable":true,"href":"https:\/\/gjiniherbal.com\/sq\/wp-json\/wp\/v2\/product_cat?post=2978"},{"taxonomy":"product_tag","embeddable":true,"href":"https:\/\/gjiniherbal.com\/sq\/wp-json\/wp\/v2\/product_tag?post=2978"}],"curies":[{"name":"wp","href":"https:\/\/api.w.org\/{rel}","templated":true}]}}