{"id":2609,"date":"2024-05-14T10:56:54","date_gmt":"2024-05-14T08:56:54","guid":{"rendered":"https:\/\/gjiniherbal.com\/?post_type=product&#038;p=2609"},"modified":"2024-05-14T10:56:55","modified_gmt":"2024-05-14T08:56:55","slug":"vaji-i-kokosit-20-ml","status":"publish","type":"product","link":"https:\/\/gjiniherbal.com\/sq\/produkt\/kujdes-i-lekures\/vaji-i-kokosit-20-ml\/","title":{"rendered":"Vaji i kokosit 20 ml"},"content":{"rendered":"<p>Vaji i kokosit \u00ebsht\u00eb nj\u00eb zbut\u00ebs i shk\u00eblqyesh\u00ebm i l\u00ebkur\u00ebs. \u00cbsht\u00eb i shk\u00eblqyesh\u00ebm n\u00eb riparimin dhe rivendosjen e saj pasi absorbohet me shpejt\u00ebsi n\u00eb epiderm\u00eb. Vaji i kokosit p\u00ebrmban vitamin\u00eb E, aminoacide esenciale dhe acid laurik dhe kaprilik, t\u00eb cil\u00ebt jan\u00eb pjes\u00eb e funksionit pengues t\u00eb l\u00ebkur\u00ebs tuaj dhe ndihmojn\u00eb n\u00eb ruajtjen e flor\u00ebs natyrale t\u00eb l\u00ebkur\u00ebs tuaj. Mund t\u00eb p\u00ebrdoret si nj\u00eb pastrues natyral i grimit dhe \u00ebsht\u00eb i shk\u00eblqyesh\u00ebm p\u00ebr flok\u00ebt.<\/p>\n<p><strong>Vetit\u00eb:<\/strong> Antioksidant, Hidratues, Antimikrobik.<\/p>\n<p><strong>P\u00ebrdorimi:<\/strong> Disa pika mund t\u00eb aplikohen n\u00eb zon\u00ebn e nevojshme dhe n\u00eb flok\u00eb.<\/p>","protected":false},"excerpt":{"rendered":"<ul>\n<li>\u00cbsht\u00eb nj\u00eb zbut\u00ebs i shk\u00eblqyesh\u00ebm i l\u00ebkur\u00ebs.<\/li>\n<li>P\u00ebrmban vitamin\u00eb E, aminoacide esenciale dhe acid laurik &amp; kaprilik, t\u00eb cil\u00ebt ndihmojn\u00eb n\u00eb ruajtjen e flor\u00ebs natyrale t\u00eb l\u00ebkur\u00ebs tuaj.<\/li>\n<li>Mund t\u00eb p\u00ebrdoret si nj\u00eb pastrues natyral i grimit dhe \u00ebsht\u00eb i shk\u00eblqyesh\u00ebm p\u00ebr flok\u00ebt.<\/li>\n<\/ul>","protected":false},"featured_media":2610,"template":"","meta":{"_acf_changed":false,"_et_pb_use_builder":"","_et_pb_old_content":"","_et_gb_content_width":"","_monsterinsights_skip_tracking":false,"_monsterinsights_sitenote_active":false,"_monsterinsights_sitenote_note":"","_monsterinsights_sitenote_category":0,"_joinchat":[]},"product_brand":[],"product_cat":[922,480,503],"product_tag":[923,879,987],"class_list":{"0":"post-2609","1":"product","2":"type-product","3":"status-publish","4":"has-post-thumbnail","6":"product_cat-kujdesi-i-flokeve","7":"product_cat-kujdes-i-lekures","8":"product_cat-vajra-vegjetale","9":"product_tag-kujdesi-i-flokeve","10":"product_tag-kujdesi-i-lekures","11":"product_tag-vaji-i-kokosit","13":"first","14":"instock","15":"shipping-taxable","16":"purchasable","17":"product-type-simple"},"acf":[],"yoast_head":"<!-- This site is optimized with the Yoast SEO plugin v27.4 - https:\/\/yoast.com\/product\/yoast-seo-wordpress\/ -->\n<title>Vaji i kokosit 20 ml - Gjini Herbal<\/title>\n<meta name=\"description\" content=\"Vaji i kokosit \u00ebsht\u00eb nj\u00eb zbut\u00ebs i shk\u00eblqyesh\u00ebm i l\u00ebkur\u00ebs. \u00cbsht\u00eb i shk\u00eblqyesh\u00ebm n\u00eb riparimin dhe rivendosjen e saj pasi absorbohet me shpejt\u00ebsi n\u00eb epiderm\u00eb. Vaji i kokosit p\u00ebrmban vitamin\u00eb E, aminoacide esenciale dhe acid laurik dhe kaprilik, t\u00eb cil\u00ebt jan\u00eb pjes\u00eb e funksionit pengues t\u00eb l\u00ebkur\u00ebs tuaj dhe ndihmojn\u00eb n\u00eb ruajtjen e flor\u00ebs natyrale t\u00eb l\u00ebkur\u00ebs tuaj. Mund t\u00eb p\u00ebrdoret si nj\u00eb pastrues natyral i grimit dhe \u00ebsht\u00eb i shk\u00eblqyesh\u00ebm p\u00ebr flok\u00ebt.\" \/>\n<meta name=\"robots\" content=\"index, follow, max-snippet:-1, max-image-preview:large, max-video-preview:-1\" \/>\n<link rel=\"canonical\" href=\"https:\/\/gjiniherbal.com\/sq\/produkt\/kujdes-i-lekures\/vaji-i-kokosit-20-ml\/\" \/>\n<meta property=\"og:locale\" content=\"sq_AL\" \/>\n<meta property=\"og:type\" content=\"article\" \/>\n<meta property=\"og:title\" content=\"Vaji i kokosit 20 ml - Gjini Herbal\" \/>\n<meta property=\"og:description\" content=\"Vaji i kokosit \u00ebsht\u00eb nj\u00eb zbut\u00ebs i shk\u00eblqyesh\u00ebm i l\u00ebkur\u00ebs. \u00cbsht\u00eb i shk\u00eblqyesh\u00ebm n\u00eb riparimin dhe rivendosjen e saj pasi absorbohet me shpejt\u00ebsi n\u00eb epiderm\u00eb. Vaji i kokosit p\u00ebrmban vitamin\u00eb E, aminoacide esenciale dhe acid laurik dhe kaprilik, t\u00eb cil\u00ebt jan\u00eb pjes\u00eb e funksionit pengues t\u00eb l\u00ebkur\u00ebs tuaj dhe ndihmojn\u00eb n\u00eb ruajtjen e flor\u00ebs natyrale t\u00eb l\u00ebkur\u00ebs tuaj. Mund t\u00eb p\u00ebrdoret si nj\u00eb pastrues natyral i grimit dhe \u00ebsht\u00eb i shk\u00eblqyesh\u00ebm p\u00ebr flok\u00ebt.\" \/>\n<meta property=\"og:url\" content=\"https:\/\/gjiniherbal.com\/sq\/produkt\/kujdes-i-lekures\/vaji-i-kokosit-20-ml\/\" \/>\n<meta property=\"og:site_name\" content=\"Gjini Herbal\" \/>\n<meta property=\"article:publisher\" content=\"https:\/\/facebook.com\/gjiniherbal\" \/>\n<meta property=\"article:modified_time\" content=\"2024-05-14T08:56:55+00:00\" \/>\n<meta property=\"og:image\" content=\"https:\/\/gjiniherbal.com\/wp-content\/uploads\/2024\/05\/20ml-hindistan-cevizi-cift-tr-talyabitkiselcom.webp\" \/>\n\t<meta property=\"og:image:width\" content=\"1000\" \/>\n\t<meta property=\"og:image:height\" content=\"1000\" \/>\n\t<meta property=\"og:image:type\" content=\"image\/webp\" \/>\n<meta name=\"twitter:card\" content=\"summary_large_image\" \/>\n<meta name=\"twitter:label1\" content=\"Est. reading time\" \/>\n\t<meta name=\"twitter:data1\" content=\"1 minut\u00eb\" \/>\n<script type=\"application\/ld+json\" class=\"yoast-schema-graph\">{\"@context\":\"https:\\\/\\\/schema.org\",\"@graph\":[{\"@type\":\"WebPage\",\"@id\":\"https:\\\/\\\/gjiniherbal.com\\\/produkt\\\/kujdes-i-lekures\\\/vaji-i-kokosit-20-ml\\\/\",\"url\":\"https:\\\/\\\/gjiniherbal.com\\\/produkt\\\/kujdes-i-lekures\\\/vaji-i-kokosit-20-ml\\\/\",\"name\":\"Vaji i kokosit 20 ml - Gjini Herbal\",\"isPartOf\":{\"@id\":\"https:\\\/\\\/gjiniherbal.com\\\/#website\"},\"primaryImageOfPage\":{\"@id\":\"https:\\\/\\\/gjiniherbal.com\\\/produkt\\\/kujdes-i-lekures\\\/vaji-i-kokosit-20-ml\\\/#primaryimage\"},\"image\":{\"@id\":\"https:\\\/\\\/gjiniherbal.com\\\/produkt\\\/kujdes-i-lekures\\\/vaji-i-kokosit-20-ml\\\/#primaryimage\"},\"thumbnailUrl\":\"https:\\\/\\\/gjiniherbal.com\\\/wp-content\\\/uploads\\\/2024\\\/05\\\/20ml-hindistan-cevizi-cift-tr-talyabitkiselcom.webp\",\"datePublished\":\"2024-05-14T08:56:54+00:00\",\"dateModified\":\"2024-05-14T08:56:55+00:00\",\"description\":\"Vaji i kokosit \u00ebsht\u00eb nj\u00eb zbut\u00ebs i shk\u00eblqyesh\u00ebm i l\u00ebkur\u00ebs. \u00cbsht\u00eb i shk\u00eblqyesh\u00ebm n\u00eb riparimin dhe rivendosjen e saj pasi absorbohet me shpejt\u00ebsi n\u00eb epiderm\u00eb. Vaji i kokosit p\u00ebrmban vitamin\u00eb E, aminoacide esenciale dhe acid laurik dhe kaprilik, t\u00eb cil\u00ebt jan\u00eb pjes\u00eb e funksionit pengues t\u00eb l\u00ebkur\u00ebs tuaj dhe ndihmojn\u00eb n\u00eb ruajtjen e flor\u00ebs natyrale t\u00eb l\u00ebkur\u00ebs tuaj. Mund t\u00eb p\u00ebrdoret si nj\u00eb pastrues natyral i grimit dhe \u00ebsht\u00eb i shk\u00eblqyesh\u00ebm p\u00ebr flok\u00ebt.\",\"breadcrumb\":{\"@id\":\"https:\\\/\\\/gjiniherbal.com\\\/produkt\\\/kujdes-i-lekures\\\/vaji-i-kokosit-20-ml\\\/#breadcrumb\"},\"inLanguage\":\"sq\",\"potentialAction\":[{\"@type\":\"ReadAction\",\"target\":[\"https:\\\/\\\/gjiniherbal.com\\\/produkt\\\/kujdes-i-lekures\\\/vaji-i-kokosit-20-ml\\\/\"]}]},{\"@type\":\"ImageObject\",\"inLanguage\":\"sq\",\"@id\":\"https:\\\/\\\/gjiniherbal.com\\\/produkt\\\/kujdes-i-lekures\\\/vaji-i-kokosit-20-ml\\\/#primaryimage\",\"url\":\"https:\\\/\\\/gjiniherbal.com\\\/wp-content\\\/uploads\\\/2024\\\/05\\\/20ml-hindistan-cevizi-cift-tr-talyabitkiselcom.webp\",\"contentUrl\":\"https:\\\/\\\/gjiniherbal.com\\\/wp-content\\\/uploads\\\/2024\\\/05\\\/20ml-hindistan-cevizi-cift-tr-talyabitkiselcom.webp\",\"width\":1000,\"height\":1000,\"caption\":\"Vaji i kokosit 20 ml\"},{\"@type\":\"BreadcrumbList\",\"@id\":\"https:\\\/\\\/gjiniherbal.com\\\/produkt\\\/kujdes-i-lekures\\\/vaji-i-kokosit-20-ml\\\/#breadcrumb\",\"itemListElement\":[{\"@type\":\"ListItem\",\"position\":1,\"name\":\"Home\",\"item\":\"https:\\\/\\\/gjiniherbal.com\\\/en_us\\\/\"},{\"@type\":\"ListItem\",\"position\":2,\"name\":\"Shop\",\"item\":\"https:\\\/\\\/gjiniherbal.com\\\/en_us\\\/shop\\\/\"},{\"@type\":\"ListItem\",\"position\":3,\"name\":\"Vaji i kokosit 20 ml\"}]},{\"@type\":\"WebSite\",\"@id\":\"https:\\\/\\\/gjiniherbal.com\\\/#website\",\"url\":\"https:\\\/\\\/gjiniherbal.com\\\/\",\"name\":\"Gjini Herbal\",\"description\":\"Produkte Natyrale\",\"publisher\":{\"@id\":\"https:\\\/\\\/gjiniherbal.com\\\/#organization\"},\"potentialAction\":[{\"@type\":\"SearchAction\",\"target\":{\"@type\":\"EntryPoint\",\"urlTemplate\":\"https:\\\/\\\/gjiniherbal.com\\\/?s={search_term_string}\"},\"query-input\":{\"@type\":\"PropertyValueSpecification\",\"valueRequired\":true,\"valueName\":\"search_term_string\"}}],\"inLanguage\":\"sq\"},{\"@type\":\"Organization\",\"@id\":\"https:\\\/\\\/gjiniherbal.com\\\/#organization\",\"name\":\"Gjini Herbal\",\"url\":\"https:\\\/\\\/gjiniherbal.com\\\/\",\"logo\":{\"@type\":\"ImageObject\",\"inLanguage\":\"sq\",\"@id\":\"https:\\\/\\\/gjiniherbal.com\\\/#\\\/schema\\\/logo\\\/image\\\/\",\"url\":\"https:\\\/\\\/gjiniherbal.com\\\/wp-content\\\/uploads\\\/2022\\\/07\\\/gjini-herbal-logo.png\",\"contentUrl\":\"https:\\\/\\\/gjiniherbal.com\\\/wp-content\\\/uploads\\\/2022\\\/07\\\/gjini-herbal-logo.png\",\"width\":652,\"height\":262,\"caption\":\"Gjini Herbal\"},\"image\":{\"@id\":\"https:\\\/\\\/gjiniherbal.com\\\/#\\\/schema\\\/logo\\\/image\\\/\"},\"sameAs\":[\"https:\\\/\\\/facebook.com\\\/gjiniherbal\",\"https:\\\/\\\/instagram.com\\\/gjiniherbal\",\"https:\\\/\\\/www.youtube.com\\\/channel\\\/UC_tHHueG-qxycnvdro4jHtQ\"]}]}<\/script>\n<!-- \/ Yoast SEO plugin. -->","yoast_head_json":{"title":"Vaji i kokosit 20 ml - Gjini Herbal","description":"Vaji i kokosit \u00ebsht\u00eb nj\u00eb zbut\u00ebs i shk\u00eblqyesh\u00ebm i l\u00ebkur\u00ebs. \u00cbsht\u00eb i shk\u00eblqyesh\u00ebm n\u00eb riparimin dhe rivendosjen e saj pasi absorbohet me shpejt\u00ebsi n\u00eb epiderm\u00eb. Vaji i kokosit p\u00ebrmban vitamin\u00eb E, aminoacide esenciale dhe acid laurik dhe kaprilik, t\u00eb cil\u00ebt jan\u00eb pjes\u00eb e funksionit pengues t\u00eb l\u00ebkur\u00ebs tuaj dhe ndihmojn\u00eb n\u00eb ruajtjen e flor\u00ebs natyrale t\u00eb l\u00ebkur\u00ebs tuaj. Mund t\u00eb p\u00ebrdoret si nj\u00eb pastrues natyral i grimit dhe \u00ebsht\u00eb i shk\u00eblqyesh\u00ebm p\u00ebr flok\u00ebt.","robots":{"index":"index","follow":"follow","max-snippet":"max-snippet:-1","max-image-preview":"max-image-preview:large","max-video-preview":"max-video-preview:-1"},"canonical":"https:\/\/gjiniherbal.com\/sq\/produkt\/kujdes-i-lekures\/vaji-i-kokosit-20-ml\/","og_locale":"sq_AL","og_type":"article","og_title":"Vaji i kokosit 20 ml - Gjini Herbal","og_description":"Vaji i kokosit \u00ebsht\u00eb nj\u00eb zbut\u00ebs i shk\u00eblqyesh\u00ebm i l\u00ebkur\u00ebs. \u00cbsht\u00eb i shk\u00eblqyesh\u00ebm n\u00eb riparimin dhe rivendosjen e saj pasi absorbohet me shpejt\u00ebsi n\u00eb epiderm\u00eb. Vaji i kokosit p\u00ebrmban vitamin\u00eb E, aminoacide esenciale dhe acid laurik dhe kaprilik, t\u00eb cil\u00ebt jan\u00eb pjes\u00eb e funksionit pengues t\u00eb l\u00ebkur\u00ebs tuaj dhe ndihmojn\u00eb n\u00eb ruajtjen e flor\u00ebs natyrale t\u00eb l\u00ebkur\u00ebs tuaj. Mund t\u00eb p\u00ebrdoret si nj\u00eb pastrues natyral i grimit dhe \u00ebsht\u00eb i shk\u00eblqyesh\u00ebm p\u00ebr flok\u00ebt.","og_url":"https:\/\/gjiniherbal.com\/sq\/produkt\/kujdes-i-lekures\/vaji-i-kokosit-20-ml\/","og_site_name":"Gjini Herbal","article_publisher":"https:\/\/facebook.com\/gjiniherbal","article_modified_time":"2024-05-14T08:56:55+00:00","og_image":[{"width":1000,"height":1000,"url":"https:\/\/gjiniherbal.com\/wp-content\/uploads\/2024\/05\/20ml-hindistan-cevizi-cift-tr-talyabitkiselcom.webp","type":"image\/webp"}],"twitter_card":"summary_large_image","twitter_misc":{"Est. reading time":"1 minut\u00eb"},"schema":{"@context":"https:\/\/schema.org","@graph":[{"@type":"WebPage","@id":"https:\/\/gjiniherbal.com\/produkt\/kujdes-i-lekures\/vaji-i-kokosit-20-ml\/","url":"https:\/\/gjiniherbal.com\/produkt\/kujdes-i-lekures\/vaji-i-kokosit-20-ml\/","name":"Vaji i kokosit 20 ml - Gjini Herbal","isPartOf":{"@id":"https:\/\/gjiniherbal.com\/#website"},"primaryImageOfPage":{"@id":"https:\/\/gjiniherbal.com\/produkt\/kujdes-i-lekures\/vaji-i-kokosit-20-ml\/#primaryimage"},"image":{"@id":"https:\/\/gjiniherbal.com\/produkt\/kujdes-i-lekures\/vaji-i-kokosit-20-ml\/#primaryimage"},"thumbnailUrl":"https:\/\/gjiniherbal.com\/wp-content\/uploads\/2024\/05\/20ml-hindistan-cevizi-cift-tr-talyabitkiselcom.webp","datePublished":"2024-05-14T08:56:54+00:00","dateModified":"2024-05-14T08:56:55+00:00","description":"Vaji i kokosit \u00ebsht\u00eb nj\u00eb zbut\u00ebs i shk\u00eblqyesh\u00ebm i l\u00ebkur\u00ebs. \u00cbsht\u00eb i shk\u00eblqyesh\u00ebm n\u00eb riparimin dhe rivendosjen e saj pasi absorbohet me shpejt\u00ebsi n\u00eb epiderm\u00eb. Vaji i kokosit p\u00ebrmban vitamin\u00eb E, aminoacide esenciale dhe acid laurik dhe kaprilik, t\u00eb cil\u00ebt jan\u00eb pjes\u00eb e funksionit pengues t\u00eb l\u00ebkur\u00ebs tuaj dhe ndihmojn\u00eb n\u00eb ruajtjen e flor\u00ebs natyrale t\u00eb l\u00ebkur\u00ebs tuaj. Mund t\u00eb p\u00ebrdoret si nj\u00eb pastrues natyral i grimit dhe \u00ebsht\u00eb i shk\u00eblqyesh\u00ebm p\u00ebr flok\u00ebt.","breadcrumb":{"@id":"https:\/\/gjiniherbal.com\/produkt\/kujdes-i-lekures\/vaji-i-kokosit-20-ml\/#breadcrumb"},"inLanguage":"sq","potentialAction":[{"@type":"ReadAction","target":["https:\/\/gjiniherbal.com\/produkt\/kujdes-i-lekures\/vaji-i-kokosit-20-ml\/"]}]},{"@type":"ImageObject","inLanguage":"sq","@id":"https:\/\/gjiniherbal.com\/produkt\/kujdes-i-lekures\/vaji-i-kokosit-20-ml\/#primaryimage","url":"https:\/\/gjiniherbal.com\/wp-content\/uploads\/2024\/05\/20ml-hindistan-cevizi-cift-tr-talyabitkiselcom.webp","contentUrl":"https:\/\/gjiniherbal.com\/wp-content\/uploads\/2024\/05\/20ml-hindistan-cevizi-cift-tr-talyabitkiselcom.webp","width":1000,"height":1000,"caption":"Vaji i kokosit 20 ml"},{"@type":"BreadcrumbList","@id":"https:\/\/gjiniherbal.com\/produkt\/kujdes-i-lekures\/vaji-i-kokosit-20-ml\/#breadcrumb","itemListElement":[{"@type":"ListItem","position":1,"name":"Home","item":"https:\/\/gjiniherbal.com\/en_us\/"},{"@type":"ListItem","position":2,"name":"Shop","item":"https:\/\/gjiniherbal.com\/en_us\/shop\/"},{"@type":"ListItem","position":3,"name":"Vaji i kokosit 20 ml"}]},{"@type":"WebSite","@id":"https:\/\/gjiniherbal.com\/#website","url":"https:\/\/gjiniherbal.com\/","name":"Gjini Herbal","description":"Produkte Natyrale","publisher":{"@id":"https:\/\/gjiniherbal.com\/#organization"},"potentialAction":[{"@type":"SearchAction","target":{"@type":"EntryPoint","urlTemplate":"https:\/\/gjiniherbal.com\/?s={search_term_string}"},"query-input":{"@type":"PropertyValueSpecification","valueRequired":true,"valueName":"search_term_string"}}],"inLanguage":"sq"},{"@type":"Organization","@id":"https:\/\/gjiniherbal.com\/#organization","name":"Gjini Herbal","url":"https:\/\/gjiniherbal.com\/","logo":{"@type":"ImageObject","inLanguage":"sq","@id":"https:\/\/gjiniherbal.com\/#\/schema\/logo\/image\/","url":"https:\/\/gjiniherbal.com\/wp-content\/uploads\/2022\/07\/gjini-herbal-logo.png","contentUrl":"https:\/\/gjiniherbal.com\/wp-content\/uploads\/2022\/07\/gjini-herbal-logo.png","width":652,"height":262,"caption":"Gjini Herbal"},"image":{"@id":"https:\/\/gjiniherbal.com\/#\/schema\/logo\/image\/"},"sameAs":["https:\/\/facebook.com\/gjiniherbal","https:\/\/instagram.com\/gjiniherbal","https:\/\/www.youtube.com\/channel\/UC_tHHueG-qxycnvdro4jHtQ"]}]}},"jetpack-related-posts":[],"jetpack_sharing_enabled":true,"_links":{"self":[{"href":"https:\/\/gjiniherbal.com\/sq\/wp-json\/wp\/v2\/product\/2609","targetHints":{"allow":["GET"]}}],"collection":[{"href":"https:\/\/gjiniherbal.com\/sq\/wp-json\/wp\/v2\/product"}],"about":[{"href":"https:\/\/gjiniherbal.com\/sq\/wp-json\/wp\/v2\/types\/product"}],"wp:featuredmedia":[{"embeddable":true,"href":"https:\/\/gjiniherbal.com\/sq\/wp-json\/wp\/v2\/media\/2610"}],"wp:attachment":[{"href":"https:\/\/gjiniherbal.com\/sq\/wp-json\/wp\/v2\/media?parent=2609"}],"wp:term":[{"taxonomy":"product_brand","embeddable":true,"href":"https:\/\/gjiniherbal.com\/sq\/wp-json\/wp\/v2\/product_brand?post=2609"},{"taxonomy":"product_cat","embeddable":true,"href":"https:\/\/gjiniherbal.com\/sq\/wp-json\/wp\/v2\/product_cat?post=2609"},{"taxonomy":"product_tag","embeddable":true,"href":"https:\/\/gjiniherbal.com\/sq\/wp-json\/wp\/v2\/product_tag?post=2609"}],"curies":[{"name":"wp","href":"https:\/\/api.w.org\/{rel}","templated":true}]}}