{"id":2599,"date":"2024-05-14T10:32:02","date_gmt":"2024-05-14T08:32:02","guid":{"rendered":"https:\/\/gjiniherbal.com\/?post_type=product&#038;p=2599"},"modified":"2024-05-14T10:32:03","modified_gmt":"2024-05-14T08:32:03","slug":"vaji-i-paculit-20-ml","status":"publish","type":"product","link":"https:\/\/gjiniherbal.com\/sq\/produkt\/vajra-esenciale\/vaji-i-paculit-20-ml\/","title":{"rendered":"Vaji i pa\u00e7ulit 20 ml"},"content":{"rendered":"<p>Vaji i pa\u00e7ulit \u00ebsht\u00eb nj\u00eb vaj esencial q\u00eb rrjedh nga gjethet e bim\u00ebs s\u00eb pa\u00e7ulit, nj\u00eb lloj bari aromatik. P\u00ebr t\u00eb prodhuar vaj pa\u00e7uli, gjethet dhe k\u00ebrcelli i bim\u00ebs mblidhen dhe lihen t\u00eb thahen, m\u00eb pas i n\u00ebnshtrohen nj\u00eb procesi distilimi p\u00ebr t\u00eb nxjerr\u00eb vajin esencial.<\/p>\n<p>Vaji i pa\u00e7ulit ka nj\u00eb arom\u00eb karakteristike q\u00eb mund t\u00eb p\u00ebrshkruhet si drunore, e \u00ebmb\u00ebl dhe pikante. Vaji i Pat\u00e7ulit ka veti antioksiduese dhe antimikrobike. Ndihmon n\u00eb leht\u00ebsimin e tensionit, gjumit dhe problemeve t\u00eb ankthit. Ky vaj gjithashtu ndihmon n\u00eb parandalimin e njollave dhe rrudhave t\u00eb l\u00ebkur\u00ebs.<\/p>\n<p><strong>Aromaterapia:<\/strong> Shtoni 4-5 pika n\u00eb difuzerin tuaj p\u00ebr t\u00eb mbushur dhom\u00ebn me k\u00ebt\u00eb arom\u00eb t\u00eb mrekullueshme.<\/p>\n<p><strong>P\u00ebrdorimi Topik:<\/strong> Shtoni 4-5 pika n\u00eb 10 ml vaj t\u00eb farave t\u00eb bajames ose sheg\u00ebs. Aplikojeni but\u00ebsisht derisa t\u00eb p\u00ebrthithet.<\/p>\n<p><strong>Banj\u00eb\/Dush:<\/strong> P\u00ebrzieni 5 pika vaj Patchouli me 10 ml vaj Jojoba ose kokosi dhe m\u00eb pas derdhni p\u00ebrzierjen n\u00eb ujin e banj\u00ebs tuaj p\u00ebr nj\u00eb banj\u00eb relaksuese dhe terapeutike.<\/p>","protected":false},"excerpt":{"rendered":"<ul>\n<li>Ka veti antioksiduese dhe antimikrobike.<\/li>\n<li>Ndihmon n\u00eb leht\u00ebsimin e tensionit, gjumit dhe problemeve t\u00eb ankthit.<\/li>\n<li>Ndihmon n\u00eb parandalimin e njollave dhe rrudhave t\u00eb l\u00ebkur\u00ebs.<\/li>\n<\/ul>","protected":false},"featured_media":2600,"template":"","meta":{"_acf_changed":false,"_et_pb_use_builder":"","_et_pb_old_content":"","_et_gb_content_width":"","_monsterinsights_skip_tracking":false,"_monsterinsights_sitenote_active":false,"_monsterinsights_sitenote_note":"","_monsterinsights_sitenote_category":0,"_joinchat":[]},"product_brand":[],"product_cat":[830,480],"product_tag":[879,674,985],"class_list":{"0":"post-2599","1":"product","2":"type-product","3":"status-publish","4":"has-post-thumbnail","6":"product_cat-vajra-esenciale","7":"product_cat-kujdes-i-lekures","8":"product_tag-kujdesi-i-lekures","9":"product_tag-vaj-esencial","10":"product_tag-vaji-i-paculit","12":"first","13":"instock","14":"shipping-taxable","15":"purchasable","16":"product-type-simple"},"acf":[],"jetpack-related-posts":[],"jetpack_sharing_enabled":true,"_links":{"self":[{"href":"https:\/\/gjiniherbal.com\/sq\/wp-json\/wp\/v2\/product\/2599","targetHints":{"allow":["GET"]}}],"collection":[{"href":"https:\/\/gjiniherbal.com\/sq\/wp-json\/wp\/v2\/product"}],"about":[{"href":"https:\/\/gjiniherbal.com\/sq\/wp-json\/wp\/v2\/types\/product"}],"wp:featuredmedia":[{"embeddable":true,"href":"https:\/\/gjiniherbal.com\/sq\/wp-json\/wp\/v2\/media\/2600"}],"wp:attachment":[{"href":"https:\/\/gjiniherbal.com\/sq\/wp-json\/wp\/v2\/media?parent=2599"}],"wp:term":[{"taxonomy":"product_brand","embeddable":true,"href":"https:\/\/gjiniherbal.com\/sq\/wp-json\/wp\/v2\/product_brand?post=2599"},{"taxonomy":"product_cat","embeddable":true,"href":"https:\/\/gjiniherbal.com\/sq\/wp-json\/wp\/v2\/product_cat?post=2599"},{"taxonomy":"product_tag","embeddable":true,"href":"https:\/\/gjiniherbal.com\/sq\/wp-json\/wp\/v2\/product_tag?post=2599"}],"curies":[{"name":"wp","href":"https:\/\/api.w.org\/{rel}","templated":true}]}}