{"id":2594,"date":"2024-05-14T09:49:14","date_gmt":"2024-05-14T07:49:14","guid":{"rendered":"https:\/\/gjiniherbal.com\/?post_type=product&#038;p=2594"},"modified":"2024-05-14T10:18:53","modified_gmt":"2024-05-14T08:18:53","slug":"vaji-ylang-ylang-20-ml","status":"publish","type":"product","link":"https:\/\/gjiniherbal.com\/sq\/produkt\/vajra-esenciale\/vaji-ylang-ylang-20-ml\/","title":{"rendered":"Vaji ylang ylang 20 ml"},"content":{"rendered":"<p>Me origjin\u00eb nga Azia Juglindore, Ylang-Ylang (Cananga odorata) \u00ebsht\u00eb nj\u00eb pem\u00eb tropikale q\u00eb i p\u00ebrket familjes Annonaceae. Emri ylang-ylang do t\u00eb thot\u00eb &#8220;lule me lule&#8221;. Ai prodhon lule shum\u00eb aromatike me ngjyr\u00eb t\u00eb gjelb\u00ebr t\u00eb zbeht\u00eb, t\u00eb cilat m\u00eb pas zverdhen. Aroma e tyre e \u00ebmb\u00ebl mund t\u00eb nuhatet nga larg dhe b\u00ebhet m\u00eb intensive n\u00eb mot me er\u00eb.<\/p>\n<p>Kur thithet, Ylang Ylang dihet se ka nj\u00eb efekt pozitiv n\u00eb humor. Vaji esencial i Ylang Ylang mund t\u00eb ndihmoj\u00eb n\u00eb ngjalljen e ndjenjave t\u00eb g\u00ebzimit dhe leht\u00ebsis\u00eb, nd\u00ebrkoh\u00eb q\u00eb leht\u00ebson emocionet negative, duke promovuar nj\u00eb atmosfer\u00eb t\u00eb qet\u00eb dhe paq\u00ebsore n\u00eb sht\u00ebpi kur shp\u00ebrndahet.<\/p>\n<p><strong>Vetit\u00eb:<\/strong> Antiseptik, Antibakterial, Antiinflamator, Qet\u00ebsues dhe Qet\u00ebsues.<\/p>\n<p><strong>Aromaterapia:<\/strong> Shtoni 4-5 pika n\u00eb difuzerin tuaj p\u00ebr t\u00eb mbushur dhom\u00ebn me k\u00ebt\u00eb arom\u00eb t\u00eb mrekullueshme t\u00eb natyr\u00ebs.<\/p>\n<p><strong>P\u00ebrdorimi lokal:<\/strong> Shtoni 4-5 pika vaj Ylang Ylang n\u00eb 10 ml vaj baz\u00eb. Aplikojeni but\u00ebsisht derisa t\u00eb p\u00ebrthithet.<\/p>\n<p><strong>Banj\u00eb\/Dush:<\/strong> P\u00ebrzieni 5 pika vaj Ylang Ylang me 10 ml vaj Jojoba ose kokosi dhe derdhni p\u00ebrzierjen n\u00eb ujin e vask\u00ebs tuaj p\u00ebr nj\u00eb banj\u00eb relaksuese dhe terapeutike.<\/p>","protected":false},"excerpt":{"rendered":"<ul>\n<li>Ka nj\u00eb efekt pozitiv n\u00eb humor.<\/li>\n<li>Ndihmon n\u00eb ngjalljen e ndjenjave t\u00eb g\u00ebzimit dhe leht\u00ebsis\u00eb.<\/li>\n<li>Leht\u00ebson emocionet negative, duke ofruar nj\u00eb atmosfer\u00eb t\u00eb qet\u00eb dhe paq\u00ebsore n\u00eb sht\u00ebpi kur shp\u00ebrndahet.<\/li>\n<\/ul>","protected":false},"featured_media":2595,"template":"","meta":{"_acf_changed":false,"_et_pb_use_builder":"","_et_pb_old_content":"","_et_gb_content_width":"","_monsterinsights_skip_tracking":false,"_monsterinsights_sitenote_active":false,"_monsterinsights_sitenote_note":"","_monsterinsights_sitenote_category":0,"_joinchat":[]},"product_brand":[],"product_cat":[830],"product_tag":[674,984],"class_list":{"0":"post-2594","1":"product","2":"type-product","3":"status-publish","4":"has-post-thumbnail","6":"product_cat-vajra-esenciale","7":"product_tag-vaj-esencial","8":"product_tag-vaji-ylang-ylang","10":"first","11":"instock","12":"shipping-taxable","13":"purchasable","14":"product-type-simple"},"acf":[],"yoast_head":"<!-- This site is optimized with the Yoast SEO plugin v27.4 - https:\/\/yoast.com\/product\/yoast-seo-wordpress\/ -->\n<title>Vaji ylang ylang 20 ml - Gjini Herbal<\/title>\n<meta name=\"description\" content=\"Kur thithet, Ylang Ylang dihet se ka nj\u00eb efekt pozitiv n\u00eb humor. Vaji esencial i Ylang Ylang mund t\u00eb ndihmoj\u00eb n\u00eb ngjalljen e ndjenjave t\u00eb g\u00ebzimit dhe leht\u00ebsis\u00eb, nd\u00ebrkoh\u00eb q\u00eb leht\u00ebson emocionet negative, duke promovuar nj\u00eb atmosfer\u00eb t\u00eb qet\u00eb dhe paq\u00ebsore n\u00eb sht\u00ebpi kur shp\u00ebrndahet.\" \/>\n<meta name=\"robots\" content=\"index, follow, max-snippet:-1, max-image-preview:large, max-video-preview:-1\" \/>\n<link rel=\"canonical\" href=\"https:\/\/gjiniherbal.com\/sq\/produkt\/vajra-esenciale\/vaji-ylang-ylang-20-ml\/\" \/>\n<meta property=\"og:locale\" content=\"sq_AL\" \/>\n<meta property=\"og:type\" content=\"article\" \/>\n<meta property=\"og:title\" content=\"Vaji ylang ylang 20 ml - Gjini Herbal\" \/>\n<meta property=\"og:description\" content=\"Kur thithet, Ylang Ylang dihet se ka nj\u00eb efekt pozitiv n\u00eb humor. Vaji esencial i Ylang Ylang mund t\u00eb ndihmoj\u00eb n\u00eb ngjalljen e ndjenjave t\u00eb g\u00ebzimit dhe leht\u00ebsis\u00eb, nd\u00ebrkoh\u00eb q\u00eb leht\u00ebson emocionet negative, duke promovuar nj\u00eb atmosfer\u00eb t\u00eb qet\u00eb dhe paq\u00ebsore n\u00eb sht\u00ebpi kur shp\u00ebrndahet.\" \/>\n<meta property=\"og:url\" content=\"https:\/\/gjiniherbal.com\/sq\/produkt\/vajra-esenciale\/vaji-ylang-ylang-20-ml\/\" \/>\n<meta property=\"og:site_name\" content=\"Gjini Herbal\" \/>\n<meta property=\"article:publisher\" content=\"https:\/\/facebook.com\/gjiniherbal\" \/>\n<meta property=\"article:modified_time\" content=\"2024-05-14T08:18:53+00:00\" \/>\n<meta property=\"og:image\" content=\"https:\/\/gjiniherbal.com\/wp-content\/uploads\/2024\/05\/20ml-ylang-cift-tr-talyabitkiselcom.webp\" \/>\n\t<meta property=\"og:image:width\" content=\"1000\" \/>\n\t<meta property=\"og:image:height\" content=\"1000\" \/>\n\t<meta property=\"og:image:type\" content=\"image\/webp\" \/>\n<meta name=\"twitter:card\" content=\"summary_large_image\" \/>\n<meta name=\"twitter:label1\" content=\"Est. reading time\" \/>\n\t<meta name=\"twitter:data1\" content=\"1 minut\u00eb\" \/>\n<script type=\"application\/ld+json\" class=\"yoast-schema-graph\">{\"@context\":\"https:\\\/\\\/schema.org\",\"@graph\":[{\"@type\":\"WebPage\",\"@id\":\"https:\\\/\\\/gjiniherbal.com\\\/produkt\\\/vajra-esenciale\\\/vaji-ylang-ylang-20-ml\\\/\",\"url\":\"https:\\\/\\\/gjiniherbal.com\\\/produkt\\\/vajra-esenciale\\\/vaji-ylang-ylang-20-ml\\\/\",\"name\":\"Vaji ylang ylang 20 ml - Gjini Herbal\",\"isPartOf\":{\"@id\":\"https:\\\/\\\/gjiniherbal.com\\\/#website\"},\"primaryImageOfPage\":{\"@id\":\"https:\\\/\\\/gjiniherbal.com\\\/produkt\\\/vajra-esenciale\\\/vaji-ylang-ylang-20-ml\\\/#primaryimage\"},\"image\":{\"@id\":\"https:\\\/\\\/gjiniherbal.com\\\/produkt\\\/vajra-esenciale\\\/vaji-ylang-ylang-20-ml\\\/#primaryimage\"},\"thumbnailUrl\":\"https:\\\/\\\/gjiniherbal.com\\\/wp-content\\\/uploads\\\/2024\\\/05\\\/20ml-ylang-cift-tr-talyabitkiselcom.webp\",\"datePublished\":\"2024-05-14T07:49:14+00:00\",\"dateModified\":\"2024-05-14T08:18:53+00:00\",\"description\":\"Kur thithet, Ylang Ylang dihet se ka nj\u00eb efekt pozitiv n\u00eb humor. Vaji esencial i Ylang Ylang mund t\u00eb ndihmoj\u00eb n\u00eb ngjalljen e ndjenjave t\u00eb g\u00ebzimit dhe leht\u00ebsis\u00eb, nd\u00ebrkoh\u00eb q\u00eb leht\u00ebson emocionet negative, duke promovuar nj\u00eb atmosfer\u00eb t\u00eb qet\u00eb dhe paq\u00ebsore n\u00eb sht\u00ebpi kur shp\u00ebrndahet.\",\"breadcrumb\":{\"@id\":\"https:\\\/\\\/gjiniherbal.com\\\/produkt\\\/vajra-esenciale\\\/vaji-ylang-ylang-20-ml\\\/#breadcrumb\"},\"inLanguage\":\"sq\",\"potentialAction\":[{\"@type\":\"ReadAction\",\"target\":[\"https:\\\/\\\/gjiniherbal.com\\\/produkt\\\/vajra-esenciale\\\/vaji-ylang-ylang-20-ml\\\/\"]}]},{\"@type\":\"ImageObject\",\"inLanguage\":\"sq\",\"@id\":\"https:\\\/\\\/gjiniherbal.com\\\/produkt\\\/vajra-esenciale\\\/vaji-ylang-ylang-20-ml\\\/#primaryimage\",\"url\":\"https:\\\/\\\/gjiniherbal.com\\\/wp-content\\\/uploads\\\/2024\\\/05\\\/20ml-ylang-cift-tr-talyabitkiselcom.webp\",\"contentUrl\":\"https:\\\/\\\/gjiniherbal.com\\\/wp-content\\\/uploads\\\/2024\\\/05\\\/20ml-ylang-cift-tr-talyabitkiselcom.webp\",\"width\":1000,\"height\":1000,\"caption\":\"vaji ylang ylang\"},{\"@type\":\"BreadcrumbList\",\"@id\":\"https:\\\/\\\/gjiniherbal.com\\\/produkt\\\/vajra-esenciale\\\/vaji-ylang-ylang-20-ml\\\/#breadcrumb\",\"itemListElement\":[{\"@type\":\"ListItem\",\"position\":1,\"name\":\"Home\",\"item\":\"https:\\\/\\\/gjiniherbal.com\\\/en_us\\\/\"},{\"@type\":\"ListItem\",\"position\":2,\"name\":\"Shop\",\"item\":\"https:\\\/\\\/gjiniherbal.com\\\/en_us\\\/shop\\\/\"},{\"@type\":\"ListItem\",\"position\":3,\"name\":\"Vaji ylang ylang 20 ml\"}]},{\"@type\":\"WebSite\",\"@id\":\"https:\\\/\\\/gjiniherbal.com\\\/#website\",\"url\":\"https:\\\/\\\/gjiniherbal.com\\\/\",\"name\":\"Gjini Herbal\",\"description\":\"Produkte Natyrale\",\"publisher\":{\"@id\":\"https:\\\/\\\/gjiniherbal.com\\\/#organization\"},\"potentialAction\":[{\"@type\":\"SearchAction\",\"target\":{\"@type\":\"EntryPoint\",\"urlTemplate\":\"https:\\\/\\\/gjiniherbal.com\\\/?s={search_term_string}\"},\"query-input\":{\"@type\":\"PropertyValueSpecification\",\"valueRequired\":true,\"valueName\":\"search_term_string\"}}],\"inLanguage\":\"sq\"},{\"@type\":\"Organization\",\"@id\":\"https:\\\/\\\/gjiniherbal.com\\\/#organization\",\"name\":\"Gjini Herbal\",\"url\":\"https:\\\/\\\/gjiniherbal.com\\\/\",\"logo\":{\"@type\":\"ImageObject\",\"inLanguage\":\"sq\",\"@id\":\"https:\\\/\\\/gjiniherbal.com\\\/#\\\/schema\\\/logo\\\/image\\\/\",\"url\":\"https:\\\/\\\/gjiniherbal.com\\\/wp-content\\\/uploads\\\/2022\\\/07\\\/gjini-herbal-logo.png\",\"contentUrl\":\"https:\\\/\\\/gjiniherbal.com\\\/wp-content\\\/uploads\\\/2022\\\/07\\\/gjini-herbal-logo.png\",\"width\":652,\"height\":262,\"caption\":\"Gjini Herbal\"},\"image\":{\"@id\":\"https:\\\/\\\/gjiniherbal.com\\\/#\\\/schema\\\/logo\\\/image\\\/\"},\"sameAs\":[\"https:\\\/\\\/facebook.com\\\/gjiniherbal\",\"https:\\\/\\\/instagram.com\\\/gjiniherbal\",\"https:\\\/\\\/www.youtube.com\\\/channel\\\/UC_tHHueG-qxycnvdro4jHtQ\"]}]}<\/script>\n<!-- \/ Yoast SEO plugin. -->","yoast_head_json":{"title":"Vaji ylang ylang 20 ml - Gjini Herbal","description":"Kur thithet, Ylang Ylang dihet se ka nj\u00eb efekt pozitiv n\u00eb humor. Vaji esencial i Ylang Ylang mund t\u00eb ndihmoj\u00eb n\u00eb ngjalljen e ndjenjave t\u00eb g\u00ebzimit dhe leht\u00ebsis\u00eb, nd\u00ebrkoh\u00eb q\u00eb leht\u00ebson emocionet negative, duke promovuar nj\u00eb atmosfer\u00eb t\u00eb qet\u00eb dhe paq\u00ebsore n\u00eb sht\u00ebpi kur shp\u00ebrndahet.","robots":{"index":"index","follow":"follow","max-snippet":"max-snippet:-1","max-image-preview":"max-image-preview:large","max-video-preview":"max-video-preview:-1"},"canonical":"https:\/\/gjiniherbal.com\/sq\/produkt\/vajra-esenciale\/vaji-ylang-ylang-20-ml\/","og_locale":"sq_AL","og_type":"article","og_title":"Vaji ylang ylang 20 ml - Gjini Herbal","og_description":"Kur thithet, Ylang Ylang dihet se ka nj\u00eb efekt pozitiv n\u00eb humor. Vaji esencial i Ylang Ylang mund t\u00eb ndihmoj\u00eb n\u00eb ngjalljen e ndjenjave t\u00eb g\u00ebzimit dhe leht\u00ebsis\u00eb, nd\u00ebrkoh\u00eb q\u00eb leht\u00ebson emocionet negative, duke promovuar nj\u00eb atmosfer\u00eb t\u00eb qet\u00eb dhe paq\u00ebsore n\u00eb sht\u00ebpi kur shp\u00ebrndahet.","og_url":"https:\/\/gjiniherbal.com\/sq\/produkt\/vajra-esenciale\/vaji-ylang-ylang-20-ml\/","og_site_name":"Gjini Herbal","article_publisher":"https:\/\/facebook.com\/gjiniherbal","article_modified_time":"2024-05-14T08:18:53+00:00","og_image":[{"width":1000,"height":1000,"url":"https:\/\/gjiniherbal.com\/wp-content\/uploads\/2024\/05\/20ml-ylang-cift-tr-talyabitkiselcom.webp","type":"image\/webp"}],"twitter_card":"summary_large_image","twitter_misc":{"Est. reading time":"1 minut\u00eb"},"schema":{"@context":"https:\/\/schema.org","@graph":[{"@type":"WebPage","@id":"https:\/\/gjiniherbal.com\/produkt\/vajra-esenciale\/vaji-ylang-ylang-20-ml\/","url":"https:\/\/gjiniherbal.com\/produkt\/vajra-esenciale\/vaji-ylang-ylang-20-ml\/","name":"Vaji ylang ylang 20 ml - Gjini Herbal","isPartOf":{"@id":"https:\/\/gjiniherbal.com\/#website"},"primaryImageOfPage":{"@id":"https:\/\/gjiniherbal.com\/produkt\/vajra-esenciale\/vaji-ylang-ylang-20-ml\/#primaryimage"},"image":{"@id":"https:\/\/gjiniherbal.com\/produkt\/vajra-esenciale\/vaji-ylang-ylang-20-ml\/#primaryimage"},"thumbnailUrl":"https:\/\/gjiniherbal.com\/wp-content\/uploads\/2024\/05\/20ml-ylang-cift-tr-talyabitkiselcom.webp","datePublished":"2024-05-14T07:49:14+00:00","dateModified":"2024-05-14T08:18:53+00:00","description":"Kur thithet, Ylang Ylang dihet se ka nj\u00eb efekt pozitiv n\u00eb humor. Vaji esencial i Ylang Ylang mund t\u00eb ndihmoj\u00eb n\u00eb ngjalljen e ndjenjave t\u00eb g\u00ebzimit dhe leht\u00ebsis\u00eb, nd\u00ebrkoh\u00eb q\u00eb leht\u00ebson emocionet negative, duke promovuar nj\u00eb atmosfer\u00eb t\u00eb qet\u00eb dhe paq\u00ebsore n\u00eb sht\u00ebpi kur shp\u00ebrndahet.","breadcrumb":{"@id":"https:\/\/gjiniherbal.com\/produkt\/vajra-esenciale\/vaji-ylang-ylang-20-ml\/#breadcrumb"},"inLanguage":"sq","potentialAction":[{"@type":"ReadAction","target":["https:\/\/gjiniherbal.com\/produkt\/vajra-esenciale\/vaji-ylang-ylang-20-ml\/"]}]},{"@type":"ImageObject","inLanguage":"sq","@id":"https:\/\/gjiniherbal.com\/produkt\/vajra-esenciale\/vaji-ylang-ylang-20-ml\/#primaryimage","url":"https:\/\/gjiniherbal.com\/wp-content\/uploads\/2024\/05\/20ml-ylang-cift-tr-talyabitkiselcom.webp","contentUrl":"https:\/\/gjiniherbal.com\/wp-content\/uploads\/2024\/05\/20ml-ylang-cift-tr-talyabitkiselcom.webp","width":1000,"height":1000,"caption":"vaji ylang ylang"},{"@type":"BreadcrumbList","@id":"https:\/\/gjiniherbal.com\/produkt\/vajra-esenciale\/vaji-ylang-ylang-20-ml\/#breadcrumb","itemListElement":[{"@type":"ListItem","position":1,"name":"Home","item":"https:\/\/gjiniherbal.com\/en_us\/"},{"@type":"ListItem","position":2,"name":"Shop","item":"https:\/\/gjiniherbal.com\/en_us\/shop\/"},{"@type":"ListItem","position":3,"name":"Vaji ylang ylang 20 ml"}]},{"@type":"WebSite","@id":"https:\/\/gjiniherbal.com\/#website","url":"https:\/\/gjiniherbal.com\/","name":"Gjini Herbal","description":"Produkte Natyrale","publisher":{"@id":"https:\/\/gjiniherbal.com\/#organization"},"potentialAction":[{"@type":"SearchAction","target":{"@type":"EntryPoint","urlTemplate":"https:\/\/gjiniherbal.com\/?s={search_term_string}"},"query-input":{"@type":"PropertyValueSpecification","valueRequired":true,"valueName":"search_term_string"}}],"inLanguage":"sq"},{"@type":"Organization","@id":"https:\/\/gjiniherbal.com\/#organization","name":"Gjini Herbal","url":"https:\/\/gjiniherbal.com\/","logo":{"@type":"ImageObject","inLanguage":"sq","@id":"https:\/\/gjiniherbal.com\/#\/schema\/logo\/image\/","url":"https:\/\/gjiniherbal.com\/wp-content\/uploads\/2022\/07\/gjini-herbal-logo.png","contentUrl":"https:\/\/gjiniherbal.com\/wp-content\/uploads\/2022\/07\/gjini-herbal-logo.png","width":652,"height":262,"caption":"Gjini Herbal"},"image":{"@id":"https:\/\/gjiniherbal.com\/#\/schema\/logo\/image\/"},"sameAs":["https:\/\/facebook.com\/gjiniherbal","https:\/\/instagram.com\/gjiniherbal","https:\/\/www.youtube.com\/channel\/UC_tHHueG-qxycnvdro4jHtQ"]}]}},"jetpack-related-posts":[],"jetpack_sharing_enabled":true,"_links":{"self":[{"href":"https:\/\/gjiniherbal.com\/sq\/wp-json\/wp\/v2\/product\/2594","targetHints":{"allow":["GET"]}}],"collection":[{"href":"https:\/\/gjiniherbal.com\/sq\/wp-json\/wp\/v2\/product"}],"about":[{"href":"https:\/\/gjiniherbal.com\/sq\/wp-json\/wp\/v2\/types\/product"}],"wp:featuredmedia":[{"embeddable":true,"href":"https:\/\/gjiniherbal.com\/sq\/wp-json\/wp\/v2\/media\/2595"}],"wp:attachment":[{"href":"https:\/\/gjiniherbal.com\/sq\/wp-json\/wp\/v2\/media?parent=2594"}],"wp:term":[{"taxonomy":"product_brand","embeddable":true,"href":"https:\/\/gjiniherbal.com\/sq\/wp-json\/wp\/v2\/product_brand?post=2594"},{"taxonomy":"product_cat","embeddable":true,"href":"https:\/\/gjiniherbal.com\/sq\/wp-json\/wp\/v2\/product_cat?post=2594"},{"taxonomy":"product_tag","embeddable":true,"href":"https:\/\/gjiniherbal.com\/sq\/wp-json\/wp\/v2\/product_tag?post=2594"}],"curies":[{"name":"wp","href":"https:\/\/api.w.org\/{rel}","templated":true}]}}