{"id":2580,"date":"2024-05-13T12:48:43","date_gmt":"2024-05-13T10:48:43","guid":{"rendered":"https:\/\/gjiniherbal.com\/?post_type=product&#038;p=2580"},"modified":"2024-05-13T12:48:43","modified_gmt":"2024-05-13T10:48:43","slug":"vaji-i-fares-se-kajsise-20-ml","status":"publish","type":"product","link":"https:\/\/gjiniherbal.com\/sq\/produkt\/kujdes-i-lekures\/vaji-i-fares-se-kajsise-20-ml\/","title":{"rendered":"Vaji i far\u00ebs s\u00eb kajsis\u00eb 20 ml"},"content":{"rendered":"<p>Vaji i farave t\u00eb kajsis\u00eb prodhohet nga kokrrat e thara t\u00eb frutave t\u00eb pem\u00ebs s\u00eb kajsis\u00eb me metod\u00ebn e shtypjes s\u00eb ftoht\u00eb. \u00cbsht\u00eb i pasur me antioksidant\u00eb, ato mund t\u00eb ndihmojn\u00eb n\u00eb shtr\u00ebngimin dhe tonifikimin e l\u00ebkur\u00ebs, zvog\u00eblimin e shfaqjes s\u00eb njollave t\u00eb err\u00ebta. N\u00ebp\u00ebrmjet acideve yndyrore, mineraleve dhe vitaminave t\u00eb tij, ai ruan ekuilibrin e lag\u00ebshtis\u00eb dhe mbush boshll\u00ebqet midis qelizave t\u00eb l\u00ebkur\u00ebs p\u00ebr ta mbajtur l\u00ebkur\u00ebn t\u00eb m\u00ebndafsht\u00eb dhe t\u00eb hidratuar. \u00cbsht\u00eb gjithashtu efektiv p\u00ebr ekzem\u00ebn p\u00ebr shkak t\u00eb vetive anti-inflamatore t\u00eb vajit.<\/p>\n<p><strong>Vetit\u00eb:<\/strong> Antimikrobiale, Antioksidante, Hidratuese.<\/p>\n<p><strong>P\u00ebrdorimi:<\/strong> Aplikohet n\u00eb flok\u00eb me gishta 1-2 her\u00eb n\u00eb jav\u00eb. Pas 30 minutave, shp\u00eblajeni flokun me uj\u00eb t\u00eb ngroht\u00eb. Disa pika mund t\u00eb aplikohen n\u00eb l\u00ebkur\u00eb duke u masazhuar.<\/p>","protected":false},"excerpt":{"rendered":"<ul>\n<li>\u00cbsht\u00eb i pasur me antioksidant\u00eb.<\/li>\n<li>Ndihmon n\u00eb shtr\u00ebngimin dhe tonifikimin e l\u00ebkur\u00ebs, zvog\u00eblimin e shfaqjes s\u00eb njollave t\u00eb err\u00ebta.<\/li>\n<li>Ruan ekuilibrin e lag\u00ebshtis\u00eb dhe mbush boshll\u00ebqet midis qelizave t\u00eb l\u00ebkur\u00ebs p\u00ebr ta mbajtur l\u00ebkur\u00ebn t\u00eb m\u00ebndafsht\u00eb dhe t\u00eb hidratuar.<\/li>\n<li>\u00cbsht\u00eb gjithashtu efektiv p\u00ebr ekzem\u00ebn p\u00ebr shkak t\u00eb vetive anti-inflamatore t\u00eb vajit.<\/li>\n<\/ul>","protected":false},"featured_media":2581,"template":"","meta":{"_acf_changed":false,"_et_pb_use_builder":"","_et_pb_old_content":"","_et_gb_content_width":"","_monsterinsights_skip_tracking":false,"_monsterinsights_sitenote_active":false,"_monsterinsights_sitenote_note":"","_monsterinsights_sitenote_category":0,"_joinchat":[]},"product_brand":[],"product_cat":[922,480,503],"product_tag":[923,879],"class_list":{"0":"post-2580","1":"product","2":"type-product","3":"status-publish","4":"has-post-thumbnail","6":"product_cat-kujdesi-i-flokeve","7":"product_cat-kujdes-i-lekures","8":"product_cat-vajra-vegjetale","9":"product_tag-kujdesi-i-flokeve","10":"product_tag-kujdesi-i-lekures","12":"first","13":"instock","14":"shipping-taxable","15":"purchasable","16":"product-type-simple"},"acf":[],"yoast_head":"<!-- This site is optimized with the Yoast SEO plugin v27.4 - https:\/\/yoast.com\/product\/yoast-seo-wordpress\/ -->\n<title>Vaji i far\u00ebs s\u00eb kajsis\u00eb 20 ml - Gjini Herbal<\/title>\n<meta name=\"description\" content=\"\u00cbsht\u00eb i pasur me antioksidant\u00eb, ato mund t\u00eb ndihmojn\u00eb n\u00eb shtr\u00ebngimin dhe tonifikimin e l\u00ebkur\u00ebs, zvog\u00eblimin e shfaqjes s\u00eb njollave t\u00eb err\u00ebta. N\u00ebp\u00ebrmjet acideve yndyrore, mineraleve dhe vitaminave t\u00eb tij, ai ruan ekuilibrin e lag\u00ebshtis\u00eb dhe mbush boshll\u00ebqet midis qelizave t\u00eb l\u00ebkur\u00ebs p\u00ebr ta mbajtur l\u00ebkur\u00ebn t\u00eb m\u00ebndafsht\u00eb dhe t\u00eb hidratuar. \u00cbsht\u00eb gjithashtu efektiv p\u00ebr ekzem\u00ebn p\u00ebr shkak t\u00eb vetive anti-inflamatore t\u00eb vajit.\" \/>\n<meta name=\"robots\" content=\"index, follow, max-snippet:-1, max-image-preview:large, max-video-preview:-1\" \/>\n<link rel=\"canonical\" href=\"https:\/\/gjiniherbal.com\/sq\/produkt\/kujdes-i-lekures\/vaji-i-fares-se-kajsise-20-ml\/\" \/>\n<meta property=\"og:locale\" content=\"sq_AL\" \/>\n<meta property=\"og:type\" content=\"article\" \/>\n<meta property=\"og:title\" content=\"Vaji i far\u00ebs s\u00eb kajsis\u00eb 20 ml - Gjini Herbal\" \/>\n<meta property=\"og:description\" content=\"\u00cbsht\u00eb i pasur me antioksidant\u00eb, ato mund t\u00eb ndihmojn\u00eb n\u00eb shtr\u00ebngimin dhe tonifikimin e l\u00ebkur\u00ebs, zvog\u00eblimin e shfaqjes s\u00eb njollave t\u00eb err\u00ebta. N\u00ebp\u00ebrmjet acideve yndyrore, mineraleve dhe vitaminave t\u00eb tij, ai ruan ekuilibrin e lag\u00ebshtis\u00eb dhe mbush boshll\u00ebqet midis qelizave t\u00eb l\u00ebkur\u00ebs p\u00ebr ta mbajtur l\u00ebkur\u00ebn t\u00eb m\u00ebndafsht\u00eb dhe t\u00eb hidratuar. \u00cbsht\u00eb gjithashtu efektiv p\u00ebr ekzem\u00ebn p\u00ebr shkak t\u00eb vetive anti-inflamatore t\u00eb vajit.\" \/>\n<meta property=\"og:url\" content=\"https:\/\/gjiniherbal.com\/sq\/produkt\/kujdes-i-lekures\/vaji-i-fares-se-kajsise-20-ml\/\" \/>\n<meta property=\"og:site_name\" content=\"Gjini Herbal\" \/>\n<meta property=\"article:publisher\" content=\"https:\/\/facebook.com\/gjiniherbal\" \/>\n<meta property=\"og:image\" content=\"https:\/\/gjiniherbal.com\/wp-content\/uploads\/2024\/05\/20ml-kayisi-cekirdegi-cift-tr-talyabitkiselcom.webp\" \/>\n\t<meta property=\"og:image:width\" content=\"1000\" \/>\n\t<meta property=\"og:image:height\" content=\"1000\" \/>\n\t<meta property=\"og:image:type\" content=\"image\/webp\" \/>\n<meta name=\"twitter:card\" content=\"summary_large_image\" \/>\n<meta name=\"twitter:label1\" content=\"Est. reading time\" \/>\n\t<meta name=\"twitter:data1\" content=\"1 minut\u00eb\" \/>\n<script type=\"application\/ld+json\" class=\"yoast-schema-graph\">{\"@context\":\"https:\\\/\\\/schema.org\",\"@graph\":[{\"@type\":\"WebPage\",\"@id\":\"https:\\\/\\\/gjiniherbal.com\\\/produkt\\\/kujdes-i-lekures\\\/vaji-i-fares-se-kajsise-20-ml\\\/\",\"url\":\"https:\\\/\\\/gjiniherbal.com\\\/produkt\\\/kujdes-i-lekures\\\/vaji-i-fares-se-kajsise-20-ml\\\/\",\"name\":\"Vaji i far\u00ebs s\u00eb kajsis\u00eb 20 ml - Gjini Herbal\",\"isPartOf\":{\"@id\":\"https:\\\/\\\/gjiniherbal.com\\\/#website\"},\"primaryImageOfPage\":{\"@id\":\"https:\\\/\\\/gjiniherbal.com\\\/produkt\\\/kujdes-i-lekures\\\/vaji-i-fares-se-kajsise-20-ml\\\/#primaryimage\"},\"image\":{\"@id\":\"https:\\\/\\\/gjiniherbal.com\\\/produkt\\\/kujdes-i-lekures\\\/vaji-i-fares-se-kajsise-20-ml\\\/#primaryimage\"},\"thumbnailUrl\":\"https:\\\/\\\/gjiniherbal.com\\\/wp-content\\\/uploads\\\/2024\\\/05\\\/20ml-kayisi-cekirdegi-cift-tr-talyabitkiselcom.webp\",\"datePublished\":\"2024-05-13T10:48:43+00:00\",\"description\":\"\u00cbsht\u00eb i pasur me antioksidant\u00eb, ato mund t\u00eb ndihmojn\u00eb n\u00eb shtr\u00ebngimin dhe tonifikimin e l\u00ebkur\u00ebs, zvog\u00eblimin e shfaqjes s\u00eb njollave t\u00eb err\u00ebta. N\u00ebp\u00ebrmjet acideve yndyrore, mineraleve dhe vitaminave t\u00eb tij, ai ruan ekuilibrin e lag\u00ebshtis\u00eb dhe mbush boshll\u00ebqet midis qelizave t\u00eb l\u00ebkur\u00ebs p\u00ebr ta mbajtur l\u00ebkur\u00ebn t\u00eb m\u00ebndafsht\u00eb dhe t\u00eb hidratuar. \u00cbsht\u00eb gjithashtu efektiv p\u00ebr ekzem\u00ebn p\u00ebr shkak t\u00eb vetive anti-inflamatore t\u00eb vajit.\",\"breadcrumb\":{\"@id\":\"https:\\\/\\\/gjiniherbal.com\\\/produkt\\\/kujdes-i-lekures\\\/vaji-i-fares-se-kajsise-20-ml\\\/#breadcrumb\"},\"inLanguage\":\"sq\",\"potentialAction\":[{\"@type\":\"ReadAction\",\"target\":[\"https:\\\/\\\/gjiniherbal.com\\\/produkt\\\/kujdes-i-lekures\\\/vaji-i-fares-se-kajsise-20-ml\\\/\"]}]},{\"@type\":\"ImageObject\",\"inLanguage\":\"sq\",\"@id\":\"https:\\\/\\\/gjiniherbal.com\\\/produkt\\\/kujdes-i-lekures\\\/vaji-i-fares-se-kajsise-20-ml\\\/#primaryimage\",\"url\":\"https:\\\/\\\/gjiniherbal.com\\\/wp-content\\\/uploads\\\/2024\\\/05\\\/20ml-kayisi-cekirdegi-cift-tr-talyabitkiselcom.webp\",\"contentUrl\":\"https:\\\/\\\/gjiniherbal.com\\\/wp-content\\\/uploads\\\/2024\\\/05\\\/20ml-kayisi-cekirdegi-cift-tr-talyabitkiselcom.webp\",\"width\":1000,\"height\":1000,\"caption\":\"Vaji i far\u00ebs s\u00eb kajsis\u00eb 20 ml\"},{\"@type\":\"BreadcrumbList\",\"@id\":\"https:\\\/\\\/gjiniherbal.com\\\/produkt\\\/kujdes-i-lekures\\\/vaji-i-fares-se-kajsise-20-ml\\\/#breadcrumb\",\"itemListElement\":[{\"@type\":\"ListItem\",\"position\":1,\"name\":\"Home\",\"item\":\"https:\\\/\\\/gjiniherbal.com\\\/en_us\\\/\"},{\"@type\":\"ListItem\",\"position\":2,\"name\":\"Shop\",\"item\":\"https:\\\/\\\/gjiniherbal.com\\\/en_us\\\/shop\\\/\"},{\"@type\":\"ListItem\",\"position\":3,\"name\":\"Vaji i far\u00ebs s\u00eb kajsis\u00eb 20 ml\"}]},{\"@type\":\"WebSite\",\"@id\":\"https:\\\/\\\/gjiniherbal.com\\\/#website\",\"url\":\"https:\\\/\\\/gjiniherbal.com\\\/\",\"name\":\"Gjini Herbal\",\"description\":\"Produkte Natyrale\",\"publisher\":{\"@id\":\"https:\\\/\\\/gjiniherbal.com\\\/#organization\"},\"potentialAction\":[{\"@type\":\"SearchAction\",\"target\":{\"@type\":\"EntryPoint\",\"urlTemplate\":\"https:\\\/\\\/gjiniherbal.com\\\/?s={search_term_string}\"},\"query-input\":{\"@type\":\"PropertyValueSpecification\",\"valueRequired\":true,\"valueName\":\"search_term_string\"}}],\"inLanguage\":\"sq\"},{\"@type\":\"Organization\",\"@id\":\"https:\\\/\\\/gjiniherbal.com\\\/#organization\",\"name\":\"Gjini Herbal\",\"url\":\"https:\\\/\\\/gjiniherbal.com\\\/\",\"logo\":{\"@type\":\"ImageObject\",\"inLanguage\":\"sq\",\"@id\":\"https:\\\/\\\/gjiniherbal.com\\\/#\\\/schema\\\/logo\\\/image\\\/\",\"url\":\"https:\\\/\\\/gjiniherbal.com\\\/wp-content\\\/uploads\\\/2022\\\/07\\\/gjini-herbal-logo.png\",\"contentUrl\":\"https:\\\/\\\/gjiniherbal.com\\\/wp-content\\\/uploads\\\/2022\\\/07\\\/gjini-herbal-logo.png\",\"width\":652,\"height\":262,\"caption\":\"Gjini Herbal\"},\"image\":{\"@id\":\"https:\\\/\\\/gjiniherbal.com\\\/#\\\/schema\\\/logo\\\/image\\\/\"},\"sameAs\":[\"https:\\\/\\\/facebook.com\\\/gjiniherbal\",\"https:\\\/\\\/instagram.com\\\/gjiniherbal\",\"https:\\\/\\\/www.youtube.com\\\/channel\\\/UC_tHHueG-qxycnvdro4jHtQ\"]}]}<\/script>\n<!-- \/ Yoast SEO plugin. -->","yoast_head_json":{"title":"Vaji i far\u00ebs s\u00eb kajsis\u00eb 20 ml - Gjini Herbal","description":"\u00cbsht\u00eb i pasur me antioksidant\u00eb, ato mund t\u00eb ndihmojn\u00eb n\u00eb shtr\u00ebngimin dhe tonifikimin e l\u00ebkur\u00ebs, zvog\u00eblimin e shfaqjes s\u00eb njollave t\u00eb err\u00ebta. N\u00ebp\u00ebrmjet acideve yndyrore, mineraleve dhe vitaminave t\u00eb tij, ai ruan ekuilibrin e lag\u00ebshtis\u00eb dhe mbush boshll\u00ebqet midis qelizave t\u00eb l\u00ebkur\u00ebs p\u00ebr ta mbajtur l\u00ebkur\u00ebn t\u00eb m\u00ebndafsht\u00eb dhe t\u00eb hidratuar. \u00cbsht\u00eb gjithashtu efektiv p\u00ebr ekzem\u00ebn p\u00ebr shkak t\u00eb vetive anti-inflamatore t\u00eb vajit.","robots":{"index":"index","follow":"follow","max-snippet":"max-snippet:-1","max-image-preview":"max-image-preview:large","max-video-preview":"max-video-preview:-1"},"canonical":"https:\/\/gjiniherbal.com\/sq\/produkt\/kujdes-i-lekures\/vaji-i-fares-se-kajsise-20-ml\/","og_locale":"sq_AL","og_type":"article","og_title":"Vaji i far\u00ebs s\u00eb kajsis\u00eb 20 ml - Gjini Herbal","og_description":"\u00cbsht\u00eb i pasur me antioksidant\u00eb, ato mund t\u00eb ndihmojn\u00eb n\u00eb shtr\u00ebngimin dhe tonifikimin e l\u00ebkur\u00ebs, zvog\u00eblimin e shfaqjes s\u00eb njollave t\u00eb err\u00ebta. N\u00ebp\u00ebrmjet acideve yndyrore, mineraleve dhe vitaminave t\u00eb tij, ai ruan ekuilibrin e lag\u00ebshtis\u00eb dhe mbush boshll\u00ebqet midis qelizave t\u00eb l\u00ebkur\u00ebs p\u00ebr ta mbajtur l\u00ebkur\u00ebn t\u00eb m\u00ebndafsht\u00eb dhe t\u00eb hidratuar. \u00cbsht\u00eb gjithashtu efektiv p\u00ebr ekzem\u00ebn p\u00ebr shkak t\u00eb vetive anti-inflamatore t\u00eb vajit.","og_url":"https:\/\/gjiniherbal.com\/sq\/produkt\/kujdes-i-lekures\/vaji-i-fares-se-kajsise-20-ml\/","og_site_name":"Gjini Herbal","article_publisher":"https:\/\/facebook.com\/gjiniherbal","og_image":[{"width":1000,"height":1000,"url":"https:\/\/gjiniherbal.com\/wp-content\/uploads\/2024\/05\/20ml-kayisi-cekirdegi-cift-tr-talyabitkiselcom.webp","type":"image\/webp"}],"twitter_card":"summary_large_image","twitter_misc":{"Est. reading time":"1 minut\u00eb"},"schema":{"@context":"https:\/\/schema.org","@graph":[{"@type":"WebPage","@id":"https:\/\/gjiniherbal.com\/produkt\/kujdes-i-lekures\/vaji-i-fares-se-kajsise-20-ml\/","url":"https:\/\/gjiniherbal.com\/produkt\/kujdes-i-lekures\/vaji-i-fares-se-kajsise-20-ml\/","name":"Vaji i far\u00ebs s\u00eb kajsis\u00eb 20 ml - Gjini Herbal","isPartOf":{"@id":"https:\/\/gjiniherbal.com\/#website"},"primaryImageOfPage":{"@id":"https:\/\/gjiniherbal.com\/produkt\/kujdes-i-lekures\/vaji-i-fares-se-kajsise-20-ml\/#primaryimage"},"image":{"@id":"https:\/\/gjiniherbal.com\/produkt\/kujdes-i-lekures\/vaji-i-fares-se-kajsise-20-ml\/#primaryimage"},"thumbnailUrl":"https:\/\/gjiniherbal.com\/wp-content\/uploads\/2024\/05\/20ml-kayisi-cekirdegi-cift-tr-talyabitkiselcom.webp","datePublished":"2024-05-13T10:48:43+00:00","description":"\u00cbsht\u00eb i pasur me antioksidant\u00eb, ato mund t\u00eb ndihmojn\u00eb n\u00eb shtr\u00ebngimin dhe tonifikimin e l\u00ebkur\u00ebs, zvog\u00eblimin e shfaqjes s\u00eb njollave t\u00eb err\u00ebta. N\u00ebp\u00ebrmjet acideve yndyrore, mineraleve dhe vitaminave t\u00eb tij, ai ruan ekuilibrin e lag\u00ebshtis\u00eb dhe mbush boshll\u00ebqet midis qelizave t\u00eb l\u00ebkur\u00ebs p\u00ebr ta mbajtur l\u00ebkur\u00ebn t\u00eb m\u00ebndafsht\u00eb dhe t\u00eb hidratuar. \u00cbsht\u00eb gjithashtu efektiv p\u00ebr ekzem\u00ebn p\u00ebr shkak t\u00eb vetive anti-inflamatore t\u00eb vajit.","breadcrumb":{"@id":"https:\/\/gjiniherbal.com\/produkt\/kujdes-i-lekures\/vaji-i-fares-se-kajsise-20-ml\/#breadcrumb"},"inLanguage":"sq","potentialAction":[{"@type":"ReadAction","target":["https:\/\/gjiniherbal.com\/produkt\/kujdes-i-lekures\/vaji-i-fares-se-kajsise-20-ml\/"]}]},{"@type":"ImageObject","inLanguage":"sq","@id":"https:\/\/gjiniherbal.com\/produkt\/kujdes-i-lekures\/vaji-i-fares-se-kajsise-20-ml\/#primaryimage","url":"https:\/\/gjiniherbal.com\/wp-content\/uploads\/2024\/05\/20ml-kayisi-cekirdegi-cift-tr-talyabitkiselcom.webp","contentUrl":"https:\/\/gjiniherbal.com\/wp-content\/uploads\/2024\/05\/20ml-kayisi-cekirdegi-cift-tr-talyabitkiselcom.webp","width":1000,"height":1000,"caption":"Vaji i far\u00ebs s\u00eb kajsis\u00eb 20 ml"},{"@type":"BreadcrumbList","@id":"https:\/\/gjiniherbal.com\/produkt\/kujdes-i-lekures\/vaji-i-fares-se-kajsise-20-ml\/#breadcrumb","itemListElement":[{"@type":"ListItem","position":1,"name":"Home","item":"https:\/\/gjiniherbal.com\/en_us\/"},{"@type":"ListItem","position":2,"name":"Shop","item":"https:\/\/gjiniherbal.com\/en_us\/shop\/"},{"@type":"ListItem","position":3,"name":"Vaji i far\u00ebs s\u00eb kajsis\u00eb 20 ml"}]},{"@type":"WebSite","@id":"https:\/\/gjiniherbal.com\/#website","url":"https:\/\/gjiniherbal.com\/","name":"Gjini Herbal","description":"Produkte Natyrale","publisher":{"@id":"https:\/\/gjiniherbal.com\/#organization"},"potentialAction":[{"@type":"SearchAction","target":{"@type":"EntryPoint","urlTemplate":"https:\/\/gjiniherbal.com\/?s={search_term_string}"},"query-input":{"@type":"PropertyValueSpecification","valueRequired":true,"valueName":"search_term_string"}}],"inLanguage":"sq"},{"@type":"Organization","@id":"https:\/\/gjiniherbal.com\/#organization","name":"Gjini Herbal","url":"https:\/\/gjiniherbal.com\/","logo":{"@type":"ImageObject","inLanguage":"sq","@id":"https:\/\/gjiniherbal.com\/#\/schema\/logo\/image\/","url":"https:\/\/gjiniherbal.com\/wp-content\/uploads\/2022\/07\/gjini-herbal-logo.png","contentUrl":"https:\/\/gjiniherbal.com\/wp-content\/uploads\/2022\/07\/gjini-herbal-logo.png","width":652,"height":262,"caption":"Gjini Herbal"},"image":{"@id":"https:\/\/gjiniherbal.com\/#\/schema\/logo\/image\/"},"sameAs":["https:\/\/facebook.com\/gjiniherbal","https:\/\/instagram.com\/gjiniherbal","https:\/\/www.youtube.com\/channel\/UC_tHHueG-qxycnvdro4jHtQ"]}]}},"jetpack-related-posts":[],"jetpack_sharing_enabled":true,"_links":{"self":[{"href":"https:\/\/gjiniherbal.com\/sq\/wp-json\/wp\/v2\/product\/2580","targetHints":{"allow":["GET"]}}],"collection":[{"href":"https:\/\/gjiniherbal.com\/sq\/wp-json\/wp\/v2\/product"}],"about":[{"href":"https:\/\/gjiniherbal.com\/sq\/wp-json\/wp\/v2\/types\/product"}],"wp:featuredmedia":[{"embeddable":true,"href":"https:\/\/gjiniherbal.com\/sq\/wp-json\/wp\/v2\/media\/2581"}],"wp:attachment":[{"href":"https:\/\/gjiniherbal.com\/sq\/wp-json\/wp\/v2\/media?parent=2580"}],"wp:term":[{"taxonomy":"product_brand","embeddable":true,"href":"https:\/\/gjiniherbal.com\/sq\/wp-json\/wp\/v2\/product_brand?post=2580"},{"taxonomy":"product_cat","embeddable":true,"href":"https:\/\/gjiniherbal.com\/sq\/wp-json\/wp\/v2\/product_cat?post=2580"},{"taxonomy":"product_tag","embeddable":true,"href":"https:\/\/gjiniherbal.com\/sq\/wp-json\/wp\/v2\/product_tag?post=2580"}],"curies":[{"name":"wp","href":"https:\/\/api.w.org\/{rel}","templated":true}]}}