{"id":2575,"date":"2024-05-13T11:23:27","date_gmt":"2024-05-13T09:23:27","guid":{"rendered":"https:\/\/gjiniherbal.com\/?post_type=product&#038;p=2575"},"modified":"2024-05-14T11:01:19","modified_gmt":"2024-05-14T09:01:19","slug":"vaji-i-fares-se-zeze-100-ml","status":"publish","type":"product","link":"https:\/\/gjiniherbal.com\/sq\/produkt\/vajra-vegjetale\/vaji-i-fares-se-zeze-100-ml\/","title":{"rendered":"Vaji i far\u00ebs s\u00eb zez\u00eb 100 ml"},"content":{"rendered":"<p>Fara e zez\u00eb e quajtur edhe Nigella Sativa \u00ebsht\u00eb nj\u00eb bim\u00eb n\u00eb familjen Ranunculaceae. Ajo rritet n\u00eb Azin\u00eb Jugper\u00ebndimore dhe Lindjen e Mesme. Studimet kan\u00eb treguar se p\u00ebrb\u00ebr\u00ebsi kryesor i Far\u00ebs s\u00eb Zez\u00eb, Thymoquinone (TQ), ka veti antioksiduese, anti-inflamatore dhe hepatoprotektive dhe p\u00ebrmban acide yndyrore thelb\u00ebsore.<\/p>\n<p>Talya Herbal sjell vajin turk t\u00eb far\u00ebs s\u00eb zez\u00eb, i cili prodhohet nga farat e zeza turke me metod\u00ebn e nxjerrjes me shtypje t\u00eb ftoht\u00eb, pa p\u00ebrdorur asnj\u00eb kimikat.<\/p>\n<p><strong>FARA E ZEZ\u00cb TURKE:<\/strong> Farat e zeza jan\u00eb vendase n\u00eb Turqi. Farat jan\u00eb t\u00eb pasura me l\u00ebnd\u00eb ushqyese. I shtypur n\u00eb t\u00eb ftoht\u00eb, ky vaj \u00ebsht\u00eb 100% i past\u00ebr dhe pa tret\u00ebs.<\/p>\n<ul>\n<li><strong>USHQIMI I FLOK\u00cbVE DHE L\u00cbKUR\u00cbS:<\/strong> P\u00ebrb\u00ebr\u00ebsit aktiv\u00eb t\u00eb vajit t\u00eb far\u00ebs s\u00eb zez\u00eb mb\u00ebshtesin flok\u00ebt dhe l\u00ebkur\u00ebn e gjall\u00eb. Aminoacidet e fuqishme q\u00eb gjenden n\u00eb vajin e far\u00ebs s\u00eb zez\u00eb punojn\u00eb s\u00eb bashku p\u00ebr t\u00eb ndihmuar n\u00eb shtimin e forc\u00ebs dhe plot\u00ebsin\u00eb e flok\u00ebve. Si dhe p\u00ebr t\u00eb mb\u00ebshtetur l\u00ebkur\u00ebn me shk\u00eblqim.<\/li>\n<li><strong>MB\u00cbSHTETJE E SH\u00cbNDETSHME IMUNE:<\/strong> Ky super produkt ka p\u00ebr q\u00ebllim t\u00eb ndihmoj\u00eb n\u00eb mb\u00ebshtetjen e mbrojtjeve natyrore t\u00eb trupit p\u00ebr t\u00eb mbajtur sistemin tuaj imunitar t\u00eb fort\u00eb. Hulumtimet sugjerojn\u00eb se Thymoquinone (TQ), nj\u00eb komponent ky\u00e7 i vajit, mund t\u00eb ket\u00eb p\u00ebrfitime t\u00eb ndryshme.<\/li>\n<li><strong>I PASUR ME L\u00cbND\u00cb USHQESORE:<\/strong> P\u00ebrmban p\u00ebrqindje t\u00eb lart\u00eb t\u00eb Thymoquinone, si dhe acide yndyrore esenciale p\u00ebr nj\u00eb diet\u00eb t\u00eb sh\u00ebndetshme.<\/li>\n<\/ul>\n<p>&nbsp;<\/p>\n<p><strong>P\u00ebrdorimi i brendsh\u00ebm:<\/strong> Mund t\u00eb merrni ose nj\u00eb lug\u00eb \u00e7aji (5 ml) vaj t\u00eb far\u00ebs s\u00eb zez\u00eb direkt, ose ta p\u00ebrdorni si salc\u00eb p\u00ebr sallatat tuaja. P\u00ebr rezultate m\u00eb t\u00eb shpejta, sugjerohet t\u00eb merret dy her\u00eb n\u00eb dit\u00eb.<\/p>\n<p><strong>P\u00ebrdorimi i jasht\u00ebm:<\/strong> Aplikojeni n\u00eb nj\u00eb fytyr\u00eb t\u00eb past\u00ebr p\u00ebr ta p\u00ebrdorur si hidratues ushqyes gjat\u00eb nat\u00ebs. Aplikojeni n\u00eb l\u00ebkur\u00ebn e kok\u00ebs dhe majat e flok\u00ebve p\u00ebr disa minuta p\u00ebrpara se t\u00eb b\u00ebni dush p\u00ebr t\u00eb rritur shk\u00eblqimin.<\/p>","protected":false},"excerpt":{"rendered":"<ul>\n<li>Ndihmon n\u00eb shtimin e forc\u00ebs dhe plot\u00ebsin\u00eb e flok\u00ebve dhe p\u00ebr t\u00eb mb\u00ebshtetur l\u00ebkur\u00ebn me shk\u00eblqim<\/li>\n<li>Ndihmon n\u00eb mb\u00ebshtetjen e mbrojtjeve natyrore t\u00eb trupit p\u00ebr t\u00eb mbajtur sistemin tuaj imunitar t\u00eb fort\u00eb<\/li>\n<li>P\u00ebrmban p\u00ebrqindje t\u00eb lart\u00eb t\u00eb acideve yndyrore esenciale p\u00ebr nj\u00eb diet\u00eb t\u00eb sh\u00ebndetshme<\/li>\n<\/ul>","protected":false},"featured_media":2576,"template":"","meta":{"_acf_changed":false,"_et_pb_use_builder":"","_et_pb_old_content":"","_et_gb_content_width":"","_monsterinsights_skip_tracking":false,"_monsterinsights_sitenote_active":false,"_monsterinsights_sitenote_note":"","_monsterinsights_sitenote_category":0,"_joinchat":[]},"product_brand":[],"product_cat":[503],"product_tag":[740],"class_list":{"0":"post-2575","1":"product","2":"type-product","3":"status-publish","4":"has-post-thumbnail","6":"product_cat-vajra-vegjetale","7":"product_tag-vaji-i-fares-se-zeze","9":"first","10":"instock","11":"shipping-taxable","12":"purchasable","13":"product-type-simple"},"acf":[],"yoast_head":"<!-- This site is optimized with the Yoast SEO plugin v27.4 - https:\/\/yoast.com\/product\/yoast-seo-wordpress\/ -->\n<title>Vaji i far\u00ebs s\u00eb zez\u00eb 100 ml - Gjini Herbal<\/title>\n<meta name=\"description\" content=\"Fara e zez\u00eb e quajtur edhe Nigella Sativa \u00ebsht\u00eb nj\u00eb bim\u00eb n\u00eb familjen Ranunculaceae. Ajo rritet n\u00eb Azin\u00eb Jugper\u00ebndimore dhe Lindjen e Mesme. Studimet kan\u00eb treguar se p\u00ebrb\u00ebr\u00ebsi kryesor i Far\u00ebs s\u00eb Zez\u00eb, Thymoquinone (TQ), ka veti antioksiduese, anti-inflamatore dhe hepatoprotektive dhe p\u00ebrmban acide yndyrore thelb\u00ebsore.\" \/>\n<meta name=\"robots\" content=\"index, follow, max-snippet:-1, max-image-preview:large, max-video-preview:-1\" \/>\n<link rel=\"canonical\" href=\"https:\/\/gjiniherbal.com\/sq\/produkt\/vajra-vegjetale\/vaji-i-fares-se-zeze-100-ml\/\" \/>\n<meta property=\"og:locale\" content=\"sq_AL\" \/>\n<meta property=\"og:type\" content=\"article\" \/>\n<meta property=\"og:title\" content=\"Vaji i far\u00ebs s\u00eb zez\u00eb 100 ml - Gjini Herbal\" \/>\n<meta property=\"og:description\" content=\"Fara e zez\u00eb e quajtur edhe Nigella Sativa \u00ebsht\u00eb nj\u00eb bim\u00eb n\u00eb familjen Ranunculaceae. Ajo rritet n\u00eb Azin\u00eb Jugper\u00ebndimore dhe Lindjen e Mesme. Studimet kan\u00eb treguar se p\u00ebrb\u00ebr\u00ebsi kryesor i Far\u00ebs s\u00eb Zez\u00eb, Thymoquinone (TQ), ka veti antioksiduese, anti-inflamatore dhe hepatoprotektive dhe p\u00ebrmban acide yndyrore thelb\u00ebsore.\" \/>\n<meta property=\"og:url\" content=\"https:\/\/gjiniherbal.com\/sq\/produkt\/vajra-vegjetale\/vaji-i-fares-se-zeze-100-ml\/\" \/>\n<meta property=\"og:site_name\" content=\"Gjini Herbal\" \/>\n<meta property=\"article:publisher\" content=\"https:\/\/facebook.com\/gjiniherbal\" \/>\n<meta property=\"article:modified_time\" content=\"2024-05-14T09:01:19+00:00\" \/>\n<meta property=\"og:image\" content=\"https:\/\/gjiniherbal.com\/wp-content\/uploads\/2024\/05\/100ml-corekotu-talyaherbal-cift.webp\" \/>\n\t<meta property=\"og:image:width\" content=\"953\" \/>\n\t<meta property=\"og:image:height\" content=\"953\" \/>\n\t<meta property=\"og:image:type\" content=\"image\/webp\" \/>\n<meta name=\"twitter:card\" content=\"summary_large_image\" \/>\n<meta name=\"twitter:label1\" content=\"Est. reading time\" \/>\n\t<meta name=\"twitter:data1\" content=\"2 minuta\" \/>\n<script type=\"application\/ld+json\" class=\"yoast-schema-graph\">{\"@context\":\"https:\\\/\\\/schema.org\",\"@graph\":[{\"@type\":\"WebPage\",\"@id\":\"https:\\\/\\\/gjiniherbal.com\\\/produkt\\\/vajra-vegjetale\\\/vaji-i-fares-se-zeze-100-ml\\\/\",\"url\":\"https:\\\/\\\/gjiniherbal.com\\\/produkt\\\/vajra-vegjetale\\\/vaji-i-fares-se-zeze-100-ml\\\/\",\"name\":\"Vaji i far\u00ebs s\u00eb zez\u00eb 100 ml - Gjini Herbal\",\"isPartOf\":{\"@id\":\"https:\\\/\\\/gjiniherbal.com\\\/#website\"},\"primaryImageOfPage\":{\"@id\":\"https:\\\/\\\/gjiniherbal.com\\\/produkt\\\/vajra-vegjetale\\\/vaji-i-fares-se-zeze-100-ml\\\/#primaryimage\"},\"image\":{\"@id\":\"https:\\\/\\\/gjiniherbal.com\\\/produkt\\\/vajra-vegjetale\\\/vaji-i-fares-se-zeze-100-ml\\\/#primaryimage\"},\"thumbnailUrl\":\"https:\\\/\\\/gjiniherbal.com\\\/wp-content\\\/uploads\\\/2024\\\/05\\\/100ml-corekotu-talyaherbal-cift.webp\",\"datePublished\":\"2024-05-13T09:23:27+00:00\",\"dateModified\":\"2024-05-14T09:01:19+00:00\",\"description\":\"Fara e zez\u00eb e quajtur edhe Nigella Sativa \u00ebsht\u00eb nj\u00eb bim\u00eb n\u00eb familjen Ranunculaceae. Ajo rritet n\u00eb Azin\u00eb Jugper\u00ebndimore dhe Lindjen e Mesme. Studimet kan\u00eb treguar se p\u00ebrb\u00ebr\u00ebsi kryesor i Far\u00ebs s\u00eb Zez\u00eb, Thymoquinone (TQ), ka veti antioksiduese, anti-inflamatore dhe hepatoprotektive dhe p\u00ebrmban acide yndyrore thelb\u00ebsore.\",\"breadcrumb\":{\"@id\":\"https:\\\/\\\/gjiniherbal.com\\\/produkt\\\/vajra-vegjetale\\\/vaji-i-fares-se-zeze-100-ml\\\/#breadcrumb\"},\"inLanguage\":\"sq\",\"potentialAction\":[{\"@type\":\"ReadAction\",\"target\":[\"https:\\\/\\\/gjiniherbal.com\\\/produkt\\\/vajra-vegjetale\\\/vaji-i-fares-se-zeze-100-ml\\\/\"]}]},{\"@type\":\"ImageObject\",\"inLanguage\":\"sq\",\"@id\":\"https:\\\/\\\/gjiniherbal.com\\\/produkt\\\/vajra-vegjetale\\\/vaji-i-fares-se-zeze-100-ml\\\/#primaryimage\",\"url\":\"https:\\\/\\\/gjiniherbal.com\\\/wp-content\\\/uploads\\\/2024\\\/05\\\/100ml-corekotu-talyaherbal-cift.webp\",\"contentUrl\":\"https:\\\/\\\/gjiniherbal.com\\\/wp-content\\\/uploads\\\/2024\\\/05\\\/100ml-corekotu-talyaherbal-cift.webp\",\"width\":953,\"height\":953},{\"@type\":\"BreadcrumbList\",\"@id\":\"https:\\\/\\\/gjiniherbal.com\\\/produkt\\\/vajra-vegjetale\\\/vaji-i-fares-se-zeze-100-ml\\\/#breadcrumb\",\"itemListElement\":[{\"@type\":\"ListItem\",\"position\":1,\"name\":\"Home\",\"item\":\"https:\\\/\\\/gjiniherbal.com\\\/en_us\\\/\"},{\"@type\":\"ListItem\",\"position\":2,\"name\":\"Shop\",\"item\":\"https:\\\/\\\/gjiniherbal.com\\\/en_us\\\/shop\\\/\"},{\"@type\":\"ListItem\",\"position\":3,\"name\":\"Vaji i far\u00ebs s\u00eb zez\u00eb 100 ml\"}]},{\"@type\":\"WebSite\",\"@id\":\"https:\\\/\\\/gjiniherbal.com\\\/#website\",\"url\":\"https:\\\/\\\/gjiniherbal.com\\\/\",\"name\":\"Gjini Herbal\",\"description\":\"Produkte Natyrale\",\"publisher\":{\"@id\":\"https:\\\/\\\/gjiniherbal.com\\\/#organization\"},\"potentialAction\":[{\"@type\":\"SearchAction\",\"target\":{\"@type\":\"EntryPoint\",\"urlTemplate\":\"https:\\\/\\\/gjiniherbal.com\\\/?s={search_term_string}\"},\"query-input\":{\"@type\":\"PropertyValueSpecification\",\"valueRequired\":true,\"valueName\":\"search_term_string\"}}],\"inLanguage\":\"sq\"},{\"@type\":\"Organization\",\"@id\":\"https:\\\/\\\/gjiniherbal.com\\\/#organization\",\"name\":\"Gjini Herbal\",\"url\":\"https:\\\/\\\/gjiniherbal.com\\\/\",\"logo\":{\"@type\":\"ImageObject\",\"inLanguage\":\"sq\",\"@id\":\"https:\\\/\\\/gjiniherbal.com\\\/#\\\/schema\\\/logo\\\/image\\\/\",\"url\":\"https:\\\/\\\/gjiniherbal.com\\\/wp-content\\\/uploads\\\/2022\\\/07\\\/gjini-herbal-logo.png\",\"contentUrl\":\"https:\\\/\\\/gjiniherbal.com\\\/wp-content\\\/uploads\\\/2022\\\/07\\\/gjini-herbal-logo.png\",\"width\":652,\"height\":262,\"caption\":\"Gjini Herbal\"},\"image\":{\"@id\":\"https:\\\/\\\/gjiniherbal.com\\\/#\\\/schema\\\/logo\\\/image\\\/\"},\"sameAs\":[\"https:\\\/\\\/facebook.com\\\/gjiniherbal\",\"https:\\\/\\\/instagram.com\\\/gjiniherbal\",\"https:\\\/\\\/www.youtube.com\\\/channel\\\/UC_tHHueG-qxycnvdro4jHtQ\"]}]}<\/script>\n<!-- \/ Yoast SEO plugin. -->","yoast_head_json":{"title":"Vaji i far\u00ebs s\u00eb zez\u00eb 100 ml - Gjini Herbal","description":"Fara e zez\u00eb e quajtur edhe Nigella Sativa \u00ebsht\u00eb nj\u00eb bim\u00eb n\u00eb familjen Ranunculaceae. Ajo rritet n\u00eb Azin\u00eb Jugper\u00ebndimore dhe Lindjen e Mesme. Studimet kan\u00eb treguar se p\u00ebrb\u00ebr\u00ebsi kryesor i Far\u00ebs s\u00eb Zez\u00eb, Thymoquinone (TQ), ka veti antioksiduese, anti-inflamatore dhe hepatoprotektive dhe p\u00ebrmban acide yndyrore thelb\u00ebsore.","robots":{"index":"index","follow":"follow","max-snippet":"max-snippet:-1","max-image-preview":"max-image-preview:large","max-video-preview":"max-video-preview:-1"},"canonical":"https:\/\/gjiniherbal.com\/sq\/produkt\/vajra-vegjetale\/vaji-i-fares-se-zeze-100-ml\/","og_locale":"sq_AL","og_type":"article","og_title":"Vaji i far\u00ebs s\u00eb zez\u00eb 100 ml - Gjini Herbal","og_description":"Fara e zez\u00eb e quajtur edhe Nigella Sativa \u00ebsht\u00eb nj\u00eb bim\u00eb n\u00eb familjen Ranunculaceae. Ajo rritet n\u00eb Azin\u00eb Jugper\u00ebndimore dhe Lindjen e Mesme. Studimet kan\u00eb treguar se p\u00ebrb\u00ebr\u00ebsi kryesor i Far\u00ebs s\u00eb Zez\u00eb, Thymoquinone (TQ), ka veti antioksiduese, anti-inflamatore dhe hepatoprotektive dhe p\u00ebrmban acide yndyrore thelb\u00ebsore.","og_url":"https:\/\/gjiniherbal.com\/sq\/produkt\/vajra-vegjetale\/vaji-i-fares-se-zeze-100-ml\/","og_site_name":"Gjini Herbal","article_publisher":"https:\/\/facebook.com\/gjiniherbal","article_modified_time":"2024-05-14T09:01:19+00:00","og_image":[{"width":953,"height":953,"url":"https:\/\/gjiniherbal.com\/wp-content\/uploads\/2024\/05\/100ml-corekotu-talyaherbal-cift.webp","type":"image\/webp"}],"twitter_card":"summary_large_image","twitter_misc":{"Est. reading time":"2 minuta"},"schema":{"@context":"https:\/\/schema.org","@graph":[{"@type":"WebPage","@id":"https:\/\/gjiniherbal.com\/produkt\/vajra-vegjetale\/vaji-i-fares-se-zeze-100-ml\/","url":"https:\/\/gjiniherbal.com\/produkt\/vajra-vegjetale\/vaji-i-fares-se-zeze-100-ml\/","name":"Vaji i far\u00ebs s\u00eb zez\u00eb 100 ml - Gjini Herbal","isPartOf":{"@id":"https:\/\/gjiniherbal.com\/#website"},"primaryImageOfPage":{"@id":"https:\/\/gjiniherbal.com\/produkt\/vajra-vegjetale\/vaji-i-fares-se-zeze-100-ml\/#primaryimage"},"image":{"@id":"https:\/\/gjiniherbal.com\/produkt\/vajra-vegjetale\/vaji-i-fares-se-zeze-100-ml\/#primaryimage"},"thumbnailUrl":"https:\/\/gjiniherbal.com\/wp-content\/uploads\/2024\/05\/100ml-corekotu-talyaherbal-cift.webp","datePublished":"2024-05-13T09:23:27+00:00","dateModified":"2024-05-14T09:01:19+00:00","description":"Fara e zez\u00eb e quajtur edhe Nigella Sativa \u00ebsht\u00eb nj\u00eb bim\u00eb n\u00eb familjen Ranunculaceae. Ajo rritet n\u00eb Azin\u00eb Jugper\u00ebndimore dhe Lindjen e Mesme. Studimet kan\u00eb treguar se p\u00ebrb\u00ebr\u00ebsi kryesor i Far\u00ebs s\u00eb Zez\u00eb, Thymoquinone (TQ), ka veti antioksiduese, anti-inflamatore dhe hepatoprotektive dhe p\u00ebrmban acide yndyrore thelb\u00ebsore.","breadcrumb":{"@id":"https:\/\/gjiniherbal.com\/produkt\/vajra-vegjetale\/vaji-i-fares-se-zeze-100-ml\/#breadcrumb"},"inLanguage":"sq","potentialAction":[{"@type":"ReadAction","target":["https:\/\/gjiniherbal.com\/produkt\/vajra-vegjetale\/vaji-i-fares-se-zeze-100-ml\/"]}]},{"@type":"ImageObject","inLanguage":"sq","@id":"https:\/\/gjiniherbal.com\/produkt\/vajra-vegjetale\/vaji-i-fares-se-zeze-100-ml\/#primaryimage","url":"https:\/\/gjiniherbal.com\/wp-content\/uploads\/2024\/05\/100ml-corekotu-talyaherbal-cift.webp","contentUrl":"https:\/\/gjiniherbal.com\/wp-content\/uploads\/2024\/05\/100ml-corekotu-talyaherbal-cift.webp","width":953,"height":953},{"@type":"BreadcrumbList","@id":"https:\/\/gjiniherbal.com\/produkt\/vajra-vegjetale\/vaji-i-fares-se-zeze-100-ml\/#breadcrumb","itemListElement":[{"@type":"ListItem","position":1,"name":"Home","item":"https:\/\/gjiniherbal.com\/en_us\/"},{"@type":"ListItem","position":2,"name":"Shop","item":"https:\/\/gjiniherbal.com\/en_us\/shop\/"},{"@type":"ListItem","position":3,"name":"Vaji i far\u00ebs s\u00eb zez\u00eb 100 ml"}]},{"@type":"WebSite","@id":"https:\/\/gjiniherbal.com\/#website","url":"https:\/\/gjiniherbal.com\/","name":"Gjini Herbal","description":"Produkte Natyrale","publisher":{"@id":"https:\/\/gjiniherbal.com\/#organization"},"potentialAction":[{"@type":"SearchAction","target":{"@type":"EntryPoint","urlTemplate":"https:\/\/gjiniherbal.com\/?s={search_term_string}"},"query-input":{"@type":"PropertyValueSpecification","valueRequired":true,"valueName":"search_term_string"}}],"inLanguage":"sq"},{"@type":"Organization","@id":"https:\/\/gjiniherbal.com\/#organization","name":"Gjini Herbal","url":"https:\/\/gjiniherbal.com\/","logo":{"@type":"ImageObject","inLanguage":"sq","@id":"https:\/\/gjiniherbal.com\/#\/schema\/logo\/image\/","url":"https:\/\/gjiniherbal.com\/wp-content\/uploads\/2022\/07\/gjini-herbal-logo.png","contentUrl":"https:\/\/gjiniherbal.com\/wp-content\/uploads\/2022\/07\/gjini-herbal-logo.png","width":652,"height":262,"caption":"Gjini Herbal"},"image":{"@id":"https:\/\/gjiniherbal.com\/#\/schema\/logo\/image\/"},"sameAs":["https:\/\/facebook.com\/gjiniherbal","https:\/\/instagram.com\/gjiniherbal","https:\/\/www.youtube.com\/channel\/UC_tHHueG-qxycnvdro4jHtQ"]}]}},"jetpack-related-posts":[],"jetpack_sharing_enabled":true,"_links":{"self":[{"href":"https:\/\/gjiniherbal.com\/sq\/wp-json\/wp\/v2\/product\/2575","targetHints":{"allow":["GET"]}}],"collection":[{"href":"https:\/\/gjiniherbal.com\/sq\/wp-json\/wp\/v2\/product"}],"about":[{"href":"https:\/\/gjiniherbal.com\/sq\/wp-json\/wp\/v2\/types\/product"}],"wp:featuredmedia":[{"embeddable":true,"href":"https:\/\/gjiniherbal.com\/sq\/wp-json\/wp\/v2\/media\/2576"}],"wp:attachment":[{"href":"https:\/\/gjiniherbal.com\/sq\/wp-json\/wp\/v2\/media?parent=2575"}],"wp:term":[{"taxonomy":"product_brand","embeddable":true,"href":"https:\/\/gjiniherbal.com\/sq\/wp-json\/wp\/v2\/product_brand?post=2575"},{"taxonomy":"product_cat","embeddable":true,"href":"https:\/\/gjiniherbal.com\/sq\/wp-json\/wp\/v2\/product_cat?post=2575"},{"taxonomy":"product_tag","embeddable":true,"href":"https:\/\/gjiniherbal.com\/sq\/wp-json\/wp\/v2\/product_tag?post=2575"}],"curies":[{"name":"wp","href":"https:\/\/api.w.org\/{rel}","templated":true}]}}