{"id":2565,"date":"2024-05-11T19:15:37","date_gmt":"2024-05-11T17:15:37","guid":{"rendered":"https:\/\/gjiniherbal.com\/?post_type=product&#038;p=2565"},"modified":"2024-05-11T19:15:38","modified_gmt":"2024-05-11T17:15:38","slug":"herbafiber-suplement-dietik-60gr","status":"publish","type":"product","link":"https:\/\/gjiniherbal.com\/sq\/produkt\/suplemente-vitamina\/herbafiber-suplement-dietik-60gr\/","title":{"rendered":"HerbaFiber (Suplement dietik), 60 gr"},"content":{"rendered":"<p>HerbaFiber \u00ebsht\u00eb prebiotik i formuluar posa\u00e7\u00ebrisht me baz\u00eb bimore, i zhvilluar nga Talya Phytotherapy Lab. P\u00ebrmban inulin\u00eb, ekstrakt t\u00eb gjetheve t\u00eb angjinares, ekstrakte t\u00eb boronic\u00ebs dhe \u00e7ajit jeshil. P\u00ebr shkak t\u00eb shijes s\u00eb saj neutrale mund t\u00eb shtohet n\u00eb vakte dhe pije.<\/p>\n<p><strong>P\u00ebrfitimet:<\/strong><\/p>\n<p>\u00b7 Ndihmon mb\u00ebshtetjen e mikrobiot\u00ebs s\u00eb sh\u00ebndetshme t\u00eb zorr\u00ebve duke rritur numrin e substancave t\u00eb dobishme.<br \/>\n\u00b7 Ndihmon n\u00eb parandalimin e kapsll\u00ebkut duke p\u00ebrmir\u00ebsuar l\u00ebvizjen e zorr\u00ebve.<br \/>\n\u00b7 Rrit ndjenj\u00ebn e ngopjes.<br \/>\n\u00b7 Ndihmon n\u00eb p\u00ebrmir\u00ebsimin e vlerave t\u00eb kolesterolit.<br \/>\n\u00b7 Ka nj\u00eb efekt pozitiv n\u00eb rregullimin e sheqerit n\u00eb gjak dhe metabolizmin e lipideve.<\/p>\n<p><strong>P\u00ebrdorimi i sugjeruar:<\/strong>\u00a0Shtoni 1 lug\u00eb mat\u00ebse (4 g) n\u00eb 100 ml l\u00ebng dhe p\u00ebrzieni. N\u00eb t\u00eb ngurta, shtoni 1 lug\u00eb mat\u00ebse (4 g) n\u00eb 100 g ushqim dhe p\u00ebrzieni. L\u00ebreni t\u00eb shp\u00ebrndahet plot\u00ebsisht. Mund t\u00eb p\u00ebrzihet me l\u00ebngje t\u00eb ftohta\/t\u00eb nxehta dhe ushqime t\u00eb ngurta.<\/p>","protected":false},"excerpt":{"rendered":"<ul>\n<li>Ndihmon mb\u00ebshtetjen e mikrobiot\u00ebs s\u00eb sh\u00ebndetshme t\u00eb zorr\u00ebve duke rritur numrin e substancave t\u00eb dobishme.<\/li>\n<li>Ndihmon n\u00eb parandalimin e kapsll\u00ebkut duke p\u00ebrmir\u00ebsuar l\u00ebvizjen e zorr\u00ebve.<\/li>\n<li>Rrit ndjenj\u00ebn e ngopjes.<\/li>\n<li>Ndihmon n\u00eb p\u00ebrmir\u00ebsimin e vlerave t\u00eb kolesterolit.<\/li>\n<li>Ka nj\u00eb efekt pozitiv n\u00eb rregullimin e sheqerit n\u00eb gjak dhe metabolizmin e lipideve.<\/li>\n<\/ul>","protected":false},"featured_media":2566,"template":"","meta":{"_acf_changed":false,"_et_pb_use_builder":"","_et_pb_old_content":"","_et_gb_content_width":"","_monsterinsights_skip_tracking":false,"_monsterinsights_sitenote_active":false,"_monsterinsights_sitenote_note":"","_monsterinsights_sitenote_category":0,"_joinchat":[]},"product_brand":[],"product_cat":[457],"product_tag":[870,871,867],"class_list":{"0":"post-2565","1":"product","2":"type-product","3":"status-publish","4":"has-post-thumbnail","6":"product_cat-suplemente-vitamina","7":"product_tag-fibra","8":"product_tag-herbafiber","9":"product_tag-suplement-dietik","11":"first","12":"instock","13":"shipping-taxable","14":"purchasable","15":"product-type-simple"},"acf":[],"yoast_head":"<!-- This site is optimized with the Yoast SEO plugin v27.4 - https:\/\/yoast.com\/product\/yoast-seo-wordpress\/ -->\n<title>HerbaFiber (Suplement dietik), 60 gr - Gjini Herbal<\/title>\n<meta name=\"description\" content=\"Ndihmon mb\u00ebshtetjen e mikrobiot\u00ebs s\u00eb sh\u00ebndetshme t\u00eb zorr\u00ebve duke rritur numrin e substancave t\u00eb dobishme. Ndihmon n\u00eb parandalimin e kapsll\u00ebkut duke p\u00ebrmir\u00ebsuar l\u00ebvizjen e zorr\u00ebve. Rrit ndjenj\u00ebn e ngopjes. Ndihmon n\u00eb p\u00ebrmir\u00ebsimin e vlerave t\u00eb kolesterolit. Ka nj\u00eb efekt pozitiv n\u00eb rregullimin e sheqerit n\u00eb gjak dhe metabolizmin e lipideve.\" \/>\n<meta name=\"robots\" content=\"index, follow, max-snippet:-1, max-image-preview:large, max-video-preview:-1\" \/>\n<link rel=\"canonical\" href=\"https:\/\/gjiniherbal.com\/sq\/produkt\/suplemente-vitamina\/herbafiber-suplement-dietik-60gr\/\" \/>\n<meta property=\"og:locale\" content=\"sq_AL\" \/>\n<meta property=\"og:type\" content=\"article\" \/>\n<meta property=\"og:title\" content=\"HerbaFiber (Suplement dietik), 60 gr - Gjini Herbal\" \/>\n<meta property=\"og:description\" content=\"Ndihmon mb\u00ebshtetjen e mikrobiot\u00ebs s\u00eb sh\u00ebndetshme t\u00eb zorr\u00ebve duke rritur numrin e substancave t\u00eb dobishme. Ndihmon n\u00eb parandalimin e kapsll\u00ebkut duke p\u00ebrmir\u00ebsuar l\u00ebvizjen e zorr\u00ebve. Rrit ndjenj\u00ebn e ngopjes. Ndihmon n\u00eb p\u00ebrmir\u00ebsimin e vlerave t\u00eb kolesterolit. Ka nj\u00eb efekt pozitiv n\u00eb rregullimin e sheqerit n\u00eb gjak dhe metabolizmin e lipideve.\" \/>\n<meta property=\"og:url\" content=\"https:\/\/gjiniherbal.com\/sq\/produkt\/suplemente-vitamina\/herbafiber-suplement-dietik-60gr\/\" \/>\n<meta property=\"og:site_name\" content=\"Gjini Herbal\" \/>\n<meta property=\"article:publisher\" content=\"https:\/\/facebook.com\/gjiniherbal\" \/>\n<meta property=\"article:modified_time\" content=\"2024-05-11T17:15:38+00:00\" \/>\n<meta property=\"og:image\" content=\"https:\/\/gjiniherbal.com\/wp-content\/uploads\/2024\/05\/herbafiber-bitkisel-kokenli-lif-kaynag-afe209.jpg\" \/>\n\t<meta property=\"og:image:width\" content=\"1000\" \/>\n\t<meta property=\"og:image:height\" content=\"666\" \/>\n\t<meta property=\"og:image:type\" content=\"image\/jpeg\" \/>\n<meta name=\"twitter:card\" content=\"summary_large_image\" \/>\n<meta name=\"twitter:label1\" content=\"Est. reading time\" \/>\n\t<meta name=\"twitter:data1\" content=\"1 minut\u00eb\" \/>\n<script type=\"application\/ld+json\" class=\"yoast-schema-graph\">{\"@context\":\"https:\\\/\\\/schema.org\",\"@graph\":[{\"@type\":\"WebPage\",\"@id\":\"https:\\\/\\\/gjiniherbal.com\\\/produkt\\\/suplemente-vitamina\\\/herbafiber-suplement-dietik-60gr\\\/\",\"url\":\"https:\\\/\\\/gjiniherbal.com\\\/produkt\\\/suplemente-vitamina\\\/herbafiber-suplement-dietik-60gr\\\/\",\"name\":\"HerbaFiber (Suplement dietik), 60 gr - Gjini Herbal\",\"isPartOf\":{\"@id\":\"https:\\\/\\\/gjiniherbal.com\\\/#website\"},\"primaryImageOfPage\":{\"@id\":\"https:\\\/\\\/gjiniherbal.com\\\/produkt\\\/suplemente-vitamina\\\/herbafiber-suplement-dietik-60gr\\\/#primaryimage\"},\"image\":{\"@id\":\"https:\\\/\\\/gjiniherbal.com\\\/produkt\\\/suplemente-vitamina\\\/herbafiber-suplement-dietik-60gr\\\/#primaryimage\"},\"thumbnailUrl\":\"https:\\\/\\\/gjiniherbal.com\\\/wp-content\\\/uploads\\\/2024\\\/05\\\/herbafiber-bitkisel-kokenli-lif-kaynag-afe209.jpg\",\"datePublished\":\"2024-05-11T17:15:37+00:00\",\"dateModified\":\"2024-05-11T17:15:38+00:00\",\"description\":\"Ndihmon mb\u00ebshtetjen e mikrobiot\u00ebs s\u00eb sh\u00ebndetshme t\u00eb zorr\u00ebve duke rritur numrin e substancave t\u00eb dobishme. Ndihmon n\u00eb parandalimin e kapsll\u00ebkut duke p\u00ebrmir\u00ebsuar l\u00ebvizjen e zorr\u00ebve. Rrit ndjenj\u00ebn e ngopjes. Ndihmon n\u00eb p\u00ebrmir\u00ebsimin e vlerave t\u00eb kolesterolit. Ka nj\u00eb efekt pozitiv n\u00eb rregullimin e sheqerit n\u00eb gjak dhe metabolizmin e lipideve.\",\"breadcrumb\":{\"@id\":\"https:\\\/\\\/gjiniherbal.com\\\/produkt\\\/suplemente-vitamina\\\/herbafiber-suplement-dietik-60gr\\\/#breadcrumb\"},\"inLanguage\":\"sq\",\"potentialAction\":[{\"@type\":\"ReadAction\",\"target\":[\"https:\\\/\\\/gjiniherbal.com\\\/produkt\\\/suplemente-vitamina\\\/herbafiber-suplement-dietik-60gr\\\/\"]}]},{\"@type\":\"ImageObject\",\"inLanguage\":\"sq\",\"@id\":\"https:\\\/\\\/gjiniherbal.com\\\/produkt\\\/suplemente-vitamina\\\/herbafiber-suplement-dietik-60gr\\\/#primaryimage\",\"url\":\"https:\\\/\\\/gjiniherbal.com\\\/wp-content\\\/uploads\\\/2024\\\/05\\\/herbafiber-bitkisel-kokenli-lif-kaynag-afe209.jpg\",\"contentUrl\":\"https:\\\/\\\/gjiniherbal.com\\\/wp-content\\\/uploads\\\/2024\\\/05\\\/herbafiber-bitkisel-kokenli-lif-kaynag-afe209.jpg\",\"width\":1000,\"height\":666,\"caption\":\"HerbaFiber (Suplement dietik), 60 gr\"},{\"@type\":\"BreadcrumbList\",\"@id\":\"https:\\\/\\\/gjiniherbal.com\\\/produkt\\\/suplemente-vitamina\\\/herbafiber-suplement-dietik-60gr\\\/#breadcrumb\",\"itemListElement\":[{\"@type\":\"ListItem\",\"position\":1,\"name\":\"Home\",\"item\":\"https:\\\/\\\/gjiniherbal.com\\\/en_us\\\/\"},{\"@type\":\"ListItem\",\"position\":2,\"name\":\"Shop\",\"item\":\"https:\\\/\\\/gjiniherbal.com\\\/en_us\\\/shop\\\/\"},{\"@type\":\"ListItem\",\"position\":3,\"name\":\"HerbaFiber (Suplement dietik), 60 gr\"}]},{\"@type\":\"WebSite\",\"@id\":\"https:\\\/\\\/gjiniherbal.com\\\/#website\",\"url\":\"https:\\\/\\\/gjiniherbal.com\\\/\",\"name\":\"Gjini Herbal\",\"description\":\"Produkte Natyrale\",\"publisher\":{\"@id\":\"https:\\\/\\\/gjiniherbal.com\\\/#organization\"},\"potentialAction\":[{\"@type\":\"SearchAction\",\"target\":{\"@type\":\"EntryPoint\",\"urlTemplate\":\"https:\\\/\\\/gjiniherbal.com\\\/?s={search_term_string}\"},\"query-input\":{\"@type\":\"PropertyValueSpecification\",\"valueRequired\":true,\"valueName\":\"search_term_string\"}}],\"inLanguage\":\"sq\"},{\"@type\":\"Organization\",\"@id\":\"https:\\\/\\\/gjiniherbal.com\\\/#organization\",\"name\":\"Gjini Herbal\",\"url\":\"https:\\\/\\\/gjiniherbal.com\\\/\",\"logo\":{\"@type\":\"ImageObject\",\"inLanguage\":\"sq\",\"@id\":\"https:\\\/\\\/gjiniherbal.com\\\/#\\\/schema\\\/logo\\\/image\\\/\",\"url\":\"https:\\\/\\\/gjiniherbal.com\\\/wp-content\\\/uploads\\\/2022\\\/07\\\/gjini-herbal-logo.png\",\"contentUrl\":\"https:\\\/\\\/gjiniherbal.com\\\/wp-content\\\/uploads\\\/2022\\\/07\\\/gjini-herbal-logo.png\",\"width\":652,\"height\":262,\"caption\":\"Gjini Herbal\"},\"image\":{\"@id\":\"https:\\\/\\\/gjiniherbal.com\\\/#\\\/schema\\\/logo\\\/image\\\/\"},\"sameAs\":[\"https:\\\/\\\/facebook.com\\\/gjiniherbal\",\"https:\\\/\\\/instagram.com\\\/gjiniherbal\",\"https:\\\/\\\/www.youtube.com\\\/channel\\\/UC_tHHueG-qxycnvdro4jHtQ\"]}]}<\/script>\n<!-- \/ Yoast SEO plugin. -->","yoast_head_json":{"title":"HerbaFiber (Suplement dietik), 60 gr - Gjini Herbal","description":"Ndihmon mb\u00ebshtetjen e mikrobiot\u00ebs s\u00eb sh\u00ebndetshme t\u00eb zorr\u00ebve duke rritur numrin e substancave t\u00eb dobishme. Ndihmon n\u00eb parandalimin e kapsll\u00ebkut duke p\u00ebrmir\u00ebsuar l\u00ebvizjen e zorr\u00ebve. Rrit ndjenj\u00ebn e ngopjes. Ndihmon n\u00eb p\u00ebrmir\u00ebsimin e vlerave t\u00eb kolesterolit. Ka nj\u00eb efekt pozitiv n\u00eb rregullimin e sheqerit n\u00eb gjak dhe metabolizmin e lipideve.","robots":{"index":"index","follow":"follow","max-snippet":"max-snippet:-1","max-image-preview":"max-image-preview:large","max-video-preview":"max-video-preview:-1"},"canonical":"https:\/\/gjiniherbal.com\/sq\/produkt\/suplemente-vitamina\/herbafiber-suplement-dietik-60gr\/","og_locale":"sq_AL","og_type":"article","og_title":"HerbaFiber (Suplement dietik), 60 gr - Gjini Herbal","og_description":"Ndihmon mb\u00ebshtetjen e mikrobiot\u00ebs s\u00eb sh\u00ebndetshme t\u00eb zorr\u00ebve duke rritur numrin e substancave t\u00eb dobishme. Ndihmon n\u00eb parandalimin e kapsll\u00ebkut duke p\u00ebrmir\u00ebsuar l\u00ebvizjen e zorr\u00ebve. Rrit ndjenj\u00ebn e ngopjes. Ndihmon n\u00eb p\u00ebrmir\u00ebsimin e vlerave t\u00eb kolesterolit. Ka nj\u00eb efekt pozitiv n\u00eb rregullimin e sheqerit n\u00eb gjak dhe metabolizmin e lipideve.","og_url":"https:\/\/gjiniherbal.com\/sq\/produkt\/suplemente-vitamina\/herbafiber-suplement-dietik-60gr\/","og_site_name":"Gjini Herbal","article_publisher":"https:\/\/facebook.com\/gjiniherbal","article_modified_time":"2024-05-11T17:15:38+00:00","og_image":[{"width":1000,"height":666,"url":"https:\/\/gjiniherbal.com\/wp-content\/uploads\/2024\/05\/herbafiber-bitkisel-kokenli-lif-kaynag-afe209.jpg","type":"image\/jpeg"}],"twitter_card":"summary_large_image","twitter_misc":{"Est. reading time":"1 minut\u00eb"},"schema":{"@context":"https:\/\/schema.org","@graph":[{"@type":"WebPage","@id":"https:\/\/gjiniherbal.com\/produkt\/suplemente-vitamina\/herbafiber-suplement-dietik-60gr\/","url":"https:\/\/gjiniherbal.com\/produkt\/suplemente-vitamina\/herbafiber-suplement-dietik-60gr\/","name":"HerbaFiber (Suplement dietik), 60 gr - Gjini Herbal","isPartOf":{"@id":"https:\/\/gjiniherbal.com\/#website"},"primaryImageOfPage":{"@id":"https:\/\/gjiniherbal.com\/produkt\/suplemente-vitamina\/herbafiber-suplement-dietik-60gr\/#primaryimage"},"image":{"@id":"https:\/\/gjiniherbal.com\/produkt\/suplemente-vitamina\/herbafiber-suplement-dietik-60gr\/#primaryimage"},"thumbnailUrl":"https:\/\/gjiniherbal.com\/wp-content\/uploads\/2024\/05\/herbafiber-bitkisel-kokenli-lif-kaynag-afe209.jpg","datePublished":"2024-05-11T17:15:37+00:00","dateModified":"2024-05-11T17:15:38+00:00","description":"Ndihmon mb\u00ebshtetjen e mikrobiot\u00ebs s\u00eb sh\u00ebndetshme t\u00eb zorr\u00ebve duke rritur numrin e substancave t\u00eb dobishme. Ndihmon n\u00eb parandalimin e kapsll\u00ebkut duke p\u00ebrmir\u00ebsuar l\u00ebvizjen e zorr\u00ebve. Rrit ndjenj\u00ebn e ngopjes. Ndihmon n\u00eb p\u00ebrmir\u00ebsimin e vlerave t\u00eb kolesterolit. Ka nj\u00eb efekt pozitiv n\u00eb rregullimin e sheqerit n\u00eb gjak dhe metabolizmin e lipideve.","breadcrumb":{"@id":"https:\/\/gjiniherbal.com\/produkt\/suplemente-vitamina\/herbafiber-suplement-dietik-60gr\/#breadcrumb"},"inLanguage":"sq","potentialAction":[{"@type":"ReadAction","target":["https:\/\/gjiniherbal.com\/produkt\/suplemente-vitamina\/herbafiber-suplement-dietik-60gr\/"]}]},{"@type":"ImageObject","inLanguage":"sq","@id":"https:\/\/gjiniherbal.com\/produkt\/suplemente-vitamina\/herbafiber-suplement-dietik-60gr\/#primaryimage","url":"https:\/\/gjiniherbal.com\/wp-content\/uploads\/2024\/05\/herbafiber-bitkisel-kokenli-lif-kaynag-afe209.jpg","contentUrl":"https:\/\/gjiniherbal.com\/wp-content\/uploads\/2024\/05\/herbafiber-bitkisel-kokenli-lif-kaynag-afe209.jpg","width":1000,"height":666,"caption":"HerbaFiber (Suplement dietik), 60 gr"},{"@type":"BreadcrumbList","@id":"https:\/\/gjiniherbal.com\/produkt\/suplemente-vitamina\/herbafiber-suplement-dietik-60gr\/#breadcrumb","itemListElement":[{"@type":"ListItem","position":1,"name":"Home","item":"https:\/\/gjiniherbal.com\/en_us\/"},{"@type":"ListItem","position":2,"name":"Shop","item":"https:\/\/gjiniherbal.com\/en_us\/shop\/"},{"@type":"ListItem","position":3,"name":"HerbaFiber (Suplement dietik), 60 gr"}]},{"@type":"WebSite","@id":"https:\/\/gjiniherbal.com\/#website","url":"https:\/\/gjiniherbal.com\/","name":"Gjini Herbal","description":"Produkte Natyrale","publisher":{"@id":"https:\/\/gjiniherbal.com\/#organization"},"potentialAction":[{"@type":"SearchAction","target":{"@type":"EntryPoint","urlTemplate":"https:\/\/gjiniherbal.com\/?s={search_term_string}"},"query-input":{"@type":"PropertyValueSpecification","valueRequired":true,"valueName":"search_term_string"}}],"inLanguage":"sq"},{"@type":"Organization","@id":"https:\/\/gjiniherbal.com\/#organization","name":"Gjini Herbal","url":"https:\/\/gjiniherbal.com\/","logo":{"@type":"ImageObject","inLanguage":"sq","@id":"https:\/\/gjiniherbal.com\/#\/schema\/logo\/image\/","url":"https:\/\/gjiniherbal.com\/wp-content\/uploads\/2022\/07\/gjini-herbal-logo.png","contentUrl":"https:\/\/gjiniherbal.com\/wp-content\/uploads\/2022\/07\/gjini-herbal-logo.png","width":652,"height":262,"caption":"Gjini Herbal"},"image":{"@id":"https:\/\/gjiniherbal.com\/#\/schema\/logo\/image\/"},"sameAs":["https:\/\/facebook.com\/gjiniherbal","https:\/\/instagram.com\/gjiniherbal","https:\/\/www.youtube.com\/channel\/UC_tHHueG-qxycnvdro4jHtQ"]}]}},"jetpack-related-posts":[],"jetpack_sharing_enabled":true,"_links":{"self":[{"href":"https:\/\/gjiniherbal.com\/sq\/wp-json\/wp\/v2\/product\/2565","targetHints":{"allow":["GET"]}}],"collection":[{"href":"https:\/\/gjiniherbal.com\/sq\/wp-json\/wp\/v2\/product"}],"about":[{"href":"https:\/\/gjiniherbal.com\/sq\/wp-json\/wp\/v2\/types\/product"}],"wp:featuredmedia":[{"embeddable":true,"href":"https:\/\/gjiniherbal.com\/sq\/wp-json\/wp\/v2\/media\/2566"}],"wp:attachment":[{"href":"https:\/\/gjiniherbal.com\/sq\/wp-json\/wp\/v2\/media?parent=2565"}],"wp:term":[{"taxonomy":"product_brand","embeddable":true,"href":"https:\/\/gjiniherbal.com\/sq\/wp-json\/wp\/v2\/product_brand?post=2565"},{"taxonomy":"product_cat","embeddable":true,"href":"https:\/\/gjiniherbal.com\/sq\/wp-json\/wp\/v2\/product_cat?post=2565"},{"taxonomy":"product_tag","embeddable":true,"href":"https:\/\/gjiniherbal.com\/sq\/wp-json\/wp\/v2\/product_tag?post=2565"}],"curies":[{"name":"wp","href":"https:\/\/api.w.org\/{rel}","templated":true}]}}