{"id":2434,"date":"2024-03-27T09:47:00","date_gmt":"2024-03-27T08:47:00","guid":{"rendered":"https:\/\/gjiniherbal.com\/?post_type=product&#038;p=2434"},"modified":"2026-03-27T11:30:03","modified_gmt":"2026-03-27T10:30:03","slug":"vitamine-b12-10-ml","status":"publish","type":"product","link":"https:\/\/gjiniherbal.com\/sq\/produkt\/suplemente-vitamina\/vitamine-b12-10-ml\/","title":{"rendered":"Vitamin\u00eb B12 10 ml"},"content":{"rendered":"<p>Vitamina B12 kontribuon n\u00eb reduktimin e lodhjes dhe k\u00ebputjes, funksionimin normal t\u00eb sistemit imunitar, rregullimin e metabolizmit dhe formimin e qelizave t\u00eb kuqe t\u00eb gjakut.<\/p>\n<p><strong>P\u00ebr personat me alergji<\/strong>: Mund t\u00eb p\u00ebrmbaj\u00eb arra, gluten, kikirik\u00eb, fara susami, mustard\u00eb, produkte peshku.<\/p>\n<p><strong>P\u00ebrdorimi<\/strong>: Rekomandohet p\u00ebr f\u00ebmij\u00ebt mbi mosh\u00ebn 4 vje\u00e7. P\u00ebr f\u00ebmij\u00ebt mbi 11 vje\u00e7 dhe p\u00ebr t\u00eb rriturit rekomandohet nj\u00eb sprucim, 1 her\u00eb n\u00eb dit\u00eb, n\u00ebn gjuh\u00eb.<\/p>\n<p><strong>Kujdes<\/strong>: Mos e kaloni doz\u00ebn e rekomanduar. T\u00eb mbahet n\u00eb temperatur\u00eb dhome, larg f\u00ebmij\u00ebve t\u00eb vegj\u00ebl dhe drit\u00ebs s\u00eb diellit.<\/p>","protected":false},"excerpt":{"rendered":"<ul>\n<li>Redukton lodhjen dhe k\u00ebputjen<\/li>\n<li>Forcon sistemin imunitar<\/li>\n<li>Rregullon metabolizmin<\/li>\n<li>Ndihmon formimin e qelizave t\u00eb kuqe t\u00eb gjakut<\/li>\n<\/ul>","protected":false},"featured_media":2435,"template":"","meta":{"_acf_changed":false,"_et_pb_use_builder":"","_et_pb_old_content":"","_et_gb_content_width":"","_monsterinsights_skip_tracking":false,"_monsterinsights_sitenote_active":false,"_monsterinsights_sitenote_note":"","_monsterinsights_sitenote_category":0,"_joinchat":[]},"product_brand":[],"product_cat":[457],"product_tag":[970,867,614],"class_list":{"0":"post-2434","1":"product","2":"type-product","3":"status-publish","4":"has-post-thumbnail","6":"product_cat-suplemente-vitamina","7":"product_tag-b12","8":"product_tag-suplement-dietik","9":"product_tag-vitamina","11":"first","12":"outofstock","13":"shipping-taxable","14":"purchasable","15":"product-type-simple"},"acf":[],"yoast_head":"<!-- This site is optimized with the Yoast SEO plugin v27.4 - https:\/\/yoast.com\/product\/yoast-seo-wordpress\/ -->\n<title>Vitamin\u00eb B12 10 ml - Gjini Herbal<\/title>\n<meta name=\"description\" content=\"Vitamina B12 kontribuon n\u00eb reduktimin e lodhjes dhe k\u00ebputjes, funksionimin normal t\u00eb sistemit imunitar, rregullimin e metabolizmit dhe formimin e qelizave t\u00eb kuqe t\u00eb gjakut.\" \/>\n<meta name=\"robots\" content=\"index, follow, max-snippet:-1, max-image-preview:large, max-video-preview:-1\" \/>\n<link rel=\"canonical\" href=\"https:\/\/gjiniherbal.com\/sq\/produkt\/suplemente-vitamina\/vitamine-b12-10-ml\/\" \/>\n<meta property=\"og:locale\" content=\"sq_AL\" \/>\n<meta property=\"og:type\" content=\"article\" \/>\n<meta property=\"og:title\" content=\"Vitamin\u00eb B12 10 ml - Gjini Herbal\" \/>\n<meta property=\"og:description\" content=\"Vitamina B12 kontribuon n\u00eb reduktimin e lodhjes dhe k\u00ebputjes, funksionimin normal t\u00eb sistemit imunitar, rregullimin e metabolizmit dhe formimin e qelizave t\u00eb kuqe t\u00eb gjakut.\" \/>\n<meta property=\"og:url\" content=\"https:\/\/gjiniherbal.com\/sq\/produkt\/suplemente-vitamina\/vitamine-b12-10-ml\/\" \/>\n<meta property=\"og:site_name\" content=\"Gjini Herbal\" \/>\n<meta property=\"article:publisher\" content=\"https:\/\/facebook.com\/gjiniherbal\" \/>\n<meta property=\"article:modified_time\" content=\"2026-03-27T10:30:03+00:00\" \/>\n<meta property=\"og:image\" content=\"https:\/\/gjiniherbal.com\/wp-content\/uploads\/2024\/03\/Vitamin-B12-Sprey_kutu-s\u2560ois\u2560oe-scaled.jpg\" \/>\n\t<meta property=\"og:image:width\" content=\"2560\" \/>\n\t<meta property=\"og:image:height\" content=\"2560\" \/>\n\t<meta property=\"og:image:type\" content=\"image\/jpeg\" \/>\n<meta name=\"twitter:card\" content=\"summary_large_image\" \/>\n<meta name=\"twitter:label1\" content=\"Est. reading time\" \/>\n\t<meta name=\"twitter:data1\" content=\"1 minut\u00eb\" \/>\n<script type=\"application\/ld+json\" class=\"yoast-schema-graph\">{\"@context\":\"https:\\\/\\\/schema.org\",\"@graph\":[{\"@type\":\"WebPage\",\"@id\":\"https:\\\/\\\/gjiniherbal.com\\\/produkt\\\/suplemente-vitamina\\\/vitamine-b12-10-ml\\\/\",\"url\":\"https:\\\/\\\/gjiniherbal.com\\\/produkt\\\/suplemente-vitamina\\\/vitamine-b12-10-ml\\\/\",\"name\":\"Vitamin\u00eb B12 10 ml - Gjini Herbal\",\"isPartOf\":{\"@id\":\"https:\\\/\\\/gjiniherbal.com\\\/#website\"},\"primaryImageOfPage\":{\"@id\":\"https:\\\/\\\/gjiniherbal.com\\\/produkt\\\/suplemente-vitamina\\\/vitamine-b12-10-ml\\\/#primaryimage\"},\"image\":{\"@id\":\"https:\\\/\\\/gjiniherbal.com\\\/produkt\\\/suplemente-vitamina\\\/vitamine-b12-10-ml\\\/#primaryimage\"},\"thumbnailUrl\":\"https:\\\/\\\/gjiniherbal.com\\\/wp-content\\\/uploads\\\/2024\\\/03\\\/Vitamin-B12-Sprey_kutu-s\u2560ois\u2560oe-scaled.jpg\",\"datePublished\":\"2024-03-27T08:47:00+00:00\",\"dateModified\":\"2026-03-27T10:30:03+00:00\",\"description\":\"Vitamina B12 kontribuon n\u00eb reduktimin e lodhjes dhe k\u00ebputjes, funksionimin normal t\u00eb sistemit imunitar, rregullimin e metabolizmit dhe formimin e qelizave t\u00eb kuqe t\u00eb gjakut.\",\"breadcrumb\":{\"@id\":\"https:\\\/\\\/gjiniherbal.com\\\/produkt\\\/suplemente-vitamina\\\/vitamine-b12-10-ml\\\/#breadcrumb\"},\"inLanguage\":\"sq\",\"potentialAction\":[{\"@type\":\"ReadAction\",\"target\":[\"https:\\\/\\\/gjiniherbal.com\\\/produkt\\\/suplemente-vitamina\\\/vitamine-b12-10-ml\\\/\"]}]},{\"@type\":\"ImageObject\",\"inLanguage\":\"sq\",\"@id\":\"https:\\\/\\\/gjiniherbal.com\\\/produkt\\\/suplemente-vitamina\\\/vitamine-b12-10-ml\\\/#primaryimage\",\"url\":\"https:\\\/\\\/gjiniherbal.com\\\/wp-content\\\/uploads\\\/2024\\\/03\\\/Vitamin-B12-Sprey_kutu-s\u2560ois\u2560oe-scaled.jpg\",\"contentUrl\":\"https:\\\/\\\/gjiniherbal.com\\\/wp-content\\\/uploads\\\/2024\\\/03\\\/Vitamin-B12-Sprey_kutu-s\u2560ois\u2560oe-scaled.jpg\",\"width\":2560,\"height\":2560,\"caption\":\"Vitamin\u00eb B12 10 ml\"},{\"@type\":\"BreadcrumbList\",\"@id\":\"https:\\\/\\\/gjiniherbal.com\\\/produkt\\\/suplemente-vitamina\\\/vitamine-b12-10-ml\\\/#breadcrumb\",\"itemListElement\":[{\"@type\":\"ListItem\",\"position\":1,\"name\":\"Home\",\"item\":\"https:\\\/\\\/gjiniherbal.com\\\/en_us\\\/\"},{\"@type\":\"ListItem\",\"position\":2,\"name\":\"Shop\",\"item\":\"https:\\\/\\\/gjiniherbal.com\\\/en_us\\\/shop\\\/\"},{\"@type\":\"ListItem\",\"position\":3,\"name\":\"Vitamin\u00eb B12 10 ml\"}]},{\"@type\":\"WebSite\",\"@id\":\"https:\\\/\\\/gjiniherbal.com\\\/#website\",\"url\":\"https:\\\/\\\/gjiniherbal.com\\\/\",\"name\":\"Gjini Herbal\",\"description\":\"Produkte Natyrale\",\"publisher\":{\"@id\":\"https:\\\/\\\/gjiniherbal.com\\\/#organization\"},\"potentialAction\":[{\"@type\":\"SearchAction\",\"target\":{\"@type\":\"EntryPoint\",\"urlTemplate\":\"https:\\\/\\\/gjiniherbal.com\\\/?s={search_term_string}\"},\"query-input\":{\"@type\":\"PropertyValueSpecification\",\"valueRequired\":true,\"valueName\":\"search_term_string\"}}],\"inLanguage\":\"sq\"},{\"@type\":\"Organization\",\"@id\":\"https:\\\/\\\/gjiniherbal.com\\\/#organization\",\"name\":\"Gjini Herbal\",\"url\":\"https:\\\/\\\/gjiniherbal.com\\\/\",\"logo\":{\"@type\":\"ImageObject\",\"inLanguage\":\"sq\",\"@id\":\"https:\\\/\\\/gjiniherbal.com\\\/#\\\/schema\\\/logo\\\/image\\\/\",\"url\":\"https:\\\/\\\/gjiniherbal.com\\\/wp-content\\\/uploads\\\/2022\\\/07\\\/gjini-herbal-logo.png\",\"contentUrl\":\"https:\\\/\\\/gjiniherbal.com\\\/wp-content\\\/uploads\\\/2022\\\/07\\\/gjini-herbal-logo.png\",\"width\":652,\"height\":262,\"caption\":\"Gjini Herbal\"},\"image\":{\"@id\":\"https:\\\/\\\/gjiniherbal.com\\\/#\\\/schema\\\/logo\\\/image\\\/\"},\"sameAs\":[\"https:\\\/\\\/facebook.com\\\/gjiniherbal\",\"https:\\\/\\\/instagram.com\\\/gjiniherbal\",\"https:\\\/\\\/www.youtube.com\\\/channel\\\/UC_tHHueG-qxycnvdro4jHtQ\"]}]}<\/script>\n<!-- \/ Yoast SEO plugin. -->","yoast_head_json":{"title":"Vitamin\u00eb B12 10 ml - Gjini Herbal","description":"Vitamina B12 kontribuon n\u00eb reduktimin e lodhjes dhe k\u00ebputjes, funksionimin normal t\u00eb sistemit imunitar, rregullimin e metabolizmit dhe formimin e qelizave t\u00eb kuqe t\u00eb gjakut.","robots":{"index":"index","follow":"follow","max-snippet":"max-snippet:-1","max-image-preview":"max-image-preview:large","max-video-preview":"max-video-preview:-1"},"canonical":"https:\/\/gjiniherbal.com\/sq\/produkt\/suplemente-vitamina\/vitamine-b12-10-ml\/","og_locale":"sq_AL","og_type":"article","og_title":"Vitamin\u00eb B12 10 ml - Gjini Herbal","og_description":"Vitamina B12 kontribuon n\u00eb reduktimin e lodhjes dhe k\u00ebputjes, funksionimin normal t\u00eb sistemit imunitar, rregullimin e metabolizmit dhe formimin e qelizave t\u00eb kuqe t\u00eb gjakut.","og_url":"https:\/\/gjiniherbal.com\/sq\/produkt\/suplemente-vitamina\/vitamine-b12-10-ml\/","og_site_name":"Gjini Herbal","article_publisher":"https:\/\/facebook.com\/gjiniherbal","article_modified_time":"2026-03-27T10:30:03+00:00","og_image":[{"width":2560,"height":2560,"url":"https:\/\/gjiniherbal.com\/wp-content\/uploads\/2024\/03\/Vitamin-B12-Sprey_kutu-s\u2560ois\u2560oe-scaled.jpg","type":"image\/jpeg"}],"twitter_card":"summary_large_image","twitter_misc":{"Est. reading time":"1 minut\u00eb"},"schema":{"@context":"https:\/\/schema.org","@graph":[{"@type":"WebPage","@id":"https:\/\/gjiniherbal.com\/produkt\/suplemente-vitamina\/vitamine-b12-10-ml\/","url":"https:\/\/gjiniherbal.com\/produkt\/suplemente-vitamina\/vitamine-b12-10-ml\/","name":"Vitamin\u00eb B12 10 ml - Gjini Herbal","isPartOf":{"@id":"https:\/\/gjiniherbal.com\/#website"},"primaryImageOfPage":{"@id":"https:\/\/gjiniherbal.com\/produkt\/suplemente-vitamina\/vitamine-b12-10-ml\/#primaryimage"},"image":{"@id":"https:\/\/gjiniherbal.com\/produkt\/suplemente-vitamina\/vitamine-b12-10-ml\/#primaryimage"},"thumbnailUrl":"https:\/\/gjiniherbal.com\/wp-content\/uploads\/2024\/03\/Vitamin-B12-Sprey_kutu-s\u2560ois\u2560oe-scaled.jpg","datePublished":"2024-03-27T08:47:00+00:00","dateModified":"2026-03-27T10:30:03+00:00","description":"Vitamina B12 kontribuon n\u00eb reduktimin e lodhjes dhe k\u00ebputjes, funksionimin normal t\u00eb sistemit imunitar, rregullimin e metabolizmit dhe formimin e qelizave t\u00eb kuqe t\u00eb gjakut.","breadcrumb":{"@id":"https:\/\/gjiniherbal.com\/produkt\/suplemente-vitamina\/vitamine-b12-10-ml\/#breadcrumb"},"inLanguage":"sq","potentialAction":[{"@type":"ReadAction","target":["https:\/\/gjiniherbal.com\/produkt\/suplemente-vitamina\/vitamine-b12-10-ml\/"]}]},{"@type":"ImageObject","inLanguage":"sq","@id":"https:\/\/gjiniherbal.com\/produkt\/suplemente-vitamina\/vitamine-b12-10-ml\/#primaryimage","url":"https:\/\/gjiniherbal.com\/wp-content\/uploads\/2024\/03\/Vitamin-B12-Sprey_kutu-s\u2560ois\u2560oe-scaled.jpg","contentUrl":"https:\/\/gjiniherbal.com\/wp-content\/uploads\/2024\/03\/Vitamin-B12-Sprey_kutu-s\u2560ois\u2560oe-scaled.jpg","width":2560,"height":2560,"caption":"Vitamin\u00eb B12 10 ml"},{"@type":"BreadcrumbList","@id":"https:\/\/gjiniherbal.com\/produkt\/suplemente-vitamina\/vitamine-b12-10-ml\/#breadcrumb","itemListElement":[{"@type":"ListItem","position":1,"name":"Home","item":"https:\/\/gjiniherbal.com\/en_us\/"},{"@type":"ListItem","position":2,"name":"Shop","item":"https:\/\/gjiniherbal.com\/en_us\/shop\/"},{"@type":"ListItem","position":3,"name":"Vitamin\u00eb B12 10 ml"}]},{"@type":"WebSite","@id":"https:\/\/gjiniherbal.com\/#website","url":"https:\/\/gjiniherbal.com\/","name":"Gjini Herbal","description":"Produkte Natyrale","publisher":{"@id":"https:\/\/gjiniherbal.com\/#organization"},"potentialAction":[{"@type":"SearchAction","target":{"@type":"EntryPoint","urlTemplate":"https:\/\/gjiniherbal.com\/?s={search_term_string}"},"query-input":{"@type":"PropertyValueSpecification","valueRequired":true,"valueName":"search_term_string"}}],"inLanguage":"sq"},{"@type":"Organization","@id":"https:\/\/gjiniherbal.com\/#organization","name":"Gjini Herbal","url":"https:\/\/gjiniherbal.com\/","logo":{"@type":"ImageObject","inLanguage":"sq","@id":"https:\/\/gjiniherbal.com\/#\/schema\/logo\/image\/","url":"https:\/\/gjiniherbal.com\/wp-content\/uploads\/2022\/07\/gjini-herbal-logo.png","contentUrl":"https:\/\/gjiniherbal.com\/wp-content\/uploads\/2022\/07\/gjini-herbal-logo.png","width":652,"height":262,"caption":"Gjini Herbal"},"image":{"@id":"https:\/\/gjiniherbal.com\/#\/schema\/logo\/image\/"},"sameAs":["https:\/\/facebook.com\/gjiniherbal","https:\/\/instagram.com\/gjiniherbal","https:\/\/www.youtube.com\/channel\/UC_tHHueG-qxycnvdro4jHtQ"]}]}},"jetpack-related-posts":[],"jetpack_sharing_enabled":true,"_links":{"self":[{"href":"https:\/\/gjiniherbal.com\/sq\/wp-json\/wp\/v2\/product\/2434","targetHints":{"allow":["GET"]}}],"collection":[{"href":"https:\/\/gjiniherbal.com\/sq\/wp-json\/wp\/v2\/product"}],"about":[{"href":"https:\/\/gjiniherbal.com\/sq\/wp-json\/wp\/v2\/types\/product"}],"wp:featuredmedia":[{"embeddable":true,"href":"https:\/\/gjiniherbal.com\/sq\/wp-json\/wp\/v2\/media\/2435"}],"wp:attachment":[{"href":"https:\/\/gjiniherbal.com\/sq\/wp-json\/wp\/v2\/media?parent=2434"}],"wp:term":[{"taxonomy":"product_brand","embeddable":true,"href":"https:\/\/gjiniherbal.com\/sq\/wp-json\/wp\/v2\/product_brand?post=2434"},{"taxonomy":"product_cat","embeddable":true,"href":"https:\/\/gjiniherbal.com\/sq\/wp-json\/wp\/v2\/product_cat?post=2434"},{"taxonomy":"product_tag","embeddable":true,"href":"https:\/\/gjiniherbal.com\/sq\/wp-json\/wp\/v2\/product_tag?post=2434"}],"curies":[{"name":"wp","href":"https:\/\/api.w.org\/{rel}","templated":true}]}}