{"id":2412,"date":"2024-03-07T16:53:42","date_gmt":"2024-03-07T15:53:42","guid":{"rendered":"https:\/\/gjiniherbal.com\/?post_type=product&#038;p=2412"},"modified":"2024-10-28T10:56:07","modified_gmt":"2024-10-28T09:56:07","slug":"vitamina-d3k2","status":"publish","type":"product","link":"https:\/\/gjiniherbal.com\/sq\/produkt\/suplemente-vitamina\/vitamina-d3k2\/","title":{"rendered":"Vitamina D3 K2"},"content":{"rendered":"<p>Vitamina D3 dhe K2 jan\u00eb l\u00ebnd\u00eb ushqyese t\u00eb r\u00ebnd\u00ebsishme q\u00eb dihet se kan\u00eb p\u00ebrfitime sinergjike n\u00eb trup. Vitamina D3 dhe Vitamina K2 jan\u00eb t\u00eb dyja vitamina t\u00eb tretshme n\u00eb yndyr\u00eb t\u00eb cilat luajn\u00eb nj\u00eb rol t\u00eb r\u00ebnd\u00ebsish\u00ebm n\u00eb metabolizmin e kalciumit.<\/p>\n<p>Vitamina D3 siguron q\u00eb niveli i kalciumit n\u00eb gjakun tuaj t\u00eb jet\u00eb mjaftuesh\u00ebm i lart\u00eb p\u00ebr t\u00eb p\u00ebrmbushur k\u00ebrkesat e trupit tuaj dhe Vitamina K2 ndihmon p\u00ebr t\u00eb drejtuar kalciumin atje ku \u00ebsht\u00eb e nevojshme.<\/p>\n<p><strong>P\u00ebrfitimet:<\/strong><\/p>\n<p>\u2022 Vitamina D3 mb\u00ebshtet sh\u00ebndetin e imunitetit, kockave, dh\u00ebmb\u00ebve dhe muskujve.<br \/>\n\u2022 Vitamina K2 mb\u00ebshtet funksionimin e sh\u00ebndetsh\u00ebm t\u00eb arterieve dhe rrit efektin D3.<\/p>\n<p><strong>P\u00ebrdorimi i sugjeruar:<\/strong> Rekomandohet p\u00ebrdorimi i 2 pikave nj\u00eb her\u00eb n\u00eb dit\u00eb p\u00ebr f\u00ebmij\u00ebt e mosh\u00ebs 4-10 vje\u00e7 dhe 4 pika nj\u00eb her\u00eb n\u00eb dit\u00eb p\u00ebr f\u00ebmij\u00ebt mbi 11 vje\u00e7 dhe t\u00eb rriturit, me vakte.<\/p>","protected":false},"excerpt":{"rendered":"<p>\u2022 Vitamina D3 mb\u00ebshtet sh\u00ebndetin e imunitetit, kockave, dh\u00ebmb\u00ebve dhe muskujve.<br \/>\n\u2022 Vitamina K2 mb\u00ebshtet funksionimin e sh\u00ebndetsh\u00ebm t\u00eb arterieve dhe rrit efektin D3.<\/p>","protected":false},"featured_media":2413,"template":"","meta":{"_acf_changed":false,"_et_pb_use_builder":"","_et_pb_old_content":"","_et_gb_content_width":"","_monsterinsights_skip_tracking":false,"_monsterinsights_sitenote_active":false,"_monsterinsights_sitenote_note":"","_monsterinsights_sitenote_category":0,"_joinchat":[]},"product_brand":[],"product_cat":[457],"product_tag":[1031,614,786],"class_list":{"0":"post-2412","1":"product","2":"type-product","3":"status-publish","4":"has-post-thumbnail","6":"product_cat-suplemente-vitamina","7":"product_tag-d3k2","8":"product_tag-vitamina","9":"product_tag-vitamina-d3k2","11":"first","12":"instock","13":"shipping-taxable","14":"purchasable","15":"product-type-simple"},"acf":[],"yoast_head":"<!-- This site is optimized with the Yoast SEO plugin v27.4 - https:\/\/yoast.com\/product\/yoast-seo-wordpress\/ -->\n<title>Vitamina D3 K2<\/title>\n<meta name=\"description\" content=\"Vitamina D3 siguron q\u00eb niveli i kalciumit n\u00eb gjakun tuaj t\u00eb jet\u00eb mjaftuesh\u00ebm i lart\u00eb p\u00ebr t\u00eb p\u00ebrmbushur k\u00ebrkesat e trupit tuaj dhe Vitamina K2 ndihmon p\u00ebr t\u00eb drejtuar kalciumin atje ku \u00ebsht\u00eb e nevojshme.\" \/>\n<meta name=\"robots\" content=\"index, follow, max-snippet:-1, max-image-preview:large, max-video-preview:-1\" \/>\n<link rel=\"canonical\" href=\"https:\/\/gjiniherbal.com\/sq\/produkt\/suplemente-vitamina\/vitamina-d3k2\/\" \/>\n<meta property=\"og:locale\" content=\"sq_AL\" \/>\n<meta property=\"og:type\" content=\"article\" \/>\n<meta property=\"og:title\" content=\"Vitamina D3 K2\" \/>\n<meta property=\"og:description\" content=\"Vitamina D3 siguron q\u00eb niveli i kalciumit n\u00eb gjakun tuaj t\u00eb jet\u00eb mjaftuesh\u00ebm i lart\u00eb p\u00ebr t\u00eb p\u00ebrmbushur k\u00ebrkesat e trupit tuaj dhe Vitamina K2 ndihmon p\u00ebr t\u00eb drejtuar kalciumin atje ku \u00ebsht\u00eb e nevojshme.\" \/>\n<meta property=\"og:url\" content=\"https:\/\/gjiniherbal.com\/sq\/produkt\/suplemente-vitamina\/vitamina-d3k2\/\" \/>\n<meta property=\"og:site_name\" content=\"Gjini Herbal\" \/>\n<meta property=\"article:publisher\" content=\"https:\/\/facebook.com\/gjiniherbal\" \/>\n<meta property=\"article:modified_time\" content=\"2024-10-28T09:56:07+00:00\" \/>\n<meta property=\"og:image\" content=\"https:\/\/gjiniherbal.com\/wp-content\/uploads\/2024\/03\/talya-herbal-vitamin-d3-k2-dietary-supplement-supports-immune-bone-teeth-muscle-health-artery-10ml.webp\" \/>\n\t<meta property=\"og:image:width\" content=\"1000\" \/>\n\t<meta property=\"og:image:height\" content=\"1000\" \/>\n\t<meta property=\"og:image:type\" content=\"image\/webp\" \/>\n<meta name=\"twitter:card\" content=\"summary_large_image\" \/>\n<meta name=\"twitter:label1\" content=\"Est. reading time\" \/>\n\t<meta name=\"twitter:data1\" content=\"1 minut\u00eb\" \/>\n<script type=\"application\/ld+json\" class=\"yoast-schema-graph\">{\"@context\":\"https:\\\/\\\/schema.org\",\"@graph\":[{\"@type\":\"WebPage\",\"@id\":\"https:\\\/\\\/gjiniherbal.com\\\/produkt\\\/suplemente-vitamina\\\/vitamina-d3k2\\\/\",\"url\":\"https:\\\/\\\/gjiniherbal.com\\\/produkt\\\/suplemente-vitamina\\\/vitamina-d3k2\\\/\",\"name\":\"Vitamina D3 K2\",\"isPartOf\":{\"@id\":\"https:\\\/\\\/gjiniherbal.com\\\/#website\"},\"primaryImageOfPage\":{\"@id\":\"https:\\\/\\\/gjiniherbal.com\\\/produkt\\\/suplemente-vitamina\\\/vitamina-d3k2\\\/#primaryimage\"},\"image\":{\"@id\":\"https:\\\/\\\/gjiniherbal.com\\\/produkt\\\/suplemente-vitamina\\\/vitamina-d3k2\\\/#primaryimage\"},\"thumbnailUrl\":\"https:\\\/\\\/gjiniherbal.com\\\/wp-content\\\/uploads\\\/2024\\\/03\\\/talya-herbal-vitamin-d3-k2-dietary-supplement-supports-immune-bone-teeth-muscle-health-artery-10ml.webp\",\"datePublished\":\"2024-03-07T15:53:42+00:00\",\"dateModified\":\"2024-10-28T09:56:07+00:00\",\"description\":\"Vitamina D3 siguron q\u00eb niveli i kalciumit n\u00eb gjakun tuaj t\u00eb jet\u00eb mjaftuesh\u00ebm i lart\u00eb p\u00ebr t\u00eb p\u00ebrmbushur k\u00ebrkesat e trupit tuaj dhe Vitamina K2 ndihmon p\u00ebr t\u00eb drejtuar kalciumin atje ku \u00ebsht\u00eb e nevojshme.\",\"breadcrumb\":{\"@id\":\"https:\\\/\\\/gjiniherbal.com\\\/produkt\\\/suplemente-vitamina\\\/vitamina-d3k2\\\/#breadcrumb\"},\"inLanguage\":\"sq\",\"potentialAction\":[{\"@type\":\"ReadAction\",\"target\":[\"https:\\\/\\\/gjiniherbal.com\\\/produkt\\\/suplemente-vitamina\\\/vitamina-d3k2\\\/\"]}]},{\"@type\":\"ImageObject\",\"inLanguage\":\"sq\",\"@id\":\"https:\\\/\\\/gjiniherbal.com\\\/produkt\\\/suplemente-vitamina\\\/vitamina-d3k2\\\/#primaryimage\",\"url\":\"https:\\\/\\\/gjiniherbal.com\\\/wp-content\\\/uploads\\\/2024\\\/03\\\/talya-herbal-vitamin-d3-k2-dietary-supplement-supports-immune-bone-teeth-muscle-health-artery-10ml.webp\",\"contentUrl\":\"https:\\\/\\\/gjiniherbal.com\\\/wp-content\\\/uploads\\\/2024\\\/03\\\/talya-herbal-vitamin-d3-k2-dietary-supplement-supports-immune-bone-teeth-muscle-health-artery-10ml.webp\",\"width\":1000,\"height\":1000,\"caption\":\"Vitamina D3+K2 10 ml\"},{\"@type\":\"BreadcrumbList\",\"@id\":\"https:\\\/\\\/gjiniherbal.com\\\/produkt\\\/suplemente-vitamina\\\/vitamina-d3k2\\\/#breadcrumb\",\"itemListElement\":[{\"@type\":\"ListItem\",\"position\":1,\"name\":\"Home\",\"item\":\"https:\\\/\\\/gjiniherbal.com\\\/en_us\\\/\"},{\"@type\":\"ListItem\",\"position\":2,\"name\":\"Shop\",\"item\":\"https:\\\/\\\/gjiniherbal.com\\\/en_us\\\/shop\\\/\"},{\"@type\":\"ListItem\",\"position\":3,\"name\":\"Vitamina D3 K2\"}]},{\"@type\":\"WebSite\",\"@id\":\"https:\\\/\\\/gjiniherbal.com\\\/#website\",\"url\":\"https:\\\/\\\/gjiniherbal.com\\\/\",\"name\":\"Gjini Herbal\",\"description\":\"Produkte Natyrale\",\"publisher\":{\"@id\":\"https:\\\/\\\/gjiniherbal.com\\\/#organization\"},\"potentialAction\":[{\"@type\":\"SearchAction\",\"target\":{\"@type\":\"EntryPoint\",\"urlTemplate\":\"https:\\\/\\\/gjiniherbal.com\\\/?s={search_term_string}\"},\"query-input\":{\"@type\":\"PropertyValueSpecification\",\"valueRequired\":true,\"valueName\":\"search_term_string\"}}],\"inLanguage\":\"sq\"},{\"@type\":\"Organization\",\"@id\":\"https:\\\/\\\/gjiniherbal.com\\\/#organization\",\"name\":\"Gjini Herbal\",\"url\":\"https:\\\/\\\/gjiniherbal.com\\\/\",\"logo\":{\"@type\":\"ImageObject\",\"inLanguage\":\"sq\",\"@id\":\"https:\\\/\\\/gjiniherbal.com\\\/#\\\/schema\\\/logo\\\/image\\\/\",\"url\":\"https:\\\/\\\/gjiniherbal.com\\\/wp-content\\\/uploads\\\/2022\\\/07\\\/gjini-herbal-logo.png\",\"contentUrl\":\"https:\\\/\\\/gjiniherbal.com\\\/wp-content\\\/uploads\\\/2022\\\/07\\\/gjini-herbal-logo.png\",\"width\":652,\"height\":262,\"caption\":\"Gjini Herbal\"},\"image\":{\"@id\":\"https:\\\/\\\/gjiniherbal.com\\\/#\\\/schema\\\/logo\\\/image\\\/\"},\"sameAs\":[\"https:\\\/\\\/facebook.com\\\/gjiniherbal\",\"https:\\\/\\\/instagram.com\\\/gjiniherbal\",\"https:\\\/\\\/www.youtube.com\\\/channel\\\/UC_tHHueG-qxycnvdro4jHtQ\"]}]}<\/script>\n<!-- \/ Yoast SEO plugin. -->","yoast_head_json":{"title":"Vitamina D3 K2","description":"Vitamina D3 siguron q\u00eb niveli i kalciumit n\u00eb gjakun tuaj t\u00eb jet\u00eb mjaftuesh\u00ebm i lart\u00eb p\u00ebr t\u00eb p\u00ebrmbushur k\u00ebrkesat e trupit tuaj dhe Vitamina K2 ndihmon p\u00ebr t\u00eb drejtuar kalciumin atje ku \u00ebsht\u00eb e nevojshme.","robots":{"index":"index","follow":"follow","max-snippet":"max-snippet:-1","max-image-preview":"max-image-preview:large","max-video-preview":"max-video-preview:-1"},"canonical":"https:\/\/gjiniherbal.com\/sq\/produkt\/suplemente-vitamina\/vitamina-d3k2\/","og_locale":"sq_AL","og_type":"article","og_title":"Vitamina D3 K2","og_description":"Vitamina D3 siguron q\u00eb niveli i kalciumit n\u00eb gjakun tuaj t\u00eb jet\u00eb mjaftuesh\u00ebm i lart\u00eb p\u00ebr t\u00eb p\u00ebrmbushur k\u00ebrkesat e trupit tuaj dhe Vitamina K2 ndihmon p\u00ebr t\u00eb drejtuar kalciumin atje ku \u00ebsht\u00eb e nevojshme.","og_url":"https:\/\/gjiniherbal.com\/sq\/produkt\/suplemente-vitamina\/vitamina-d3k2\/","og_site_name":"Gjini Herbal","article_publisher":"https:\/\/facebook.com\/gjiniherbal","article_modified_time":"2024-10-28T09:56:07+00:00","og_image":[{"width":1000,"height":1000,"url":"https:\/\/gjiniherbal.com\/wp-content\/uploads\/2024\/03\/talya-herbal-vitamin-d3-k2-dietary-supplement-supports-immune-bone-teeth-muscle-health-artery-10ml.webp","type":"image\/webp"}],"twitter_card":"summary_large_image","twitter_misc":{"Est. reading time":"1 minut\u00eb"},"schema":{"@context":"https:\/\/schema.org","@graph":[{"@type":"WebPage","@id":"https:\/\/gjiniherbal.com\/produkt\/suplemente-vitamina\/vitamina-d3k2\/","url":"https:\/\/gjiniherbal.com\/produkt\/suplemente-vitamina\/vitamina-d3k2\/","name":"Vitamina D3 K2","isPartOf":{"@id":"https:\/\/gjiniherbal.com\/#website"},"primaryImageOfPage":{"@id":"https:\/\/gjiniherbal.com\/produkt\/suplemente-vitamina\/vitamina-d3k2\/#primaryimage"},"image":{"@id":"https:\/\/gjiniherbal.com\/produkt\/suplemente-vitamina\/vitamina-d3k2\/#primaryimage"},"thumbnailUrl":"https:\/\/gjiniherbal.com\/wp-content\/uploads\/2024\/03\/talya-herbal-vitamin-d3-k2-dietary-supplement-supports-immune-bone-teeth-muscle-health-artery-10ml.webp","datePublished":"2024-03-07T15:53:42+00:00","dateModified":"2024-10-28T09:56:07+00:00","description":"Vitamina D3 siguron q\u00eb niveli i kalciumit n\u00eb gjakun tuaj t\u00eb jet\u00eb mjaftuesh\u00ebm i lart\u00eb p\u00ebr t\u00eb p\u00ebrmbushur k\u00ebrkesat e trupit tuaj dhe Vitamina K2 ndihmon p\u00ebr t\u00eb drejtuar kalciumin atje ku \u00ebsht\u00eb e nevojshme.","breadcrumb":{"@id":"https:\/\/gjiniherbal.com\/produkt\/suplemente-vitamina\/vitamina-d3k2\/#breadcrumb"},"inLanguage":"sq","potentialAction":[{"@type":"ReadAction","target":["https:\/\/gjiniherbal.com\/produkt\/suplemente-vitamina\/vitamina-d3k2\/"]}]},{"@type":"ImageObject","inLanguage":"sq","@id":"https:\/\/gjiniherbal.com\/produkt\/suplemente-vitamina\/vitamina-d3k2\/#primaryimage","url":"https:\/\/gjiniherbal.com\/wp-content\/uploads\/2024\/03\/talya-herbal-vitamin-d3-k2-dietary-supplement-supports-immune-bone-teeth-muscle-health-artery-10ml.webp","contentUrl":"https:\/\/gjiniherbal.com\/wp-content\/uploads\/2024\/03\/talya-herbal-vitamin-d3-k2-dietary-supplement-supports-immune-bone-teeth-muscle-health-artery-10ml.webp","width":1000,"height":1000,"caption":"Vitamina D3+K2 10 ml"},{"@type":"BreadcrumbList","@id":"https:\/\/gjiniherbal.com\/produkt\/suplemente-vitamina\/vitamina-d3k2\/#breadcrumb","itemListElement":[{"@type":"ListItem","position":1,"name":"Home","item":"https:\/\/gjiniherbal.com\/en_us\/"},{"@type":"ListItem","position":2,"name":"Shop","item":"https:\/\/gjiniherbal.com\/en_us\/shop\/"},{"@type":"ListItem","position":3,"name":"Vitamina D3 K2"}]},{"@type":"WebSite","@id":"https:\/\/gjiniherbal.com\/#website","url":"https:\/\/gjiniherbal.com\/","name":"Gjini Herbal","description":"Produkte Natyrale","publisher":{"@id":"https:\/\/gjiniherbal.com\/#organization"},"potentialAction":[{"@type":"SearchAction","target":{"@type":"EntryPoint","urlTemplate":"https:\/\/gjiniherbal.com\/?s={search_term_string}"},"query-input":{"@type":"PropertyValueSpecification","valueRequired":true,"valueName":"search_term_string"}}],"inLanguage":"sq"},{"@type":"Organization","@id":"https:\/\/gjiniherbal.com\/#organization","name":"Gjini Herbal","url":"https:\/\/gjiniherbal.com\/","logo":{"@type":"ImageObject","inLanguage":"sq","@id":"https:\/\/gjiniherbal.com\/#\/schema\/logo\/image\/","url":"https:\/\/gjiniherbal.com\/wp-content\/uploads\/2022\/07\/gjini-herbal-logo.png","contentUrl":"https:\/\/gjiniherbal.com\/wp-content\/uploads\/2022\/07\/gjini-herbal-logo.png","width":652,"height":262,"caption":"Gjini Herbal"},"image":{"@id":"https:\/\/gjiniherbal.com\/#\/schema\/logo\/image\/"},"sameAs":["https:\/\/facebook.com\/gjiniherbal","https:\/\/instagram.com\/gjiniherbal","https:\/\/www.youtube.com\/channel\/UC_tHHueG-qxycnvdro4jHtQ"]}]}},"jetpack-related-posts":[],"jetpack_sharing_enabled":true,"_links":{"self":[{"href":"https:\/\/gjiniherbal.com\/sq\/wp-json\/wp\/v2\/product\/2412","targetHints":{"allow":["GET"]}}],"collection":[{"href":"https:\/\/gjiniherbal.com\/sq\/wp-json\/wp\/v2\/product"}],"about":[{"href":"https:\/\/gjiniherbal.com\/sq\/wp-json\/wp\/v2\/types\/product"}],"wp:featuredmedia":[{"embeddable":true,"href":"https:\/\/gjiniherbal.com\/sq\/wp-json\/wp\/v2\/media\/2413"}],"wp:attachment":[{"href":"https:\/\/gjiniherbal.com\/sq\/wp-json\/wp\/v2\/media?parent=2412"}],"wp:term":[{"taxonomy":"product_brand","embeddable":true,"href":"https:\/\/gjiniherbal.com\/sq\/wp-json\/wp\/v2\/product_brand?post=2412"},{"taxonomy":"product_cat","embeddable":true,"href":"https:\/\/gjiniherbal.com\/sq\/wp-json\/wp\/v2\/product_cat?post=2412"},{"taxonomy":"product_tag","embeddable":true,"href":"https:\/\/gjiniherbal.com\/sq\/wp-json\/wp\/v2\/product_tag?post=2412"}],"curies":[{"name":"wp","href":"https:\/\/api.w.org\/{rel}","templated":true}]}}