{"id":2407,"date":"2024-03-07T16:38:38","date_gmt":"2024-03-07T15:38:38","guid":{"rendered":"https:\/\/gjiniherbal.com\/?post_type=product&#038;p=2407"},"modified":"2024-03-07T16:38:39","modified_gmt":"2024-03-07T15:38:39","slug":"vaj-kantarioni-20-ml","status":"publish","type":"product","link":"https:\/\/gjiniherbal.com\/sq\/produkt\/vajra-vegjetale\/vaj-kantarioni-20-ml\/","title":{"rendered":"Vaj kantarioni 20 ml"},"content":{"rendered":"<p>Kantarioni \u00ebsht\u00eb nj\u00eb bim\u00eb e vog\u00ebl me lule e njohur edhe si Hypericum perforatum, nj\u00eb nga ila\u00e7et m\u00eb t\u00eb p\u00ebrdorura n\u00eb sht\u00ebpi. Kantarioni \u00ebsht\u00eb b\u00ebr\u00eb jasht\u00ebzakonisht i popullarizuar n\u00eb dekadat e fundit si nj\u00eb ila\u00e7 bimor i mundsh\u00ebm kurues p\u00ebr nj\u00eb s\u00ebr\u00eb kushtesh.<\/p>\n<p>Talya Herbal p\u00ebrdor petalet e cil\u00ebsis\u00eb m\u00eb t\u00eb lart\u00eb nga rajoni i Mesdheut p\u00ebr t\u00eb ofruar vajin m\u00eb t\u00eb mir\u00eb n\u00eb treg.<\/p>\n<p><strong>P\u00ebrfitimet:<\/strong><\/p>\n<ul>\n<li>Ndihmon n\u00eb ofrimin e kujdesit kund\u00ebr plakjes duke hidratuar l\u00ebkur\u00ebn.<\/li>\n<li>Ndihmon q\u00eb l\u00ebkura t\u00eb duket m\u00eb e gjall\u00eb dhe e sh\u00ebndetshme.<\/li>\n<\/ul>\n<p><strong>P\u00ebrdorimi i sugjeruar:<\/strong><\/p>\n<p><strong>P\u00ebrdorimi i brendsh\u00ebm:<\/strong> Si shtes\u00eb diete, merrni tri her\u00eb n\u00eb dit\u00eb duke shtuar tre (3) pika n\u00eb nj\u00eb sasi t\u00eb vog\u00ebl uji ose l\u00ebngu t\u00eb preferuar.<\/p>\n<p><strong>P\u00ebrdorimi i jasht\u00ebm:<\/strong> Hidhni tre (3) pika t\u00eb vajit t\u00eb kantarionit n\u00eb l\u00ebkur\u00ebn tuaj dhe f\u00ebrkojeni but\u00ebsisht derisa t\u00eb p\u00ebrthithet.<\/p>","protected":false},"excerpt":{"rendered":"<ul>\n<li>Ndihmon n\u00eb ofrimin e kujdesit kund\u00ebr plakjes duke hidratuar l\u00ebkur\u00ebn.<\/li>\n<li>Ndihmon q\u00eb l\u00ebkura t\u00eb duket m\u00eb e gjall\u00eb dhe e sh\u00ebndetshme.<\/li>\n<\/ul>","protected":false},"featured_media":2408,"template":"","meta":{"_acf_changed":false,"_et_pb_use_builder":"","_et_pb_old_content":"","_et_gb_content_width":"","_monsterinsights_skip_tracking":false,"_monsterinsights_sitenote_active":false,"_monsterinsights_sitenote_note":"","_monsterinsights_sitenote_category":0,"_joinchat":[]},"product_brand":[],"product_cat":[503,480],"product_tag":[879,684,839],"class_list":{"0":"post-2407","1":"product","2":"type-product","3":"status-publish","4":"has-post-thumbnail","6":"product_cat-vajra-vegjetale","7":"product_cat-kujdes-i-lekures","8":"product_tag-kujdesi-i-lekures","9":"product_tag-vaj-kantarioni","10":"product_tag-vaj-vegjetal","12":"first","13":"instock","14":"shipping-taxable","15":"purchasable","16":"product-type-simple"},"acf":[],"jetpack-related-posts":[],"jetpack_sharing_enabled":true,"_links":{"self":[{"href":"https:\/\/gjiniherbal.com\/sq\/wp-json\/wp\/v2\/product\/2407","targetHints":{"allow":["GET"]}}],"collection":[{"href":"https:\/\/gjiniherbal.com\/sq\/wp-json\/wp\/v2\/product"}],"about":[{"href":"https:\/\/gjiniherbal.com\/sq\/wp-json\/wp\/v2\/types\/product"}],"wp:featuredmedia":[{"embeddable":true,"href":"https:\/\/gjiniherbal.com\/sq\/wp-json\/wp\/v2\/media\/2408"}],"wp:attachment":[{"href":"https:\/\/gjiniherbal.com\/sq\/wp-json\/wp\/v2\/media?parent=2407"}],"wp:term":[{"taxonomy":"product_brand","embeddable":true,"href":"https:\/\/gjiniherbal.com\/sq\/wp-json\/wp\/v2\/product_brand?post=2407"},{"taxonomy":"product_cat","embeddable":true,"href":"https:\/\/gjiniherbal.com\/sq\/wp-json\/wp\/v2\/product_cat?post=2407"},{"taxonomy":"product_tag","embeddable":true,"href":"https:\/\/gjiniherbal.com\/sq\/wp-json\/wp\/v2\/product_tag?post=2407"}],"curies":[{"name":"wp","href":"https:\/\/api.w.org\/{rel}","templated":true}]}}