{"id":2402,"date":"2024-03-07T16:24:58","date_gmt":"2024-03-07T15:24:58","guid":{"rendered":"https:\/\/gjiniherbal.com\/?post_type=product&#038;p=2402"},"modified":"2024-03-07T16:24:58","modified_gmt":"2024-03-07T15:24:58","slug":"vaj-trendafili-20-ml","status":"publish","type":"product","link":"https:\/\/gjiniherbal.com\/sq\/produkt\/kujdes-i-lekures\/vaj-trendafili-20-ml\/","title":{"rendered":"Vaj tr\u00ebndafili 20 ml"},"content":{"rendered":"<p>Vaji i tr\u00ebndafilit njihet edhe si vaji i far\u00ebs s\u00eb tr\u00ebndafilit. Rrjedh nga shkurret therosa caninarose. Vaji i tr\u00ebndafilit shtypet nga frutat dhe farat e bim\u00ebs s\u00eb tr\u00ebndafilit.<\/p>\n<p>I \u00e7muar q\u00eb nga koh\u00ebrat e lashta p\u00ebr p\u00ebrfitimet e tij t\u00eb vlefshme sh\u00ebruese, vaji i tr\u00ebndafilit \u00ebsht\u00eb i ngarkuar me vitamina ushqyese p\u00ebr l\u00ebkur\u00ebn dhe acide yndyrore esenciale. Ai gjithashtu p\u00ebrmban fenole q\u00eb jan\u00eb treguar se kan\u00eb veti antivirale, antibakteriale dhe antifungale. Vaji i tr\u00ebndafilit p\u00ebrdoret shpesh si vaj mbart\u00ebs p\u00ebr vajrat esencial\u00eb t\u00eb cil\u00ebt jan\u00eb shum\u00eb intensiv\u00eb p\u00ebr t&#8217;u vendosur drejtp\u00ebrdrejt n\u00eb l\u00ebkur\u00ebn tuaj.<\/p>\n<p><strong>Vetit\u00eb<\/strong>: Kund\u00ebr plakjes, hidratuese, hidratuese, rigjeneruese.<\/p>\n<p><strong>P\u00ebrdorimi Topik<\/strong>: Aplikoni disa pika vaj n\u00eb zon\u00ebn e nevojshme.<\/p>","protected":false},"excerpt":{"rendered":"<ul>\n<li>Ka veti antivirale, antibakteriale dhe antifungale.<\/li>\n<li>P\u00ebrdoret shpesh si vaj mbart\u00ebs p\u00ebr vajrat esencial\u00eb t\u00eb cil\u00ebt jan\u00eb shum\u00eb intensiv\u00eb p\u00ebr t&#8217;u vendosur drejtp\u00ebrdrejt n\u00eb l\u00ebkur\u00ebn tuaj.<\/li>\n<li>Ka veti kund\u00ebr plakjes, hidratuese, hidratuese, rigjeneruese.<\/li>\n<\/ul>","protected":false},"featured_media":2403,"template":"","meta":{"_acf_changed":false,"_et_pb_use_builder":"","_et_pb_old_content":"","_et_gb_content_width":"","_monsterinsights_skip_tracking":false,"_monsterinsights_sitenote_active":false,"_monsterinsights_sitenote_note":"","_monsterinsights_sitenote_category":0,"_joinchat":[]},"product_brand":[],"product_cat":[480,503],"product_tag":[879,966,839],"class_list":{"0":"post-2402","1":"product","2":"type-product","3":"status-publish","4":"has-post-thumbnail","6":"product_cat-kujdes-i-lekures","7":"product_cat-vajra-vegjetale","8":"product_tag-kujdesi-i-lekures","9":"product_tag-vaj-trendafili","10":"product_tag-vaj-vegjetal","12":"first","13":"instock","14":"shipping-taxable","15":"purchasable","16":"product-type-simple"},"acf":[],"yoast_head":"<!-- This site is optimized with the Yoast SEO plugin v27.4 - https:\/\/yoast.com\/product\/yoast-seo-wordpress\/ -->\n<title>Vaj tr\u00ebndafili 20 ml - Gjini Herbal<\/title>\n<meta name=\"description\" content=\"I \u00e7muar q\u00eb nga koh\u00ebrat e lashta p\u00ebr p\u00ebrfitimet e tij t\u00eb vlefshme sh\u00ebruese, vaji i tr\u00ebndafilit \u00ebsht\u00eb i ngarkuar me vitamina ushqyese p\u00ebr l\u00ebkur\u00ebn dhe acide yndyrore esenciale. Ai gjithashtu p\u00ebrmban fenole q\u00eb jan\u00eb treguar se kan\u00eb veti antivirale, antibakteriale dhe antifungale. Vaji i tr\u00ebndafilit p\u00ebrdoret shpesh si vaj mbart\u00ebs p\u00ebr vajrat esencial\u00eb t\u00eb cil\u00ebt jan\u00eb shum\u00eb intensiv\u00eb p\u00ebr t&#039;u vendosur drejtp\u00ebrdrejt n\u00eb l\u00ebkur\u00ebn tuaj.\" \/>\n<meta name=\"robots\" content=\"index, follow, max-snippet:-1, max-image-preview:large, max-video-preview:-1\" \/>\n<link rel=\"canonical\" href=\"https:\/\/gjiniherbal.com\/sq\/produkt\/kujdes-i-lekures\/vaj-trendafili-20-ml\/\" \/>\n<meta property=\"og:locale\" content=\"sq_AL\" \/>\n<meta property=\"og:type\" content=\"article\" \/>\n<meta property=\"og:title\" content=\"Vaj tr\u00ebndafili 20 ml - Gjini Herbal\" \/>\n<meta property=\"og:description\" content=\"I \u00e7muar q\u00eb nga koh\u00ebrat e lashta p\u00ebr p\u00ebrfitimet e tij t\u00eb vlefshme sh\u00ebruese, vaji i tr\u00ebndafilit \u00ebsht\u00eb i ngarkuar me vitamina ushqyese p\u00ebr l\u00ebkur\u00ebn dhe acide yndyrore esenciale. Ai gjithashtu p\u00ebrmban fenole q\u00eb jan\u00eb treguar se kan\u00eb veti antivirale, antibakteriale dhe antifungale. Vaji i tr\u00ebndafilit p\u00ebrdoret shpesh si vaj mbart\u00ebs p\u00ebr vajrat esencial\u00eb t\u00eb cil\u00ebt jan\u00eb shum\u00eb intensiv\u00eb p\u00ebr t&#039;u vendosur drejtp\u00ebrdrejt n\u00eb l\u00ebkur\u00ebn tuaj.\" \/>\n<meta property=\"og:url\" content=\"https:\/\/gjiniherbal.com\/sq\/produkt\/kujdes-i-lekures\/vaj-trendafili-20-ml\/\" \/>\n<meta property=\"og:site_name\" content=\"Gjini Herbal\" \/>\n<meta property=\"article:publisher\" content=\"https:\/\/facebook.com\/gjiniherbal\" \/>\n<meta property=\"og:image\" content=\"https:\/\/gjiniherbal.com\/wp-content\/uploads\/2024\/03\/20ml-kusburnu-cift-tr-talyabitkiselcom.webp\" \/>\n\t<meta property=\"og:image:width\" content=\"1000\" \/>\n\t<meta property=\"og:image:height\" content=\"1000\" \/>\n\t<meta property=\"og:image:type\" content=\"image\/webp\" \/>\n<meta name=\"twitter:card\" content=\"summary_large_image\" \/>\n<meta name=\"twitter:label1\" content=\"Est. reading time\" \/>\n\t<meta name=\"twitter:data1\" content=\"1 minut\u00eb\" \/>\n<script type=\"application\/ld+json\" class=\"yoast-schema-graph\">{\"@context\":\"https:\\\/\\\/schema.org\",\"@graph\":[{\"@type\":\"WebPage\",\"@id\":\"https:\\\/\\\/gjiniherbal.com\\\/produkt\\\/kujdes-i-lekures\\\/vaj-trendafili-20-ml\\\/\",\"url\":\"https:\\\/\\\/gjiniherbal.com\\\/produkt\\\/kujdes-i-lekures\\\/vaj-trendafili-20-ml\\\/\",\"name\":\"Vaj tr\u00ebndafili 20 ml - Gjini Herbal\",\"isPartOf\":{\"@id\":\"https:\\\/\\\/gjiniherbal.com\\\/#website\"},\"primaryImageOfPage\":{\"@id\":\"https:\\\/\\\/gjiniherbal.com\\\/produkt\\\/kujdes-i-lekures\\\/vaj-trendafili-20-ml\\\/#primaryimage\"},\"image\":{\"@id\":\"https:\\\/\\\/gjiniherbal.com\\\/produkt\\\/kujdes-i-lekures\\\/vaj-trendafili-20-ml\\\/#primaryimage\"},\"thumbnailUrl\":\"https:\\\/\\\/gjiniherbal.com\\\/wp-content\\\/uploads\\\/2024\\\/03\\\/20ml-kusburnu-cift-tr-talyabitkiselcom.webp\",\"datePublished\":\"2024-03-07T15:24:58+00:00\",\"description\":\"I \u00e7muar q\u00eb nga koh\u00ebrat e lashta p\u00ebr p\u00ebrfitimet e tij t\u00eb vlefshme sh\u00ebruese, vaji i tr\u00ebndafilit \u00ebsht\u00eb i ngarkuar me vitamina ushqyese p\u00ebr l\u00ebkur\u00ebn dhe acide yndyrore esenciale. Ai gjithashtu p\u00ebrmban fenole q\u00eb jan\u00eb treguar se kan\u00eb veti antivirale, antibakteriale dhe antifungale. Vaji i tr\u00ebndafilit p\u00ebrdoret shpesh si vaj mbart\u00ebs p\u00ebr vajrat esencial\u00eb t\u00eb cil\u00ebt jan\u00eb shum\u00eb intensiv\u00eb p\u00ebr t'u vendosur drejtp\u00ebrdrejt n\u00eb l\u00ebkur\u00ebn tuaj.\",\"breadcrumb\":{\"@id\":\"https:\\\/\\\/gjiniherbal.com\\\/produkt\\\/kujdes-i-lekures\\\/vaj-trendafili-20-ml\\\/#breadcrumb\"},\"inLanguage\":\"sq\",\"potentialAction\":[{\"@type\":\"ReadAction\",\"target\":[\"https:\\\/\\\/gjiniherbal.com\\\/produkt\\\/kujdes-i-lekures\\\/vaj-trendafili-20-ml\\\/\"]}]},{\"@type\":\"ImageObject\",\"inLanguage\":\"sq\",\"@id\":\"https:\\\/\\\/gjiniherbal.com\\\/produkt\\\/kujdes-i-lekures\\\/vaj-trendafili-20-ml\\\/#primaryimage\",\"url\":\"https:\\\/\\\/gjiniherbal.com\\\/wp-content\\\/uploads\\\/2024\\\/03\\\/20ml-kusburnu-cift-tr-talyabitkiselcom.webp\",\"contentUrl\":\"https:\\\/\\\/gjiniherbal.com\\\/wp-content\\\/uploads\\\/2024\\\/03\\\/20ml-kusburnu-cift-tr-talyabitkiselcom.webp\",\"width\":1000,\"height\":1000,\"caption\":\"Vaj tr\u00ebndafili 20 ml\"},{\"@type\":\"BreadcrumbList\",\"@id\":\"https:\\\/\\\/gjiniherbal.com\\\/produkt\\\/kujdes-i-lekures\\\/vaj-trendafili-20-ml\\\/#breadcrumb\",\"itemListElement\":[{\"@type\":\"ListItem\",\"position\":1,\"name\":\"Home\",\"item\":\"https:\\\/\\\/gjiniherbal.com\\\/en_us\\\/\"},{\"@type\":\"ListItem\",\"position\":2,\"name\":\"Shop\",\"item\":\"https:\\\/\\\/gjiniherbal.com\\\/en_us\\\/shop\\\/\"},{\"@type\":\"ListItem\",\"position\":3,\"name\":\"Vaj tr\u00ebndafili 20 ml\"}]},{\"@type\":\"WebSite\",\"@id\":\"https:\\\/\\\/gjiniherbal.com\\\/#website\",\"url\":\"https:\\\/\\\/gjiniherbal.com\\\/\",\"name\":\"Gjini Herbal\",\"description\":\"Produkte Natyrale\",\"publisher\":{\"@id\":\"https:\\\/\\\/gjiniherbal.com\\\/#organization\"},\"potentialAction\":[{\"@type\":\"SearchAction\",\"target\":{\"@type\":\"EntryPoint\",\"urlTemplate\":\"https:\\\/\\\/gjiniherbal.com\\\/?s={search_term_string}\"},\"query-input\":{\"@type\":\"PropertyValueSpecification\",\"valueRequired\":true,\"valueName\":\"search_term_string\"}}],\"inLanguage\":\"sq\"},{\"@type\":\"Organization\",\"@id\":\"https:\\\/\\\/gjiniherbal.com\\\/#organization\",\"name\":\"Gjini Herbal\",\"url\":\"https:\\\/\\\/gjiniherbal.com\\\/\",\"logo\":{\"@type\":\"ImageObject\",\"inLanguage\":\"sq\",\"@id\":\"https:\\\/\\\/gjiniherbal.com\\\/#\\\/schema\\\/logo\\\/image\\\/\",\"url\":\"https:\\\/\\\/gjiniherbal.com\\\/wp-content\\\/uploads\\\/2022\\\/07\\\/gjini-herbal-logo.png\",\"contentUrl\":\"https:\\\/\\\/gjiniherbal.com\\\/wp-content\\\/uploads\\\/2022\\\/07\\\/gjini-herbal-logo.png\",\"width\":652,\"height\":262,\"caption\":\"Gjini Herbal\"},\"image\":{\"@id\":\"https:\\\/\\\/gjiniherbal.com\\\/#\\\/schema\\\/logo\\\/image\\\/\"},\"sameAs\":[\"https:\\\/\\\/facebook.com\\\/gjiniherbal\",\"https:\\\/\\\/instagram.com\\\/gjiniherbal\",\"https:\\\/\\\/www.youtube.com\\\/channel\\\/UC_tHHueG-qxycnvdro4jHtQ\"]}]}<\/script>\n<!-- \/ Yoast SEO plugin. -->","yoast_head_json":{"title":"Vaj tr\u00ebndafili 20 ml - Gjini Herbal","description":"I \u00e7muar q\u00eb nga koh\u00ebrat e lashta p\u00ebr p\u00ebrfitimet e tij t\u00eb vlefshme sh\u00ebruese, vaji i tr\u00ebndafilit \u00ebsht\u00eb i ngarkuar me vitamina ushqyese p\u00ebr l\u00ebkur\u00ebn dhe acide yndyrore esenciale. Ai gjithashtu p\u00ebrmban fenole q\u00eb jan\u00eb treguar se kan\u00eb veti antivirale, antibakteriale dhe antifungale. Vaji i tr\u00ebndafilit p\u00ebrdoret shpesh si vaj mbart\u00ebs p\u00ebr vajrat esencial\u00eb t\u00eb cil\u00ebt jan\u00eb shum\u00eb intensiv\u00eb p\u00ebr t'u vendosur drejtp\u00ebrdrejt n\u00eb l\u00ebkur\u00ebn tuaj.","robots":{"index":"index","follow":"follow","max-snippet":"max-snippet:-1","max-image-preview":"max-image-preview:large","max-video-preview":"max-video-preview:-1"},"canonical":"https:\/\/gjiniherbal.com\/sq\/produkt\/kujdes-i-lekures\/vaj-trendafili-20-ml\/","og_locale":"sq_AL","og_type":"article","og_title":"Vaj tr\u00ebndafili 20 ml - Gjini Herbal","og_description":"I \u00e7muar q\u00eb nga koh\u00ebrat e lashta p\u00ebr p\u00ebrfitimet e tij t\u00eb vlefshme sh\u00ebruese, vaji i tr\u00ebndafilit \u00ebsht\u00eb i ngarkuar me vitamina ushqyese p\u00ebr l\u00ebkur\u00ebn dhe acide yndyrore esenciale. Ai gjithashtu p\u00ebrmban fenole q\u00eb jan\u00eb treguar se kan\u00eb veti antivirale, antibakteriale dhe antifungale. Vaji i tr\u00ebndafilit p\u00ebrdoret shpesh si vaj mbart\u00ebs p\u00ebr vajrat esencial\u00eb t\u00eb cil\u00ebt jan\u00eb shum\u00eb intensiv\u00eb p\u00ebr t'u vendosur drejtp\u00ebrdrejt n\u00eb l\u00ebkur\u00ebn tuaj.","og_url":"https:\/\/gjiniherbal.com\/sq\/produkt\/kujdes-i-lekures\/vaj-trendafili-20-ml\/","og_site_name":"Gjini Herbal","article_publisher":"https:\/\/facebook.com\/gjiniherbal","og_image":[{"width":1000,"height":1000,"url":"https:\/\/gjiniherbal.com\/wp-content\/uploads\/2024\/03\/20ml-kusburnu-cift-tr-talyabitkiselcom.webp","type":"image\/webp"}],"twitter_card":"summary_large_image","twitter_misc":{"Est. reading time":"1 minut\u00eb"},"schema":{"@context":"https:\/\/schema.org","@graph":[{"@type":"WebPage","@id":"https:\/\/gjiniherbal.com\/produkt\/kujdes-i-lekures\/vaj-trendafili-20-ml\/","url":"https:\/\/gjiniherbal.com\/produkt\/kujdes-i-lekures\/vaj-trendafili-20-ml\/","name":"Vaj tr\u00ebndafili 20 ml - Gjini Herbal","isPartOf":{"@id":"https:\/\/gjiniherbal.com\/#website"},"primaryImageOfPage":{"@id":"https:\/\/gjiniherbal.com\/produkt\/kujdes-i-lekures\/vaj-trendafili-20-ml\/#primaryimage"},"image":{"@id":"https:\/\/gjiniherbal.com\/produkt\/kujdes-i-lekures\/vaj-trendafili-20-ml\/#primaryimage"},"thumbnailUrl":"https:\/\/gjiniherbal.com\/wp-content\/uploads\/2024\/03\/20ml-kusburnu-cift-tr-talyabitkiselcom.webp","datePublished":"2024-03-07T15:24:58+00:00","description":"I \u00e7muar q\u00eb nga koh\u00ebrat e lashta p\u00ebr p\u00ebrfitimet e tij t\u00eb vlefshme sh\u00ebruese, vaji i tr\u00ebndafilit \u00ebsht\u00eb i ngarkuar me vitamina ushqyese p\u00ebr l\u00ebkur\u00ebn dhe acide yndyrore esenciale. Ai gjithashtu p\u00ebrmban fenole q\u00eb jan\u00eb treguar se kan\u00eb veti antivirale, antibakteriale dhe antifungale. Vaji i tr\u00ebndafilit p\u00ebrdoret shpesh si vaj mbart\u00ebs p\u00ebr vajrat esencial\u00eb t\u00eb cil\u00ebt jan\u00eb shum\u00eb intensiv\u00eb p\u00ebr t'u vendosur drejtp\u00ebrdrejt n\u00eb l\u00ebkur\u00ebn tuaj.","breadcrumb":{"@id":"https:\/\/gjiniherbal.com\/produkt\/kujdes-i-lekures\/vaj-trendafili-20-ml\/#breadcrumb"},"inLanguage":"sq","potentialAction":[{"@type":"ReadAction","target":["https:\/\/gjiniherbal.com\/produkt\/kujdes-i-lekures\/vaj-trendafili-20-ml\/"]}]},{"@type":"ImageObject","inLanguage":"sq","@id":"https:\/\/gjiniherbal.com\/produkt\/kujdes-i-lekures\/vaj-trendafili-20-ml\/#primaryimage","url":"https:\/\/gjiniherbal.com\/wp-content\/uploads\/2024\/03\/20ml-kusburnu-cift-tr-talyabitkiselcom.webp","contentUrl":"https:\/\/gjiniherbal.com\/wp-content\/uploads\/2024\/03\/20ml-kusburnu-cift-tr-talyabitkiselcom.webp","width":1000,"height":1000,"caption":"Vaj tr\u00ebndafili 20 ml"},{"@type":"BreadcrumbList","@id":"https:\/\/gjiniherbal.com\/produkt\/kujdes-i-lekures\/vaj-trendafili-20-ml\/#breadcrumb","itemListElement":[{"@type":"ListItem","position":1,"name":"Home","item":"https:\/\/gjiniherbal.com\/en_us\/"},{"@type":"ListItem","position":2,"name":"Shop","item":"https:\/\/gjiniherbal.com\/en_us\/shop\/"},{"@type":"ListItem","position":3,"name":"Vaj tr\u00ebndafili 20 ml"}]},{"@type":"WebSite","@id":"https:\/\/gjiniherbal.com\/#website","url":"https:\/\/gjiniherbal.com\/","name":"Gjini Herbal","description":"Produkte Natyrale","publisher":{"@id":"https:\/\/gjiniherbal.com\/#organization"},"potentialAction":[{"@type":"SearchAction","target":{"@type":"EntryPoint","urlTemplate":"https:\/\/gjiniherbal.com\/?s={search_term_string}"},"query-input":{"@type":"PropertyValueSpecification","valueRequired":true,"valueName":"search_term_string"}}],"inLanguage":"sq"},{"@type":"Organization","@id":"https:\/\/gjiniherbal.com\/#organization","name":"Gjini Herbal","url":"https:\/\/gjiniherbal.com\/","logo":{"@type":"ImageObject","inLanguage":"sq","@id":"https:\/\/gjiniherbal.com\/#\/schema\/logo\/image\/","url":"https:\/\/gjiniherbal.com\/wp-content\/uploads\/2022\/07\/gjini-herbal-logo.png","contentUrl":"https:\/\/gjiniherbal.com\/wp-content\/uploads\/2022\/07\/gjini-herbal-logo.png","width":652,"height":262,"caption":"Gjini Herbal"},"image":{"@id":"https:\/\/gjiniherbal.com\/#\/schema\/logo\/image\/"},"sameAs":["https:\/\/facebook.com\/gjiniherbal","https:\/\/instagram.com\/gjiniherbal","https:\/\/www.youtube.com\/channel\/UC_tHHueG-qxycnvdro4jHtQ"]}]}},"jetpack-related-posts":[],"jetpack_sharing_enabled":true,"_links":{"self":[{"href":"https:\/\/gjiniherbal.com\/sq\/wp-json\/wp\/v2\/product\/2402","targetHints":{"allow":["GET"]}}],"collection":[{"href":"https:\/\/gjiniherbal.com\/sq\/wp-json\/wp\/v2\/product"}],"about":[{"href":"https:\/\/gjiniherbal.com\/sq\/wp-json\/wp\/v2\/types\/product"}],"wp:featuredmedia":[{"embeddable":true,"href":"https:\/\/gjiniherbal.com\/sq\/wp-json\/wp\/v2\/media\/2403"}],"wp:attachment":[{"href":"https:\/\/gjiniherbal.com\/sq\/wp-json\/wp\/v2\/media?parent=2402"}],"wp:term":[{"taxonomy":"product_brand","embeddable":true,"href":"https:\/\/gjiniherbal.com\/sq\/wp-json\/wp\/v2\/product_brand?post=2402"},{"taxonomy":"product_cat","embeddable":true,"href":"https:\/\/gjiniherbal.com\/sq\/wp-json\/wp\/v2\/product_cat?post=2402"},{"taxonomy":"product_tag","embeddable":true,"href":"https:\/\/gjiniherbal.com\/sq\/wp-json\/wp\/v2\/product_tag?post=2402"}],"curies":[{"name":"wp","href":"https:\/\/api.w.org\/{rel}","templated":true}]}}