{"id":2395,"date":"2024-03-07T16:10:01","date_gmt":"2024-03-07T15:10:01","guid":{"rendered":"https:\/\/gjiniherbal.com\/?post_type=product&#038;p=2395"},"modified":"2024-03-07T16:14:25","modified_gmt":"2024-03-07T15:14:25","slug":"vaj-i-fares-se-hithres-20-ml","status":"publish","type":"product","link":"https:\/\/gjiniherbal.com\/sq\/produkt\/vajra-vegjetale\/vaj-i-fares-se-hithres-20-ml\/","title":{"rendered":"Vaj i far\u00ebs s\u00eb hithr\u00ebs 20 ml"},"content":{"rendered":"<p>Shumica e njer\u00ebzve mund t\u00eb gjejn\u00eb hith\u00ebr q\u00eb rritet n\u00eb oborret ose kopshtet e tyre. Megjithat\u00eb, hithra nuk \u00ebsht\u00eb vet\u00ebm nj\u00eb bar, ajo ka shum\u00eb p\u00ebrfitime. N\u00eb fakt, p\u00ebrdoret zakonisht si barishte medicinale n\u00eb t\u00eb gjith\u00eb bot\u00ebn.<\/p>\n<p><strong>P\u00ebrfitimet:<\/strong><br \/>\n\u2022 Mb\u00ebshtet reduktimin e inflamacionit<br \/>\n\u2022 Leht\u00ebson simptomat e alergjis\u00eb<br \/>\n\u2022 Mb\u00ebshtet uljen e sheqerit n\u00eb gjak<\/p>\n<p><strong>P\u00ebrdorimi i sugjeruar:<\/strong> P\u00ebr p\u00ebrdorim topik aplikoni disa pika n\u00eb zon\u00ebn e nevojshme. P\u00ebr p\u00ebrdorim t\u00eb brendsh\u00ebm &#8211; merrni 1 lug\u00eb n\u00eb dit\u00eb, drejtp\u00ebrdrejt ose n\u00eb nj\u00eb sasi t\u00eb vog\u00ebl uji.<\/p>","protected":false},"excerpt":{"rendered":"<p>\u2022 Mb\u00ebshtet reduktimin e inflamacionit<br \/>\n\u2022 Leht\u00ebson simptomat e alergjis\u00eb<br \/>\n\u2022 Mb\u00ebshtet uljen e sheqerit n\u00eb gjak<\/p>","protected":false},"featured_media":2396,"template":"","meta":{"_acf_changed":false,"_et_pb_use_builder":"","_et_pb_old_content":"","_et_gb_content_width":"","_monsterinsights_skip_tracking":false,"_monsterinsights_sitenote_active":false,"_monsterinsights_sitenote_note":"","_monsterinsights_sitenote_category":0,"_joinchat":[]},"product_brand":[],"product_cat":[503],"product_tag":[964,965,839],"class_list":{"0":"post-2395","1":"product","2":"type-product","3":"status-publish","4":"has-post-thumbnail","6":"product_cat-vajra-vegjetale","7":"product_tag-hithra","8":"product_tag-vaj-i-fares-se-hithres","9":"product_tag-vaj-vegjetal","11":"first","12":"instock","13":"shipping-taxable","14":"purchasable","15":"product-type-simple"},"acf":[],"jetpack-related-posts":[],"jetpack_sharing_enabled":true,"_links":{"self":[{"href":"https:\/\/gjiniherbal.com\/sq\/wp-json\/wp\/v2\/product\/2395","targetHints":{"allow":["GET"]}}],"collection":[{"href":"https:\/\/gjiniherbal.com\/sq\/wp-json\/wp\/v2\/product"}],"about":[{"href":"https:\/\/gjiniherbal.com\/sq\/wp-json\/wp\/v2\/types\/product"}],"wp:featuredmedia":[{"embeddable":true,"href":"https:\/\/gjiniherbal.com\/sq\/wp-json\/wp\/v2\/media\/2396"}],"wp:attachment":[{"href":"https:\/\/gjiniherbal.com\/sq\/wp-json\/wp\/v2\/media?parent=2395"}],"wp:term":[{"taxonomy":"product_brand","embeddable":true,"href":"https:\/\/gjiniherbal.com\/sq\/wp-json\/wp\/v2\/product_brand?post=2395"},{"taxonomy":"product_cat","embeddable":true,"href":"https:\/\/gjiniherbal.com\/sq\/wp-json\/wp\/v2\/product_cat?post=2395"},{"taxonomy":"product_tag","embeddable":true,"href":"https:\/\/gjiniherbal.com\/sq\/wp-json\/wp\/v2\/product_tag?post=2395"}],"curies":[{"name":"wp","href":"https:\/\/api.w.org\/{rel}","templated":true}]}}