{"id":2314,"date":"2024-01-27T12:59:46","date_gmt":"2024-01-27T11:59:46","guid":{"rendered":"https:\/\/gjiniherbal.com\/?post_type=product&#038;p=2314"},"modified":"2024-01-27T12:59:47","modified_gmt":"2024-01-27T11:59:47","slug":"vaj-rozmarine-20-ml","status":"publish","type":"product","link":"https:\/\/gjiniherbal.com\/sq\/produkt\/vajra-esenciale\/vaj-rozmarine-20-ml\/","title":{"rendered":"Vaj rozmarine 20 ml"},"content":{"rendered":"<p>Rozmarina, e njohur gjithashtu si Rosmarinus Offcinalis, \u00ebsht\u00eb nj\u00eb barishte e njohur e kuzhin\u00ebs n\u00eb rajonin e Mesdheut. Ky vaj barishtor ka veti energjike dhe qet\u00ebsuese.<\/p>\n<p>Talya Herbal p\u00ebrdor gjethet e rozmarin\u00ebs me cil\u00ebsi m\u00eb t\u00eb lart\u00eb nga rajoni i Mesdheut p\u00ebr t\u00eb ofruar vajin m\u00eb t\u00eb mir\u00eb t\u00eb rozmarin\u00ebs n\u00eb treg.<\/p>\n<p><strong>Vetit\u00eb:<\/strong> pastruese, ngrit\u00ebse dhe rinovuese.<\/p>\n<p><strong>P\u00ebrdorimi i sugjeruar<\/strong><\/p>\n<p><strong>Aromaterapia:<\/strong> Shtoni 4-5 pika n\u00eb difuzerin tuaj p\u00ebr t\u00eb mbushur dhom\u00ebn me k\u00ebt\u00eb arom\u00eb t\u00eb mrekullueshme t\u00eb natyr\u00ebs.<\/p>\n<p><strong>P\u00ebrdorimi Topik:<\/strong> Shtoni 4-5 pika n\u00eb 10 ml vaj Kantarioni ose vaji t\u00eb farave t\u00eb sheg\u00ebs. Aplikojeni but\u00ebsisht derisa t\u00eb p\u00ebrthithet.<\/p>\n<p><strong>Banj\u00eb\/Dush:<\/strong> P\u00ebrzieni 5 pika vaj rozmarine me 10 ml vaj jojoba ose kokosi dhe m\u00eb pas derdhni p\u00ebrzierjen n\u00eb ujin e banj\u00ebs tuaj p\u00ebr nj\u00eb banj\u00eb relaksuese dhe terapeutike.<\/p>","protected":false},"excerpt":{"rendered":"<ul>\n<li>Ju mund t\u00eb p\u00ebrdorni vaj esencial rozmarine n\u00eb kujdesin e l\u00ebkur\u00ebs dhe flok\u00ebve.<\/li>\n<li>Ndihmon q\u00eb l\u00ebkura juaj t\u00eb duket m\u00eb e gjall\u00eb dhe e ndritshme.<\/li>\n<li>Ndihmon n\u00eb parandalimin e r\u00ebnies s\u00eb flok\u00ebve dhe mb\u00ebshtet plot\u00ebsin\u00eb e flok\u00ebve.<\/li>\n<li>Ka nj\u00eb efekt freskues dhe stimulues me arom\u00ebn e tij t\u00eb mpreht\u00eb dhe t\u00eb fresk\u00ebt.<\/li>\n<\/ul>","protected":false},"featured_media":2315,"template":"","meta":{"_acf_changed":false,"_et_pb_use_builder":"","_et_pb_old_content":"","_et_gb_content_width":"","_monsterinsights_skip_tracking":false,"_monsterinsights_sitenote_active":false,"_monsterinsights_sitenote_note":"","_monsterinsights_sitenote_category":0,"_joinchat":[]},"product_brand":[],"product_cat":[830],"product_tag":[674,937],"class_list":{"0":"post-2314","1":"product","2":"type-product","3":"status-publish","4":"has-post-thumbnail","6":"product_cat-vajra-esenciale","7":"product_tag-vaj-esencial","8":"product_tag-vaj-rozmarine","10":"first","11":"instock","12":"shipping-taxable","13":"purchasable","14":"product-type-simple"},"acf":[],"jetpack-related-posts":[],"jetpack_sharing_enabled":true,"_links":{"self":[{"href":"https:\/\/gjiniherbal.com\/sq\/wp-json\/wp\/v2\/product\/2314","targetHints":{"allow":["GET"]}}],"collection":[{"href":"https:\/\/gjiniherbal.com\/sq\/wp-json\/wp\/v2\/product"}],"about":[{"href":"https:\/\/gjiniherbal.com\/sq\/wp-json\/wp\/v2\/types\/product"}],"wp:featuredmedia":[{"embeddable":true,"href":"https:\/\/gjiniherbal.com\/sq\/wp-json\/wp\/v2\/media\/2315"}],"wp:attachment":[{"href":"https:\/\/gjiniherbal.com\/sq\/wp-json\/wp\/v2\/media?parent=2314"}],"wp:term":[{"taxonomy":"product_brand","embeddable":true,"href":"https:\/\/gjiniherbal.com\/sq\/wp-json\/wp\/v2\/product_brand?post=2314"},{"taxonomy":"product_cat","embeddable":true,"href":"https:\/\/gjiniherbal.com\/sq\/wp-json\/wp\/v2\/product_cat?post=2314"},{"taxonomy":"product_tag","embeddable":true,"href":"https:\/\/gjiniherbal.com\/sq\/wp-json\/wp\/v2\/product_tag?post=2314"}],"curies":[{"name":"wp","href":"https:\/\/api.w.org\/{rel}","templated":true}]}}