{"id":2288,"date":"2024-01-27T11:16:48","date_gmt":"2024-01-27T10:16:48","guid":{"rendered":"https:\/\/gjiniherbal.com\/?post_type=product&#038;p=2288"},"modified":"2024-01-27T11:16:50","modified_gmt":"2024-01-27T10:16:50","slug":"vaj-hudhre-20-ml","status":"publish","type":"product","link":"https:\/\/gjiniherbal.com\/sq\/produkt\/vajra-vegjetale\/vaj-hudhre-20-ml\/","title":{"rendered":"Vaj hudhre 20 ml"},"content":{"rendered":"<p>Vetit\u00eb anti-inflamatore dhe antimikrobike t\u00eb vajit t\u00eb hudhr\u00ebs jan\u00eb t\u00eb shk\u00eblqyera p\u00ebr t\u00eb trajtuar s\u00ebmundjet e l\u00ebkur\u00ebs si dermatiti atopik, psoriaza, aknet, plag\u00ebt, rrudhat dhe rrath\u00ebt e err\u00ebt. Vaji p\u00ebrmban komponime squfuri q\u00eb nxisin formimin e indeve t\u00eb reja dhe ndihmojn\u00eb n\u00eb furnizimin me gjak t\u00eb plag\u00ebve. Ndihmon n\u00eb parandalimin e formimit t\u00eb akneve. \u00cbsht\u00eb efektiv kund\u00ebr r\u00ebnies s\u00eb flok\u00ebve dhe zbokthit.<\/p>\n<p><strong>Vetit\u00eb:<\/strong> Antimykotike, Antivirale, Anti-Inflamator.<\/p>\n<p><strong>P\u00ebrdorimi Topik:<\/strong> Aplikoni disa pika vaj n\u00eb zon\u00ebn e nevojshme.<\/p>\n<p><strong>Kund\u00ebr r\u00ebnies s\u00eb flok\u00ebve:<\/strong> masazhoni but\u00ebsisht 1 lug\u00eb vaj n\u00eb l\u00ebkur\u00ebn e kok\u00ebs, prisni 15 minuta dhe shp\u00eblajeni me uj\u00eb t\u00eb ngroht\u00eb.<\/p>","protected":false},"excerpt":{"rendered":"<ul>\n<li>Ka veti antifungale, antivirale, anti-inflamatore.<\/li>\n<li>Trajton s\u00ebmundjet e l\u00ebkur\u00ebs si dermatiti atopik, psoriasis, aknet, plag\u00ebt, rrudhat dhe rrath\u00ebt e err\u00ebt.<\/li>\n<li>P\u00ebrmban komponime squfuri q\u00eb nxisin formimin e indeve t\u00eb reja dhe ndihmojn\u00eb n\u00eb furnizimin me gjak t\u00eb plag\u00ebve.<\/li>\n<li>Ndihmon n\u00eb parandalimin e formimit t\u00eb akneve.<\/li>\n<li>\u00cbsht\u00eb efektiv kund\u00ebr r\u00ebnies s\u00eb flok\u00ebve dhe zbokthit.<\/li>\n<\/ul>","protected":false},"featured_media":2289,"template":"","meta":{"_acf_changed":false,"_et_pb_use_builder":"","_et_pb_old_content":"","_et_gb_content_width":"","_monsterinsights_skip_tracking":false,"_monsterinsights_sitenote_active":false,"_monsterinsights_sitenote_note":"","_monsterinsights_sitenote_category":0,"_joinchat":[]},"product_brand":[],"product_cat":[503,922,831,480],"product_tag":[923,915,879,950,839],"class_list":{"0":"post-2288","1":"product","2":"type-product","3":"status-publish","4":"has-post-thumbnail","6":"product_cat-vajra-vegjetale","7":"product_cat-kujdesi-i-flokeve","8":"product_cat-kujdesi-fytyres","9":"product_cat-kujdes-i-lekures","10":"product_tag-kujdesi-i-flokeve","11":"product_tag-kujdesi-i-fytyres","12":"product_tag-kujdesi-i-lekures","13":"product_tag-vaj-hudhre","14":"product_tag-vaj-vegjetal","16":"first","17":"instock","18":"shipping-taxable","19":"purchasable","20":"product-type-simple"},"acf":[],"jetpack-related-posts":[],"jetpack_sharing_enabled":true,"_links":{"self":[{"href":"https:\/\/gjiniherbal.com\/sq\/wp-json\/wp\/v2\/product\/2288","targetHints":{"allow":["GET"]}}],"collection":[{"href":"https:\/\/gjiniherbal.com\/sq\/wp-json\/wp\/v2\/product"}],"about":[{"href":"https:\/\/gjiniherbal.com\/sq\/wp-json\/wp\/v2\/types\/product"}],"wp:featuredmedia":[{"embeddable":true,"href":"https:\/\/gjiniherbal.com\/sq\/wp-json\/wp\/v2\/media\/2289"}],"wp:attachment":[{"href":"https:\/\/gjiniherbal.com\/sq\/wp-json\/wp\/v2\/media?parent=2288"}],"wp:term":[{"taxonomy":"product_brand","embeddable":true,"href":"https:\/\/gjiniherbal.com\/sq\/wp-json\/wp\/v2\/product_brand?post=2288"},{"taxonomy":"product_cat","embeddable":true,"href":"https:\/\/gjiniherbal.com\/sq\/wp-json\/wp\/v2\/product_cat?post=2288"},{"taxonomy":"product_tag","embeddable":true,"href":"https:\/\/gjiniherbal.com\/sq\/wp-json\/wp\/v2\/product_tag?post=2288"}],"curies":[{"name":"wp","href":"https:\/\/api.w.org\/{rel}","templated":true}]}}