{"id":2273,"date":"2024-01-26T14:10:51","date_gmt":"2024-01-26T13:10:51","guid":{"rendered":"https:\/\/gjiniherbal.com\/?post_type=product&#038;p=2273"},"modified":"2024-01-26T14:10:52","modified_gmt":"2024-01-26T13:10:52","slug":"vaj-avokado-20-ml","status":"publish","type":"product","link":"https:\/\/gjiniherbal.com\/sq\/produkt\/vajra-vegjetale\/vaj-avokado-20-ml\/","title":{"rendered":"Vaj avokado 20 ml"},"content":{"rendered":"<p>Vaji i avokados i cili shtypet nga tuli i avokados \u00ebsht\u00eb i ngarkuar me acide yndyrore omega-3 dhe vitamina A, D dhe E. P\u00ebrve\u00e7 k\u00ebsaj, vaji i avokados p\u00ebrmban kalium, lecitin\u00eb dhe shum\u00eb l\u00ebnd\u00eb t\u00eb tjera ushqyese q\u00eb mund t\u00eb ushqejn\u00eb dhe hidratojn\u00eb l\u00ebkur\u00ebn. Shtresa m\u00eb e jashtme e l\u00ebkur\u00ebs, e njohur si epiderm\u00eb, i p\u00ebrthith leht\u00ebsisht k\u00ebto l\u00ebnd\u00eb ushqyese, t\u00eb cilat gjithashtu ndihmojn\u00eb n\u00eb formimin e l\u00ebkur\u00ebs s\u00eb re. Ky vaj \u00ebsht\u00eb nj\u00eb absorbues natyral mbrojt\u00ebs ndaj djegieve nga dielli. Ndihmon n\u00eb reduktimin e efekteve t\u00eb s\u00ebmundjeve t\u00eb l\u00ebkur\u00ebs si ekzema, psoriasis. \u00cbsht\u00eb efektiv kund\u00ebr zbokthit.<\/p>\n<p><strong>Vetit\u00eb:<\/strong> Hidratuese, Antibakteriale, Kund\u00ebr zbokthit.<\/p>\n<p><strong>P\u00ebrdorimi i jasht\u00ebm:<\/strong> Aplikoni disa pika vaji n\u00eb l\u00ebkur\u00eb ose flok\u00eb.<\/p>","protected":false},"excerpt":{"rendered":"<ul>\n<li>Ndihmon n\u00eb hidratimin dhe zbutjen e l\u00ebkur\u00ebs.<\/li>\n<li>Ndihmon n\u00eb parandalimin e rrudhave n\u00eb l\u00ebkur\u00eb.<\/li>\n<li>\u00cbsht\u00eb shum\u00eb i dobish\u00ebm edhe p\u00ebr flok\u00ebt.<\/li>\n<li>\u00cbsht\u00eb efektiv n\u00eb parandalimin e formimit t\u00eb zbokthit.<\/li>\n<li>Ai forcon fijet e flok\u00ebve dhe ndihmon n\u00eb parandalimin e thyerjes s\u00eb tyre.<\/li>\n<li>Hidraton flok\u00ebt dhe i ndihmon ata t\u00eb duken m\u00eb t\u00eb gjall\u00eb dhe me shk\u00eblqim.<\/li>\n<\/ul>","protected":false},"featured_media":2274,"template":"","meta":{"_acf_changed":false,"_et_pb_use_builder":"","_et_pb_old_content":"","_et_gb_content_width":"","_monsterinsights_skip_tracking":false,"_monsterinsights_sitenote_active":false,"_monsterinsights_sitenote_note":"","_monsterinsights_sitenote_category":0,"_joinchat":[]},"product_brand":[],"product_cat":[503,922,480],"product_tag":[923,879,687,839,852],"class_list":{"0":"post-2273","1":"product","2":"type-product","3":"status-publish","4":"has-post-thumbnail","6":"product_cat-vajra-vegjetale","7":"product_cat-kujdesi-i-flokeve","8":"product_cat-kujdes-i-lekures","9":"product_tag-kujdesi-i-flokeve","10":"product_tag-kujdesi-i-lekures","11":"product_tag-vaj-avokado","12":"product_tag-vaj-vegjetal","13":"product_tag-zbokth","15":"first","16":"instock","17":"shipping-taxable","18":"purchasable","19":"product-type-simple"},"acf":[],"jetpack-related-posts":[],"jetpack_sharing_enabled":true,"_links":{"self":[{"href":"https:\/\/gjiniherbal.com\/sq\/wp-json\/wp\/v2\/product\/2273","targetHints":{"allow":["GET"]}}],"collection":[{"href":"https:\/\/gjiniherbal.com\/sq\/wp-json\/wp\/v2\/product"}],"about":[{"href":"https:\/\/gjiniherbal.com\/sq\/wp-json\/wp\/v2\/types\/product"}],"wp:featuredmedia":[{"embeddable":true,"href":"https:\/\/gjiniherbal.com\/sq\/wp-json\/wp\/v2\/media\/2274"}],"wp:attachment":[{"href":"https:\/\/gjiniherbal.com\/sq\/wp-json\/wp\/v2\/media?parent=2273"}],"wp:term":[{"taxonomy":"product_brand","embeddable":true,"href":"https:\/\/gjiniherbal.com\/sq\/wp-json\/wp\/v2\/product_brand?post=2273"},{"taxonomy":"product_cat","embeddable":true,"href":"https:\/\/gjiniherbal.com\/sq\/wp-json\/wp\/v2\/product_cat?post=2273"},{"taxonomy":"product_tag","embeddable":true,"href":"https:\/\/gjiniherbal.com\/sq\/wp-json\/wp\/v2\/product_tag?post=2273"}],"curies":[{"name":"wp","href":"https:\/\/api.w.org\/{rel}","templated":true}]}}