{"id":2268,"date":"2024-01-26T14:01:26","date_gmt":"2024-01-26T13:01:26","guid":{"rendered":"https:\/\/gjiniherbal.com\/?post_type=product&#038;p=2268"},"modified":"2024-01-26T14:01:27","modified_gmt":"2024-01-26T13:01:27","slug":"vaj-argani-20-ml","status":"publish","type":"product","link":"https:\/\/gjiniherbal.com\/sq\/produkt\/kujdes-i-lekures\/vaj-argani-20-ml\/","title":{"rendered":"Vaj argani 20 ml"},"content":{"rendered":"<p>E njohur si &#8220;Pema e Jet\u00ebs&#8221; p\u00ebr p\u00ebrfitimet e shumta sh\u00ebndet\u00ebsore q\u00eb sjell, pema e arganit nga familja me gjemba (Argania Spinosa) rritet ekskluzivisht n\u00eb jugper\u00ebndim t\u00eb Marokut dhe n\u00eb Algjeri. Vaji i arganit p\u00ebrdoret n\u00eb t\u00eb gjith\u00eb globin p\u00ebr nj\u00eb shum\u00ebllojshm\u00ebri aplikimesh kozmetike dhe medicinale. Ky vaj bimor natyral rrjedh nga b\u00ebrthamat e frutave t\u00eb pem\u00ebs s\u00eb arganit.<\/p>\n<p>Vaji i arganit ndihmon n\u00eb riparimin e flok\u00ebve t\u00eb d\u00ebmtuar dhe u siguron atyre sasin\u00eb e nevojshme t\u00eb keratin\u00ebs. Ndihmon n\u00eb parandalimin dhe reduktimin e \u00e7arjeve t\u00eb l\u00ebkur\u00ebs. Vaji i arganit mund t\u00eb p\u00ebrdoret si hidratues, ai \u00ebsht\u00eb gjithashtu efektiv p\u00ebr trajtimin e akneve.<\/p>\n<p><strong>Vetit\u00eb:<\/strong> Kund\u00ebr plakjes, hidratues, riparues i flok\u00ebve.<\/p>\n<p><strong>P\u00ebrdorimi:<\/strong> Aplikoni disa pika vaj n\u00eb zon\u00ebn e nevojshme ose n\u00eb flok\u00eb.<\/p>","protected":false},"excerpt":{"rendered":"<ul>\n<li>Ndihmon n\u00eb riparimin e flok\u00ebve t\u00eb d\u00ebmtuar dhe u siguron atyre sasin\u00eb e nevojshme t\u00eb keratin\u00ebs.<\/li>\n<li>Ndihmon n\u00eb parandalimin dhe reduktimin e \u00e7arjeve t\u00eb l\u00ebkur\u00ebs.<\/li>\n<li>Mund t\u00eb p\u00ebrdoret si hidratues, \u00ebsht\u00eb gjithashtu efektiv p\u00ebr trajtimin e akneve.<\/li>\n<\/ul>","protected":false},"featured_media":2269,"template":"","meta":{"_acf_changed":false,"_et_pb_use_builder":"","_et_pb_old_content":"","_et_gb_content_width":"","_monsterinsights_skip_tracking":false,"_monsterinsights_sitenote_active":false,"_monsterinsights_sitenote_note":"","_monsterinsights_sitenote_category":0,"_joinchat":[]},"product_brand":[],"product_cat":[480,922,831,503],"product_tag":[923,915,879,924,839],"class_list":{"0":"post-2268","1":"product","2":"type-product","3":"status-publish","4":"has-post-thumbnail","6":"product_cat-kujdes-i-lekures","7":"product_cat-kujdesi-i-flokeve","8":"product_cat-kujdesi-fytyres","9":"product_cat-vajra-vegjetale","10":"product_tag-kujdesi-i-flokeve","11":"product_tag-kujdesi-i-fytyres","12":"product_tag-kujdesi-i-lekures","13":"product_tag-vaj-argani","14":"product_tag-vaj-vegjetal","16":"first","17":"instock","18":"shipping-taxable","19":"purchasable","20":"product-type-simple"},"acf":[],"jetpack-related-posts":[],"jetpack_sharing_enabled":true,"_links":{"self":[{"href":"https:\/\/gjiniherbal.com\/sq\/wp-json\/wp\/v2\/product\/2268","targetHints":{"allow":["GET"]}}],"collection":[{"href":"https:\/\/gjiniherbal.com\/sq\/wp-json\/wp\/v2\/product"}],"about":[{"href":"https:\/\/gjiniherbal.com\/sq\/wp-json\/wp\/v2\/types\/product"}],"wp:featuredmedia":[{"embeddable":true,"href":"https:\/\/gjiniherbal.com\/sq\/wp-json\/wp\/v2\/media\/2269"}],"wp:attachment":[{"href":"https:\/\/gjiniherbal.com\/sq\/wp-json\/wp\/v2\/media?parent=2268"}],"wp:term":[{"taxonomy":"product_brand","embeddable":true,"href":"https:\/\/gjiniherbal.com\/sq\/wp-json\/wp\/v2\/product_brand?post=2268"},{"taxonomy":"product_cat","embeddable":true,"href":"https:\/\/gjiniherbal.com\/sq\/wp-json\/wp\/v2\/product_cat?post=2268"},{"taxonomy":"product_tag","embeddable":true,"href":"https:\/\/gjiniherbal.com\/sq\/wp-json\/wp\/v2\/product_tag?post=2268"}],"curies":[{"name":"wp","href":"https:\/\/api.w.org\/{rel}","templated":true}]}}