{"id":2231,"date":"2024-01-24T11:16:35","date_gmt":"2024-01-24T10:16:35","guid":{"rendered":"https:\/\/gjiniherbal.com\/?post_type=product&#038;p=2231"},"modified":"2024-01-24T11:16:36","modified_gmt":"2024-01-24T10:16:36","slug":"vaj-esencial-sherebele-10-ml","status":"publish","type":"product","link":"https:\/\/gjiniherbal.com\/sq\/produkt\/vajra-esenciale\/vaj-esencial-sherebele-10-ml\/","title":{"rendered":"Vaj esencial sherebele 10 ml"},"content":{"rendered":"<p>Sherebela, e njohur edhe si Salvia officinalis, i p\u00ebrket familjes s\u00eb nenexhikut, s\u00eb bashku me barishte t\u00eb tjera si rigoni, rozmarina, borziloku dhe trumza. Sherebela ka nj\u00eb arom\u00eb t\u00eb fort\u00eb dhe arom\u00eb prej dheu, kjo \u00ebsht\u00eb arsyeja pse p\u00ebrdoret zakonisht n\u00eb sasi t\u00eb vogla. Kjo barishte \u00ebsht\u00eb e mbushur me nj\u00eb s\u00ebr\u00eb l\u00ebnd\u00ebsh ushqyese dhe p\u00ebrb\u00ebr\u00ebsish t\u00eb r\u00ebnd\u00ebsish\u00ebm. Sherebela p\u00ebrdoret gjithashtu si nj\u00eb agjent natyror pastrimi, pesticid.<\/p>\n<p>Talya Herbal p\u00ebrdor gjethet e sherebel\u00ebs me cil\u00ebsi m\u00eb t\u00eb lart\u00eb nga rajoni i Mesdheut p\u00ebr t\u00eb ofruar vajin m\u00eb t\u00eb mir\u00eb t\u00eb sherebel\u00ebs n\u00eb treg.<\/p>\n<p><strong>Vetit\u00eb:<\/strong> Antiseptik, Antimykotik, Antispazmatik.<\/p>\n<p><strong>P\u00ebrdorimi i sugjeruar<\/strong><\/p>\n<p><strong>Aromaterapia:<\/strong> Shtoni 4-5 pika n\u00eb difuzerin tuaj p\u00ebr t\u00eb mbushur dhom\u00ebn me k\u00ebt\u00eb arom\u00eb t\u00eb mrekullueshme t\u00eb natyr\u00ebs.<\/p>\n<p><strong>P\u00ebrdorimi lokal:<\/strong> Shtoni 4-5 pika vaj sherebele n\u00eb 10 ml vaj St. John&#8217;s Wort ose vaj t\u00eb farave t\u00eb sheg\u00ebs. Aplikojeni but\u00ebsisht derisa t\u00eb p\u00ebrthithet.<\/p>\n<p><strong>Banj\u00eb\/Dush:<\/strong> P\u00ebrzieni 5 pika vaj sherebele me 10 ml vaj Jojoba ose kokosi dhe derdhni p\u00ebrzierjen n\u00eb vask\u00ebn tuaj p\u00ebr nj\u00eb banj\u00eb qet\u00ebsuese.<\/p>","protected":false},"excerpt":{"rendered":"<ul>\n<li>\u00cbsht\u00eb e njohur p\u00ebr vetit\u00eb e saj aromatike.<\/li>\n<li>Ndihmon n\u00eb ushqimin dhe relaksimin e l\u00ebkur\u00ebs tuaj dhe parandalon formimin e akneve.<\/li>\n<li>\u00cbsht\u00eb ideal p\u00ebr parfume, sprej trupi dhe aromat e dhom\u00ebs me arom\u00ebn e tij t\u00eb past\u00ebr dhe t\u00eb fresk\u00ebt.<\/li>\n<\/ul>","protected":false},"featured_media":2232,"template":"","meta":{"_acf_changed":false,"_et_pb_use_builder":"","_et_pb_old_content":"","_et_gb_content_width":"","_monsterinsights_skip_tracking":false,"_monsterinsights_sitenote_active":false,"_monsterinsights_sitenote_note":"","_monsterinsights_sitenote_category":0,"_joinchat":[]},"product_brand":[],"product_cat":[830],"product_tag":[934,923,915,879,936,935,674],"class_list":{"0":"post-2231","1":"product","2":"type-product","3":"status-publish","4":"has-post-thumbnail","6":"product_cat-vajra-esenciale","7":"product_tag-akne","8":"product_tag-kujdesi-i-flokeve","9":"product_tag-kujdesi-i-fytyres","10":"product_tag-kujdesi-i-lekures","11":"product_tag-sage","12":"product_tag-sherebela","13":"product_tag-vaj-esencial","15":"first","16":"instock","17":"shipping-taxable","18":"purchasable","19":"product-type-simple"},"acf":[],"yoast_head":"<!-- This site is optimized with the Yoast SEO plugin v27.4 - https:\/\/yoast.com\/product\/yoast-seo-wordpress\/ -->\n<title>Vaj esencial sherebele 10 ml - Gjini Herbal<\/title>\n<meta name=\"description\" content=\"\u00cbsht\u00eb e njohur p\u00ebr vetit\u00eb e saj aromatike p\u00ebr mij\u00ebra vjet. Kur p\u00ebrdoret n\u00eb kujdesin e l\u00ebkur\u00ebs, flok\u00ebve dhe trupit, ndihmon n\u00eb ushqimin dhe relaksimin e l\u00ebkur\u00ebs tuaj dhe parandalon formimin e akneve dhe akneve. \u00cbsht\u00eb ideal p\u00ebr parfume, sprej trupi dhe aromat e dhom\u00ebs me arom\u00ebn e tij t\u00eb past\u00ebr dhe t\u00eb fresk\u00ebt.\" \/>\n<meta name=\"robots\" content=\"index, follow, max-snippet:-1, max-image-preview:large, max-video-preview:-1\" \/>\n<link rel=\"canonical\" href=\"https:\/\/gjiniherbal.com\/sq\/produkt\/vajra-esenciale\/vaj-esencial-sherebele-10-ml\/\" \/>\n<meta property=\"og:locale\" content=\"sq_AL\" \/>\n<meta property=\"og:type\" content=\"article\" \/>\n<meta property=\"og:title\" content=\"Vaj esencial sherebele 10 ml - Gjini Herbal\" \/>\n<meta property=\"og:description\" content=\"\u00cbsht\u00eb e njohur p\u00ebr vetit\u00eb e saj aromatike p\u00ebr mij\u00ebra vjet. Kur p\u00ebrdoret n\u00eb kujdesin e l\u00ebkur\u00ebs, flok\u00ebve dhe trupit, ndihmon n\u00eb ushqimin dhe relaksimin e l\u00ebkur\u00ebs tuaj dhe parandalon formimin e akneve dhe akneve. \u00cbsht\u00eb ideal p\u00ebr parfume, sprej trupi dhe aromat e dhom\u00ebs me arom\u00ebn e tij t\u00eb past\u00ebr dhe t\u00eb fresk\u00ebt.\" \/>\n<meta property=\"og:url\" content=\"https:\/\/gjiniherbal.com\/sq\/produkt\/vajra-esenciale\/vaj-esencial-sherebele-10-ml\/\" \/>\n<meta property=\"og:site_name\" content=\"Gjini Herbal\" \/>\n<meta property=\"article:publisher\" content=\"https:\/\/facebook.com\/gjiniherbal\" \/>\n<meta property=\"article:modified_time\" content=\"2024-01-24T10:16:36+00:00\" \/>\n<meta property=\"og:image\" content=\"https:\/\/gjiniherbal.com\/wp-content\/uploads\/2024\/01\/saf-adacayi-ucucu-yagi-10ml-c-3238.jpg\" \/>\n\t<meta property=\"og:image:width\" content=\"1000\" \/>\n\t<meta property=\"og:image:height\" content=\"1000\" \/>\n\t<meta property=\"og:image:type\" content=\"image\/jpeg\" \/>\n<meta name=\"twitter:card\" content=\"summary_large_image\" \/>\n<meta name=\"twitter:label1\" content=\"Est. reading time\" \/>\n\t<meta name=\"twitter:data1\" content=\"1 minut\u00eb\" \/>\n<script type=\"application\/ld+json\" class=\"yoast-schema-graph\">{\"@context\":\"https:\\\/\\\/schema.org\",\"@graph\":[{\"@type\":\"WebPage\",\"@id\":\"https:\\\/\\\/gjiniherbal.com\\\/produkt\\\/vajra-esenciale\\\/vaj-esencial-sherebele-10-ml\\\/\",\"url\":\"https:\\\/\\\/gjiniherbal.com\\\/produkt\\\/vajra-esenciale\\\/vaj-esencial-sherebele-10-ml\\\/\",\"name\":\"Vaj esencial sherebele 10 ml - Gjini Herbal\",\"isPartOf\":{\"@id\":\"https:\\\/\\\/gjiniherbal.com\\\/#website\"},\"primaryImageOfPage\":{\"@id\":\"https:\\\/\\\/gjiniherbal.com\\\/produkt\\\/vajra-esenciale\\\/vaj-esencial-sherebele-10-ml\\\/#primaryimage\"},\"image\":{\"@id\":\"https:\\\/\\\/gjiniherbal.com\\\/produkt\\\/vajra-esenciale\\\/vaj-esencial-sherebele-10-ml\\\/#primaryimage\"},\"thumbnailUrl\":\"https:\\\/\\\/gjiniherbal.com\\\/wp-content\\\/uploads\\\/2024\\\/01\\\/saf-adacayi-ucucu-yagi-10ml-c-3238.jpg\",\"datePublished\":\"2024-01-24T10:16:35+00:00\",\"dateModified\":\"2024-01-24T10:16:36+00:00\",\"description\":\"\u00cbsht\u00eb e njohur p\u00ebr vetit\u00eb e saj aromatike p\u00ebr mij\u00ebra vjet. Kur p\u00ebrdoret n\u00eb kujdesin e l\u00ebkur\u00ebs, flok\u00ebve dhe trupit, ndihmon n\u00eb ushqimin dhe relaksimin e l\u00ebkur\u00ebs tuaj dhe parandalon formimin e akneve dhe akneve. \u00cbsht\u00eb ideal p\u00ebr parfume, sprej trupi dhe aromat e dhom\u00ebs me arom\u00ebn e tij t\u00eb past\u00ebr dhe t\u00eb fresk\u00ebt.\",\"breadcrumb\":{\"@id\":\"https:\\\/\\\/gjiniherbal.com\\\/produkt\\\/vajra-esenciale\\\/vaj-esencial-sherebele-10-ml\\\/#breadcrumb\"},\"inLanguage\":\"sq\",\"potentialAction\":[{\"@type\":\"ReadAction\",\"target\":[\"https:\\\/\\\/gjiniherbal.com\\\/produkt\\\/vajra-esenciale\\\/vaj-esencial-sherebele-10-ml\\\/\"]}]},{\"@type\":\"ImageObject\",\"inLanguage\":\"sq\",\"@id\":\"https:\\\/\\\/gjiniherbal.com\\\/produkt\\\/vajra-esenciale\\\/vaj-esencial-sherebele-10-ml\\\/#primaryimage\",\"url\":\"https:\\\/\\\/gjiniherbal.com\\\/wp-content\\\/uploads\\\/2024\\\/01\\\/saf-adacayi-ucucu-yagi-10ml-c-3238.jpg\",\"contentUrl\":\"https:\\\/\\\/gjiniherbal.com\\\/wp-content\\\/uploads\\\/2024\\\/01\\\/saf-adacayi-ucucu-yagi-10ml-c-3238.jpg\",\"width\":1000,\"height\":1000,\"caption\":\"Vaj esencial sherebele 10 ml\"},{\"@type\":\"BreadcrumbList\",\"@id\":\"https:\\\/\\\/gjiniherbal.com\\\/produkt\\\/vajra-esenciale\\\/vaj-esencial-sherebele-10-ml\\\/#breadcrumb\",\"itemListElement\":[{\"@type\":\"ListItem\",\"position\":1,\"name\":\"Home\",\"item\":\"https:\\\/\\\/gjiniherbal.com\\\/en_us\\\/\"},{\"@type\":\"ListItem\",\"position\":2,\"name\":\"Shop\",\"item\":\"https:\\\/\\\/gjiniherbal.com\\\/en_us\\\/shop\\\/\"},{\"@type\":\"ListItem\",\"position\":3,\"name\":\"Vaj esencial sherebele 10 ml\"}]},{\"@type\":\"WebSite\",\"@id\":\"https:\\\/\\\/gjiniherbal.com\\\/#website\",\"url\":\"https:\\\/\\\/gjiniherbal.com\\\/\",\"name\":\"Gjini Herbal\",\"description\":\"Produkte Natyrale\",\"publisher\":{\"@id\":\"https:\\\/\\\/gjiniherbal.com\\\/#organization\"},\"potentialAction\":[{\"@type\":\"SearchAction\",\"target\":{\"@type\":\"EntryPoint\",\"urlTemplate\":\"https:\\\/\\\/gjiniherbal.com\\\/?s={search_term_string}\"},\"query-input\":{\"@type\":\"PropertyValueSpecification\",\"valueRequired\":true,\"valueName\":\"search_term_string\"}}],\"inLanguage\":\"sq\"},{\"@type\":\"Organization\",\"@id\":\"https:\\\/\\\/gjiniherbal.com\\\/#organization\",\"name\":\"Gjini Herbal\",\"url\":\"https:\\\/\\\/gjiniherbal.com\\\/\",\"logo\":{\"@type\":\"ImageObject\",\"inLanguage\":\"sq\",\"@id\":\"https:\\\/\\\/gjiniherbal.com\\\/#\\\/schema\\\/logo\\\/image\\\/\",\"url\":\"https:\\\/\\\/gjiniherbal.com\\\/wp-content\\\/uploads\\\/2022\\\/07\\\/gjini-herbal-logo.png\",\"contentUrl\":\"https:\\\/\\\/gjiniherbal.com\\\/wp-content\\\/uploads\\\/2022\\\/07\\\/gjini-herbal-logo.png\",\"width\":652,\"height\":262,\"caption\":\"Gjini Herbal\"},\"image\":{\"@id\":\"https:\\\/\\\/gjiniherbal.com\\\/#\\\/schema\\\/logo\\\/image\\\/\"},\"sameAs\":[\"https:\\\/\\\/facebook.com\\\/gjiniherbal\",\"https:\\\/\\\/instagram.com\\\/gjiniherbal\",\"https:\\\/\\\/www.youtube.com\\\/channel\\\/UC_tHHueG-qxycnvdro4jHtQ\"]}]}<\/script>\n<!-- \/ Yoast SEO plugin. -->","yoast_head_json":{"title":"Vaj esencial sherebele 10 ml - Gjini Herbal","description":"\u00cbsht\u00eb e njohur p\u00ebr vetit\u00eb e saj aromatike p\u00ebr mij\u00ebra vjet. Kur p\u00ebrdoret n\u00eb kujdesin e l\u00ebkur\u00ebs, flok\u00ebve dhe trupit, ndihmon n\u00eb ushqimin dhe relaksimin e l\u00ebkur\u00ebs tuaj dhe parandalon formimin e akneve dhe akneve. \u00cbsht\u00eb ideal p\u00ebr parfume, sprej trupi dhe aromat e dhom\u00ebs me arom\u00ebn e tij t\u00eb past\u00ebr dhe t\u00eb fresk\u00ebt.","robots":{"index":"index","follow":"follow","max-snippet":"max-snippet:-1","max-image-preview":"max-image-preview:large","max-video-preview":"max-video-preview:-1"},"canonical":"https:\/\/gjiniherbal.com\/sq\/produkt\/vajra-esenciale\/vaj-esencial-sherebele-10-ml\/","og_locale":"sq_AL","og_type":"article","og_title":"Vaj esencial sherebele 10 ml - Gjini Herbal","og_description":"\u00cbsht\u00eb e njohur p\u00ebr vetit\u00eb e saj aromatike p\u00ebr mij\u00ebra vjet. Kur p\u00ebrdoret n\u00eb kujdesin e l\u00ebkur\u00ebs, flok\u00ebve dhe trupit, ndihmon n\u00eb ushqimin dhe relaksimin e l\u00ebkur\u00ebs tuaj dhe parandalon formimin e akneve dhe akneve. \u00cbsht\u00eb ideal p\u00ebr parfume, sprej trupi dhe aromat e dhom\u00ebs me arom\u00ebn e tij t\u00eb past\u00ebr dhe t\u00eb fresk\u00ebt.","og_url":"https:\/\/gjiniherbal.com\/sq\/produkt\/vajra-esenciale\/vaj-esencial-sherebele-10-ml\/","og_site_name":"Gjini Herbal","article_publisher":"https:\/\/facebook.com\/gjiniherbal","article_modified_time":"2024-01-24T10:16:36+00:00","og_image":[{"width":1000,"height":1000,"url":"https:\/\/gjiniherbal.com\/wp-content\/uploads\/2024\/01\/saf-adacayi-ucucu-yagi-10ml-c-3238.jpg","type":"image\/jpeg"}],"twitter_card":"summary_large_image","twitter_misc":{"Est. reading time":"1 minut\u00eb"},"schema":{"@context":"https:\/\/schema.org","@graph":[{"@type":"WebPage","@id":"https:\/\/gjiniherbal.com\/produkt\/vajra-esenciale\/vaj-esencial-sherebele-10-ml\/","url":"https:\/\/gjiniherbal.com\/produkt\/vajra-esenciale\/vaj-esencial-sherebele-10-ml\/","name":"Vaj esencial sherebele 10 ml - Gjini Herbal","isPartOf":{"@id":"https:\/\/gjiniherbal.com\/#website"},"primaryImageOfPage":{"@id":"https:\/\/gjiniherbal.com\/produkt\/vajra-esenciale\/vaj-esencial-sherebele-10-ml\/#primaryimage"},"image":{"@id":"https:\/\/gjiniherbal.com\/produkt\/vajra-esenciale\/vaj-esencial-sherebele-10-ml\/#primaryimage"},"thumbnailUrl":"https:\/\/gjiniherbal.com\/wp-content\/uploads\/2024\/01\/saf-adacayi-ucucu-yagi-10ml-c-3238.jpg","datePublished":"2024-01-24T10:16:35+00:00","dateModified":"2024-01-24T10:16:36+00:00","description":"\u00cbsht\u00eb e njohur p\u00ebr vetit\u00eb e saj aromatike p\u00ebr mij\u00ebra vjet. Kur p\u00ebrdoret n\u00eb kujdesin e l\u00ebkur\u00ebs, flok\u00ebve dhe trupit, ndihmon n\u00eb ushqimin dhe relaksimin e l\u00ebkur\u00ebs tuaj dhe parandalon formimin e akneve dhe akneve. \u00cbsht\u00eb ideal p\u00ebr parfume, sprej trupi dhe aromat e dhom\u00ebs me arom\u00ebn e tij t\u00eb past\u00ebr dhe t\u00eb fresk\u00ebt.","breadcrumb":{"@id":"https:\/\/gjiniherbal.com\/produkt\/vajra-esenciale\/vaj-esencial-sherebele-10-ml\/#breadcrumb"},"inLanguage":"sq","potentialAction":[{"@type":"ReadAction","target":["https:\/\/gjiniherbal.com\/produkt\/vajra-esenciale\/vaj-esencial-sherebele-10-ml\/"]}]},{"@type":"ImageObject","inLanguage":"sq","@id":"https:\/\/gjiniherbal.com\/produkt\/vajra-esenciale\/vaj-esencial-sherebele-10-ml\/#primaryimage","url":"https:\/\/gjiniherbal.com\/wp-content\/uploads\/2024\/01\/saf-adacayi-ucucu-yagi-10ml-c-3238.jpg","contentUrl":"https:\/\/gjiniherbal.com\/wp-content\/uploads\/2024\/01\/saf-adacayi-ucucu-yagi-10ml-c-3238.jpg","width":1000,"height":1000,"caption":"Vaj esencial sherebele 10 ml"},{"@type":"BreadcrumbList","@id":"https:\/\/gjiniherbal.com\/produkt\/vajra-esenciale\/vaj-esencial-sherebele-10-ml\/#breadcrumb","itemListElement":[{"@type":"ListItem","position":1,"name":"Home","item":"https:\/\/gjiniherbal.com\/en_us\/"},{"@type":"ListItem","position":2,"name":"Shop","item":"https:\/\/gjiniherbal.com\/en_us\/shop\/"},{"@type":"ListItem","position":3,"name":"Vaj esencial sherebele 10 ml"}]},{"@type":"WebSite","@id":"https:\/\/gjiniherbal.com\/#website","url":"https:\/\/gjiniherbal.com\/","name":"Gjini Herbal","description":"Produkte Natyrale","publisher":{"@id":"https:\/\/gjiniherbal.com\/#organization"},"potentialAction":[{"@type":"SearchAction","target":{"@type":"EntryPoint","urlTemplate":"https:\/\/gjiniherbal.com\/?s={search_term_string}"},"query-input":{"@type":"PropertyValueSpecification","valueRequired":true,"valueName":"search_term_string"}}],"inLanguage":"sq"},{"@type":"Organization","@id":"https:\/\/gjiniherbal.com\/#organization","name":"Gjini Herbal","url":"https:\/\/gjiniherbal.com\/","logo":{"@type":"ImageObject","inLanguage":"sq","@id":"https:\/\/gjiniherbal.com\/#\/schema\/logo\/image\/","url":"https:\/\/gjiniherbal.com\/wp-content\/uploads\/2022\/07\/gjini-herbal-logo.png","contentUrl":"https:\/\/gjiniherbal.com\/wp-content\/uploads\/2022\/07\/gjini-herbal-logo.png","width":652,"height":262,"caption":"Gjini Herbal"},"image":{"@id":"https:\/\/gjiniherbal.com\/#\/schema\/logo\/image\/"},"sameAs":["https:\/\/facebook.com\/gjiniherbal","https:\/\/instagram.com\/gjiniherbal","https:\/\/www.youtube.com\/channel\/UC_tHHueG-qxycnvdro4jHtQ"]}]}},"jetpack-related-posts":[],"jetpack_sharing_enabled":true,"_links":{"self":[{"href":"https:\/\/gjiniherbal.com\/sq\/wp-json\/wp\/v2\/product\/2231","targetHints":{"allow":["GET"]}}],"collection":[{"href":"https:\/\/gjiniherbal.com\/sq\/wp-json\/wp\/v2\/product"}],"about":[{"href":"https:\/\/gjiniherbal.com\/sq\/wp-json\/wp\/v2\/types\/product"}],"wp:featuredmedia":[{"embeddable":true,"href":"https:\/\/gjiniherbal.com\/sq\/wp-json\/wp\/v2\/media\/2232"}],"wp:attachment":[{"href":"https:\/\/gjiniherbal.com\/sq\/wp-json\/wp\/v2\/media?parent=2231"}],"wp:term":[{"taxonomy":"product_brand","embeddable":true,"href":"https:\/\/gjiniherbal.com\/sq\/wp-json\/wp\/v2\/product_brand?post=2231"},{"taxonomy":"product_cat","embeddable":true,"href":"https:\/\/gjiniherbal.com\/sq\/wp-json\/wp\/v2\/product_cat?post=2231"},{"taxonomy":"product_tag","embeddable":true,"href":"https:\/\/gjiniherbal.com\/sq\/wp-json\/wp\/v2\/product_tag?post=2231"}],"curies":[{"name":"wp","href":"https:\/\/api.w.org\/{rel}","templated":true}]}}