{"id":2197,"date":"2024-01-23T13:34:56","date_gmt":"2024-01-23T12:34:56","guid":{"rendered":"https:\/\/gjiniherbal.com\/?post_type=product&#038;p=2197"},"modified":"2024-01-23T13:34:56","modified_gmt":"2024-01-23T12:34:56","slug":"vaj-per-masazh","status":"publish","type":"product","link":"https:\/\/gjiniherbal.com\/sq\/produkt\/kujdes-i-lekures\/vaj-per-masazh\/","title":{"rendered":"Vaj p\u00ebr masazh 80 ml"},"content":{"rendered":"<p>Talya prezanton linj\u00ebn e saj t\u00eb Aromaterapis\u00eb q\u00eb p\u00ebrmban p\u00ebrzierje speciale t\u00eb vajrave esenciale mesdhetare!<\/p>\n<p>Vaj Masazhi Talya ka nj\u00eb kombinim t\u00eb ve\u00e7ant\u00eb t\u00eb vajit t\u00eb rigonit, vajit t\u00eb rozmarin\u00ebs, vajit t\u00eb lavandul\u00ebs, vajit t\u00eb livand\u00ebs, vajit t\u00eb mentes dhe vajit t\u00eb far\u00ebs s\u00eb zez\u00eb. Rrit elasticitetin e l\u00ebkur\u00ebs tuaj dhe ofron relaksim p\u00ebr shkak t\u00eb efektit t\u00eb tij aromatik dhe ngroh\u00ebs.<\/p>\n<p><strong>P\u00ebr p\u00ebrdorim t\u00eb jasht\u00ebm:<\/strong> Aplikojeni n\u00eb zon\u00ebn e nevojshme duke masazhuar.<\/p>","protected":false},"excerpt":{"rendered":"<p>Rrit elasticitetin e l\u00ebkur\u00ebs tuaj dhe ofron relaksim p\u00ebr shkak t\u00eb efektit t\u00eb tij aromatik dhe ngroh\u00ebs.<\/p>","protected":false},"featured_media":2198,"template":"","meta":{"_acf_changed":false,"_et_pb_use_builder":"","_et_pb_old_content":"","_et_gb_content_width":"","_monsterinsights_skip_tracking":false,"_monsterinsights_sitenote_active":false,"_monsterinsights_sitenote_note":"","_monsterinsights_sitenote_category":0,"_joinchat":[]},"product_brand":[],"product_cat":[480],"product_tag":[879,921],"class_list":{"0":"post-2197","1":"product","2":"type-product","3":"status-publish","4":"has-post-thumbnail","6":"product_cat-kujdes-i-lekures","7":"product_tag-kujdesi-i-lekures","8":"product_tag-vaj-per-masazh","10":"first","11":"instock","12":"shipping-taxable","13":"purchasable","14":"product-type-simple"},"acf":[],"yoast_head":"<!-- This site is optimized with the Yoast SEO plugin v27.4 - https:\/\/yoast.com\/product\/yoast-seo-wordpress\/ -->\n<title>Vaj p\u00ebr masazh 80 ml - Gjini Herbal<\/title>\n<meta name=\"description\" content=\"Vaji p\u00ebr masazh rrit elasticitetin e l\u00ebkur\u00ebs tuaj dhe ofron relaksim p\u00ebr shkak t\u00eb efektit t\u00eb tij aromatik dhe ngroh\u00ebs.\" \/>\n<meta name=\"robots\" content=\"index, follow, max-snippet:-1, max-image-preview:large, max-video-preview:-1\" \/>\n<link rel=\"canonical\" href=\"https:\/\/gjiniherbal.com\/sq\/produkt\/kujdes-i-lekures\/vaj-per-masazh\/\" \/>\n<meta property=\"og:locale\" content=\"sq_AL\" \/>\n<meta property=\"og:type\" content=\"article\" \/>\n<meta property=\"og:title\" content=\"Vaj p\u00ebr masazh 80 ml - Gjini Herbal\" \/>\n<meta property=\"og:description\" content=\"Vaji p\u00ebr masazh rrit elasticitetin e l\u00ebkur\u00ebs tuaj dhe ofron relaksim p\u00ebr shkak t\u00eb efektit t\u00eb tij aromatik dhe ngroh\u00ebs.\" \/>\n<meta property=\"og:url\" content=\"https:\/\/gjiniherbal.com\/sq\/produkt\/kujdes-i-lekures\/vaj-per-masazh\/\" \/>\n<meta property=\"og:site_name\" content=\"Gjini Herbal\" \/>\n<meta property=\"article:publisher\" content=\"https:\/\/facebook.com\/gjiniherbal\" \/>\n<meta property=\"og:image\" content=\"https:\/\/gjiniherbal.com\/wp-content\/uploads\/2024\/01\/aromaterapi-masaj-yagi-cift-tr.jpg\" \/>\n\t<meta property=\"og:image:width\" content=\"1000\" \/>\n\t<meta property=\"og:image:height\" content=\"1000\" \/>\n\t<meta property=\"og:image:type\" content=\"image\/jpeg\" \/>\n<meta name=\"twitter:card\" content=\"summary_large_image\" \/>\n<meta name=\"twitter:label1\" content=\"Est. reading time\" \/>\n\t<meta name=\"twitter:data1\" content=\"1 minut\u00eb\" \/>\n<script type=\"application\/ld+json\" class=\"yoast-schema-graph\">{\"@context\":\"https:\\\/\\\/schema.org\",\"@graph\":[{\"@type\":\"WebPage\",\"@id\":\"https:\\\/\\\/gjiniherbal.com\\\/produkt\\\/kujdes-i-lekures\\\/vaj-per-masazh\\\/\",\"url\":\"https:\\\/\\\/gjiniherbal.com\\\/produkt\\\/kujdes-i-lekures\\\/vaj-per-masazh\\\/\",\"name\":\"Vaj p\u00ebr masazh 80 ml - Gjini Herbal\",\"isPartOf\":{\"@id\":\"https:\\\/\\\/gjiniherbal.com\\\/#website\"},\"primaryImageOfPage\":{\"@id\":\"https:\\\/\\\/gjiniherbal.com\\\/produkt\\\/kujdes-i-lekures\\\/vaj-per-masazh\\\/#primaryimage\"},\"image\":{\"@id\":\"https:\\\/\\\/gjiniherbal.com\\\/produkt\\\/kujdes-i-lekures\\\/vaj-per-masazh\\\/#primaryimage\"},\"thumbnailUrl\":\"https:\\\/\\\/gjiniherbal.com\\\/wp-content\\\/uploads\\\/2024\\\/01\\\/aromaterapi-masaj-yagi-cift-tr.jpg\",\"datePublished\":\"2024-01-23T12:34:56+00:00\",\"description\":\"Vaji p\u00ebr masazh rrit elasticitetin e l\u00ebkur\u00ebs tuaj dhe ofron relaksim p\u00ebr shkak t\u00eb efektit t\u00eb tij aromatik dhe ngroh\u00ebs.\",\"breadcrumb\":{\"@id\":\"https:\\\/\\\/gjiniherbal.com\\\/produkt\\\/kujdes-i-lekures\\\/vaj-per-masazh\\\/#breadcrumb\"},\"inLanguage\":\"sq\",\"potentialAction\":[{\"@type\":\"ReadAction\",\"target\":[\"https:\\\/\\\/gjiniherbal.com\\\/produkt\\\/kujdes-i-lekures\\\/vaj-per-masazh\\\/\"]}]},{\"@type\":\"ImageObject\",\"inLanguage\":\"sq\",\"@id\":\"https:\\\/\\\/gjiniherbal.com\\\/produkt\\\/kujdes-i-lekures\\\/vaj-per-masazh\\\/#primaryimage\",\"url\":\"https:\\\/\\\/gjiniherbal.com\\\/wp-content\\\/uploads\\\/2024\\\/01\\\/aromaterapi-masaj-yagi-cift-tr.jpg\",\"contentUrl\":\"https:\\\/\\\/gjiniherbal.com\\\/wp-content\\\/uploads\\\/2024\\\/01\\\/aromaterapi-masaj-yagi-cift-tr.jpg\",\"width\":1000,\"height\":1000,\"caption\":\"Vaj p\u00ebr masazh 80 ml\"},{\"@type\":\"BreadcrumbList\",\"@id\":\"https:\\\/\\\/gjiniherbal.com\\\/produkt\\\/kujdes-i-lekures\\\/vaj-per-masazh\\\/#breadcrumb\",\"itemListElement\":[{\"@type\":\"ListItem\",\"position\":1,\"name\":\"Home\",\"item\":\"https:\\\/\\\/gjiniherbal.com\\\/en_us\\\/\"},{\"@type\":\"ListItem\",\"position\":2,\"name\":\"Shop\",\"item\":\"https:\\\/\\\/gjiniherbal.com\\\/en_us\\\/shop\\\/\"},{\"@type\":\"ListItem\",\"position\":3,\"name\":\"Vaj p\u00ebr masazh 80 ml\"}]},{\"@type\":\"WebSite\",\"@id\":\"https:\\\/\\\/gjiniherbal.com\\\/#website\",\"url\":\"https:\\\/\\\/gjiniherbal.com\\\/\",\"name\":\"Gjini Herbal\",\"description\":\"Produkte Natyrale\",\"publisher\":{\"@id\":\"https:\\\/\\\/gjiniherbal.com\\\/#organization\"},\"potentialAction\":[{\"@type\":\"SearchAction\",\"target\":{\"@type\":\"EntryPoint\",\"urlTemplate\":\"https:\\\/\\\/gjiniherbal.com\\\/?s={search_term_string}\"},\"query-input\":{\"@type\":\"PropertyValueSpecification\",\"valueRequired\":true,\"valueName\":\"search_term_string\"}}],\"inLanguage\":\"sq\"},{\"@type\":\"Organization\",\"@id\":\"https:\\\/\\\/gjiniherbal.com\\\/#organization\",\"name\":\"Gjini Herbal\",\"url\":\"https:\\\/\\\/gjiniherbal.com\\\/\",\"logo\":{\"@type\":\"ImageObject\",\"inLanguage\":\"sq\",\"@id\":\"https:\\\/\\\/gjiniherbal.com\\\/#\\\/schema\\\/logo\\\/image\\\/\",\"url\":\"https:\\\/\\\/gjiniherbal.com\\\/wp-content\\\/uploads\\\/2022\\\/07\\\/gjini-herbal-logo.png\",\"contentUrl\":\"https:\\\/\\\/gjiniherbal.com\\\/wp-content\\\/uploads\\\/2022\\\/07\\\/gjini-herbal-logo.png\",\"width\":652,\"height\":262,\"caption\":\"Gjini Herbal\"},\"image\":{\"@id\":\"https:\\\/\\\/gjiniherbal.com\\\/#\\\/schema\\\/logo\\\/image\\\/\"},\"sameAs\":[\"https:\\\/\\\/facebook.com\\\/gjiniherbal\",\"https:\\\/\\\/instagram.com\\\/gjiniherbal\",\"https:\\\/\\\/www.youtube.com\\\/channel\\\/UC_tHHueG-qxycnvdro4jHtQ\"]}]}<\/script>\n<!-- \/ Yoast SEO plugin. -->","yoast_head_json":{"title":"Vaj p\u00ebr masazh 80 ml - Gjini Herbal","description":"Vaji p\u00ebr masazh rrit elasticitetin e l\u00ebkur\u00ebs tuaj dhe ofron relaksim p\u00ebr shkak t\u00eb efektit t\u00eb tij aromatik dhe ngroh\u00ebs.","robots":{"index":"index","follow":"follow","max-snippet":"max-snippet:-1","max-image-preview":"max-image-preview:large","max-video-preview":"max-video-preview:-1"},"canonical":"https:\/\/gjiniherbal.com\/sq\/produkt\/kujdes-i-lekures\/vaj-per-masazh\/","og_locale":"sq_AL","og_type":"article","og_title":"Vaj p\u00ebr masazh 80 ml - Gjini Herbal","og_description":"Vaji p\u00ebr masazh rrit elasticitetin e l\u00ebkur\u00ebs tuaj dhe ofron relaksim p\u00ebr shkak t\u00eb efektit t\u00eb tij aromatik dhe ngroh\u00ebs.","og_url":"https:\/\/gjiniherbal.com\/sq\/produkt\/kujdes-i-lekures\/vaj-per-masazh\/","og_site_name":"Gjini Herbal","article_publisher":"https:\/\/facebook.com\/gjiniherbal","og_image":[{"width":1000,"height":1000,"url":"https:\/\/gjiniherbal.com\/wp-content\/uploads\/2024\/01\/aromaterapi-masaj-yagi-cift-tr.jpg","type":"image\/jpeg"}],"twitter_card":"summary_large_image","twitter_misc":{"Est. reading time":"1 minut\u00eb"},"schema":{"@context":"https:\/\/schema.org","@graph":[{"@type":"WebPage","@id":"https:\/\/gjiniherbal.com\/produkt\/kujdes-i-lekures\/vaj-per-masazh\/","url":"https:\/\/gjiniherbal.com\/produkt\/kujdes-i-lekures\/vaj-per-masazh\/","name":"Vaj p\u00ebr masazh 80 ml - Gjini Herbal","isPartOf":{"@id":"https:\/\/gjiniherbal.com\/#website"},"primaryImageOfPage":{"@id":"https:\/\/gjiniherbal.com\/produkt\/kujdes-i-lekures\/vaj-per-masazh\/#primaryimage"},"image":{"@id":"https:\/\/gjiniherbal.com\/produkt\/kujdes-i-lekures\/vaj-per-masazh\/#primaryimage"},"thumbnailUrl":"https:\/\/gjiniherbal.com\/wp-content\/uploads\/2024\/01\/aromaterapi-masaj-yagi-cift-tr.jpg","datePublished":"2024-01-23T12:34:56+00:00","description":"Vaji p\u00ebr masazh rrit elasticitetin e l\u00ebkur\u00ebs tuaj dhe ofron relaksim p\u00ebr shkak t\u00eb efektit t\u00eb tij aromatik dhe ngroh\u00ebs.","breadcrumb":{"@id":"https:\/\/gjiniherbal.com\/produkt\/kujdes-i-lekures\/vaj-per-masazh\/#breadcrumb"},"inLanguage":"sq","potentialAction":[{"@type":"ReadAction","target":["https:\/\/gjiniherbal.com\/produkt\/kujdes-i-lekures\/vaj-per-masazh\/"]}]},{"@type":"ImageObject","inLanguage":"sq","@id":"https:\/\/gjiniherbal.com\/produkt\/kujdes-i-lekures\/vaj-per-masazh\/#primaryimage","url":"https:\/\/gjiniherbal.com\/wp-content\/uploads\/2024\/01\/aromaterapi-masaj-yagi-cift-tr.jpg","contentUrl":"https:\/\/gjiniherbal.com\/wp-content\/uploads\/2024\/01\/aromaterapi-masaj-yagi-cift-tr.jpg","width":1000,"height":1000,"caption":"Vaj p\u00ebr masazh 80 ml"},{"@type":"BreadcrumbList","@id":"https:\/\/gjiniherbal.com\/produkt\/kujdes-i-lekures\/vaj-per-masazh\/#breadcrumb","itemListElement":[{"@type":"ListItem","position":1,"name":"Home","item":"https:\/\/gjiniherbal.com\/en_us\/"},{"@type":"ListItem","position":2,"name":"Shop","item":"https:\/\/gjiniherbal.com\/en_us\/shop\/"},{"@type":"ListItem","position":3,"name":"Vaj p\u00ebr masazh 80 ml"}]},{"@type":"WebSite","@id":"https:\/\/gjiniherbal.com\/#website","url":"https:\/\/gjiniherbal.com\/","name":"Gjini Herbal","description":"Produkte Natyrale","publisher":{"@id":"https:\/\/gjiniherbal.com\/#organization"},"potentialAction":[{"@type":"SearchAction","target":{"@type":"EntryPoint","urlTemplate":"https:\/\/gjiniherbal.com\/?s={search_term_string}"},"query-input":{"@type":"PropertyValueSpecification","valueRequired":true,"valueName":"search_term_string"}}],"inLanguage":"sq"},{"@type":"Organization","@id":"https:\/\/gjiniherbal.com\/#organization","name":"Gjini Herbal","url":"https:\/\/gjiniherbal.com\/","logo":{"@type":"ImageObject","inLanguage":"sq","@id":"https:\/\/gjiniherbal.com\/#\/schema\/logo\/image\/","url":"https:\/\/gjiniherbal.com\/wp-content\/uploads\/2022\/07\/gjini-herbal-logo.png","contentUrl":"https:\/\/gjiniherbal.com\/wp-content\/uploads\/2022\/07\/gjini-herbal-logo.png","width":652,"height":262,"caption":"Gjini Herbal"},"image":{"@id":"https:\/\/gjiniherbal.com\/#\/schema\/logo\/image\/"},"sameAs":["https:\/\/facebook.com\/gjiniherbal","https:\/\/instagram.com\/gjiniherbal","https:\/\/www.youtube.com\/channel\/UC_tHHueG-qxycnvdro4jHtQ"]}]}},"jetpack-related-posts":[],"jetpack_sharing_enabled":true,"_links":{"self":[{"href":"https:\/\/gjiniherbal.com\/sq\/wp-json\/wp\/v2\/product\/2197","targetHints":{"allow":["GET"]}}],"collection":[{"href":"https:\/\/gjiniherbal.com\/sq\/wp-json\/wp\/v2\/product"}],"about":[{"href":"https:\/\/gjiniherbal.com\/sq\/wp-json\/wp\/v2\/types\/product"}],"wp:featuredmedia":[{"embeddable":true,"href":"https:\/\/gjiniherbal.com\/sq\/wp-json\/wp\/v2\/media\/2198"}],"wp:attachment":[{"href":"https:\/\/gjiniherbal.com\/sq\/wp-json\/wp\/v2\/media?parent=2197"}],"wp:term":[{"taxonomy":"product_brand","embeddable":true,"href":"https:\/\/gjiniherbal.com\/sq\/wp-json\/wp\/v2\/product_brand?post=2197"},{"taxonomy":"product_cat","embeddable":true,"href":"https:\/\/gjiniherbal.com\/sq\/wp-json\/wp\/v2\/product_cat?post=2197"},{"taxonomy":"product_tag","embeddable":true,"href":"https:\/\/gjiniherbal.com\/sq\/wp-json\/wp\/v2\/product_tag?post=2197"}],"curies":[{"name":"wp","href":"https:\/\/api.w.org\/{rel}","templated":true}]}}