{"id":2058,"date":"2024-01-17T11:31:49","date_gmt":"2024-01-17T10:31:49","guid":{"rendered":"https:\/\/gjiniherbal.com\/?post_type=product&#038;p=2058"},"modified":"2024-01-20T15:25:39","modified_gmt":"2024-01-20T14:25:39","slug":"ultra-vitaman","status":"publish","type":"product","link":"https:\/\/gjiniherbal.com\/sq\/produkt\/suplemente-vitamina\/ultra-vitaman\/","title":{"rendered":"ULTRA VITAMAN (suplement dietik)"},"content":{"rendered":"<p>Ky suplement dietik i formuluar posa\u00e7\u00ebrisht p\u00ebrmban ekstrakte t\u00eb Tribulus Terrestris, Ginkgo Biloba, Red Korean Ginseng, Saw Palmetto, Epimedium dhe \u00ebsht\u00eb i domosdosh\u00ebm p\u00ebr sh\u00ebndetin e meshkujve.<\/p>\n<p><strong>P\u00ebrdorimi<\/strong>: Rekomandohet t\u00eb merret 1 kapsul\u00eb 3 her\u00eb n\u00eb dit\u00eb, me shum\u00eb uj\u00eb, me vakte p\u00ebr t\u00eb rriturit.<\/p>","protected":false},"excerpt":{"rendered":"<ul>\n<li>Rrit performanc\u00ebn fizike<\/li>\n<li>Rrit hormonet seksuale<\/li>\n<li>Rrit energjin\u00eb<\/li>\n<li>Rrit rezistenc\u00ebn e trupit<\/li>\n<\/ul>\n<p><strong>60 kapsula<\/strong><\/p>","protected":false},"featured_media":2060,"template":"","meta":{"_acf_changed":false,"_et_pb_use_builder":"","_et_pb_old_content":"","_et_gb_content_width":"","_monsterinsights_skip_tracking":false,"_monsterinsights_sitenote_active":false,"_monsterinsights_sitenote_note":"","_monsterinsights_sitenote_category":0,"_joinchat":[]},"product_brand":[],"product_cat":[457],"product_tag":[669,912,894,911,895,867,910],"class_list":{"0":"post-2058","1":"product","2":"type-product","3":"status-publish","4":"has-post-thumbnail","6":"product_cat-suplemente-vitamina","7":"product_tag-energji","8":"product_tag-fizik","9":"product_tag-fuqi","10":"product_tag-meshkuj","11":"product_tag-suplement","12":"product_tag-suplement-dietik","13":"product_tag-ultra-vitaman","15":"first","16":"instock","17":"shipping-taxable","18":"purchasable","19":"product-type-simple"},"acf":[],"yoast_head":"<!-- This site is optimized with the Yoast SEO plugin v27.4 - https:\/\/yoast.com\/product\/yoast-seo-wordpress\/ -->\n<title>ULTRA VITAMAN (suplement dietik) - Gjini Herbal<\/title>\n<meta name=\"description\" content=\"Ky suplement dietik i formuluar posa\u00e7\u00ebrisht p\u00ebrmban ekstrakte t\u00eb Tribulus Terrestris, Ginkgo Biloba, Red Korean Ginseng, Saw Palmetto, Epimedium dhe \u00ebsht\u00eb i domosdosh\u00ebm p\u00ebr sh\u00ebndetin e meshkujve.\" \/>\n<meta name=\"robots\" content=\"index, follow, max-snippet:-1, max-image-preview:large, max-video-preview:-1\" \/>\n<link rel=\"canonical\" href=\"https:\/\/gjiniherbal.com\/sq\/produkt\/suplemente-vitamina\/ultra-vitaman\/\" \/>\n<meta property=\"og:locale\" content=\"sq_AL\" \/>\n<meta property=\"og:type\" content=\"article\" \/>\n<meta property=\"og:title\" content=\"ULTRA VITAMAN (suplement dietik) - Gjini Herbal\" \/>\n<meta property=\"og:description\" content=\"Ky suplement dietik i formuluar posa\u00e7\u00ebrisht p\u00ebrmban ekstrakte t\u00eb Tribulus Terrestris, Ginkgo Biloba, Red Korean Ginseng, Saw Palmetto, Epimedium dhe \u00ebsht\u00eb i domosdosh\u00ebm p\u00ebr sh\u00ebndetin e meshkujve.\" \/>\n<meta property=\"og:url\" content=\"https:\/\/gjiniherbal.com\/sq\/produkt\/suplemente-vitamina\/ultra-vitaman\/\" \/>\n<meta property=\"og:site_name\" content=\"Gjini Herbal\" \/>\n<meta property=\"article:publisher\" content=\"https:\/\/facebook.com\/gjiniherbal\" \/>\n<meta property=\"article:modified_time\" content=\"2024-01-20T14:25:39+00:00\" \/>\n<meta property=\"og:image\" content=\"https:\/\/gjiniherbal.com\/wp-content\/uploads\/2024\/01\/60-kapsul-ultra-man-talyabitkiselcom.webp\" \/>\n\t<meta property=\"og:image:width\" content=\"1000\" \/>\n\t<meta property=\"og:image:height\" content=\"1000\" \/>\n\t<meta property=\"og:image:type\" content=\"image\/webp\" \/>\n<meta name=\"twitter:card\" content=\"summary_large_image\" \/>\n<meta name=\"twitter:label1\" content=\"Est. reading time\" \/>\n\t<meta name=\"twitter:data1\" content=\"1 minut\u00eb\" \/>\n<script type=\"application\/ld+json\" class=\"yoast-schema-graph\">{\"@context\":\"https:\\\/\\\/schema.org\",\"@graph\":[{\"@type\":\"WebPage\",\"@id\":\"https:\\\/\\\/gjiniherbal.com\\\/produkt\\\/suplemente-vitamina\\\/ultra-vitaman\\\/\",\"url\":\"https:\\\/\\\/gjiniherbal.com\\\/produkt\\\/suplemente-vitamina\\\/ultra-vitaman\\\/\",\"name\":\"ULTRA VITAMAN (suplement dietik) - Gjini Herbal\",\"isPartOf\":{\"@id\":\"https:\\\/\\\/gjiniherbal.com\\\/#website\"},\"primaryImageOfPage\":{\"@id\":\"https:\\\/\\\/gjiniherbal.com\\\/produkt\\\/suplemente-vitamina\\\/ultra-vitaman\\\/#primaryimage\"},\"image\":{\"@id\":\"https:\\\/\\\/gjiniherbal.com\\\/produkt\\\/suplemente-vitamina\\\/ultra-vitaman\\\/#primaryimage\"},\"thumbnailUrl\":\"https:\\\/\\\/gjiniherbal.com\\\/wp-content\\\/uploads\\\/2024\\\/01\\\/60-kapsul-ultra-man-talyabitkiselcom.webp\",\"datePublished\":\"2024-01-17T10:31:49+00:00\",\"dateModified\":\"2024-01-20T14:25:39+00:00\",\"description\":\"Ky suplement dietik i formuluar posa\u00e7\u00ebrisht p\u00ebrmban ekstrakte t\u00eb Tribulus Terrestris, Ginkgo Biloba, Red Korean Ginseng, Saw Palmetto, Epimedium dhe \u00ebsht\u00eb i domosdosh\u00ebm p\u00ebr sh\u00ebndetin e meshkujve.\",\"breadcrumb\":{\"@id\":\"https:\\\/\\\/gjiniherbal.com\\\/produkt\\\/suplemente-vitamina\\\/ultra-vitaman\\\/#breadcrumb\"},\"inLanguage\":\"sq\",\"potentialAction\":[{\"@type\":\"ReadAction\",\"target\":[\"https:\\\/\\\/gjiniherbal.com\\\/produkt\\\/suplemente-vitamina\\\/ultra-vitaman\\\/\"]}]},{\"@type\":\"ImageObject\",\"inLanguage\":\"sq\",\"@id\":\"https:\\\/\\\/gjiniherbal.com\\\/produkt\\\/suplemente-vitamina\\\/ultra-vitaman\\\/#primaryimage\",\"url\":\"https:\\\/\\\/gjiniherbal.com\\\/wp-content\\\/uploads\\\/2024\\\/01\\\/60-kapsul-ultra-man-talyabitkiselcom.webp\",\"contentUrl\":\"https:\\\/\\\/gjiniherbal.com\\\/wp-content\\\/uploads\\\/2024\\\/01\\\/60-kapsul-ultra-man-talyabitkiselcom.webp\",\"width\":1000,\"height\":1000},{\"@type\":\"BreadcrumbList\",\"@id\":\"https:\\\/\\\/gjiniherbal.com\\\/produkt\\\/suplemente-vitamina\\\/ultra-vitaman\\\/#breadcrumb\",\"itemListElement\":[{\"@type\":\"ListItem\",\"position\":1,\"name\":\"Home\",\"item\":\"https:\\\/\\\/gjiniherbal.com\\\/en_us\\\/\"},{\"@type\":\"ListItem\",\"position\":2,\"name\":\"Shop\",\"item\":\"https:\\\/\\\/gjiniherbal.com\\\/en_us\\\/shop\\\/\"},{\"@type\":\"ListItem\",\"position\":3,\"name\":\"ULTRA VITAMAN (suplement dietik)\"}]},{\"@type\":\"WebSite\",\"@id\":\"https:\\\/\\\/gjiniherbal.com\\\/#website\",\"url\":\"https:\\\/\\\/gjiniherbal.com\\\/\",\"name\":\"Gjini Herbal\",\"description\":\"Produkte Natyrale\",\"publisher\":{\"@id\":\"https:\\\/\\\/gjiniherbal.com\\\/#organization\"},\"potentialAction\":[{\"@type\":\"SearchAction\",\"target\":{\"@type\":\"EntryPoint\",\"urlTemplate\":\"https:\\\/\\\/gjiniherbal.com\\\/?s={search_term_string}\"},\"query-input\":{\"@type\":\"PropertyValueSpecification\",\"valueRequired\":true,\"valueName\":\"search_term_string\"}}],\"inLanguage\":\"sq\"},{\"@type\":\"Organization\",\"@id\":\"https:\\\/\\\/gjiniherbal.com\\\/#organization\",\"name\":\"Gjini Herbal\",\"url\":\"https:\\\/\\\/gjiniherbal.com\\\/\",\"logo\":{\"@type\":\"ImageObject\",\"inLanguage\":\"sq\",\"@id\":\"https:\\\/\\\/gjiniherbal.com\\\/#\\\/schema\\\/logo\\\/image\\\/\",\"url\":\"https:\\\/\\\/gjiniherbal.com\\\/wp-content\\\/uploads\\\/2022\\\/07\\\/gjini-herbal-logo.png\",\"contentUrl\":\"https:\\\/\\\/gjiniherbal.com\\\/wp-content\\\/uploads\\\/2022\\\/07\\\/gjini-herbal-logo.png\",\"width\":652,\"height\":262,\"caption\":\"Gjini Herbal\"},\"image\":{\"@id\":\"https:\\\/\\\/gjiniherbal.com\\\/#\\\/schema\\\/logo\\\/image\\\/\"},\"sameAs\":[\"https:\\\/\\\/facebook.com\\\/gjiniherbal\",\"https:\\\/\\\/instagram.com\\\/gjiniherbal\",\"https:\\\/\\\/www.youtube.com\\\/channel\\\/UC_tHHueG-qxycnvdro4jHtQ\"]}]}<\/script>\n<!-- \/ Yoast SEO plugin. -->","yoast_head_json":{"title":"ULTRA VITAMAN (suplement dietik) - Gjini Herbal","description":"Ky suplement dietik i formuluar posa\u00e7\u00ebrisht p\u00ebrmban ekstrakte t\u00eb Tribulus Terrestris, Ginkgo Biloba, Red Korean Ginseng, Saw Palmetto, Epimedium dhe \u00ebsht\u00eb i domosdosh\u00ebm p\u00ebr sh\u00ebndetin e meshkujve.","robots":{"index":"index","follow":"follow","max-snippet":"max-snippet:-1","max-image-preview":"max-image-preview:large","max-video-preview":"max-video-preview:-1"},"canonical":"https:\/\/gjiniherbal.com\/sq\/produkt\/suplemente-vitamina\/ultra-vitaman\/","og_locale":"sq_AL","og_type":"article","og_title":"ULTRA VITAMAN (suplement dietik) - Gjini Herbal","og_description":"Ky suplement dietik i formuluar posa\u00e7\u00ebrisht p\u00ebrmban ekstrakte t\u00eb Tribulus Terrestris, Ginkgo Biloba, Red Korean Ginseng, Saw Palmetto, Epimedium dhe \u00ebsht\u00eb i domosdosh\u00ebm p\u00ebr sh\u00ebndetin e meshkujve.","og_url":"https:\/\/gjiniherbal.com\/sq\/produkt\/suplemente-vitamina\/ultra-vitaman\/","og_site_name":"Gjini Herbal","article_publisher":"https:\/\/facebook.com\/gjiniherbal","article_modified_time":"2024-01-20T14:25:39+00:00","og_image":[{"width":1000,"height":1000,"url":"https:\/\/gjiniherbal.com\/wp-content\/uploads\/2024\/01\/60-kapsul-ultra-man-talyabitkiselcom.webp","type":"image\/webp"}],"twitter_card":"summary_large_image","twitter_misc":{"Est. reading time":"1 minut\u00eb"},"schema":{"@context":"https:\/\/schema.org","@graph":[{"@type":"WebPage","@id":"https:\/\/gjiniherbal.com\/produkt\/suplemente-vitamina\/ultra-vitaman\/","url":"https:\/\/gjiniherbal.com\/produkt\/suplemente-vitamina\/ultra-vitaman\/","name":"ULTRA VITAMAN (suplement dietik) - Gjini Herbal","isPartOf":{"@id":"https:\/\/gjiniherbal.com\/#website"},"primaryImageOfPage":{"@id":"https:\/\/gjiniherbal.com\/produkt\/suplemente-vitamina\/ultra-vitaman\/#primaryimage"},"image":{"@id":"https:\/\/gjiniherbal.com\/produkt\/suplemente-vitamina\/ultra-vitaman\/#primaryimage"},"thumbnailUrl":"https:\/\/gjiniherbal.com\/wp-content\/uploads\/2024\/01\/60-kapsul-ultra-man-talyabitkiselcom.webp","datePublished":"2024-01-17T10:31:49+00:00","dateModified":"2024-01-20T14:25:39+00:00","description":"Ky suplement dietik i formuluar posa\u00e7\u00ebrisht p\u00ebrmban ekstrakte t\u00eb Tribulus Terrestris, Ginkgo Biloba, Red Korean Ginseng, Saw Palmetto, Epimedium dhe \u00ebsht\u00eb i domosdosh\u00ebm p\u00ebr sh\u00ebndetin e meshkujve.","breadcrumb":{"@id":"https:\/\/gjiniherbal.com\/produkt\/suplemente-vitamina\/ultra-vitaman\/#breadcrumb"},"inLanguage":"sq","potentialAction":[{"@type":"ReadAction","target":["https:\/\/gjiniherbal.com\/produkt\/suplemente-vitamina\/ultra-vitaman\/"]}]},{"@type":"ImageObject","inLanguage":"sq","@id":"https:\/\/gjiniherbal.com\/produkt\/suplemente-vitamina\/ultra-vitaman\/#primaryimage","url":"https:\/\/gjiniherbal.com\/wp-content\/uploads\/2024\/01\/60-kapsul-ultra-man-talyabitkiselcom.webp","contentUrl":"https:\/\/gjiniherbal.com\/wp-content\/uploads\/2024\/01\/60-kapsul-ultra-man-talyabitkiselcom.webp","width":1000,"height":1000},{"@type":"BreadcrumbList","@id":"https:\/\/gjiniherbal.com\/produkt\/suplemente-vitamina\/ultra-vitaman\/#breadcrumb","itemListElement":[{"@type":"ListItem","position":1,"name":"Home","item":"https:\/\/gjiniherbal.com\/en_us\/"},{"@type":"ListItem","position":2,"name":"Shop","item":"https:\/\/gjiniherbal.com\/en_us\/shop\/"},{"@type":"ListItem","position":3,"name":"ULTRA VITAMAN (suplement dietik)"}]},{"@type":"WebSite","@id":"https:\/\/gjiniherbal.com\/#website","url":"https:\/\/gjiniherbal.com\/","name":"Gjini Herbal","description":"Produkte Natyrale","publisher":{"@id":"https:\/\/gjiniherbal.com\/#organization"},"potentialAction":[{"@type":"SearchAction","target":{"@type":"EntryPoint","urlTemplate":"https:\/\/gjiniherbal.com\/?s={search_term_string}"},"query-input":{"@type":"PropertyValueSpecification","valueRequired":true,"valueName":"search_term_string"}}],"inLanguage":"sq"},{"@type":"Organization","@id":"https:\/\/gjiniherbal.com\/#organization","name":"Gjini Herbal","url":"https:\/\/gjiniherbal.com\/","logo":{"@type":"ImageObject","inLanguage":"sq","@id":"https:\/\/gjiniherbal.com\/#\/schema\/logo\/image\/","url":"https:\/\/gjiniherbal.com\/wp-content\/uploads\/2022\/07\/gjini-herbal-logo.png","contentUrl":"https:\/\/gjiniherbal.com\/wp-content\/uploads\/2022\/07\/gjini-herbal-logo.png","width":652,"height":262,"caption":"Gjini Herbal"},"image":{"@id":"https:\/\/gjiniherbal.com\/#\/schema\/logo\/image\/"},"sameAs":["https:\/\/facebook.com\/gjiniherbal","https:\/\/instagram.com\/gjiniherbal","https:\/\/www.youtube.com\/channel\/UC_tHHueG-qxycnvdro4jHtQ"]}]}},"jetpack-related-posts":[],"jetpack_sharing_enabled":true,"_links":{"self":[{"href":"https:\/\/gjiniherbal.com\/sq\/wp-json\/wp\/v2\/product\/2058","targetHints":{"allow":["GET"]}}],"collection":[{"href":"https:\/\/gjiniherbal.com\/sq\/wp-json\/wp\/v2\/product"}],"about":[{"href":"https:\/\/gjiniherbal.com\/sq\/wp-json\/wp\/v2\/types\/product"}],"wp:featuredmedia":[{"embeddable":true,"href":"https:\/\/gjiniherbal.com\/sq\/wp-json\/wp\/v2\/media\/2060"}],"wp:attachment":[{"href":"https:\/\/gjiniherbal.com\/sq\/wp-json\/wp\/v2\/media?parent=2058"}],"wp:term":[{"taxonomy":"product_brand","embeddable":true,"href":"https:\/\/gjiniherbal.com\/sq\/wp-json\/wp\/v2\/product_brand?post=2058"},{"taxonomy":"product_cat","embeddable":true,"href":"https:\/\/gjiniherbal.com\/sq\/wp-json\/wp\/v2\/product_cat?post=2058"},{"taxonomy":"product_tag","embeddable":true,"href":"https:\/\/gjiniherbal.com\/sq\/wp-json\/wp\/v2\/product_tag?post=2058"}],"curies":[{"name":"wp","href":"https:\/\/api.w.org\/{rel}","templated":true}]}}