{"id":2043,"date":"2024-01-03T18:47:21","date_gmt":"2024-01-03T17:47:21","guid":{"rendered":"https:\/\/gjiniherbal.com\/?post_type=product&#038;p=2043"},"modified":"2024-05-14T11:25:52","modified_gmt":"2024-05-14T09:25:52","slug":"vaj-esencial-rigoni-10-ml","status":"publish","type":"product","link":"https:\/\/gjiniherbal.com\/sq\/produkt\/vajra-esenciale\/vaj-esencial-rigoni-10-ml\/","title":{"rendered":"Vaj esencial rigoni 10 ml"},"content":{"rendered":"<p>Rigoni \u00ebsht\u00eb nj\u00eb barishte kulinare dhe mjek\u00ebsore e familjes Lamiaceae. \u00cbsht\u00eb nj\u00eb bim\u00eb vendase n\u00eb lart\u00ebsit\u00eb m\u00eb t\u00eb larta, q\u00eb zakonisht rritet n\u00eb male. Llojet m\u00eb t\u00eb mira t\u00eb rigonit vijn\u00eb nga malet e larta t\u00eb Mesdheut dhe jan\u00eb zgjedhur me dor\u00eb nga fshatar\u00ebt. Vaji i rigonit \u00ebsht\u00eb p\u00ebrdorur p\u00ebr mij\u00ebra vjet dhe \u00ebsht\u00eb p\u00ebrdorur gjat\u00eb gjith\u00eb historis\u00eb si mb\u00ebshtetje e fort\u00eb imune.<\/p>\n<p>Shija e vajit t\u00eb rigonit \u00ebsht\u00eb shum\u00eb e fort\u00eb p\u00ebr t&#8217;u konsumuar, prandaj ne mbushim vajin ton\u00eb t\u00eb rigonit me vaj ulliri ekstra t\u00eb virgj\u00ebr nga i nj\u00ebjti rajon, gj\u00eb q\u00eb e b\u00ebn vajin e rigonit Talya nj\u00eb kombinim perfekt vajrash me cil\u00ebsi t\u00eb lart\u00eb.<\/p>\n<p>Talya Herbal p\u00ebrdor gjethet e rigonit t\u00eb cil\u00ebsis\u00eb m\u00eb t\u00eb lart\u00eb nga rajoni i Mesdheut p\u00ebr t\u00eb ofruar vajin m\u00eb t\u00eb mir\u00eb t\u00eb rigonit n\u00eb treg. P\u00ebr shkak t\u00eb nj\u00eb metode t\u00eb ve\u00e7ant\u00eb prodhimi q\u00eb ruan 100% t\u00eb p\u00ebrb\u00ebr\u00ebsve aktiv\u00eb, Talya Herbal prodhon vajin e rigonit nga gjethet e rigonit t\u00eb prodhuara n\u00eb natyr\u00eb p\u00ebrmes procesit t\u00eb distilimit me avull pa p\u00ebrdorur asnj\u00eb kimikat.<\/p>\n<p><strong>P\u00ebrfitimet:<\/strong><\/p>\n<p>\u2022 Forcon sistemin imunitar<br \/>\n\u2022 Forcon sistemin e frym\u00ebmarrjes<\/p>\n<p><strong>P\u00ebrdorimi i sugjeruar:<\/strong> Si suplement dietik merrni 3 pika tri (3) her\u00eb n\u00eb dit\u00eb n\u00eb nj\u00eb sasi t\u00eb vog\u00ebl uji. Mund t\u00eb shtoni 5-6 pika n\u00eb 20 ml vaj baz\u00eb t\u00eb fiksuar dhe ta aplikoni n\u00eb trupin tuaj duke masazhuar. Ju mund t\u00eb ndryshoni atmosfer\u00ebn e mjedisit tuaj duke shtuar 2-3 pika n\u00eb difuzerin tuaj.<\/p>","protected":false},"excerpt":{"rendered":"<ul>\n<li>Forcon sistemin imunitar<\/li>\n<li>Forcon sistemin e frym\u00ebmarrjes<\/li>\n<\/ul>","protected":false},"featured_media":2044,"template":"","meta":{"_acf_changed":false,"_et_pb_use_builder":"","_et_pb_old_content":"","_et_gb_content_width":"","_monsterinsights_skip_tracking":false,"_monsterinsights_sitenote_active":false,"_monsterinsights_sitenote_note":"","_monsterinsights_sitenote_category":0,"_joinchat":[]},"product_brand":[],"product_cat":[830],"product_tag":[675,714,860,674,859],"class_list":{"0":"post-2043","1":"product","2":"type-product","3":"status-publish","4":"has-post-thumbnail","6":"product_cat-vajra-esenciale","7":"product_tag-frymemarrje","8":"product_tag-imunitet","9":"product_tag-rigoni","10":"product_tag-vaj-esencial","11":"product_tag-vaj-esencial-rigoni","13":"first","14":"instock","15":"shipping-taxable","16":"purchasable","17":"product-type-simple"},"acf":[],"yoast_head":"<!-- This site is optimized with the Yoast SEO plugin v27.4 - https:\/\/yoast.com\/product\/yoast-seo-wordpress\/ -->\n<title>Vaj esencial rigoni 10 ml - Gjini Herbal<\/title>\n<meta name=\"description\" content=\"Vaji i rigonit \u00ebsht\u00eb p\u00ebrdorur p\u00ebr mij\u00ebra vjet dhe \u00ebsht\u00eb p\u00ebrdorur gjat\u00eb gjith\u00eb historis\u00eb si mb\u00ebshtetje e fort\u00eb imune.\" \/>\n<meta name=\"robots\" content=\"index, follow, max-snippet:-1, max-image-preview:large, max-video-preview:-1\" \/>\n<link rel=\"canonical\" href=\"https:\/\/gjiniherbal.com\/sq\/produkt\/vajra-esenciale\/vaj-esencial-rigoni-10-ml\/\" \/>\n<meta property=\"og:locale\" content=\"sq_AL\" \/>\n<meta property=\"og:type\" content=\"article\" \/>\n<meta property=\"og:title\" content=\"Vaj esencial rigoni 10 ml - Gjini Herbal\" \/>\n<meta property=\"og:description\" content=\"Vaji i rigonit \u00ebsht\u00eb p\u00ebrdorur p\u00ebr mij\u00ebra vjet dhe \u00ebsht\u00eb p\u00ebrdorur gjat\u00eb gjith\u00eb historis\u00eb si mb\u00ebshtetje e fort\u00eb imune.\" \/>\n<meta property=\"og:url\" content=\"https:\/\/gjiniherbal.com\/sq\/produkt\/vajra-esenciale\/vaj-esencial-rigoni-10-ml\/\" \/>\n<meta property=\"og:site_name\" content=\"Gjini Herbal\" \/>\n<meta property=\"article:publisher\" content=\"https:\/\/facebook.com\/gjiniherbal\" \/>\n<meta property=\"article:modified_time\" content=\"2024-05-14T09:25:52+00:00\" \/>\n<meta property=\"og:image\" content=\"https:\/\/gjiniherbal.com\/wp-content\/uploads\/2024\/01\/saf-kekik-ucucu-yagi-10ml-3775-9.jpg\" \/>\n\t<meta property=\"og:image:width\" content=\"1000\" \/>\n\t<meta property=\"og:image:height\" content=\"1000\" \/>\n\t<meta property=\"og:image:type\" content=\"image\/jpeg\" \/>\n<meta name=\"twitter:card\" content=\"summary_large_image\" \/>\n<meta name=\"twitter:label1\" content=\"Est. reading time\" \/>\n\t<meta name=\"twitter:data1\" content=\"2 minuta\" \/>\n<script type=\"application\/ld+json\" class=\"yoast-schema-graph\">{\"@context\":\"https:\\\/\\\/schema.org\",\"@graph\":[{\"@type\":\"WebPage\",\"@id\":\"https:\\\/\\\/gjiniherbal.com\\\/produkt\\\/vajra-esenciale\\\/vaj-esencial-rigoni-10-ml\\\/\",\"url\":\"https:\\\/\\\/gjiniherbal.com\\\/produkt\\\/vajra-esenciale\\\/vaj-esencial-rigoni-10-ml\\\/\",\"name\":\"Vaj esencial rigoni 10 ml - Gjini Herbal\",\"isPartOf\":{\"@id\":\"https:\\\/\\\/gjiniherbal.com\\\/#website\"},\"primaryImageOfPage\":{\"@id\":\"https:\\\/\\\/gjiniherbal.com\\\/produkt\\\/vajra-esenciale\\\/vaj-esencial-rigoni-10-ml\\\/#primaryimage\"},\"image\":{\"@id\":\"https:\\\/\\\/gjiniherbal.com\\\/produkt\\\/vajra-esenciale\\\/vaj-esencial-rigoni-10-ml\\\/#primaryimage\"},\"thumbnailUrl\":\"https:\\\/\\\/gjiniherbal.com\\\/wp-content\\\/uploads\\\/2024\\\/01\\\/saf-kekik-ucucu-yagi-10ml-3775-9.jpg\",\"datePublished\":\"2024-01-03T17:47:21+00:00\",\"dateModified\":\"2024-05-14T09:25:52+00:00\",\"description\":\"Vaji i rigonit \u00ebsht\u00eb p\u00ebrdorur p\u00ebr mij\u00ebra vjet dhe \u00ebsht\u00eb p\u00ebrdorur gjat\u00eb gjith\u00eb historis\u00eb si mb\u00ebshtetje e fort\u00eb imune.\",\"breadcrumb\":{\"@id\":\"https:\\\/\\\/gjiniherbal.com\\\/produkt\\\/vajra-esenciale\\\/vaj-esencial-rigoni-10-ml\\\/#breadcrumb\"},\"inLanguage\":\"sq\",\"potentialAction\":[{\"@type\":\"ReadAction\",\"target\":[\"https:\\\/\\\/gjiniherbal.com\\\/produkt\\\/vajra-esenciale\\\/vaj-esencial-rigoni-10-ml\\\/\"]}]},{\"@type\":\"ImageObject\",\"inLanguage\":\"sq\",\"@id\":\"https:\\\/\\\/gjiniherbal.com\\\/produkt\\\/vajra-esenciale\\\/vaj-esencial-rigoni-10-ml\\\/#primaryimage\",\"url\":\"https:\\\/\\\/gjiniherbal.com\\\/wp-content\\\/uploads\\\/2024\\\/01\\\/saf-kekik-ucucu-yagi-10ml-3775-9.jpg\",\"contentUrl\":\"https:\\\/\\\/gjiniherbal.com\\\/wp-content\\\/uploads\\\/2024\\\/01\\\/saf-kekik-ucucu-yagi-10ml-3775-9.jpg\",\"width\":1000,\"height\":1000},{\"@type\":\"BreadcrumbList\",\"@id\":\"https:\\\/\\\/gjiniherbal.com\\\/produkt\\\/vajra-esenciale\\\/vaj-esencial-rigoni-10-ml\\\/#breadcrumb\",\"itemListElement\":[{\"@type\":\"ListItem\",\"position\":1,\"name\":\"Home\",\"item\":\"https:\\\/\\\/gjiniherbal.com\\\/en_us\\\/\"},{\"@type\":\"ListItem\",\"position\":2,\"name\":\"Shop\",\"item\":\"https:\\\/\\\/gjiniherbal.com\\\/en_us\\\/shop\\\/\"},{\"@type\":\"ListItem\",\"position\":3,\"name\":\"Vaj esencial rigoni 10 ml\"}]},{\"@type\":\"WebSite\",\"@id\":\"https:\\\/\\\/gjiniherbal.com\\\/#website\",\"url\":\"https:\\\/\\\/gjiniherbal.com\\\/\",\"name\":\"Gjini Herbal\",\"description\":\"Produkte Natyrale\",\"publisher\":{\"@id\":\"https:\\\/\\\/gjiniherbal.com\\\/#organization\"},\"potentialAction\":[{\"@type\":\"SearchAction\",\"target\":{\"@type\":\"EntryPoint\",\"urlTemplate\":\"https:\\\/\\\/gjiniherbal.com\\\/?s={search_term_string}\"},\"query-input\":{\"@type\":\"PropertyValueSpecification\",\"valueRequired\":true,\"valueName\":\"search_term_string\"}}],\"inLanguage\":\"sq\"},{\"@type\":\"Organization\",\"@id\":\"https:\\\/\\\/gjiniherbal.com\\\/#organization\",\"name\":\"Gjini Herbal\",\"url\":\"https:\\\/\\\/gjiniherbal.com\\\/\",\"logo\":{\"@type\":\"ImageObject\",\"inLanguage\":\"sq\",\"@id\":\"https:\\\/\\\/gjiniherbal.com\\\/#\\\/schema\\\/logo\\\/image\\\/\",\"url\":\"https:\\\/\\\/gjiniherbal.com\\\/wp-content\\\/uploads\\\/2022\\\/07\\\/gjini-herbal-logo.png\",\"contentUrl\":\"https:\\\/\\\/gjiniherbal.com\\\/wp-content\\\/uploads\\\/2022\\\/07\\\/gjini-herbal-logo.png\",\"width\":652,\"height\":262,\"caption\":\"Gjini Herbal\"},\"image\":{\"@id\":\"https:\\\/\\\/gjiniherbal.com\\\/#\\\/schema\\\/logo\\\/image\\\/\"},\"sameAs\":[\"https:\\\/\\\/facebook.com\\\/gjiniherbal\",\"https:\\\/\\\/instagram.com\\\/gjiniherbal\",\"https:\\\/\\\/www.youtube.com\\\/channel\\\/UC_tHHueG-qxycnvdro4jHtQ\"]}]}<\/script>\n<!-- \/ Yoast SEO plugin. -->","yoast_head_json":{"title":"Vaj esencial rigoni 10 ml - Gjini Herbal","description":"Vaji i rigonit \u00ebsht\u00eb p\u00ebrdorur p\u00ebr mij\u00ebra vjet dhe \u00ebsht\u00eb p\u00ebrdorur gjat\u00eb gjith\u00eb historis\u00eb si mb\u00ebshtetje e fort\u00eb imune.","robots":{"index":"index","follow":"follow","max-snippet":"max-snippet:-1","max-image-preview":"max-image-preview:large","max-video-preview":"max-video-preview:-1"},"canonical":"https:\/\/gjiniherbal.com\/sq\/produkt\/vajra-esenciale\/vaj-esencial-rigoni-10-ml\/","og_locale":"sq_AL","og_type":"article","og_title":"Vaj esencial rigoni 10 ml - Gjini Herbal","og_description":"Vaji i rigonit \u00ebsht\u00eb p\u00ebrdorur p\u00ebr mij\u00ebra vjet dhe \u00ebsht\u00eb p\u00ebrdorur gjat\u00eb gjith\u00eb historis\u00eb si mb\u00ebshtetje e fort\u00eb imune.","og_url":"https:\/\/gjiniherbal.com\/sq\/produkt\/vajra-esenciale\/vaj-esencial-rigoni-10-ml\/","og_site_name":"Gjini Herbal","article_publisher":"https:\/\/facebook.com\/gjiniherbal","article_modified_time":"2024-05-14T09:25:52+00:00","og_image":[{"width":1000,"height":1000,"url":"https:\/\/gjiniherbal.com\/wp-content\/uploads\/2024\/01\/saf-kekik-ucucu-yagi-10ml-3775-9.jpg","type":"image\/jpeg"}],"twitter_card":"summary_large_image","twitter_misc":{"Est. reading time":"2 minuta"},"schema":{"@context":"https:\/\/schema.org","@graph":[{"@type":"WebPage","@id":"https:\/\/gjiniherbal.com\/produkt\/vajra-esenciale\/vaj-esencial-rigoni-10-ml\/","url":"https:\/\/gjiniherbal.com\/produkt\/vajra-esenciale\/vaj-esencial-rigoni-10-ml\/","name":"Vaj esencial rigoni 10 ml - Gjini Herbal","isPartOf":{"@id":"https:\/\/gjiniherbal.com\/#website"},"primaryImageOfPage":{"@id":"https:\/\/gjiniherbal.com\/produkt\/vajra-esenciale\/vaj-esencial-rigoni-10-ml\/#primaryimage"},"image":{"@id":"https:\/\/gjiniherbal.com\/produkt\/vajra-esenciale\/vaj-esencial-rigoni-10-ml\/#primaryimage"},"thumbnailUrl":"https:\/\/gjiniherbal.com\/wp-content\/uploads\/2024\/01\/saf-kekik-ucucu-yagi-10ml-3775-9.jpg","datePublished":"2024-01-03T17:47:21+00:00","dateModified":"2024-05-14T09:25:52+00:00","description":"Vaji i rigonit \u00ebsht\u00eb p\u00ebrdorur p\u00ebr mij\u00ebra vjet dhe \u00ebsht\u00eb p\u00ebrdorur gjat\u00eb gjith\u00eb historis\u00eb si mb\u00ebshtetje e fort\u00eb imune.","breadcrumb":{"@id":"https:\/\/gjiniherbal.com\/produkt\/vajra-esenciale\/vaj-esencial-rigoni-10-ml\/#breadcrumb"},"inLanguage":"sq","potentialAction":[{"@type":"ReadAction","target":["https:\/\/gjiniherbal.com\/produkt\/vajra-esenciale\/vaj-esencial-rigoni-10-ml\/"]}]},{"@type":"ImageObject","inLanguage":"sq","@id":"https:\/\/gjiniherbal.com\/produkt\/vajra-esenciale\/vaj-esencial-rigoni-10-ml\/#primaryimage","url":"https:\/\/gjiniherbal.com\/wp-content\/uploads\/2024\/01\/saf-kekik-ucucu-yagi-10ml-3775-9.jpg","contentUrl":"https:\/\/gjiniherbal.com\/wp-content\/uploads\/2024\/01\/saf-kekik-ucucu-yagi-10ml-3775-9.jpg","width":1000,"height":1000},{"@type":"BreadcrumbList","@id":"https:\/\/gjiniherbal.com\/produkt\/vajra-esenciale\/vaj-esencial-rigoni-10-ml\/#breadcrumb","itemListElement":[{"@type":"ListItem","position":1,"name":"Home","item":"https:\/\/gjiniherbal.com\/en_us\/"},{"@type":"ListItem","position":2,"name":"Shop","item":"https:\/\/gjiniherbal.com\/en_us\/shop\/"},{"@type":"ListItem","position":3,"name":"Vaj esencial rigoni 10 ml"}]},{"@type":"WebSite","@id":"https:\/\/gjiniherbal.com\/#website","url":"https:\/\/gjiniherbal.com\/","name":"Gjini Herbal","description":"Produkte Natyrale","publisher":{"@id":"https:\/\/gjiniherbal.com\/#organization"},"potentialAction":[{"@type":"SearchAction","target":{"@type":"EntryPoint","urlTemplate":"https:\/\/gjiniherbal.com\/?s={search_term_string}"},"query-input":{"@type":"PropertyValueSpecification","valueRequired":true,"valueName":"search_term_string"}}],"inLanguage":"sq"},{"@type":"Organization","@id":"https:\/\/gjiniherbal.com\/#organization","name":"Gjini Herbal","url":"https:\/\/gjiniherbal.com\/","logo":{"@type":"ImageObject","inLanguage":"sq","@id":"https:\/\/gjiniherbal.com\/#\/schema\/logo\/image\/","url":"https:\/\/gjiniherbal.com\/wp-content\/uploads\/2022\/07\/gjini-herbal-logo.png","contentUrl":"https:\/\/gjiniherbal.com\/wp-content\/uploads\/2022\/07\/gjini-herbal-logo.png","width":652,"height":262,"caption":"Gjini Herbal"},"image":{"@id":"https:\/\/gjiniherbal.com\/#\/schema\/logo\/image\/"},"sameAs":["https:\/\/facebook.com\/gjiniherbal","https:\/\/instagram.com\/gjiniherbal","https:\/\/www.youtube.com\/channel\/UC_tHHueG-qxycnvdro4jHtQ"]}]}},"jetpack-related-posts":[],"jetpack_sharing_enabled":true,"_links":{"self":[{"href":"https:\/\/gjiniherbal.com\/sq\/wp-json\/wp\/v2\/product\/2043","targetHints":{"allow":["GET"]}}],"collection":[{"href":"https:\/\/gjiniherbal.com\/sq\/wp-json\/wp\/v2\/product"}],"about":[{"href":"https:\/\/gjiniherbal.com\/sq\/wp-json\/wp\/v2\/types\/product"}],"wp:featuredmedia":[{"embeddable":true,"href":"https:\/\/gjiniherbal.com\/sq\/wp-json\/wp\/v2\/media\/2044"}],"wp:attachment":[{"href":"https:\/\/gjiniherbal.com\/sq\/wp-json\/wp\/v2\/media?parent=2043"}],"wp:term":[{"taxonomy":"product_brand","embeddable":true,"href":"https:\/\/gjiniherbal.com\/sq\/wp-json\/wp\/v2\/product_brand?post=2043"},{"taxonomy":"product_cat","embeddable":true,"href":"https:\/\/gjiniherbal.com\/sq\/wp-json\/wp\/v2\/product_cat?post=2043"},{"taxonomy":"product_tag","embeddable":true,"href":"https:\/\/gjiniherbal.com\/sq\/wp-json\/wp\/v2\/product_tag?post=2043"}],"curies":[{"name":"wp","href":"https:\/\/api.w.org\/{rel}","templated":true}]}}