{"id":2037,"date":"2024-01-03T18:01:00","date_gmt":"2024-01-03T17:01:00","guid":{"rendered":"https:\/\/gjiniherbal.com\/?post_type=product&#038;p=2037"},"modified":"2024-01-20T19:24:48","modified_gmt":"2024-01-20T18:24:48","slug":"serum-per-kujdesin-nen-sy","status":"publish","type":"product","link":"https:\/\/gjiniherbal.com\/sq\/produkt\/kujdes-i-lekures\/serum-per-kujdesin-nen-sy\/","title":{"rendered":"Serum p\u00ebr kujdesin n\u00ebn sy 12 ml"},"content":{"rendered":"<p>Serumi Talya Under Eye Care ka nj\u00eb kombinim t\u00eb ve\u00e7ant\u00eb t\u00eb vajit t\u00eb bajames s\u00eb \u00ebmb\u00ebl, vajit t\u00eb kumakit, vajit t\u00eb far\u00ebs s\u00eb rrushit, vajit t\u00eb ullirit, vajit t\u00eb avokados, vajit t\u00eb kamomilit, vajit t\u00eb kopr\u00ebs, vitamin\u00ebs E, vitamin\u00ebs C, acidit hialuronik dhe vitamin\u00ebs B5.<\/p>\n<p>Me p\u00ebrmbajtjen e tij t\u00eb pasur me p\u00ebrb\u00ebr\u00ebs, ky serum ndihmon p\u00ebr t\u00eb marr\u00eb pamjen m\u00eb t\u00eb but\u00eb dhe m\u00eb t\u00eb shndritshme n\u00ebn sy kur p\u00ebrdoret rregullisht.<\/p>\n<p><strong>P\u00ebr p\u00ebrdorim t\u00eb jasht\u00ebm:<\/strong> Aplikojeni dy her\u00eb n\u00eb dit\u00eb n\u00eb zon\u00ebn posht\u00eb syve, mund\u00ebsisht n\u00eb m\u00ebngjes dhe para gjumit.<\/p>","protected":false},"excerpt":{"rendered":"<ul>\n<li>Kund\u00ebr njollave t\u00eb zeza posht\u00eb syve<\/li>\n<li>Ndihmon p\u00ebr t\u00eb marr\u00eb pamjen m\u00eb t\u00eb but\u00eb dhe m\u00eb t\u00eb shndritshme n\u00ebn sy kur p\u00ebrdoret rregullisht.<\/li>\n<\/ul>\n<p><strong>Sasia: 12 ml<\/strong><\/p>","protected":false},"featured_media":2041,"template":"","meta":{"_acf_changed":false,"_et_pb_use_builder":"","_et_pb_old_content":"","_et_gb_content_width":"","_monsterinsights_skip_tracking":false,"_monsterinsights_sitenote_active":false,"_monsterinsights_sitenote_note":"","_monsterinsights_sitenote_category":0,"_joinchat":[]},"product_brand":[],"product_cat":[480,831],"product_tag":[915,879,542,530],"class_list":{"0":"post-2037","1":"product","2":"type-product","3":"status-publish","4":"has-post-thumbnail","6":"product_cat-kujdes-i-lekures","7":"product_cat-kujdesi-fytyres","8":"product_tag-kujdesi-i-fytyres","9":"product_tag-kujdesi-i-lekures","10":"product_tag-rrathet-e-syrit","11":"product_tag-serum","13":"first","14":"instock","15":"shipping-taxable","16":"purchasable","17":"product-type-simple"},"acf":[],"jetpack-related-posts":[],"jetpack_sharing_enabled":true,"_links":{"self":[{"href":"https:\/\/gjiniherbal.com\/sq\/wp-json\/wp\/v2\/product\/2037","targetHints":{"allow":["GET"]}}],"collection":[{"href":"https:\/\/gjiniherbal.com\/sq\/wp-json\/wp\/v2\/product"}],"about":[{"href":"https:\/\/gjiniherbal.com\/sq\/wp-json\/wp\/v2\/types\/product"}],"wp:featuredmedia":[{"embeddable":true,"href":"https:\/\/gjiniherbal.com\/sq\/wp-json\/wp\/v2\/media\/2041"}],"wp:attachment":[{"href":"https:\/\/gjiniherbal.com\/sq\/wp-json\/wp\/v2\/media?parent=2037"}],"wp:term":[{"taxonomy":"product_brand","embeddable":true,"href":"https:\/\/gjiniherbal.com\/sq\/wp-json\/wp\/v2\/product_brand?post=2037"},{"taxonomy":"product_cat","embeddable":true,"href":"https:\/\/gjiniherbal.com\/sq\/wp-json\/wp\/v2\/product_cat?post=2037"},{"taxonomy":"product_tag","embeddable":true,"href":"https:\/\/gjiniherbal.com\/sq\/wp-json\/wp\/v2\/product_tag?post=2037"}],"curies":[{"name":"wp","href":"https:\/\/api.w.org\/{rel}","templated":true}]}}