{"id":2027,"date":"2024-01-03T17:55:05","date_gmt":"2024-01-03T16:55:05","guid":{"rendered":"https:\/\/gjiniherbal.com\/?post_type=product&#038;p=2027"},"modified":"2024-01-23T14:02:08","modified_gmt":"2024-01-23T13:02:08","slug":"vaj-argani-plus","status":"publish","type":"product","link":"https:\/\/gjiniherbal.com\/sq\/produkt\/kujdes-i-lekures\/vaj-argani-plus\/","title":{"rendered":"Vaj argani PLUS 30 ml"},"content":{"rendered":"<p>P\u00ebrmban <strong>Vitamin\u00eb C<\/strong>, <strong>Vitamin\u00eb E<\/strong>, <strong>Vitamin\u00eb B5<\/strong>.<\/p>\n<p><strong>P\u00ebrfitimet:<\/strong><\/p>\n<ul>\n<li>Ndihmon n\u00eb zbutjen dhe hidratimin e l\u00ebkur\u00ebs.<\/li>\n<li>Ndihmon n\u00eb rigjenerimin e qelizave t\u00eb l\u00ebkur\u00ebs.<\/li>\n<li>Ndihmon flok\u00ebt t\u00eb duken m\u00eb t\u00eb shndritsh\u00ebm dhe m\u00eb t\u00eb gjall\u00eb dhe ushqen skalpin e kok\u00ebs.<\/li>\n<li>\u00cbsht\u00eb i pajtuesh\u00ebm me t\u00eb gjitha llojet e l\u00ebkur\u00ebs.<\/li>\n<\/ul>\n<p><strong>P\u00ebrdorimi:<\/strong> Aplikojeni n\u00eb l\u00ebkur\u00eb t\u00eb past\u00ebr dy her\u00eb n\u00eb dit\u00eb dhe masazhojeni p\u00ebr t\u00eb siguruar p\u00ebrthithjen. Aplikoni sasin\u00eb e duhur t\u00eb vajit n\u00eb majat e gishtave dhe masazhoni flok\u00ebt dhe l\u00ebkur\u00ebn e kok\u00ebs. Lani flok\u00ebt pasi prisni 30 minuta.<\/p>","protected":false},"excerpt":{"rendered":"<ul>\n<li>Ndihmon n\u00eb zbutjen dhe hidratimin e l\u00ebkur\u00ebs.<\/li>\n<li>Ndihmon n\u00eb rigjenerimin e qelizave t\u00eb l\u00ebkur\u00ebs.<\/li>\n<li>Ndihmon flok\u00ebt t\u00eb duken m\u00eb t\u00eb shndritsh\u00ebm dhe m\u00eb t\u00eb gjall\u00eb dhe ushqen skalpin e kok\u00ebs.<\/li>\n<li>\u00cbsht\u00eb i pajtuesh\u00ebm me t\u00eb gjitha llojet e l\u00ebkur\u00ebs.<\/li>\n<\/ul>","protected":false},"featured_media":2033,"template":"","meta":{"_acf_changed":false,"_et_pb_use_builder":"","_et_pb_old_content":"","_et_gb_content_width":"","_monsterinsights_skip_tracking":false,"_monsterinsights_sitenote_active":false,"_monsterinsights_sitenote_note":"","_monsterinsights_sitenote_category":0,"_joinchat":[]},"product_brand":[],"product_cat":[922,480],"product_tag":[551,925,923,879,924],"class_list":{"0":"post-2027","1":"product","2":"type-product","3":"status-publish","4":"has-post-thumbnail","6":"product_cat-kujdesi-i-flokeve","7":"product_cat-kujdes-i-lekures","8":"product_tag-argan","9":"product_tag-argan-plus","10":"product_tag-kujdesi-i-flokeve","11":"product_tag-kujdesi-i-lekures","12":"product_tag-vaj-argani","14":"first","15":"instock","16":"shipping-taxable","17":"purchasable","18":"product-type-simple"},"acf":[],"yoast_head":"<!-- This site is optimized with the Yoast SEO plugin v27.4 - https:\/\/yoast.com\/product\/yoast-seo-wordpress\/ -->\n<title>Vaj argani PLUS 30 ml - Gjini Herbal<\/title>\n<meta name=\"description\" content=\"Vaj argani PLUS ndihmon n\u00eb zbutjen dhe hidratimin e l\u00ebkur\u00ebs. Ndihmon n\u00eb rigjenerimin e qelizave t\u00eb l\u00ebkur\u00ebs. Ndihmon flok\u00ebt t\u00eb duken m\u00eb t\u00eb shndritsh\u00ebm dhe m\u00eb t\u00eb gjall\u00eb dhe ushqen skalpin e kok\u00ebs. \u00cbsht\u00eb i pajtuesh\u00ebm me t\u00eb gjitha llojet e l\u00ebkur\u00ebs.\" \/>\n<meta name=\"robots\" content=\"index, follow, max-snippet:-1, max-image-preview:large, max-video-preview:-1\" \/>\n<link rel=\"canonical\" href=\"https:\/\/gjiniherbal.com\/sq\/produkt\/kujdes-i-lekures\/vaj-argani-plus\/\" \/>\n<meta property=\"og:locale\" content=\"sq_AL\" \/>\n<meta property=\"og:type\" content=\"article\" \/>\n<meta property=\"og:title\" content=\"Vaj argani PLUS 30 ml - Gjini Herbal\" \/>\n<meta property=\"og:description\" content=\"Vaj argani PLUS ndihmon n\u00eb zbutjen dhe hidratimin e l\u00ebkur\u00ebs. Ndihmon n\u00eb rigjenerimin e qelizave t\u00eb l\u00ebkur\u00ebs. Ndihmon flok\u00ebt t\u00eb duken m\u00eb t\u00eb shndritsh\u00ebm dhe m\u00eb t\u00eb gjall\u00eb dhe ushqen skalpin e kok\u00ebs. \u00cbsht\u00eb i pajtuesh\u00ebm me t\u00eb gjitha llojet e l\u00ebkur\u00ebs.\" \/>\n<meta property=\"og:url\" content=\"https:\/\/gjiniherbal.com\/sq\/produkt\/kujdes-i-lekures\/vaj-argani-plus\/\" \/>\n<meta property=\"og:site_name\" content=\"Gjini Herbal\" \/>\n<meta property=\"article:publisher\" content=\"https:\/\/facebook.com\/gjiniherbal\" \/>\n<meta property=\"article:modified_time\" content=\"2024-01-23T13:02:08+00:00\" \/>\n<meta property=\"og:image\" content=\"https:\/\/gjiniherbal.com\/wp-content\/uploads\/2024\/01\/2ar.webp\" \/>\n\t<meta property=\"og:image:width\" content=\"1000\" \/>\n\t<meta property=\"og:image:height\" content=\"1000\" \/>\n\t<meta property=\"og:image:type\" content=\"image\/webp\" \/>\n<meta name=\"twitter:card\" content=\"summary_large_image\" \/>\n<meta name=\"twitter:label1\" content=\"Est. reading time\" \/>\n\t<meta name=\"twitter:data1\" content=\"1 minut\u00eb\" \/>\n<script type=\"application\/ld+json\" class=\"yoast-schema-graph\">{\"@context\":\"https:\\\/\\\/schema.org\",\"@graph\":[{\"@type\":\"WebPage\",\"@id\":\"https:\\\/\\\/gjiniherbal.com\\\/produkt\\\/kujdes-i-lekures\\\/vaj-argani-plus\\\/\",\"url\":\"https:\\\/\\\/gjiniherbal.com\\\/produkt\\\/kujdes-i-lekures\\\/vaj-argani-plus\\\/\",\"name\":\"Vaj argani PLUS 30 ml - Gjini Herbal\",\"isPartOf\":{\"@id\":\"https:\\\/\\\/gjiniherbal.com\\\/#website\"},\"primaryImageOfPage\":{\"@id\":\"https:\\\/\\\/gjiniherbal.com\\\/produkt\\\/kujdes-i-lekures\\\/vaj-argani-plus\\\/#primaryimage\"},\"image\":{\"@id\":\"https:\\\/\\\/gjiniherbal.com\\\/produkt\\\/kujdes-i-lekures\\\/vaj-argani-plus\\\/#primaryimage\"},\"thumbnailUrl\":\"https:\\\/\\\/gjiniherbal.com\\\/wp-content\\\/uploads\\\/2024\\\/01\\\/2ar.webp\",\"datePublished\":\"2024-01-03T16:55:05+00:00\",\"dateModified\":\"2024-01-23T13:02:08+00:00\",\"description\":\"Vaj argani PLUS ndihmon n\u00eb zbutjen dhe hidratimin e l\u00ebkur\u00ebs. Ndihmon n\u00eb rigjenerimin e qelizave t\u00eb l\u00ebkur\u00ebs. Ndihmon flok\u00ebt t\u00eb duken m\u00eb t\u00eb shndritsh\u00ebm dhe m\u00eb t\u00eb gjall\u00eb dhe ushqen skalpin e kok\u00ebs. \u00cbsht\u00eb i pajtuesh\u00ebm me t\u00eb gjitha llojet e l\u00ebkur\u00ebs.\",\"breadcrumb\":{\"@id\":\"https:\\\/\\\/gjiniherbal.com\\\/produkt\\\/kujdes-i-lekures\\\/vaj-argani-plus\\\/#breadcrumb\"},\"inLanguage\":\"sq\",\"potentialAction\":[{\"@type\":\"ReadAction\",\"target\":[\"https:\\\/\\\/gjiniherbal.com\\\/produkt\\\/kujdes-i-lekures\\\/vaj-argani-plus\\\/\"]}]},{\"@type\":\"ImageObject\",\"inLanguage\":\"sq\",\"@id\":\"https:\\\/\\\/gjiniherbal.com\\\/produkt\\\/kujdes-i-lekures\\\/vaj-argani-plus\\\/#primaryimage\",\"url\":\"https:\\\/\\\/gjiniherbal.com\\\/wp-content\\\/uploads\\\/2024\\\/01\\\/2ar.webp\",\"contentUrl\":\"https:\\\/\\\/gjiniherbal.com\\\/wp-content\\\/uploads\\\/2024\\\/01\\\/2ar.webp\",\"width\":1000,\"height\":1000},{\"@type\":\"BreadcrumbList\",\"@id\":\"https:\\\/\\\/gjiniherbal.com\\\/produkt\\\/kujdes-i-lekures\\\/vaj-argani-plus\\\/#breadcrumb\",\"itemListElement\":[{\"@type\":\"ListItem\",\"position\":1,\"name\":\"Home\",\"item\":\"https:\\\/\\\/gjiniherbal.com\\\/en_us\\\/\"},{\"@type\":\"ListItem\",\"position\":2,\"name\":\"Shop\",\"item\":\"https:\\\/\\\/gjiniherbal.com\\\/en_us\\\/shop\\\/\"},{\"@type\":\"ListItem\",\"position\":3,\"name\":\"Vaj argani PLUS 30 ml\"}]},{\"@type\":\"WebSite\",\"@id\":\"https:\\\/\\\/gjiniherbal.com\\\/#website\",\"url\":\"https:\\\/\\\/gjiniherbal.com\\\/\",\"name\":\"Gjini Herbal\",\"description\":\"Produkte Natyrale\",\"publisher\":{\"@id\":\"https:\\\/\\\/gjiniherbal.com\\\/#organization\"},\"potentialAction\":[{\"@type\":\"SearchAction\",\"target\":{\"@type\":\"EntryPoint\",\"urlTemplate\":\"https:\\\/\\\/gjiniherbal.com\\\/?s={search_term_string}\"},\"query-input\":{\"@type\":\"PropertyValueSpecification\",\"valueRequired\":true,\"valueName\":\"search_term_string\"}}],\"inLanguage\":\"sq\"},{\"@type\":\"Organization\",\"@id\":\"https:\\\/\\\/gjiniherbal.com\\\/#organization\",\"name\":\"Gjini Herbal\",\"url\":\"https:\\\/\\\/gjiniherbal.com\\\/\",\"logo\":{\"@type\":\"ImageObject\",\"inLanguage\":\"sq\",\"@id\":\"https:\\\/\\\/gjiniherbal.com\\\/#\\\/schema\\\/logo\\\/image\\\/\",\"url\":\"https:\\\/\\\/gjiniherbal.com\\\/wp-content\\\/uploads\\\/2022\\\/07\\\/gjini-herbal-logo.png\",\"contentUrl\":\"https:\\\/\\\/gjiniherbal.com\\\/wp-content\\\/uploads\\\/2022\\\/07\\\/gjini-herbal-logo.png\",\"width\":652,\"height\":262,\"caption\":\"Gjini Herbal\"},\"image\":{\"@id\":\"https:\\\/\\\/gjiniherbal.com\\\/#\\\/schema\\\/logo\\\/image\\\/\"},\"sameAs\":[\"https:\\\/\\\/facebook.com\\\/gjiniherbal\",\"https:\\\/\\\/instagram.com\\\/gjiniherbal\",\"https:\\\/\\\/www.youtube.com\\\/channel\\\/UC_tHHueG-qxycnvdro4jHtQ\"]}]}<\/script>\n<!-- \/ Yoast SEO plugin. -->","yoast_head_json":{"title":"Vaj argani PLUS 30 ml - Gjini Herbal","description":"Vaj argani PLUS ndihmon n\u00eb zbutjen dhe hidratimin e l\u00ebkur\u00ebs. Ndihmon n\u00eb rigjenerimin e qelizave t\u00eb l\u00ebkur\u00ebs. Ndihmon flok\u00ebt t\u00eb duken m\u00eb t\u00eb shndritsh\u00ebm dhe m\u00eb t\u00eb gjall\u00eb dhe ushqen skalpin e kok\u00ebs. \u00cbsht\u00eb i pajtuesh\u00ebm me t\u00eb gjitha llojet e l\u00ebkur\u00ebs.","robots":{"index":"index","follow":"follow","max-snippet":"max-snippet:-1","max-image-preview":"max-image-preview:large","max-video-preview":"max-video-preview:-1"},"canonical":"https:\/\/gjiniherbal.com\/sq\/produkt\/kujdes-i-lekures\/vaj-argani-plus\/","og_locale":"sq_AL","og_type":"article","og_title":"Vaj argani PLUS 30 ml - Gjini Herbal","og_description":"Vaj argani PLUS ndihmon n\u00eb zbutjen dhe hidratimin e l\u00ebkur\u00ebs. Ndihmon n\u00eb rigjenerimin e qelizave t\u00eb l\u00ebkur\u00ebs. Ndihmon flok\u00ebt t\u00eb duken m\u00eb t\u00eb shndritsh\u00ebm dhe m\u00eb t\u00eb gjall\u00eb dhe ushqen skalpin e kok\u00ebs. \u00cbsht\u00eb i pajtuesh\u00ebm me t\u00eb gjitha llojet e l\u00ebkur\u00ebs.","og_url":"https:\/\/gjiniherbal.com\/sq\/produkt\/kujdes-i-lekures\/vaj-argani-plus\/","og_site_name":"Gjini Herbal","article_publisher":"https:\/\/facebook.com\/gjiniherbal","article_modified_time":"2024-01-23T13:02:08+00:00","og_image":[{"width":1000,"height":1000,"url":"https:\/\/gjiniherbal.com\/wp-content\/uploads\/2024\/01\/2ar.webp","type":"image\/webp"}],"twitter_card":"summary_large_image","twitter_misc":{"Est. reading time":"1 minut\u00eb"},"schema":{"@context":"https:\/\/schema.org","@graph":[{"@type":"WebPage","@id":"https:\/\/gjiniherbal.com\/produkt\/kujdes-i-lekures\/vaj-argani-plus\/","url":"https:\/\/gjiniherbal.com\/produkt\/kujdes-i-lekures\/vaj-argani-plus\/","name":"Vaj argani PLUS 30 ml - Gjini Herbal","isPartOf":{"@id":"https:\/\/gjiniherbal.com\/#website"},"primaryImageOfPage":{"@id":"https:\/\/gjiniherbal.com\/produkt\/kujdes-i-lekures\/vaj-argani-plus\/#primaryimage"},"image":{"@id":"https:\/\/gjiniherbal.com\/produkt\/kujdes-i-lekures\/vaj-argani-plus\/#primaryimage"},"thumbnailUrl":"https:\/\/gjiniherbal.com\/wp-content\/uploads\/2024\/01\/2ar.webp","datePublished":"2024-01-03T16:55:05+00:00","dateModified":"2024-01-23T13:02:08+00:00","description":"Vaj argani PLUS ndihmon n\u00eb zbutjen dhe hidratimin e l\u00ebkur\u00ebs. Ndihmon n\u00eb rigjenerimin e qelizave t\u00eb l\u00ebkur\u00ebs. Ndihmon flok\u00ebt t\u00eb duken m\u00eb t\u00eb shndritsh\u00ebm dhe m\u00eb t\u00eb gjall\u00eb dhe ushqen skalpin e kok\u00ebs. \u00cbsht\u00eb i pajtuesh\u00ebm me t\u00eb gjitha llojet e l\u00ebkur\u00ebs.","breadcrumb":{"@id":"https:\/\/gjiniherbal.com\/produkt\/kujdes-i-lekures\/vaj-argani-plus\/#breadcrumb"},"inLanguage":"sq","potentialAction":[{"@type":"ReadAction","target":["https:\/\/gjiniherbal.com\/produkt\/kujdes-i-lekures\/vaj-argani-plus\/"]}]},{"@type":"ImageObject","inLanguage":"sq","@id":"https:\/\/gjiniherbal.com\/produkt\/kujdes-i-lekures\/vaj-argani-plus\/#primaryimage","url":"https:\/\/gjiniherbal.com\/wp-content\/uploads\/2024\/01\/2ar.webp","contentUrl":"https:\/\/gjiniherbal.com\/wp-content\/uploads\/2024\/01\/2ar.webp","width":1000,"height":1000},{"@type":"BreadcrumbList","@id":"https:\/\/gjiniherbal.com\/produkt\/kujdes-i-lekures\/vaj-argani-plus\/#breadcrumb","itemListElement":[{"@type":"ListItem","position":1,"name":"Home","item":"https:\/\/gjiniherbal.com\/en_us\/"},{"@type":"ListItem","position":2,"name":"Shop","item":"https:\/\/gjiniherbal.com\/en_us\/shop\/"},{"@type":"ListItem","position":3,"name":"Vaj argani PLUS 30 ml"}]},{"@type":"WebSite","@id":"https:\/\/gjiniherbal.com\/#website","url":"https:\/\/gjiniherbal.com\/","name":"Gjini Herbal","description":"Produkte Natyrale","publisher":{"@id":"https:\/\/gjiniherbal.com\/#organization"},"potentialAction":[{"@type":"SearchAction","target":{"@type":"EntryPoint","urlTemplate":"https:\/\/gjiniherbal.com\/?s={search_term_string}"},"query-input":{"@type":"PropertyValueSpecification","valueRequired":true,"valueName":"search_term_string"}}],"inLanguage":"sq"},{"@type":"Organization","@id":"https:\/\/gjiniherbal.com\/#organization","name":"Gjini Herbal","url":"https:\/\/gjiniherbal.com\/","logo":{"@type":"ImageObject","inLanguage":"sq","@id":"https:\/\/gjiniherbal.com\/#\/schema\/logo\/image\/","url":"https:\/\/gjiniherbal.com\/wp-content\/uploads\/2022\/07\/gjini-herbal-logo.png","contentUrl":"https:\/\/gjiniherbal.com\/wp-content\/uploads\/2022\/07\/gjini-herbal-logo.png","width":652,"height":262,"caption":"Gjini Herbal"},"image":{"@id":"https:\/\/gjiniherbal.com\/#\/schema\/logo\/image\/"},"sameAs":["https:\/\/facebook.com\/gjiniherbal","https:\/\/instagram.com\/gjiniherbal","https:\/\/www.youtube.com\/channel\/UC_tHHueG-qxycnvdro4jHtQ"]}]}},"jetpack-related-posts":[],"jetpack_sharing_enabled":true,"_links":{"self":[{"href":"https:\/\/gjiniherbal.com\/sq\/wp-json\/wp\/v2\/product\/2027","targetHints":{"allow":["GET"]}}],"collection":[{"href":"https:\/\/gjiniherbal.com\/sq\/wp-json\/wp\/v2\/product"}],"about":[{"href":"https:\/\/gjiniherbal.com\/sq\/wp-json\/wp\/v2\/types\/product"}],"wp:featuredmedia":[{"embeddable":true,"href":"https:\/\/gjiniherbal.com\/sq\/wp-json\/wp\/v2\/media\/2033"}],"wp:attachment":[{"href":"https:\/\/gjiniherbal.com\/sq\/wp-json\/wp\/v2\/media?parent=2027"}],"wp:term":[{"taxonomy":"product_brand","embeddable":true,"href":"https:\/\/gjiniherbal.com\/sq\/wp-json\/wp\/v2\/product_brand?post=2027"},{"taxonomy":"product_cat","embeddable":true,"href":"https:\/\/gjiniherbal.com\/sq\/wp-json\/wp\/v2\/product_cat?post=2027"},{"taxonomy":"product_tag","embeddable":true,"href":"https:\/\/gjiniherbal.com\/sq\/wp-json\/wp\/v2\/product_tag?post=2027"}],"curies":[{"name":"wp","href":"https:\/\/api.w.org\/{rel}","templated":true}]}}