{"id":1989,"date":"2024-01-03T10:24:57","date_gmt":"2024-01-03T09:24:57","guid":{"rendered":"https:\/\/gjiniherbal.com\/?post_type=product&#038;p=1989"},"modified":"2024-01-23T13:41:06","modified_gmt":"2024-01-23T12:41:06","slug":"vaj-per-kujdesin-e-flokeve","status":"publish","type":"product","link":"https:\/\/gjiniherbal.com\/sq\/produkt\/vajra-vegjetale\/vaj-per-kujdesin-e-flokeve\/","title":{"rendered":"Vaj p\u00ebr kujdesin e flok\u00ebve 80 ml"},"content":{"rendered":"<p>Talya prezanton linj\u00ebn e saj t\u00eb Aromaterapis\u00eb q\u00eb p\u00ebrmban p\u00ebrzierje t\u00eb ve\u00e7anta vajrash esencial\u00eb mesdhetar\u00eb!<\/p>\n<p>Vaj p\u00ebr kujdesin e flok\u00ebve Talya ka nj\u00eb kombinim t\u00eb ve\u00e7ant\u00eb t\u00eb vajit t\u00eb far\u00ebs s\u00eb zez\u00eb, vajit t\u00eb kastorit, vajit t\u00eb kamomilit, vajit t\u00eb gjetheve t\u00eb dafin\u00ebs, vajit t\u00eb lulediellit, vajit t\u00eb bajames s\u00eb \u00ebmb\u00ebl, vajit t\u00eb far\u00ebs s\u00eb hithr\u00ebs, vajit t\u00eb arganit dhe vitamin\u00ebs E. Kjo p\u00ebrzierje e p\u00ebrsosur vaji ndihmon n\u00eb parandalimin e r\u00ebnies s\u00eb flok\u00ebve dhe promovon rritje t\u00eb sh\u00ebndetshme t\u00eb flok\u00ebve dhe skalp t\u00eb sh\u00ebndetsh\u00ebm. Gjithashtu ushqen flok\u00ebt.<\/p>\n<p><strong>P\u00ebr p\u00ebrdorim t\u00eb jasht\u00ebm:<\/strong>\u00a0Aplikojeni n\u00eb zon\u00ebn e nevojshme duke masazhuar. Shp\u00eblajeni me uj\u00eb t\u00eb ngroht\u00eb dhe sapun.<\/p>","protected":false},"excerpt":{"rendered":"<ul>\n<li>Ndihmon n\u00eb parandalimin e r\u00ebnies s\u00eb flokut<\/li>\n<li>Forcon flokun<\/li>\n<li>Promovon nj\u00eb skalp t\u00eb sh\u00ebndetsh\u00ebm<\/li>\n<li>I jep shk\u00eblqim flokut<\/li>\n<\/ul>","protected":false},"featured_media":1991,"template":"","meta":{"_acf_changed":false,"_et_pb_use_builder":"","_et_pb_old_content":"","_et_gb_content_width":"","_monsterinsights_skip_tracking":false,"_monsterinsights_sitenote_active":false,"_monsterinsights_sitenote_note":"","_monsterinsights_sitenote_category":0,"_joinchat":[]},"product_brand":[],"product_cat":[922,503],"product_tag":[517,640,852],"class_list":{"0":"post-1989","1":"product","2":"type-product","3":"status-publish","4":"has-post-thumbnail","6":"product_cat-kujdesi-i-flokeve","7":"product_cat-vajra-vegjetale","8":"product_tag-floke","9":"product_tag-renia-e-flokeve","10":"product_tag-zbokth","12":"first","13":"instock","14":"shipping-taxable","15":"purchasable","16":"product-type-simple"},"acf":[],"yoast_head":"<!-- This site is optimized with the Yoast SEO plugin v27.4 - https:\/\/yoast.com\/product\/yoast-seo-wordpress\/ -->\n<title>Vaj p\u00ebr kujdesin e flok\u00ebve 80 ml - Gjini Herbal<\/title>\n<meta name=\"description\" content=\"Talya prezanton linj\u00ebn e saj t\u00eb Aromaterapis\u00eb q\u00eb p\u00ebrmban p\u00ebrzierje t\u00eb ve\u00e7anta vajrash esencial\u00eb mesdhetar\u00eb, duke p\u00ebrqafuar mrekullin\u00eb e natyr\u00ebs! Vaj p\u00ebr kujdesin e flok\u00ebve Talya ka nj\u00eb kombinim t\u00eb ve\u00e7ant\u00eb t\u00eb vajit t\u00eb far\u00ebs s\u00eb zez\u00eb, vajit t\u00eb kastorit, vajit t\u00eb kamomilit, vajit t\u00eb gjetheve t\u00eb dafin\u00ebs, vajit t\u00eb lulediellit, vajit t\u00eb bajames s\u00eb \u00ebmb\u00ebl, vajit t\u00eb far\u00ebs s\u00eb hithr\u00ebs, vajit t\u00eb arganit dhe vitamin\u00ebs E.\" \/>\n<meta name=\"robots\" content=\"index, follow, max-snippet:-1, max-image-preview:large, max-video-preview:-1\" \/>\n<link rel=\"canonical\" href=\"https:\/\/gjiniherbal.com\/sq\/produkt\/vajra-vegjetale\/vaj-per-kujdesin-e-flokeve\/\" \/>\n<meta property=\"og:locale\" content=\"sq_AL\" \/>\n<meta property=\"og:type\" content=\"article\" \/>\n<meta property=\"og:title\" content=\"Vaj p\u00ebr kujdesin e flok\u00ebve 80 ml - Gjini Herbal\" \/>\n<meta property=\"og:description\" content=\"Talya prezanton linj\u00ebn e saj t\u00eb Aromaterapis\u00eb q\u00eb p\u00ebrmban p\u00ebrzierje t\u00eb ve\u00e7anta vajrash esencial\u00eb mesdhetar\u00eb, duke p\u00ebrqafuar mrekullin\u00eb e natyr\u00ebs! Vaj p\u00ebr kujdesin e flok\u00ebve Talya ka nj\u00eb kombinim t\u00eb ve\u00e7ant\u00eb t\u00eb vajit t\u00eb far\u00ebs s\u00eb zez\u00eb, vajit t\u00eb kastorit, vajit t\u00eb kamomilit, vajit t\u00eb gjetheve t\u00eb dafin\u00ebs, vajit t\u00eb lulediellit, vajit t\u00eb bajames s\u00eb \u00ebmb\u00ebl, vajit t\u00eb far\u00ebs s\u00eb hithr\u00ebs, vajit t\u00eb arganit dhe vitamin\u00ebs E.\" \/>\n<meta property=\"og:url\" content=\"https:\/\/gjiniherbal.com\/sq\/produkt\/vajra-vegjetale\/vaj-per-kujdesin-e-flokeve\/\" \/>\n<meta property=\"og:site_name\" content=\"Gjini Herbal\" \/>\n<meta property=\"article:publisher\" content=\"https:\/\/facebook.com\/gjiniherbal\" \/>\n<meta property=\"article:modified_time\" content=\"2024-01-23T12:41:06+00:00\" \/>\n<meta property=\"og:image\" content=\"https:\/\/gjiniherbal.com\/wp-content\/uploads\/2024\/01\/80ml-hair-care.webp\" \/>\n\t<meta property=\"og:image:width\" content=\"1000\" \/>\n\t<meta property=\"og:image:height\" content=\"1000\" \/>\n\t<meta property=\"og:image:type\" content=\"image\/webp\" \/>\n<meta name=\"twitter:card\" content=\"summary_large_image\" \/>\n<meta name=\"twitter:label1\" content=\"Est. reading time\" \/>\n\t<meta name=\"twitter:data1\" content=\"1 minut\u00eb\" \/>\n<script type=\"application\/ld+json\" class=\"yoast-schema-graph\">{\"@context\":\"https:\\\/\\\/schema.org\",\"@graph\":[{\"@type\":\"WebPage\",\"@id\":\"https:\\\/\\\/gjiniherbal.com\\\/produkt\\\/vajra-vegjetale\\\/vaj-per-kujdesin-e-flokeve\\\/\",\"url\":\"https:\\\/\\\/gjiniherbal.com\\\/produkt\\\/vajra-vegjetale\\\/vaj-per-kujdesin-e-flokeve\\\/\",\"name\":\"Vaj p\u00ebr kujdesin e flok\u00ebve 80 ml - Gjini Herbal\",\"isPartOf\":{\"@id\":\"https:\\\/\\\/gjiniherbal.com\\\/#website\"},\"primaryImageOfPage\":{\"@id\":\"https:\\\/\\\/gjiniherbal.com\\\/produkt\\\/vajra-vegjetale\\\/vaj-per-kujdesin-e-flokeve\\\/#primaryimage\"},\"image\":{\"@id\":\"https:\\\/\\\/gjiniherbal.com\\\/produkt\\\/vajra-vegjetale\\\/vaj-per-kujdesin-e-flokeve\\\/#primaryimage\"},\"thumbnailUrl\":\"https:\\\/\\\/gjiniherbal.com\\\/wp-content\\\/uploads\\\/2024\\\/01\\\/80ml-hair-care.webp\",\"datePublished\":\"2024-01-03T09:24:57+00:00\",\"dateModified\":\"2024-01-23T12:41:06+00:00\",\"description\":\"Talya prezanton linj\u00ebn e saj t\u00eb Aromaterapis\u00eb q\u00eb p\u00ebrmban p\u00ebrzierje t\u00eb ve\u00e7anta vajrash esencial\u00eb mesdhetar\u00eb, duke p\u00ebrqafuar mrekullin\u00eb e natyr\u00ebs! Vaj p\u00ebr kujdesin e flok\u00ebve Talya ka nj\u00eb kombinim t\u00eb ve\u00e7ant\u00eb t\u00eb vajit t\u00eb far\u00ebs s\u00eb zez\u00eb, vajit t\u00eb kastorit, vajit t\u00eb kamomilit, vajit t\u00eb gjetheve t\u00eb dafin\u00ebs, vajit t\u00eb lulediellit, vajit t\u00eb bajames s\u00eb \u00ebmb\u00ebl, vajit t\u00eb far\u00ebs s\u00eb hithr\u00ebs, vajit t\u00eb arganit dhe vitamin\u00ebs E.\",\"breadcrumb\":{\"@id\":\"https:\\\/\\\/gjiniherbal.com\\\/produkt\\\/vajra-vegjetale\\\/vaj-per-kujdesin-e-flokeve\\\/#breadcrumb\"},\"inLanguage\":\"sq\",\"potentialAction\":[{\"@type\":\"ReadAction\",\"target\":[\"https:\\\/\\\/gjiniherbal.com\\\/produkt\\\/vajra-vegjetale\\\/vaj-per-kujdesin-e-flokeve\\\/\"]}]},{\"@type\":\"ImageObject\",\"inLanguage\":\"sq\",\"@id\":\"https:\\\/\\\/gjiniherbal.com\\\/produkt\\\/vajra-vegjetale\\\/vaj-per-kujdesin-e-flokeve\\\/#primaryimage\",\"url\":\"https:\\\/\\\/gjiniherbal.com\\\/wp-content\\\/uploads\\\/2024\\\/01\\\/80ml-hair-care.webp\",\"contentUrl\":\"https:\\\/\\\/gjiniherbal.com\\\/wp-content\\\/uploads\\\/2024\\\/01\\\/80ml-hair-care.webp\",\"width\":1000,\"height\":1000,\"caption\":\"floke, zbokth\"},{\"@type\":\"BreadcrumbList\",\"@id\":\"https:\\\/\\\/gjiniherbal.com\\\/produkt\\\/vajra-vegjetale\\\/vaj-per-kujdesin-e-flokeve\\\/#breadcrumb\",\"itemListElement\":[{\"@type\":\"ListItem\",\"position\":1,\"name\":\"Home\",\"item\":\"https:\\\/\\\/gjiniherbal.com\\\/en_us\\\/\"},{\"@type\":\"ListItem\",\"position\":2,\"name\":\"Shop\",\"item\":\"https:\\\/\\\/gjiniherbal.com\\\/en_us\\\/shop\\\/\"},{\"@type\":\"ListItem\",\"position\":3,\"name\":\"Vaj p\u00ebr kujdesin e flok\u00ebve 80 ml\"}]},{\"@type\":\"WebSite\",\"@id\":\"https:\\\/\\\/gjiniherbal.com\\\/#website\",\"url\":\"https:\\\/\\\/gjiniherbal.com\\\/\",\"name\":\"Gjini Herbal\",\"description\":\"Produkte Natyrale\",\"publisher\":{\"@id\":\"https:\\\/\\\/gjiniherbal.com\\\/#organization\"},\"potentialAction\":[{\"@type\":\"SearchAction\",\"target\":{\"@type\":\"EntryPoint\",\"urlTemplate\":\"https:\\\/\\\/gjiniherbal.com\\\/?s={search_term_string}\"},\"query-input\":{\"@type\":\"PropertyValueSpecification\",\"valueRequired\":true,\"valueName\":\"search_term_string\"}}],\"inLanguage\":\"sq\"},{\"@type\":\"Organization\",\"@id\":\"https:\\\/\\\/gjiniherbal.com\\\/#organization\",\"name\":\"Gjini Herbal\",\"url\":\"https:\\\/\\\/gjiniherbal.com\\\/\",\"logo\":{\"@type\":\"ImageObject\",\"inLanguage\":\"sq\",\"@id\":\"https:\\\/\\\/gjiniherbal.com\\\/#\\\/schema\\\/logo\\\/image\\\/\",\"url\":\"https:\\\/\\\/gjiniherbal.com\\\/wp-content\\\/uploads\\\/2022\\\/07\\\/gjini-herbal-logo.png\",\"contentUrl\":\"https:\\\/\\\/gjiniherbal.com\\\/wp-content\\\/uploads\\\/2022\\\/07\\\/gjini-herbal-logo.png\",\"width\":652,\"height\":262,\"caption\":\"Gjini Herbal\"},\"image\":{\"@id\":\"https:\\\/\\\/gjiniherbal.com\\\/#\\\/schema\\\/logo\\\/image\\\/\"},\"sameAs\":[\"https:\\\/\\\/facebook.com\\\/gjiniherbal\",\"https:\\\/\\\/instagram.com\\\/gjiniherbal\",\"https:\\\/\\\/www.youtube.com\\\/channel\\\/UC_tHHueG-qxycnvdro4jHtQ\"]}]}<\/script>\n<!-- \/ Yoast SEO plugin. -->","yoast_head_json":{"title":"Vaj p\u00ebr kujdesin e flok\u00ebve 80 ml - Gjini Herbal","description":"Talya prezanton linj\u00ebn e saj t\u00eb Aromaterapis\u00eb q\u00eb p\u00ebrmban p\u00ebrzierje t\u00eb ve\u00e7anta vajrash esencial\u00eb mesdhetar\u00eb, duke p\u00ebrqafuar mrekullin\u00eb e natyr\u00ebs! Vaj p\u00ebr kujdesin e flok\u00ebve Talya ka nj\u00eb kombinim t\u00eb ve\u00e7ant\u00eb t\u00eb vajit t\u00eb far\u00ebs s\u00eb zez\u00eb, vajit t\u00eb kastorit, vajit t\u00eb kamomilit, vajit t\u00eb gjetheve t\u00eb dafin\u00ebs, vajit t\u00eb lulediellit, vajit t\u00eb bajames s\u00eb \u00ebmb\u00ebl, vajit t\u00eb far\u00ebs s\u00eb hithr\u00ebs, vajit t\u00eb arganit dhe vitamin\u00ebs E.","robots":{"index":"index","follow":"follow","max-snippet":"max-snippet:-1","max-image-preview":"max-image-preview:large","max-video-preview":"max-video-preview:-1"},"canonical":"https:\/\/gjiniherbal.com\/sq\/produkt\/vajra-vegjetale\/vaj-per-kujdesin-e-flokeve\/","og_locale":"sq_AL","og_type":"article","og_title":"Vaj p\u00ebr kujdesin e flok\u00ebve 80 ml - Gjini Herbal","og_description":"Talya prezanton linj\u00ebn e saj t\u00eb Aromaterapis\u00eb q\u00eb p\u00ebrmban p\u00ebrzierje t\u00eb ve\u00e7anta vajrash esencial\u00eb mesdhetar\u00eb, duke p\u00ebrqafuar mrekullin\u00eb e natyr\u00ebs! Vaj p\u00ebr kujdesin e flok\u00ebve Talya ka nj\u00eb kombinim t\u00eb ve\u00e7ant\u00eb t\u00eb vajit t\u00eb far\u00ebs s\u00eb zez\u00eb, vajit t\u00eb kastorit, vajit t\u00eb kamomilit, vajit t\u00eb gjetheve t\u00eb dafin\u00ebs, vajit t\u00eb lulediellit, vajit t\u00eb bajames s\u00eb \u00ebmb\u00ebl, vajit t\u00eb far\u00ebs s\u00eb hithr\u00ebs, vajit t\u00eb arganit dhe vitamin\u00ebs E.","og_url":"https:\/\/gjiniherbal.com\/sq\/produkt\/vajra-vegjetale\/vaj-per-kujdesin-e-flokeve\/","og_site_name":"Gjini Herbal","article_publisher":"https:\/\/facebook.com\/gjiniherbal","article_modified_time":"2024-01-23T12:41:06+00:00","og_image":[{"width":1000,"height":1000,"url":"https:\/\/gjiniherbal.com\/wp-content\/uploads\/2024\/01\/80ml-hair-care.webp","type":"image\/webp"}],"twitter_card":"summary_large_image","twitter_misc":{"Est. reading time":"1 minut\u00eb"},"schema":{"@context":"https:\/\/schema.org","@graph":[{"@type":"WebPage","@id":"https:\/\/gjiniherbal.com\/produkt\/vajra-vegjetale\/vaj-per-kujdesin-e-flokeve\/","url":"https:\/\/gjiniherbal.com\/produkt\/vajra-vegjetale\/vaj-per-kujdesin-e-flokeve\/","name":"Vaj p\u00ebr kujdesin e flok\u00ebve 80 ml - Gjini Herbal","isPartOf":{"@id":"https:\/\/gjiniherbal.com\/#website"},"primaryImageOfPage":{"@id":"https:\/\/gjiniherbal.com\/produkt\/vajra-vegjetale\/vaj-per-kujdesin-e-flokeve\/#primaryimage"},"image":{"@id":"https:\/\/gjiniherbal.com\/produkt\/vajra-vegjetale\/vaj-per-kujdesin-e-flokeve\/#primaryimage"},"thumbnailUrl":"https:\/\/gjiniherbal.com\/wp-content\/uploads\/2024\/01\/80ml-hair-care.webp","datePublished":"2024-01-03T09:24:57+00:00","dateModified":"2024-01-23T12:41:06+00:00","description":"Talya prezanton linj\u00ebn e saj t\u00eb Aromaterapis\u00eb q\u00eb p\u00ebrmban p\u00ebrzierje t\u00eb ve\u00e7anta vajrash esencial\u00eb mesdhetar\u00eb, duke p\u00ebrqafuar mrekullin\u00eb e natyr\u00ebs! Vaj p\u00ebr kujdesin e flok\u00ebve Talya ka nj\u00eb kombinim t\u00eb ve\u00e7ant\u00eb t\u00eb vajit t\u00eb far\u00ebs s\u00eb zez\u00eb, vajit t\u00eb kastorit, vajit t\u00eb kamomilit, vajit t\u00eb gjetheve t\u00eb dafin\u00ebs, vajit t\u00eb lulediellit, vajit t\u00eb bajames s\u00eb \u00ebmb\u00ebl, vajit t\u00eb far\u00ebs s\u00eb hithr\u00ebs, vajit t\u00eb arganit dhe vitamin\u00ebs E.","breadcrumb":{"@id":"https:\/\/gjiniherbal.com\/produkt\/vajra-vegjetale\/vaj-per-kujdesin-e-flokeve\/#breadcrumb"},"inLanguage":"sq","potentialAction":[{"@type":"ReadAction","target":["https:\/\/gjiniherbal.com\/produkt\/vajra-vegjetale\/vaj-per-kujdesin-e-flokeve\/"]}]},{"@type":"ImageObject","inLanguage":"sq","@id":"https:\/\/gjiniherbal.com\/produkt\/vajra-vegjetale\/vaj-per-kujdesin-e-flokeve\/#primaryimage","url":"https:\/\/gjiniherbal.com\/wp-content\/uploads\/2024\/01\/80ml-hair-care.webp","contentUrl":"https:\/\/gjiniherbal.com\/wp-content\/uploads\/2024\/01\/80ml-hair-care.webp","width":1000,"height":1000,"caption":"floke, zbokth"},{"@type":"BreadcrumbList","@id":"https:\/\/gjiniherbal.com\/produkt\/vajra-vegjetale\/vaj-per-kujdesin-e-flokeve\/#breadcrumb","itemListElement":[{"@type":"ListItem","position":1,"name":"Home","item":"https:\/\/gjiniherbal.com\/en_us\/"},{"@type":"ListItem","position":2,"name":"Shop","item":"https:\/\/gjiniherbal.com\/en_us\/shop\/"},{"@type":"ListItem","position":3,"name":"Vaj p\u00ebr kujdesin e flok\u00ebve 80 ml"}]},{"@type":"WebSite","@id":"https:\/\/gjiniherbal.com\/#website","url":"https:\/\/gjiniherbal.com\/","name":"Gjini Herbal","description":"Produkte Natyrale","publisher":{"@id":"https:\/\/gjiniherbal.com\/#organization"},"potentialAction":[{"@type":"SearchAction","target":{"@type":"EntryPoint","urlTemplate":"https:\/\/gjiniherbal.com\/?s={search_term_string}"},"query-input":{"@type":"PropertyValueSpecification","valueRequired":true,"valueName":"search_term_string"}}],"inLanguage":"sq"},{"@type":"Organization","@id":"https:\/\/gjiniherbal.com\/#organization","name":"Gjini Herbal","url":"https:\/\/gjiniherbal.com\/","logo":{"@type":"ImageObject","inLanguage":"sq","@id":"https:\/\/gjiniherbal.com\/#\/schema\/logo\/image\/","url":"https:\/\/gjiniherbal.com\/wp-content\/uploads\/2022\/07\/gjini-herbal-logo.png","contentUrl":"https:\/\/gjiniherbal.com\/wp-content\/uploads\/2022\/07\/gjini-herbal-logo.png","width":652,"height":262,"caption":"Gjini Herbal"},"image":{"@id":"https:\/\/gjiniherbal.com\/#\/schema\/logo\/image\/"},"sameAs":["https:\/\/facebook.com\/gjiniherbal","https:\/\/instagram.com\/gjiniherbal","https:\/\/www.youtube.com\/channel\/UC_tHHueG-qxycnvdro4jHtQ"]}]}},"jetpack-related-posts":[],"jetpack_sharing_enabled":true,"_links":{"self":[{"href":"https:\/\/gjiniherbal.com\/sq\/wp-json\/wp\/v2\/product\/1989","targetHints":{"allow":["GET"]}}],"collection":[{"href":"https:\/\/gjiniherbal.com\/sq\/wp-json\/wp\/v2\/product"}],"about":[{"href":"https:\/\/gjiniherbal.com\/sq\/wp-json\/wp\/v2\/types\/product"}],"wp:featuredmedia":[{"embeddable":true,"href":"https:\/\/gjiniherbal.com\/sq\/wp-json\/wp\/v2\/media\/1991"}],"wp:attachment":[{"href":"https:\/\/gjiniherbal.com\/sq\/wp-json\/wp\/v2\/media?parent=1989"}],"wp:term":[{"taxonomy":"product_brand","embeddable":true,"href":"https:\/\/gjiniherbal.com\/sq\/wp-json\/wp\/v2\/product_brand?post=1989"},{"taxonomy":"product_cat","embeddable":true,"href":"https:\/\/gjiniherbal.com\/sq\/wp-json\/wp\/v2\/product_cat?post=1989"},{"taxonomy":"product_tag","embeddable":true,"href":"https:\/\/gjiniherbal.com\/sq\/wp-json\/wp\/v2\/product_tag?post=1989"}],"curies":[{"name":"wp","href":"https:\/\/api.w.org\/{rel}","templated":true}]}}