{"id":1945,"date":"2023-12-25T19:36:59","date_gmt":"2023-12-25T18:36:59","guid":{"rendered":"https:\/\/gjiniherbal.com\/?post_type=product&#038;p=1945"},"modified":"2024-01-24T13:41:19","modified_gmt":"2024-01-24T12:41:19","slug":"vaj-dafine-10-ml","status":"publish","type":"product","link":"https:\/\/gjiniherbal.com\/sq\/produkt\/vajra-esenciale\/vaj-dafine-10-ml\/","title":{"rendered":"Vaj esencial dafine 10 ml"},"content":{"rendered":"<p>Vaji esencial i gjetheve t\u00eb dafin\u00ebs rrjedh nga pema e dafin\u00ebs s\u00eb gjirit, e cila botanikisht njihet edhe si Laurus nobilis, p\u00ebrmes nj\u00eb procesi distilimi me avull. Pema e Dafin\u00ebs s\u00eb Gjirit, nj\u00eb shkurre me gjelb\u00ebrim t\u00eb p\u00ebrhersh\u00ebm, \u00ebsht\u00eb vendase n\u00eb rajonet e Mesdheut dhe Detit t\u00eb Zi.<\/p>\n<p>Ky vaj njihet p\u00ebr leht\u00ebsimin e dhimbjeve t\u00eb ky\u00e7eve dhe muskujve dhe \u00ebsht\u00eb efektiv kund\u00ebr r\u00ebnies s\u00eb flok\u00ebve dhe zbokthit. Ofron leht\u00ebsim t\u00eb frym\u00ebmarrjes.<\/p>\n<p><strong>Vetit\u00eb:<\/strong> Antiseptik, Ekspektorant, Antibakterial, Analgjezik.<\/p>\n<p><strong>P\u00ebrdorimi:<\/strong> Mund t\u00eb shtoni 5-6 pika n\u00eb 20 ml vaj baz\u00eb t\u00eb fiksuar dhe ta aplikoni n\u00eb trupin tuaj duke masazhuar. Ju mund t\u00eb ndryshoni atmosfer\u00ebn e mjedisit tuaj duke shtuar 2-3 pika n\u00eb difuzerin tuaj.<\/p>","protected":false},"excerpt":{"rendered":"<ul>\n<li>Ndihmon p\u00ebr leht\u00ebsimin e dhimbjeve t\u00eb ky\u00e7eve dhe muskujve.<\/li>\n<li>Ndihmon kund\u00ebr r\u00ebnies s\u00eb flok\u00ebve.<\/li>\n<li>Ndihmon n\u00eb parandalimin e formimit t\u00eb zbokthit.<\/li>\n<li>Ofron leht\u00ebsim t\u00eb frym\u00ebmarrjes dhe lufton koll\u00ebn.<\/li>\n<\/ul>","protected":false},"featured_media":1962,"template":"","meta":{"_acf_changed":false,"_et_pb_use_builder":"","_et_pb_old_content":"","_et_gb_content_width":"","_monsterinsights_skip_tracking":false,"_monsterinsights_sitenote_active":false,"_monsterinsights_sitenote_note":"","_monsterinsights_sitenote_category":0,"_joinchat":[]},"product_brand":[],"product_cat":[830],"product_tag":[517,675,942,579,499,674],"class_list":{"0":"post-1945","1":"product","2":"type-product","3":"status-publish","4":"has-post-thumbnail","6":"product_cat-vajra-esenciale","7":"product_tag-floke","8":"product_tag-frymemarrje","9":"product_tag-kolla","10":"product_tag-muskuj","11":"product_tag-vaj-dafine","12":"product_tag-vaj-esencial","14":"first","15":"instock","16":"shipping-taxable","17":"purchasable","18":"product-type-simple"},"acf":[],"yoast_head":"<!-- This site is optimized with the Yoast SEO plugin v27.4 - https:\/\/yoast.com\/product\/yoast-seo-wordpress\/ -->\n<title>Vaj esencial dafine 10 ml - Gjini Herbal<\/title>\n<meta name=\"description\" content=\"Ndihmon p\u00ebr leht\u00ebsimin e dhimbjeve t\u00eb ky\u00e7eve dhe muskujve. Ndihmon kund\u00ebr r\u00ebnies s\u00eb flok\u00ebve. Ndihmon n\u00eb parandalimin e formimit t\u00eb zbokthit. Ofron leht\u00ebsim t\u00eb frym\u00ebmarrjes dhe lufton koll\u00ebn.\" \/>\n<meta name=\"robots\" content=\"index, follow, max-snippet:-1, max-image-preview:large, max-video-preview:-1\" \/>\n<link rel=\"canonical\" href=\"https:\/\/gjiniherbal.com\/sq\/produkt\/vajra-esenciale\/vaj-dafine-10-ml\/\" \/>\n<meta property=\"og:locale\" content=\"sq_AL\" \/>\n<meta property=\"og:type\" content=\"article\" \/>\n<meta property=\"og:title\" content=\"Vaj esencial dafine 10 ml - Gjini Herbal\" \/>\n<meta property=\"og:description\" content=\"Ndihmon p\u00ebr leht\u00ebsimin e dhimbjeve t\u00eb ky\u00e7eve dhe muskujve. Ndihmon kund\u00ebr r\u00ebnies s\u00eb flok\u00ebve. Ndihmon n\u00eb parandalimin e formimit t\u00eb zbokthit. Ofron leht\u00ebsim t\u00eb frym\u00ebmarrjes dhe lufton koll\u00ebn.\" \/>\n<meta property=\"og:url\" content=\"https:\/\/gjiniherbal.com\/sq\/produkt\/vajra-esenciale\/vaj-dafine-10-ml\/\" \/>\n<meta property=\"og:site_name\" content=\"Gjini Herbal\" \/>\n<meta property=\"article:publisher\" content=\"https:\/\/facebook.com\/gjiniherbal\" \/>\n<meta property=\"article:modified_time\" content=\"2024-01-24T12:41:19+00:00\" \/>\n<meta property=\"og:image\" content=\"https:\/\/gjiniherbal.com\/wp-content\/uploads\/2023\/12\/saf-defne-yapragi-ucucu-yagi-10ml-54b-43.jpg\" \/>\n\t<meta property=\"og:image:width\" content=\"1000\" \/>\n\t<meta property=\"og:image:height\" content=\"1000\" \/>\n\t<meta property=\"og:image:type\" content=\"image\/jpeg\" \/>\n<meta name=\"twitter:card\" content=\"summary_large_image\" \/>\n<meta name=\"twitter:label1\" content=\"Est. reading time\" \/>\n\t<meta name=\"twitter:data1\" content=\"1 minut\u00eb\" \/>\n<script type=\"application\/ld+json\" class=\"yoast-schema-graph\">{\"@context\":\"https:\\\/\\\/schema.org\",\"@graph\":[{\"@type\":\"WebPage\",\"@id\":\"https:\\\/\\\/gjiniherbal.com\\\/produkt\\\/vajra-esenciale\\\/vaj-dafine-10-ml\\\/\",\"url\":\"https:\\\/\\\/gjiniherbal.com\\\/produkt\\\/vajra-esenciale\\\/vaj-dafine-10-ml\\\/\",\"name\":\"Vaj esencial dafine 10 ml - Gjini Herbal\",\"isPartOf\":{\"@id\":\"https:\\\/\\\/gjiniherbal.com\\\/#website\"},\"primaryImageOfPage\":{\"@id\":\"https:\\\/\\\/gjiniherbal.com\\\/produkt\\\/vajra-esenciale\\\/vaj-dafine-10-ml\\\/#primaryimage\"},\"image\":{\"@id\":\"https:\\\/\\\/gjiniherbal.com\\\/produkt\\\/vajra-esenciale\\\/vaj-dafine-10-ml\\\/#primaryimage\"},\"thumbnailUrl\":\"https:\\\/\\\/gjiniherbal.com\\\/wp-content\\\/uploads\\\/2023\\\/12\\\/saf-defne-yapragi-ucucu-yagi-10ml-54b-43.jpg\",\"datePublished\":\"2023-12-25T18:36:59+00:00\",\"dateModified\":\"2024-01-24T12:41:19+00:00\",\"description\":\"Ndihmon p\u00ebr leht\u00ebsimin e dhimbjeve t\u00eb ky\u00e7eve dhe muskujve. Ndihmon kund\u00ebr r\u00ebnies s\u00eb flok\u00ebve. Ndihmon n\u00eb parandalimin e formimit t\u00eb zbokthit. Ofron leht\u00ebsim t\u00eb frym\u00ebmarrjes dhe lufton koll\u00ebn.\",\"breadcrumb\":{\"@id\":\"https:\\\/\\\/gjiniherbal.com\\\/produkt\\\/vajra-esenciale\\\/vaj-dafine-10-ml\\\/#breadcrumb\"},\"inLanguage\":\"sq\",\"potentialAction\":[{\"@type\":\"ReadAction\",\"target\":[\"https:\\\/\\\/gjiniherbal.com\\\/produkt\\\/vajra-esenciale\\\/vaj-dafine-10-ml\\\/\"]}]},{\"@type\":\"ImageObject\",\"inLanguage\":\"sq\",\"@id\":\"https:\\\/\\\/gjiniherbal.com\\\/produkt\\\/vajra-esenciale\\\/vaj-dafine-10-ml\\\/#primaryimage\",\"url\":\"https:\\\/\\\/gjiniherbal.com\\\/wp-content\\\/uploads\\\/2023\\\/12\\\/saf-defne-yapragi-ucucu-yagi-10ml-54b-43.jpg\",\"contentUrl\":\"https:\\\/\\\/gjiniherbal.com\\\/wp-content\\\/uploads\\\/2023\\\/12\\\/saf-defne-yapragi-ucucu-yagi-10ml-54b-43.jpg\",\"width\":1000,\"height\":1000,\"caption\":\"vaj dafine\"},{\"@type\":\"BreadcrumbList\",\"@id\":\"https:\\\/\\\/gjiniherbal.com\\\/produkt\\\/vajra-esenciale\\\/vaj-dafine-10-ml\\\/#breadcrumb\",\"itemListElement\":[{\"@type\":\"ListItem\",\"position\":1,\"name\":\"Home\",\"item\":\"https:\\\/\\\/gjiniherbal.com\\\/en_us\\\/\"},{\"@type\":\"ListItem\",\"position\":2,\"name\":\"Shop\",\"item\":\"https:\\\/\\\/gjiniherbal.com\\\/en_us\\\/shop\\\/\"},{\"@type\":\"ListItem\",\"position\":3,\"name\":\"Vaj esencial dafine 10 ml\"}]},{\"@type\":\"WebSite\",\"@id\":\"https:\\\/\\\/gjiniherbal.com\\\/#website\",\"url\":\"https:\\\/\\\/gjiniherbal.com\\\/\",\"name\":\"Gjini Herbal\",\"description\":\"Produkte Natyrale\",\"publisher\":{\"@id\":\"https:\\\/\\\/gjiniherbal.com\\\/#organization\"},\"potentialAction\":[{\"@type\":\"SearchAction\",\"target\":{\"@type\":\"EntryPoint\",\"urlTemplate\":\"https:\\\/\\\/gjiniherbal.com\\\/?s={search_term_string}\"},\"query-input\":{\"@type\":\"PropertyValueSpecification\",\"valueRequired\":true,\"valueName\":\"search_term_string\"}}],\"inLanguage\":\"sq\"},{\"@type\":\"Organization\",\"@id\":\"https:\\\/\\\/gjiniherbal.com\\\/#organization\",\"name\":\"Gjini Herbal\",\"url\":\"https:\\\/\\\/gjiniherbal.com\\\/\",\"logo\":{\"@type\":\"ImageObject\",\"inLanguage\":\"sq\",\"@id\":\"https:\\\/\\\/gjiniherbal.com\\\/#\\\/schema\\\/logo\\\/image\\\/\",\"url\":\"https:\\\/\\\/gjiniherbal.com\\\/wp-content\\\/uploads\\\/2022\\\/07\\\/gjini-herbal-logo.png\",\"contentUrl\":\"https:\\\/\\\/gjiniherbal.com\\\/wp-content\\\/uploads\\\/2022\\\/07\\\/gjini-herbal-logo.png\",\"width\":652,\"height\":262,\"caption\":\"Gjini Herbal\"},\"image\":{\"@id\":\"https:\\\/\\\/gjiniherbal.com\\\/#\\\/schema\\\/logo\\\/image\\\/\"},\"sameAs\":[\"https:\\\/\\\/facebook.com\\\/gjiniherbal\",\"https:\\\/\\\/instagram.com\\\/gjiniherbal\",\"https:\\\/\\\/www.youtube.com\\\/channel\\\/UC_tHHueG-qxycnvdro4jHtQ\"]}]}<\/script>\n<!-- \/ Yoast SEO plugin. -->","yoast_head_json":{"title":"Vaj esencial dafine 10 ml - Gjini Herbal","description":"Ndihmon p\u00ebr leht\u00ebsimin e dhimbjeve t\u00eb ky\u00e7eve dhe muskujve. Ndihmon kund\u00ebr r\u00ebnies s\u00eb flok\u00ebve. Ndihmon n\u00eb parandalimin e formimit t\u00eb zbokthit. Ofron leht\u00ebsim t\u00eb frym\u00ebmarrjes dhe lufton koll\u00ebn.","robots":{"index":"index","follow":"follow","max-snippet":"max-snippet:-1","max-image-preview":"max-image-preview:large","max-video-preview":"max-video-preview:-1"},"canonical":"https:\/\/gjiniherbal.com\/sq\/produkt\/vajra-esenciale\/vaj-dafine-10-ml\/","og_locale":"sq_AL","og_type":"article","og_title":"Vaj esencial dafine 10 ml - Gjini Herbal","og_description":"Ndihmon p\u00ebr leht\u00ebsimin e dhimbjeve t\u00eb ky\u00e7eve dhe muskujve. Ndihmon kund\u00ebr r\u00ebnies s\u00eb flok\u00ebve. Ndihmon n\u00eb parandalimin e formimit t\u00eb zbokthit. Ofron leht\u00ebsim t\u00eb frym\u00ebmarrjes dhe lufton koll\u00ebn.","og_url":"https:\/\/gjiniherbal.com\/sq\/produkt\/vajra-esenciale\/vaj-dafine-10-ml\/","og_site_name":"Gjini Herbal","article_publisher":"https:\/\/facebook.com\/gjiniherbal","article_modified_time":"2024-01-24T12:41:19+00:00","og_image":[{"width":1000,"height":1000,"url":"https:\/\/gjiniherbal.com\/wp-content\/uploads\/2023\/12\/saf-defne-yapragi-ucucu-yagi-10ml-54b-43.jpg","type":"image\/jpeg"}],"twitter_card":"summary_large_image","twitter_misc":{"Est. reading time":"1 minut\u00eb"},"schema":{"@context":"https:\/\/schema.org","@graph":[{"@type":"WebPage","@id":"https:\/\/gjiniherbal.com\/produkt\/vajra-esenciale\/vaj-dafine-10-ml\/","url":"https:\/\/gjiniherbal.com\/produkt\/vajra-esenciale\/vaj-dafine-10-ml\/","name":"Vaj esencial dafine 10 ml - Gjini Herbal","isPartOf":{"@id":"https:\/\/gjiniherbal.com\/#website"},"primaryImageOfPage":{"@id":"https:\/\/gjiniherbal.com\/produkt\/vajra-esenciale\/vaj-dafine-10-ml\/#primaryimage"},"image":{"@id":"https:\/\/gjiniherbal.com\/produkt\/vajra-esenciale\/vaj-dafine-10-ml\/#primaryimage"},"thumbnailUrl":"https:\/\/gjiniherbal.com\/wp-content\/uploads\/2023\/12\/saf-defne-yapragi-ucucu-yagi-10ml-54b-43.jpg","datePublished":"2023-12-25T18:36:59+00:00","dateModified":"2024-01-24T12:41:19+00:00","description":"Ndihmon p\u00ebr leht\u00ebsimin e dhimbjeve t\u00eb ky\u00e7eve dhe muskujve. Ndihmon kund\u00ebr r\u00ebnies s\u00eb flok\u00ebve. Ndihmon n\u00eb parandalimin e formimit t\u00eb zbokthit. Ofron leht\u00ebsim t\u00eb frym\u00ebmarrjes dhe lufton koll\u00ebn.","breadcrumb":{"@id":"https:\/\/gjiniherbal.com\/produkt\/vajra-esenciale\/vaj-dafine-10-ml\/#breadcrumb"},"inLanguage":"sq","potentialAction":[{"@type":"ReadAction","target":["https:\/\/gjiniherbal.com\/produkt\/vajra-esenciale\/vaj-dafine-10-ml\/"]}]},{"@type":"ImageObject","inLanguage":"sq","@id":"https:\/\/gjiniherbal.com\/produkt\/vajra-esenciale\/vaj-dafine-10-ml\/#primaryimage","url":"https:\/\/gjiniherbal.com\/wp-content\/uploads\/2023\/12\/saf-defne-yapragi-ucucu-yagi-10ml-54b-43.jpg","contentUrl":"https:\/\/gjiniherbal.com\/wp-content\/uploads\/2023\/12\/saf-defne-yapragi-ucucu-yagi-10ml-54b-43.jpg","width":1000,"height":1000,"caption":"vaj dafine"},{"@type":"BreadcrumbList","@id":"https:\/\/gjiniherbal.com\/produkt\/vajra-esenciale\/vaj-dafine-10-ml\/#breadcrumb","itemListElement":[{"@type":"ListItem","position":1,"name":"Home","item":"https:\/\/gjiniherbal.com\/en_us\/"},{"@type":"ListItem","position":2,"name":"Shop","item":"https:\/\/gjiniherbal.com\/en_us\/shop\/"},{"@type":"ListItem","position":3,"name":"Vaj esencial dafine 10 ml"}]},{"@type":"WebSite","@id":"https:\/\/gjiniherbal.com\/#website","url":"https:\/\/gjiniherbal.com\/","name":"Gjini Herbal","description":"Produkte Natyrale","publisher":{"@id":"https:\/\/gjiniherbal.com\/#organization"},"potentialAction":[{"@type":"SearchAction","target":{"@type":"EntryPoint","urlTemplate":"https:\/\/gjiniherbal.com\/?s={search_term_string}"},"query-input":{"@type":"PropertyValueSpecification","valueRequired":true,"valueName":"search_term_string"}}],"inLanguage":"sq"},{"@type":"Organization","@id":"https:\/\/gjiniherbal.com\/#organization","name":"Gjini Herbal","url":"https:\/\/gjiniherbal.com\/","logo":{"@type":"ImageObject","inLanguage":"sq","@id":"https:\/\/gjiniherbal.com\/#\/schema\/logo\/image\/","url":"https:\/\/gjiniherbal.com\/wp-content\/uploads\/2022\/07\/gjini-herbal-logo.png","contentUrl":"https:\/\/gjiniherbal.com\/wp-content\/uploads\/2022\/07\/gjini-herbal-logo.png","width":652,"height":262,"caption":"Gjini Herbal"},"image":{"@id":"https:\/\/gjiniherbal.com\/#\/schema\/logo\/image\/"},"sameAs":["https:\/\/facebook.com\/gjiniherbal","https:\/\/instagram.com\/gjiniherbal","https:\/\/www.youtube.com\/channel\/UC_tHHueG-qxycnvdro4jHtQ"]}]}},"jetpack-related-posts":[],"jetpack_sharing_enabled":true,"_links":{"self":[{"href":"https:\/\/gjiniherbal.com\/sq\/wp-json\/wp\/v2\/product\/1945","targetHints":{"allow":["GET"]}}],"collection":[{"href":"https:\/\/gjiniherbal.com\/sq\/wp-json\/wp\/v2\/product"}],"about":[{"href":"https:\/\/gjiniherbal.com\/sq\/wp-json\/wp\/v2\/types\/product"}],"wp:featuredmedia":[{"embeddable":true,"href":"https:\/\/gjiniherbal.com\/sq\/wp-json\/wp\/v2\/media\/1962"}],"wp:attachment":[{"href":"https:\/\/gjiniherbal.com\/sq\/wp-json\/wp\/v2\/media?parent=1945"}],"wp:term":[{"taxonomy":"product_brand","embeddable":true,"href":"https:\/\/gjiniherbal.com\/sq\/wp-json\/wp\/v2\/product_brand?post=1945"},{"taxonomy":"product_cat","embeddable":true,"href":"https:\/\/gjiniherbal.com\/sq\/wp-json\/wp\/v2\/product_cat?post=1945"},{"taxonomy":"product_tag","embeddable":true,"href":"https:\/\/gjiniherbal.com\/sq\/wp-json\/wp\/v2\/product_tag?post=1945"}],"curies":[{"name":"wp","href":"https:\/\/api.w.org\/{rel}","templated":true}]}}